{"id":22738,"date":"2022-01-24T08:36:08","date_gmt":"2022-01-24T08:36:08","guid":{"rendered":"https:\/\/dzintari.lv\/o%d1%82%d0%b7%d1%8b%d0%b2%d1%8b-%d0%b6%d0%b0%d0%bb%d0%be%d0%b1%d1%8b-%d0%b8-%d0%bf%d1%80%d0%b5%d0%b4%d0%bb%d0%be%d0%b6%d0%b5%d0%bd%d0%b8%d1%8f\/"},"modified":"2022-01-24T08:50:44","modified_gmt":"2022-01-24T08:50:44","slug":"o%d1%82%d0%b7%d1%8b%d0%b2%d1%8b-%d0%b6%d0%b0%d0%bb%d0%be%d0%b1%d1%8b-%d0%b8-%d0%bf%d1%80%d0%b5%d0%b4%d0%bb%d0%be%d0%b6%d0%b5%d0%bd%d0%b8%d1%8f","status":"publish","type":"page","link":"https:\/\/dzintari.lv\/ru\/o%d1%82%d0%b7%d1%8b%d0%b2%d1%8b-%d0%b6%d0%b0%d0%bb%d0%be%d0%b1%d1%8b-%d0%b8-%d0%bf%d1%80%d0%b5%d0%b4%d0%bb%d0%be%d0%b6%d0%b5%d0%bd%d0%b8%d1%8f\/","title":{"rendered":"O\u0442\u0437\u044b\u0432\u044b, \u0436\u0430\u043b\u043e\u0431\u044b \u0438 \u043f\u0440\u0435\u0434\u043b\u043e\u0436\u0435\u043d\u0438\u044f"},"content":{"rendered":"\n<div class=\"wp-block-buttons is-content-justification-center is-layout-flex wp-block-buttons-is-layout-flex\">\n<div class=\"wp-block-button is-style-fill\"><a class=\"wp-block-button__link\" href=\"https:\/\/www.visidati.lv\/aptauja\/1813756368\/0\/\" target=\"_blank\" rel=\"noreferrer noopener\">\u0417\u0430\u043f\u043e\u043b\u043d\u0438\u0442\u0435 \u0430\u043d\u043a\u0435\u0442\u0443 \u043e\u0431 \u043e\u043f\u044b\u0442\u0435, \u043f\u043e\u043b\u0443\u0447\u0435\u043d\u043d\u043e\u043c \u0432 \u043d\u0430\u0448\u0435\u0439 \u043a\u043b\u0438\u043d\u0438\u043a\u0435<\/a><\/div>\n<\/div>\n\n\n\n<div style=\"height:30px\" aria-hidden=\"true\" class=\"wp-block-spacer\"><\/div>\n\n\n\n<h3 class=\"has-text-align-center wp-block-heading\">\u0418\u043b\u0438 \u043e\u0442\u043f\u0440\u0430\u0432\u044c\u0442\u0435 \u0441\u0432\u043e\u0439 \u043e\u0442\u0437\u044b\u0432, \u0438\u0441\u043f\u043e\u043b\u044c\u0437\u0443\u044f \u043a\u043e\u043d\u0442\u0430\u043a\u0442\u043d\u0443\u044e \u0444\u043e\u0440\u043c\u0443 \u043d\u0438\u0436\u0435!<\/h3>\n\n\n\n<div style=\"height:30px\" aria-hidden=\"true\" class=\"wp-block-spacer\"><\/div>\n\n\n\n\n<div class=\"wpcf7 no-js\" id=\"wpcf7-f22744-o1\" lang=\"en-US\" dir=\"ltr\" data-wpcf7-id=\"22744\">\n<div class=\"screen-reader-response\"><p role=\"status\" aria-live=\"polite\" aria-atomic=\"true\"><\/p> <ul><\/ul><\/div>\n<form action=\"\/ru\/wp-json\/wp\/v2\/pages\/22738#wpcf7-f22744-o1\" method=\"post\" class=\"wpcf7-form init dzintars-form\" aria-label=\"Contact form\" novalidate=\"novalidate\" data-status=\"init\">\n<fieldset class=\"hidden-fields-container\"><input type=\"hidden\" name=\"_wpcf7\" value=\"22744\" \/><input type=\"hidden\" name=\"_wpcf7_version\" value=\"6.1.5\" \/><input type=\"hidden\" name=\"_wpcf7_locale\" value=\"en_US\" \/><input type=\"hidden\" name=\"_wpcf7_unit_tag\" value=\"wpcf7-f22744-o1\" \/><input type=\"hidden\" name=\"_wpcf7_container_post\" value=\"0\" \/><input type=\"hidden\" name=\"_wpcf7_posted_data_hash\" value=\"\" \/>\n<\/fieldset>\n<div class=\"wpcf7-response-output\" aria-hidden=\"true\"><\/div>\n<p><label> \u0418\u043c\u044f, \u0424\u0430\u043c\u0438\u043b\u0438\u044f<br \/>\n<span class=\"wpcf7-form-control-wrap\" data-name=\"your-name\"><input size=\"40\" maxlength=\"400\" class=\"wpcf7-form-control wpcf7-text wpcf7-validates-as-required\" aria-required=\"true\" aria-invalid=\"false\" value=\"\" type=\"text\" name=\"your-name\" \/><\/span> <\/label>\n<\/p>\n<p>\u0432\u0440\u0435\u043c\u044f \u043f\u0440\u0435\u0431\u044b\u0432\u0430\u043d\u0438\u044f \u0432 \u043a\u043b\u0438\u043d\u0438\u043a\u0435<br \/>\n<label> c<br \/>\n<span class=\"wpcf7-form-control-wrap\" data-name=\"date-326\"><input class=\"wpcf7-form-control wpcf7-date wpcf7-validates-as-required wpcf7-validates-as-date\" min=\"2018-01-19\" max=\"2025-12-31\" aria-required=\"true\" aria-invalid=\"false\" value=\"\" type=\"date\" name=\"date-326\" \/><\/span> <\/label><br \/>\n<label> \u043f\u043e<br \/>\n<span class=\"wpcf7-form-control-wrap\" data-name=\"date-971\"><input class=\"wpcf7-form-control wpcf7-date wpcf7-validates-as-required wpcf7-validates-as-date\" min=\"2018-01-19\" max=\"2025-12-31\" aria-required=\"true\" aria-invalid=\"false\" value=\"\" type=\"date\" name=\"date-971\" \/><\/span> <\/label>\n<\/p>\n<p><label> \u0412\u0430\u0448 \u043d\u043e\u043c\u0435\u0440 \u0442\u0435\u043b\u0435\u0444\u043e\u043d\u0430<br \/>\n<span class=\"wpcf7-form-control-wrap\" data-name=\"tel-nr\"><input size=\"40\" maxlength=\"400\" class=\"wpcf7-form-control wpcf7-tel wpcf7-text wpcf7-validates-as-tel\" aria-invalid=\"false\" value=\"\" type=\"tel\" name=\"tel-nr\" \/><\/span> <\/label>\n<\/p>\n<p><label> \u042d\u043b\u0435\u043a\u0442\u0440\u043e\u043d\u043d\u0430\u044f \u043f\u043e\u0447\u0442\u0430<br \/>\n<span class=\"wpcf7-form-control-wrap\" data-name=\"your-email\"><input size=\"40\" maxlength=\"400\" class=\"wpcf7-form-control wpcf7-email wpcf7-validates-as-required wpcf7-text wpcf7-validates-as-email\" aria-required=\"true\" aria-invalid=\"false\" value=\"\" type=\"email\" name=\"your-email\" \/><\/span> <\/label>\n<\/p>\n<p><label> \u0422\u0435\u043a\u0441\u0442<br \/>\n<span class=\"wpcf7-form-control-wrap\" data-name=\"your-message\"><textarea cols=\"40\" rows=\"10\" maxlength=\"2000\" class=\"wpcf7-form-control wpcf7-textarea\" aria-invalid=\"false\" name=\"your-message\"><\/textarea><\/span> <\/label>\n<\/p>\n<p><span class=\"wpcf7-form-control-wrap\" data-name=\"checkbox-733\"><span class=\"wpcf7-form-control wpcf7-checkbox\"><span class=\"wpcf7-list-item first last\"><input type=\"checkbox\" name=\"checkbox-733[]\" value=\"\u042f \u0441\u043e\u0433\u043b\u0430\u0441\u0435\u043d \u0441 \u0442\u0435\u043c, \u0447\u0442\u043e \u043c\u043e\u0439 \u043e\u0442\u0437\u044b\u0432, \u0436\u0430\u043b\u043e\u0431\u0430 \u0438\u043b\u0438 \u043f\u0440\u0435\u0434\u043b\u043e\u0436\u0435\u043d\u0438\u0435 \u0441 \u0443\u043a\u0430\u0437\u0430\u043d\u0438\u0435\u043c \u043c\u043e\u0435\u0433\u043e \u0438\u043c\u0435\u043d\u0438 (\u0431\u0435\u0437 \u0444\u0430\u043c\u0438\u043b\u0438\u0438) \u0431\u0443\u0434\u0443\u0442 \u0438\u0441\u043f\u043e\u043b\u044c\u0437\u043e\u0432\u0430\u043d\u044b \u043d\u0430 \u0441\u0430\u0439\u0442\u0435 \u043a\u043b\u0438\u043d\u0438\u043a\u0438 \u0438 \u0432 \u0430\u043a\u043a\u0430\u0443\u043d\u0442\u0435 Facebook.\" \/><span class=\"wpcf7-list-item-label\">\u042f \u0441\u043e\u0433\u043b\u0430\u0441\u0435\u043d \u0441 \u0442\u0435\u043c, \u0447\u0442\u043e \u043c\u043e\u0439 \u043e\u0442\u0437\u044b\u0432, \u0436\u0430\u043b\u043e\u0431\u0430 \u0438\u043b\u0438 \u043f\u0440\u0435\u0434\u043b\u043e\u0436\u0435\u043d\u0438\u0435 \u0441 \u0443\u043a\u0430\u0437\u0430\u043d\u0438\u0435\u043c \u043c\u043e\u0435\u0433\u043e \u0438\u043c\u0435\u043d\u0438 (\u0431\u0435\u0437 \u0444\u0430\u043c\u0438\u043b\u0438\u0438) \u0431\u0443\u0434\u0443\u0442 \u0438\u0441\u043f\u043e\u043b\u044c\u0437\u043e\u0432\u0430\u043d\u044b \u043d\u0430 \u0441\u0430\u0439\u0442\u0435 \u043a\u043b\u0438\u043d\u0438\u043a\u0438 \u0438 \u0432 \u0430\u043a\u043a\u0430\u0443\u043d\u0442\u0435 Facebook.<\/span><\/span><\/span><\/span>\n<\/p>\n<p><span class=\"wpcf7-form-control-wrap\" data-name=\"checkbox-452\"><span class=\"wpcf7-form-control wpcf7-checkbox wpcf7-validates-as-required\"><span class=\"wpcf7-list-item first last\"><input type=\"checkbox\" name=\"checkbox-452[]\" value=\"\u042f \u043f\u0440\u043e\u0447\u0438\u0442\u0430\u043b \u0438 \u0441\u043e\u0433\u043b\u0430\u0441\u0435\u043d \u0441\" \/><span class=\"wpcf7-list-item-label\">\u042f \u043f\u0440\u043e\u0447\u0438\u0442\u0430\u043b \u0438 \u0441\u043e\u0433\u043b\u0430\u0441\u0435\u043d \u0441<\/span><\/span><\/span><\/span><a href=\"https:\/\/dzintari.lv\/wp-content\/uploads\/2018\/05\/Personas-datu-apstrades-noteikumi-RU.docx\">\u041f\u0440\u0430\u0432\u0438\u043b\u043e \u043e\u0431\u0440\u0430\u0431\u043e\u0442\u043a\u0438 \u043f\u0435\u0440\u0441\u043e\u043d\u0430\u043b\u044c\u043d\u044b\u0445 \u0434\u0430\u043d\u043d\u044b\u0445 <\/a>\n<\/p>\n<p><input class=\"wpcf7-form-control wpcf7-submit has-spinner\" type=\"submit\" value=\"\u041e\u0442\u043f\u0440\u0430\u0432\u0438\u0442\u044c\" \/>\n<\/p>\n<h3>\n<div class=\"wpcf7-response-output\" aria-hidden=\"true\"><\/div>\n<\/h3>\n<\/form>\n<\/div>\n\n","protected":false},"excerpt":{"rendered":"<p>\u0418\u043b\u0438 \u043e\u0442\u043f\u0440\u0430\u0432\u044c\u0442\u0435 \u0441\u0432\u043e\u0439 \u043e\u0442\u0437\u044b\u0432, \u0438\u0441\u043f\u043e\u043b\u044c\u0437\u0443\u044f \u043a\u043e\u043d\u0442\u0430\u043a\u0442\u043d\u0443\u044e \u0444\u043e\u0440\u043c\u0443 \u043d\u0438\u0436\u0435!<\/p>\n","protected":false},"author":1,"featured_media":0,"parent":0,"menu_order":0,"comment_status":"closed","ping_status":"closed","template":"page-kontakti.php","meta":{"footnotes":""},"class_list":["post-22738","page","type-page","status-publish","hentry"],"acf":[],"yoast_head":"<!-- This site is optimized with the Yoast SEO plugin v27.4 - https:\/\/yoast.com\/product\/yoast-seo-wordpress\/ -->\n<title>O\u0442\u0437\u044b\u0432\u044b, \u0436\u0430\u043b\u043e\u0431\u044b \u0438 \u043f\u0440\u0435\u0434\u043b\u043e\u0436\u0435\u043d\u0438\u044f - Kl\u012bnika Dzintari<\/title>\n<meta name=\"robots\" content=\"index, follow, max-snippet:-1, max-image-preview:large, max-video-preview:-1\" \/>\n<link rel=\"canonical\" href=\"https:\/\/dzintari.lv\/ru\/o%d1%82%d0%b7%d1%8b%d0%b2%d1%8b-%d0%b6%d0%b0%d0%bb%d0%be%d0%b1%d1%8b-%d0%b8-%d0%bf%d1%80%d0%b5%d0%b4%d0%bb%d0%be%d0%b6%d0%b5%d0%bd%d0%b8%d1%8f\/\" \/>\n<meta property=\"og:locale\" content=\"ru_RU\" \/>\n<meta property=\"og:type\" content=\"article\" \/>\n<meta property=\"og:title\" content=\"O\u0442\u0437\u044b\u0432\u044b, \u0436\u0430\u043b\u043e\u0431\u044b \u0438 \u043f\u0440\u0435\u0434\u043b\u043e\u0436\u0435\u043d\u0438\u044f - Kl\u012bnika Dzintari\" \/>\n<meta property=\"og:description\" content=\"\u0418\u043b\u0438 \u043e\u0442\u043f\u0440\u0430\u0432\u044c\u0442\u0435 \u0441\u0432\u043e\u0439 \u043e\u0442\u0437\u044b\u0432, \u0438\u0441\u043f\u043e\u043b\u044c\u0437\u0443\u044f \u043a\u043e\u043d\u0442\u0430\u043a\u0442\u043d\u0443\u044e \u0444\u043e\u0440\u043c\u0443 \u043d\u0438\u0436\u0435!\" \/>\n<meta property=\"og:url\" content=\"https:\/\/dzintari.lv\/ru\/o%d1%82%d0%b7%d1%8b%d0%b2%d1%8b-%d0%b6%d0%b0%d0%bb%d0%be%d0%b1%d1%8b-%d0%b8-%d0%bf%d1%80%d0%b5%d0%b4%d0%bb%d0%be%d0%b6%d0%b5%d0%bd%d0%b8%d1%8f\/\" \/>\n<meta property=\"og:site_name\" content=\"Kl\u012bnika Dzintari\" \/>\n<meta property=\"article:modified_time\" content=\"2022-01-24T08:50:44+00:00\" \/>\n<meta name=\"twitter:card\" content=\"summary_large_image\" \/>\n<meta name=\"twitter:label1\" content=\"\u041f\u0440\u0438\u043c\u0435\u0440\u043d\u043e\u0435 \u0432\u0440\u0435\u043c\u044f \u0434\u043b\u044f \u0447\u0442\u0435\u043d\u0438\u044f\" \/>\n\t<meta name=\"twitter:data1\" content=\"1 \u043c\u0438\u043d\u0443\u0442\u0430\" \/>\n<script type=\"application\/ld+json\" class=\"yoast-schema-graph\">{\"@context\":\"https:\\\/\\\/schema.org\",\"@graph\":[{\"@type\":\"WebPage\",\"@id\":\"https:\\\/\\\/dzintari.lv\\\/ru\\\/o%d1%82%d0%b7%d1%8b%d0%b2%d1%8b-%d0%b6%d0%b0%d0%bb%d0%be%d0%b1%d1%8b-%d0%b8-%d0%bf%d1%80%d0%b5%d0%b4%d0%bb%d0%be%d0%b6%d0%b5%d0%bd%d0%b8%d1%8f\\\/\",\"url\":\"https:\\\/\\\/dzintari.lv\\\/ru\\\/o%d1%82%d0%b7%d1%8b%d0%b2%d1%8b-%d0%b6%d0%b0%d0%bb%d0%be%d0%b1%d1%8b-%d0%b8-%d0%bf%d1%80%d0%b5%d0%b4%d0%bb%d0%be%d0%b6%d0%b5%d0%bd%d0%b8%d1%8f\\\/\",\"name\":\"O\u0442\u0437\u044b\u0432\u044b, \u0436\u0430\u043b\u043e\u0431\u044b \u0438 \u043f\u0440\u0435\u0434\u043b\u043e\u0436\u0435\u043d\u0438\u044f - Kl\u012bnika Dzintari\",\"isPartOf\":{\"@id\":\"https:\\\/\\\/dzintari.lv\\\/#website\"},\"datePublished\":\"2022-01-24T08:36:08+00:00\",\"dateModified\":\"2022-01-24T08:50:44+00:00\",\"breadcrumb\":{\"@id\":\"https:\\\/\\\/dzintari.lv\\\/ru\\\/o%d1%82%d0%b7%d1%8b%d0%b2%d1%8b-%d0%b6%d0%b0%d0%bb%d0%be%d0%b1%d1%8b-%d0%b8-%d0%bf%d1%80%d0%b5%d0%b4%d0%bb%d0%be%d0%b6%d0%b5%d0%bd%d0%b8%d1%8f\\\/#breadcrumb\"},\"inLanguage\":\"ru-RU\",\"potentialAction\":[{\"@type\":\"ReadAction\",\"target\":[\"https:\\\/\\\/dzintari.lv\\\/ru\\\/o%d1%82%d0%b7%d1%8b%d0%b2%d1%8b-%d0%b6%d0%b0%d0%bb%d0%be%d0%b1%d1%8b-%d0%b8-%d0%bf%d1%80%d0%b5%d0%b4%d0%bb%d0%be%d0%b6%d0%b5%d0%bd%d0%b8%d1%8f\\\/\"]}]},{\"@type\":\"BreadcrumbList\",\"@id\":\"https:\\\/\\\/dzintari.lv\\\/ru\\\/o%d1%82%d0%b7%d1%8b%d0%b2%d1%8b-%d0%b6%d0%b0%d0%bb%d0%be%d0%b1%d1%8b-%d0%b8-%d0%bf%d1%80%d0%b5%d0%b4%d0%bb%d0%be%d0%b6%d0%b5%d0%bd%d0%b8%d1%8f\\\/#breadcrumb\",\"itemListElement\":[{\"@type\":\"ListItem\",\"position\":1,\"name\":\"Home\",\"item\":\"https:\\\/\\\/dzintari.lv\\\/ru\\\/\"},{\"@type\":\"ListItem\",\"position\":2,\"name\":\"O\u0442\u0437\u044b\u0432\u044b, \u0436\u0430\u043b\u043e\u0431\u044b \u0438 \u043f\u0440\u0435\u0434\u043b\u043e\u0436\u0435\u043d\u0438\u044f\"}]},{\"@type\":\"WebSite\",\"@id\":\"https:\\\/\\\/dzintari.lv\\\/#website\",\"url\":\"https:\\\/\\\/dzintari.lv\\\/\",\"name\":\"Kl\u012bnika Dzintari\",\"description\":\"Psiholo\u0123isk\u0101 un psihiatrisk\u0101 pal\u012bdz\u012bba\",\"publisher\":{\"@id\":\"https:\\\/\\\/dzintari.lv\\\/#organization\"},\"potentialAction\":[{\"@type\":\"SearchAction\",\"target\":{\"@type\":\"EntryPoint\",\"urlTemplate\":\"https:\\\/\\\/dzintari.lv\\\/?s={search_term_string}\"},\"query-input\":{\"@type\":\"PropertyValueSpecification\",\"valueRequired\":true,\"valueName\":\"search_term_string\"}}],\"inLanguage\":\"ru-RU\"},{\"@type\":\"Organization\",\"@id\":\"https:\\\/\\\/dzintari.lv\\\/#organization\",\"name\":\"SIA \u201cKl\u012bnika Dzintari\u201d\",\"url\":\"https:\\\/\\\/dzintari.lv\\\/\",\"logo\":{\"@type\":\"ImageObject\",\"inLanguage\":\"ru-RU\",\"@id\":\"https:\\\/\\\/dzintari.lv\\\/#\\\/schema\\\/logo\\\/image\\\/\",\"url\":\"https:\\\/\\\/dzintari.lv\\\/wp-content\\\/uploads\\\/2018\\\/02\\\/dzint-01.png\",\"contentUrl\":\"https:\\\/\\\/dzintari.lv\\\/wp-content\\\/uploads\\\/2018\\\/02\\\/dzint-01.png\",\"width\":259,\"height\":222,\"caption\":\"SIA \u201cKl\u012bnika Dzintari\u201d\"},\"image\":{\"@id\":\"https:\\\/\\\/dzintari.lv\\\/#\\\/schema\\\/logo\\\/image\\\/\"}}]}<\/script>\n<!-- \/ Yoast SEO plugin. -->","yoast_head_json":{"title":"O\u0442\u0437\u044b\u0432\u044b, \u0436\u0430\u043b\u043e\u0431\u044b \u0438 \u043f\u0440\u0435\u0434\u043b\u043e\u0436\u0435\u043d\u0438\u044f - Kl\u012bnika Dzintari","robots":{"index":"index","follow":"follow","max-snippet":"max-snippet:-1","max-image-preview":"max-image-preview:large","max-video-preview":"max-video-preview:-1"},"canonical":"https:\/\/dzintari.lv\/ru\/o%d1%82%d0%b7%d1%8b%d0%b2%d1%8b-%d0%b6%d0%b0%d0%bb%d0%be%d0%b1%d1%8b-%d0%b8-%d0%bf%d1%80%d0%b5%d0%b4%d0%bb%d0%be%d0%b6%d0%b5%d0%bd%d0%b8%d1%8f\/","og_locale":"ru_RU","og_type":"article","og_title":"O\u0442\u0437\u044b\u0432\u044b, \u0436\u0430\u043b\u043e\u0431\u044b \u0438 \u043f\u0440\u0435\u0434\u043b\u043e\u0436\u0435\u043d\u0438\u044f - Kl\u012bnika Dzintari","og_description":"\u0418\u043b\u0438 \u043e\u0442\u043f\u0440\u0430\u0432\u044c\u0442\u0435 \u0441\u0432\u043e\u0439 \u043e\u0442\u0437\u044b\u0432, \u0438\u0441\u043f\u043e\u043b\u044c\u0437\u0443\u044f \u043a\u043e\u043d\u0442\u0430\u043a\u0442\u043d\u0443\u044e \u0444\u043e\u0440\u043c\u0443 \u043d\u0438\u0436\u0435!","og_url":"https:\/\/dzintari.lv\/ru\/o%d1%82%d0%b7%d1%8b%d0%b2%d1%8b-%d0%b6%d0%b0%d0%bb%d0%be%d0%b1%d1%8b-%d0%b8-%d0%bf%d1%80%d0%b5%d0%b4%d0%bb%d0%be%d0%b6%d0%b5%d0%bd%d0%b8%d1%8f\/","og_site_name":"Kl\u012bnika Dzintari","article_modified_time":"2022-01-24T08:50:44+00:00","twitter_card":"summary_large_image","twitter_misc":{"\u041f\u0440\u0438\u043c\u0435\u0440\u043d\u043e\u0435 \u0432\u0440\u0435\u043c\u044f \u0434\u043b\u044f \u0447\u0442\u0435\u043d\u0438\u044f":"1 \u043c\u0438\u043d\u0443\u0442\u0430"},"schema":{"@context":"https:\/\/schema.org","@graph":[{"@type":"WebPage","@id":"https:\/\/dzintari.lv\/ru\/o%d1%82%d0%b7%d1%8b%d0%b2%d1%8b-%d0%b6%d0%b0%d0%bb%d0%be%d0%b1%d1%8b-%d0%b8-%d0%bf%d1%80%d0%b5%d0%b4%d0%bb%d0%be%d0%b6%d0%b5%d0%bd%d0%b8%d1%8f\/","url":"https:\/\/dzintari.lv\/ru\/o%d1%82%d0%b7%d1%8b%d0%b2%d1%8b-%d0%b6%d0%b0%d0%bb%d0%be%d0%b1%d1%8b-%d0%b8-%d0%bf%d1%80%d0%b5%d0%b4%d0%bb%d0%be%d0%b6%d0%b5%d0%bd%d0%b8%d1%8f\/","name":"O\u0442\u0437\u044b\u0432\u044b, \u0436\u0430\u043b\u043e\u0431\u044b \u0438 \u043f\u0440\u0435\u0434\u043b\u043e\u0436\u0435\u043d\u0438\u044f - Kl\u012bnika Dzintari","isPartOf":{"@id":"https:\/\/dzintari.lv\/#website"},"datePublished":"2022-01-24T08:36:08+00:00","dateModified":"2022-01-24T08:50:44+00:00","breadcrumb":{"@id":"https:\/\/dzintari.lv\/ru\/o%d1%82%d0%b7%d1%8b%d0%b2%d1%8b-%d0%b6%d0%b0%d0%bb%d0%be%d0%b1%d1%8b-%d0%b8-%d0%bf%d1%80%d0%b5%d0%b4%d0%bb%d0%be%d0%b6%d0%b5%d0%bd%d0%b8%d1%8f\/#breadcrumb"},"inLanguage":"ru-RU","potentialAction":[{"@type":"ReadAction","target":["https:\/\/dzintari.lv\/ru\/o%d1%82%d0%b7%d1%8b%d0%b2%d1%8b-%d0%b6%d0%b0%d0%bb%d0%be%d0%b1%d1%8b-%d0%b8-%d0%bf%d1%80%d0%b5%d0%b4%d0%bb%d0%be%d0%b6%d0%b5%d0%bd%d0%b8%d1%8f\/"]}]},{"@type":"BreadcrumbList","@id":"https:\/\/dzintari.lv\/ru\/o%d1%82%d0%b7%d1%8b%d0%b2%d1%8b-%d0%b6%d0%b0%d0%bb%d0%be%d0%b1%d1%8b-%d0%b8-%d0%bf%d1%80%d0%b5%d0%b4%d0%bb%d0%be%d0%b6%d0%b5%d0%bd%d0%b8%d1%8f\/#breadcrumb","itemListElement":[{"@type":"ListItem","position":1,"name":"Home","item":"https:\/\/dzintari.lv\/ru\/"},{"@type":"ListItem","position":2,"name":"O\u0442\u0437\u044b\u0432\u044b, \u0436\u0430\u043b\u043e\u0431\u044b \u0438 \u043f\u0440\u0435\u0434\u043b\u043e\u0436\u0435\u043d\u0438\u044f"}]},{"@type":"WebSite","@id":"https:\/\/dzintari.lv\/#website","url":"https:\/\/dzintari.lv\/","name":"Kl\u012bnika Dzintari","description":"Psiholo\u0123isk\u0101 un psihiatrisk\u0101 pal\u012bdz\u012bba","publisher":{"@id":"https:\/\/dzintari.lv\/#organization"},"potentialAction":[{"@type":"SearchAction","target":{"@type":"EntryPoint","urlTemplate":"https:\/\/dzintari.lv\/?s={search_term_string}"},"query-input":{"@type":"PropertyValueSpecification","valueRequired":true,"valueName":"search_term_string"}}],"inLanguage":"ru-RU"},{"@type":"Organization","@id":"https:\/\/dzintari.lv\/#organization","name":"SIA \u201cKl\u012bnika Dzintari\u201d","url":"https:\/\/dzintari.lv\/","logo":{"@type":"ImageObject","inLanguage":"ru-RU","@id":"https:\/\/dzintari.lv\/#\/schema\/logo\/image\/","url":"https:\/\/dzintari.lv\/wp-content\/uploads\/2018\/02\/dzint-01.png","contentUrl":"https:\/\/dzintari.lv\/wp-content\/uploads\/2018\/02\/dzint-01.png","width":259,"height":222,"caption":"SIA \u201cKl\u012bnika Dzintari\u201d"},"image":{"@id":"https:\/\/dzintari.lv\/#\/schema\/logo\/image\/"}}]}},"_links":{"self":[{"href":"https:\/\/dzintari.lv\/ru\/wp-json\/wp\/v2\/pages\/22738","targetHints":{"allow":["GET"]}}],"collection":[{"href":"https:\/\/dzintari.lv\/ru\/wp-json\/wp\/v2\/pages"}],"about":[{"href":"https:\/\/dzintari.lv\/ru\/wp-json\/wp\/v2\/types\/page"}],"author":[{"embeddable":true,"href":"https:\/\/dzintari.lv\/ru\/wp-json\/wp\/v2\/users\/1"}],"replies":[{"embeddable":true,"href":"https:\/\/dzintari.lv\/ru\/wp-json\/wp\/v2\/comments?post=22738"}],"version-history":[{"count":3,"href":"https:\/\/dzintari.lv\/ru\/wp-json\/wp\/v2\/pages\/22738\/revisions"}],"predecessor-version":[{"id":22745,"href":"https:\/\/dzintari.lv\/ru\/wp-json\/wp\/v2\/pages\/22738\/revisions\/22745"}],"wp:attachment":[{"href":"https:\/\/dzintari.lv\/ru\/wp-json\/wp\/v2\/media?parent=22738"}],"curies":[{"name":"wp","href":"https:\/\/api.w.org\/{rel}","templated":true}]}}