{"id":22700,"date":"2022-01-21T08:58:46","date_gmt":"2022-01-21T08:58:46","guid":{"rendered":"https:\/\/dzintari.lv\/%d0%bf%d0%b0%d1%82%d0%bd%d1%91%d1%80%d1%8b\/"},"modified":"2025-06-20T05:38:24","modified_gmt":"2025-06-20T05:38:24","slug":"%d0%bf%d0%b0%d1%82%d0%bd%d1%91%d1%80%d1%8b","status":"publish","type":"page","link":"https:\/\/dzintari.lv\/ru\/%d0%bf%d0%b0%d1%82%d0%bd%d1%91%d1%80%d1%8b\/","title":{"rendered":"\u041f\u0430\u0440\u0442\u043d\u0451\u0440\u044b"},"content":{"rendered":"\n<div class=\"wp-block-columns is-layout-flex wp-container-core-columns-is-layout-9d6595d7 wp-block-columns-is-layout-flex\">\n<div class=\"wp-block-column is-layout-flow wp-block-column-is-layout-flow\"><div class=\"wp-block-image\">\n<figure class=\"aligncenter size-large\"><a href=\"https:\/\/en.norsanbaltic.com\/\" target=\"_blank\" rel=\"noopener\"><img loading=\"lazy\" decoding=\"async\" width=\"450\" height=\"200\" src=\"https:\/\/dzintari.lv\/wp-content\/uploads\/2022\/01\/Norsan-logo.png\" alt=\"\" class=\"wp-image-22573\" srcset=\"https:\/\/dzintari.lv\/wp-content\/uploads\/2022\/01\/Norsan-logo.png 450w, https:\/\/dzintari.lv\/wp-content\/uploads\/2022\/01\/Norsan-logo-300x133.png 300w\" sizes=\"auto, (max-width: 450px) 100vw, 450px\" \/><\/a><\/figure>\n<\/div>\n\n\n<p class=\"has-text-align-center\"><strong>\u0412\u044b\u0441\u043e\u043a\u0438\u0435 \u0434\u043e\u0437\u044b \u043c\u0430\u0441\u043b\u0430 \u041e\u043c\u0435\u0433\u0430-3<\/strong><\/p>\n<\/div>\n\n\n\n<div class=\"wp-block-column is-layout-flow wp-block-column-is-layout-flow\"><div class=\"wp-block-image\">\n<figure class=\"aligncenter size-large\"><img loading=\"lazy\" decoding=\"async\" width=\"1024\" height=\"119\" src=\"https:\/\/dzintari.lv\/wp-content\/uploads\/2025\/06\/Krasains-melns-teksts-1024x119.png\" alt=\"\" class=\"wp-image-28233\" srcset=\"https:\/\/dzintari.lv\/wp-content\/uploads\/2025\/06\/Krasains-melns-teksts-1024x119.png 1024w, https:\/\/dzintari.lv\/wp-content\/uploads\/2025\/06\/Krasains-melns-teksts-300x35.png 300w, https:\/\/dzintari.lv\/wp-content\/uploads\/2025\/06\/Krasains-melns-teksts-768x89.png 768w, https:\/\/dzintari.lv\/wp-content\/uploads\/2025\/06\/Krasains-melns-teksts-1536x179.png 1536w, https:\/\/dzintari.lv\/wp-content\/uploads\/2025\/06\/Krasains-melns-teksts-2048x238.png 2048w, https:\/\/dzintari.lv\/wp-content\/uploads\/2025\/06\/Krasains-melns-teksts-700x81.png 700w\" sizes=\"auto, (max-width: 1024px) 100vw, 1024px\" \/><\/figure>\n<\/div>\n\n\n<p class=\"has-text-align-center\"><strong>\u041b\u0430\u0442\u0432\u0438\u0439\u0441\u043a\u0438\u0439 \u043a\u043b\u0430\u0441\u0442\u0435\u0440 \u043e\u0437\u0434\u043e\u0440\u043e\u0432\u0438\u0442\u0435\u043b\u044c\u043d\u043e\u0433\u043e \u0442\u0443\u0440\u0438\u0437\u043c\u0430<\/strong><\/p>\n<\/div>\n<\/div>\n\n\n\n<div class=\"wp-block-columns is-layout-flex wp-container-core-columns-is-layout-9d6595d7 wp-block-columns-is-layout-flex\">\n<div class=\"wp-block-column is-layout-flow wp-block-column-is-layout-flow\"><div class=\"wp-block-image\">\n<figure class=\"aligncenter size-large\"><a href=\"https:\/\/stebby.eu\/ru\/\" target=\"_blank\" rel=\"noopener\"><img loading=\"lazy\" decoding=\"async\" width=\"450\" height=\"200\" src=\"https:\/\/dzintari.lv\/wp-content\/uploads\/2022\/01\/Stebby-logo.png\" alt=\"\" class=\"wp-image-22589\" srcset=\"https:\/\/dzintari.lv\/wp-content\/uploads\/2022\/01\/Stebby-logo.png 450w, https:\/\/dzintari.lv\/wp-content\/uploads\/2022\/01\/Stebby-logo-300x133.png 300w\" sizes=\"auto, (max-width: 450px) 100vw, 450px\" \/><\/a><\/figure>\n<\/div>\n\n\n<p class=\"has-text-align-center\"><strong>K\u0440\u0443\u043f\u043d\u0435\u0439\u0448\u0438\u0439 \u0440\u044b\u043d\u043e\u043a \u043e\u0437\u0434\u043e\u0440\u043e\u0432\u0438\u0442\u0435\u043b\u044c\u043d\u044b\u0445 \u0443\u0441\u043b\u0443\u0433 \u0432 \u0411\u0430\u043b\u0442\u0438\u0438<\/strong><\/p>\n<\/div>\n\n\n\n<div class=\"wp-block-column is-layout-flow wp-block-column-is-layout-flow\"><div class=\"wp-block-image\">\n<figure class=\"aligncenter size-large\"><a href=\"http:\/\/www.thalion.com\/\" target=\"_blank\" rel=\"noopener\"><img loading=\"lazy\" decoding=\"async\" width=\"450\" height=\"200\" src=\"https:\/\/dzintari.lv\/wp-content\/uploads\/2022\/01\/thalion-logo.png\" alt=\"\" class=\"wp-image-22592\" srcset=\"https:\/\/dzintari.lv\/wp-content\/uploads\/2022\/01\/thalion-logo.png 450w, https:\/\/dzintari.lv\/wp-content\/uploads\/2022\/01\/thalion-logo-300x133.png 300w\" sizes=\"auto, (max-width: 450px) 100vw, 450px\" \/><\/a><\/figure>\n<\/div>\n\n\n<p class=\"has-text-align-center\"><strong>\u041f\u0440\u043e\u0444\u0435\u0441\u0441\u0438\u043e\u043d\u0430\u043b\u044c\u043d\u0430\u044f \u043a\u043e\u0441\u043c\u0435\u0442\u0438\u043a\u0430 \u0438\u0437 \u0424\u0440\u0430\u043d\u0446\u0438\u0438<\/strong><\/p>\n<\/div>\n<\/div>\n\n\n\n<div class=\"wp-block-columns is-layout-flex wp-container-core-columns-is-layout-9d6595d7 wp-block-columns-is-layout-flex\">\n<div class=\"wp-block-column is-layout-flow wp-block-column-is-layout-flow\"><div class=\"wp-block-image\">\n<figure class=\"aligncenter size-medium\"><a href=\"https:\/\/coldumarine.lv\/ru\/sakums-%d1%80%d1%83%d1%81%d1%81%d0%ba%d0%b8%d0%b9\/\" target=\"_blank\" rel=\"noreferrer noopener\"><img loading=\"lazy\" decoding=\"async\" width=\"300\" height=\"240\" src=\"https:\/\/dzintari.lv\/wp-content\/uploads\/2022\/08\/Logo-Col-Du-Marine-1-300x240.jpg\" alt=\"\" class=\"wp-image-23605\" srcset=\"https:\/\/dzintari.lv\/wp-content\/uploads\/2022\/08\/Logo-Col-Du-Marine-1-300x240.jpg 300w, https:\/\/dzintari.lv\/wp-content\/uploads\/2022\/08\/Logo-Col-Du-Marine-1.jpg 500w\" sizes=\"auto, (max-width: 300px) 100vw, 300px\" \/><\/a><\/figure>\n<\/div>\n\n\n<p class=\"has-text-align-center\"><strong>\u041f\u0440\u043e\u0434\u0443\u043a\u0442\u044b \u043c\u043e\u0440\u0441\u043a\u043e\u0433\u043e \u043a\u043e\u043b\u043b\u0430\u0433\u0435\u043d\u0430<\/strong><\/p>\n<\/div>\n\n\n\n<div class=\"wp-block-column is-layout-flow wp-block-column-is-layout-flow\"><div class=\"wp-block-image\">\n<figure class=\"aligncenter size-medium\"><a href=\"https:\/\/ru.albahoteljurmala.lv\/\" target=\"_blank\" rel=\"noreferrer noopener\"><img loading=\"lazy\" decoding=\"async\" width=\"300\" height=\"300\" src=\"https:\/\/dzintari.lv\/wp-content\/uploads\/2023\/06\/Alba-logo-300x300.png\" alt=\"\" class=\"wp-image-25186\" srcset=\"https:\/\/dzintari.lv\/wp-content\/uploads\/2023\/06\/Alba-logo-300x300.png 300w, https:\/\/dzintari.lv\/wp-content\/uploads\/2023\/06\/Alba-logo-1024x1024.png 1024w, https:\/\/dzintari.lv\/wp-content\/uploads\/2023\/06\/Alba-logo-150x150.png 150w, https:\/\/dzintari.lv\/wp-content\/uploads\/2023\/06\/Alba-logo-768x768.png 768w, https:\/\/dzintari.lv\/wp-content\/uploads\/2023\/06\/Alba-logo-1536x1536.png 1536w, https:\/\/dzintari.lv\/wp-content\/uploads\/2023\/06\/Alba-logo-570x570.png 570w, https:\/\/dzintari.lv\/wp-content\/uploads\/2023\/06\/Alba-logo-500x500.png 500w, https:\/\/dzintari.lv\/wp-content\/uploads\/2023\/06\/Alba-logo-1000x1000.png 1000w, https:\/\/dzintari.lv\/wp-content\/uploads\/2023\/06\/Alba-logo-700x700.png 700w, https:\/\/dzintari.lv\/wp-content\/uploads\/2023\/06\/Alba-logo.png 2048w\" sizes=\"auto, (max-width: 300px) 100vw, 300px\" \/><\/a><\/figure>\n<\/div><\/div>\n<\/div>\n\n\n\n<div class=\"wp-block-columns is-layout-flex wp-container-core-columns-is-layout-9d6595d7 wp-block-columns-is-layout-flex\">\n<div class=\"wp-block-column is-layout-flow wp-block-column-is-layout-flow\"><div class=\"wp-block-image\">\n<figure class=\"aligncenter size-medium\"><a href=\"https:\/\/hoteldaina.lv\/ru\/\" target=\"_blank\" rel=\"noreferrer noopener\"><img loading=\"lazy\" decoding=\"async\" width=\"300\" height=\"151\" src=\"https:\/\/dzintari.lv\/wp-content\/uploads\/2023\/06\/Daina-logo-300x151.png\" alt=\"\" class=\"wp-image-25183\" srcset=\"https:\/\/dzintari.lv\/wp-content\/uploads\/2023\/06\/Daina-logo-300x151.png 300w, https:\/\/dzintari.lv\/wp-content\/uploads\/2023\/06\/Daina-logo-1024x515.png 1024w, https:\/\/dzintari.lv\/wp-content\/uploads\/2023\/06\/Daina-logo-768x386.png 768w, https:\/\/dzintari.lv\/wp-content\/uploads\/2023\/06\/Daina-logo-1536x773.png 1536w, https:\/\/dzintari.lv\/wp-content\/uploads\/2023\/06\/Daina-logo-2048x1030.png 2048w, https:\/\/dzintari.lv\/wp-content\/uploads\/2023\/06\/Daina-logo-1000x500.png 1000w, https:\/\/dzintari.lv\/wp-content\/uploads\/2023\/06\/Daina-logo-700x352.png 700w\" sizes=\"auto, (max-width: 300px) 100vw, 300px\" \/><\/a><\/figure>\n<\/div><\/div>\n\n\n\n<div class=\"wp-block-column is-layout-flow wp-block-column-is-layout-flow\"><div class=\"wp-block-image\">\n<figure class=\"aligncenter size-large is-resized\"><a href=\"https:\/\/www.aizdevums.lv\/ru\/\" target=\"_blank\" rel=\"noreferrer noopener\"><img loading=\"lazy\" decoding=\"async\" src=\"https:\/\/dzintari.lv\/wp-content\/uploads\/2025\/02\/Aizdevums_logo_SARKANS-1024x287.png\" alt=\"\" class=\"wp-image-27789\" width=\"389\" height=\"109\" srcset=\"https:\/\/dzintari.lv\/wp-content\/uploads\/2025\/02\/Aizdevums_logo_SARKANS-1024x287.png 1024w, https:\/\/dzintari.lv\/wp-content\/uploads\/2025\/02\/Aizdevums_logo_SARKANS-300x84.png 300w, https:\/\/dzintari.lv\/wp-content\/uploads\/2025\/02\/Aizdevums_logo_SARKANS-768x215.png 768w, https:\/\/dzintari.lv\/wp-content\/uploads\/2025\/02\/Aizdevums_logo_SARKANS-700x196.png 700w, https:\/\/dzintari.lv\/wp-content\/uploads\/2025\/02\/Aizdevums_logo_SARKANS.png 1181w\" sizes=\"auto, (max-width: 389px) 100vw, 389px\" \/><\/a><\/figure>\n<\/div><\/div>\n<\/div>\n\n\n\n<p><\/p>\n","protected":false},"excerpt":{"rendered":"<p>\u0412\u044b\u0441\u043e\u043a\u0438\u0435 \u0434\u043e\u0437\u044b \u043c\u0430\u0441\u043b\u0430 \u041e\u043c\u0435\u0433\u0430-3 \u041b\u0430\u0442\u0432\u0438\u0439\u0441\u043a\u0438\u0439 \u043a\u043b\u0430\u0441\u0442\u0435\u0440 \u043e\u0437\u0434\u043e\u0440\u043e\u0432\u0438\u0442\u0435\u043b\u044c\u043d\u043e\u0433\u043e \u0442\u0443\u0440\u0438\u0437\u043c\u0430 K\u0440\u0443\u043f\u043d\u0435\u0439\u0448\u0438\u0439 \u0440\u044b\u043d\u043e\u043a \u043e\u0437\u0434\u043e\u0440\u043e\u0432\u0438\u0442\u0435\u043b\u044c\u043d\u044b\u0445 \u0443\u0441\u043b\u0443\u0433 \u0432 \u0411\u0430\u043b\u0442\u0438\u0438 \u041f\u0440\u043e\u0444\u0435\u0441\u0441\u0438\u043e\u043d\u0430\u043b\u044c\u043d\u0430\u044f \u043a\u043e\u0441\u043c\u0435\u0442\u0438\u043a\u0430 \u0438\u0437 \u0424\u0440\u0430\u043d\u0446\u0438\u0438 \u041f\u0440\u043e\u0434\u0443\u043a\u0442\u044b \u043c\u043e\u0440\u0441\u043a\u043e\u0433\u043e \u043a\u043e\u043b\u043b\u0430\u0433\u0435\u043d\u0430<\/p>\n","protected":false},"author":1,"featured_media":0,"parent":0,"menu_order":0,"comment_status":"closed","ping_status":"closed","template":"","meta":{"footnotes":""},"class_list":["post-22700","page","type-page","status-publish","hentry"],"acf":[],"yoast_head":"<!-- This site is optimized with the Yoast SEO plugin v27.4 - https:\/\/yoast.com\/product\/yoast-seo-wordpress\/ -->\n<title>\u041f\u0430\u0440\u0442\u043d\u0451\u0440\u044b - Kl\u012bnika Dzintari<\/title>\n<meta name=\"robots\" content=\"index, follow, max-snippet:-1, max-image-preview:large, max-video-preview:-1\" \/>\n<link rel=\"canonical\" href=\"https:\/\/dzintari.lv\/ru\/%d0%bf%d0%b0%d1%82%d0%bd%d1%91%d1%80%d1%8b\/\" \/>\n<meta property=\"og:locale\" content=\"ru_RU\" \/>\n<meta property=\"og:type\" content=\"article\" \/>\n<meta property=\"og:title\" content=\"\u041f\u0430\u0440\u0442\u043d\u0451\u0440\u044b - Kl\u012bnika Dzintari\" \/>\n<meta property=\"og:description\" content=\"\u0412\u044b\u0441\u043e\u043a\u0438\u0435 \u0434\u043e\u0437\u044b \u043c\u0430\u0441\u043b\u0430 \u041e\u043c\u0435\u0433\u0430-3 \u041b\u0430\u0442\u0432\u0438\u0439\u0441\u043a\u0438\u0439 \u043a\u043b\u0430\u0441\u0442\u0435\u0440 \u043e\u0437\u0434\u043e\u0440\u043e\u0432\u0438\u0442\u0435\u043b\u044c\u043d\u043e\u0433\u043e \u0442\u0443\u0440\u0438\u0437\u043c\u0430 K\u0440\u0443\u043f\u043d\u0435\u0439\u0448\u0438\u0439 \u0440\u044b\u043d\u043e\u043a \u043e\u0437\u0434\u043e\u0440\u043e\u0432\u0438\u0442\u0435\u043b\u044c\u043d\u044b\u0445 \u0443\u0441\u043b\u0443\u0433 \u0432 \u0411\u0430\u043b\u0442\u0438\u0438 \u041f\u0440\u043e\u0444\u0435\u0441\u0441\u0438\u043e\u043d\u0430\u043b\u044c\u043d\u0430\u044f \u043a\u043e\u0441\u043c\u0435\u0442\u0438\u043a\u0430 \u0438\u0437 \u0424\u0440\u0430\u043d\u0446\u0438\u0438 \u041f\u0440\u043e\u0434\u0443\u043a\u0442\u044b \u043c\u043e\u0440\u0441\u043a\u043e\u0433\u043e \u043a\u043e\u043b\u043b\u0430\u0433\u0435\u043d\u0430\" \/>\n<meta property=\"og:url\" content=\"https:\/\/dzintari.lv\/ru\/%d0%bf%d0%b0%d1%82%d0%bd%d1%91%d1%80%d1%8b\/\" \/>\n<meta property=\"og:site_name\" content=\"Kl\u012bnika Dzintari\" \/>\n<meta property=\"article:modified_time\" content=\"2025-06-20T05:38:24+00:00\" \/>\n<meta property=\"og:image\" content=\"https:\/\/dzintari.lv\/wp-content\/uploads\/2022\/01\/Norsan-logo.png\" \/>\n<meta name=\"twitter:card\" content=\"summary_large_image\" \/>\n<meta name=\"twitter:label1\" content=\"\u041f\u0440\u0438\u043c\u0435\u0440\u043d\u043e\u0435 \u0432\u0440\u0435\u043c\u044f \u0434\u043b\u044f \u0447\u0442\u0435\u043d\u0438\u044f\" \/>\n\t<meta name=\"twitter:data1\" content=\"2 \u043c\u0438\u043d\u0443\u0442\u044b\" \/>\n<script type=\"application\/ld+json\" class=\"yoast-schema-graph\">{\"@context\":\"https:\\\/\\\/schema.org\",\"@graph\":[{\"@type\":\"WebPage\",\"@id\":\"https:\\\/\\\/dzintari.lv\\\/ru\\\/%d0%bf%d0%b0%d1%82%d0%bd%d1%91%d1%80%d1%8b\\\/\",\"url\":\"https:\\\/\\\/dzintari.lv\\\/ru\\\/%d0%bf%d0%b0%d1%82%d0%bd%d1%91%d1%80%d1%8b\\\/\",\"name\":\"\u041f\u0430\u0440\u0442\u043d\u0451\u0440\u044b - Kl\u012bnika Dzintari\",\"isPartOf\":{\"@id\":\"https:\\\/\\\/dzintari.lv\\\/#website\"},\"primaryImageOfPage\":{\"@id\":\"https:\\\/\\\/dzintari.lv\\\/ru\\\/%d0%bf%d0%b0%d1%82%d0%bd%d1%91%d1%80%d1%8b\\\/#primaryimage\"},\"image\":{\"@id\":\"https:\\\/\\\/dzintari.lv\\\/ru\\\/%d0%bf%d0%b0%d1%82%d0%bd%d1%91%d1%80%d1%8b\\\/#primaryimage\"},\"thumbnailUrl\":\"https:\\\/\\\/dzintari.lv\\\/wp-content\\\/uploads\\\/2022\\\/01\\\/Norsan-logo.png\",\"datePublished\":\"2022-01-21T08:58:46+00:00\",\"dateModified\":\"2025-06-20T05:38:24+00:00\",\"breadcrumb\":{\"@id\":\"https:\\\/\\\/dzintari.lv\\\/ru\\\/%d0%bf%d0%b0%d1%82%d0%bd%d1%91%d1%80%d1%8b\\\/#breadcrumb\"},\"inLanguage\":\"ru-RU\",\"potentialAction\":[{\"@type\":\"ReadAction\",\"target\":[\"https:\\\/\\\/dzintari.lv\\\/ru\\\/%d0%bf%d0%b0%d1%82%d0%bd%d1%91%d1%80%d1%8b\\\/\"]}]},{\"@type\":\"ImageObject\",\"inLanguage\":\"ru-RU\",\"@id\":\"https:\\\/\\\/dzintari.lv\\\/ru\\\/%d0%bf%d0%b0%d1%82%d0%bd%d1%91%d1%80%d1%8b\\\/#primaryimage\",\"url\":\"https:\\\/\\\/dzintari.lv\\\/wp-content\\\/uploads\\\/2022\\\/01\\\/Norsan-logo.png\",\"contentUrl\":\"https:\\\/\\\/dzintari.lv\\\/wp-content\\\/uploads\\\/2022\\\/01\\\/Norsan-logo.png\"},{\"@type\":\"BreadcrumbList\",\"@id\":\"https:\\\/\\\/dzintari.lv\\\/ru\\\/%d0%bf%d0%b0%d1%82%d0%bd%d1%91%d1%80%d1%8b\\\/#breadcrumb\",\"itemListElement\":[{\"@type\":\"ListItem\",\"position\":1,\"name\":\"Home\",\"item\":\"https:\\\/\\\/dzintari.lv\\\/ru\\\/\"},{\"@type\":\"ListItem\",\"position\":2,\"name\":\"\u041f\u0430\u0440\u0442\u043d\u0451\u0440\u044b\"}]},{\"@type\":\"WebSite\",\"@id\":\"https:\\\/\\\/dzintari.lv\\\/#website\",\"url\":\"https:\\\/\\\/dzintari.lv\\\/\",\"name\":\"Kl\u012bnika Dzintari\",\"description\":\"Psiholo\u0123isk\u0101 un psihiatrisk\u0101 pal\u012bdz\u012bba\",\"publisher\":{\"@id\":\"https:\\\/\\\/dzintari.lv\\\/#organization\"},\"potentialAction\":[{\"@type\":\"SearchAction\",\"target\":{\"@type\":\"EntryPoint\",\"urlTemplate\":\"https:\\\/\\\/dzintari.lv\\\/?s={search_term_string}\"},\"query-input\":{\"@type\":\"PropertyValueSpecification\",\"valueRequired\":true,\"valueName\":\"search_term_string\"}}],\"inLanguage\":\"ru-RU\"},{\"@type\":\"Organization\",\"@id\":\"https:\\\/\\\/dzintari.lv\\\/#organization\",\"name\":\"SIA \u201cKl\u012bnika Dzintari\u201d\",\"url\":\"https:\\\/\\\/dzintari.lv\\\/\",\"logo\":{\"@type\":\"ImageObject\",\"inLanguage\":\"ru-RU\",\"@id\":\"https:\\\/\\\/dzintari.lv\\\/#\\\/schema\\\/logo\\\/image\\\/\",\"url\":\"https:\\\/\\\/dzintari.lv\\\/wp-content\\\/uploads\\\/2018\\\/02\\\/dzint-01.png\",\"contentUrl\":\"https:\\\/\\\/dzintari.lv\\\/wp-content\\\/uploads\\\/2018\\\/02\\\/dzint-01.png\",\"width\":259,\"height\":222,\"caption\":\"SIA \u201cKl\u012bnika Dzintari\u201d\"},\"image\":{\"@id\":\"https:\\\/\\\/dzintari.lv\\\/#\\\/schema\\\/logo\\\/image\\\/\"}}]}<\/script>\n<!-- \/ Yoast SEO plugin. -->","yoast_head_json":{"title":"\u041f\u0430\u0440\u0442\u043d\u0451\u0440\u044b - Kl\u012bnika Dzintari","robots":{"index":"index","follow":"follow","max-snippet":"max-snippet:-1","max-image-preview":"max-image-preview:large","max-video-preview":"max-video-preview:-1"},"canonical":"https:\/\/dzintari.lv\/ru\/%d0%bf%d0%b0%d1%82%d0%bd%d1%91%d1%80%d1%8b\/","og_locale":"ru_RU","og_type":"article","og_title":"\u041f\u0430\u0440\u0442\u043d\u0451\u0440\u044b - Kl\u012bnika Dzintari","og_description":"\u0412\u044b\u0441\u043e\u043a\u0438\u0435 \u0434\u043e\u0437\u044b \u043c\u0430\u0441\u043b\u0430 \u041e\u043c\u0435\u0433\u0430-3 \u041b\u0430\u0442\u0432\u0438\u0439\u0441\u043a\u0438\u0439 \u043a\u043b\u0430\u0441\u0442\u0435\u0440 \u043e\u0437\u0434\u043e\u0440\u043e\u0432\u0438\u0442\u0435\u043b\u044c\u043d\u043e\u0433\u043e \u0442\u0443\u0440\u0438\u0437\u043c\u0430 K\u0440\u0443\u043f\u043d\u0435\u0439\u0448\u0438\u0439 \u0440\u044b\u043d\u043e\u043a \u043e\u0437\u0434\u043e\u0440\u043e\u0432\u0438\u0442\u0435\u043b\u044c\u043d\u044b\u0445 \u0443\u0441\u043b\u0443\u0433 \u0432 \u0411\u0430\u043b\u0442\u0438\u0438 \u041f\u0440\u043e\u0444\u0435\u0441\u0441\u0438\u043e\u043d\u0430\u043b\u044c\u043d\u0430\u044f \u043a\u043e\u0441\u043c\u0435\u0442\u0438\u043a\u0430 \u0438\u0437 \u0424\u0440\u0430\u043d\u0446\u0438\u0438 \u041f\u0440\u043e\u0434\u0443\u043a\u0442\u044b \u043c\u043e\u0440\u0441\u043a\u043e\u0433\u043e \u043a\u043e\u043b\u043b\u0430\u0433\u0435\u043d\u0430","og_url":"https:\/\/dzintari.lv\/ru\/%d0%bf%d0%b0%d1%82%d0%bd%d1%91%d1%80%d1%8b\/","og_site_name":"Kl\u012bnika Dzintari","article_modified_time":"2025-06-20T05:38:24+00:00","og_image":[{"url":"https:\/\/dzintari.lv\/wp-content\/uploads\/2022\/01\/Norsan-logo.png","type":"","width":"","height":""}],"twitter_card":"summary_large_image","twitter_misc":{"\u041f\u0440\u0438\u043c\u0435\u0440\u043d\u043e\u0435 \u0432\u0440\u0435\u043c\u044f \u0434\u043b\u044f \u0447\u0442\u0435\u043d\u0438\u044f":"2 \u043c\u0438\u043d\u0443\u0442\u044b"},"schema":{"@context":"https:\/\/schema.org","@graph":[{"@type":"WebPage","@id":"https:\/\/dzintari.lv\/ru\/%d0%bf%d0%b0%d1%82%d0%bd%d1%91%d1%80%d1%8b\/","url":"https:\/\/dzintari.lv\/ru\/%d0%bf%d0%b0%d1%82%d0%bd%d1%91%d1%80%d1%8b\/","name":"\u041f\u0430\u0440\u0442\u043d\u0451\u0440\u044b - Kl\u012bnika Dzintari","isPartOf":{"@id":"https:\/\/dzintari.lv\/#website"},"primaryImageOfPage":{"@id":"https:\/\/dzintari.lv\/ru\/%d0%bf%d0%b0%d1%82%d0%bd%d1%91%d1%80%d1%8b\/#primaryimage"},"image":{"@id":"https:\/\/dzintari.lv\/ru\/%d0%bf%d0%b0%d1%82%d0%bd%d1%91%d1%80%d1%8b\/#primaryimage"},"thumbnailUrl":"https:\/\/dzintari.lv\/wp-content\/uploads\/2022\/01\/Norsan-logo.png","datePublished":"2022-01-21T08:58:46+00:00","dateModified":"2025-06-20T05:38:24+00:00","breadcrumb":{"@id":"https:\/\/dzintari.lv\/ru\/%d0%bf%d0%b0%d1%82%d0%bd%d1%91%d1%80%d1%8b\/#breadcrumb"},"inLanguage":"ru-RU","potentialAction":[{"@type":"ReadAction","target":["https:\/\/dzintari.lv\/ru\/%d0%bf%d0%b0%d1%82%d0%bd%d1%91%d1%80%d1%8b\/"]}]},{"@type":"ImageObject","inLanguage":"ru-RU","@id":"https:\/\/dzintari.lv\/ru\/%d0%bf%d0%b0%d1%82%d0%bd%d1%91%d1%80%d1%8b\/#primaryimage","url":"https:\/\/dzintari.lv\/wp-content\/uploads\/2022\/01\/Norsan-logo.png","contentUrl":"https:\/\/dzintari.lv\/wp-content\/uploads\/2022\/01\/Norsan-logo.png"},{"@type":"BreadcrumbList","@id":"https:\/\/dzintari.lv\/ru\/%d0%bf%d0%b0%d1%82%d0%bd%d1%91%d1%80%d1%8b\/#breadcrumb","itemListElement":[{"@type":"ListItem","position":1,"name":"Home","item":"https:\/\/dzintari.lv\/ru\/"},{"@type":"ListItem","position":2,"name":"\u041f\u0430\u0440\u0442\u043d\u0451\u0440\u044b"}]},{"@type":"WebSite","@id":"https:\/\/dzintari.lv\/#website","url":"https:\/\/dzintari.lv\/","name":"Kl\u012bnika Dzintari","description":"Psiholo\u0123isk\u0101 un psihiatrisk\u0101 pal\u012bdz\u012bba","publisher":{"@id":"https:\/\/dzintari.lv\/#organization"},"potentialAction":[{"@type":"SearchAction","target":{"@type":"EntryPoint","urlTemplate":"https:\/\/dzintari.lv\/?s={search_term_string}"},"query-input":{"@type":"PropertyValueSpecification","valueRequired":true,"valueName":"search_term_string"}}],"inLanguage":"ru-RU"},{"@type":"Organization","@id":"https:\/\/dzintari.lv\/#organization","name":"SIA \u201cKl\u012bnika Dzintari\u201d","url":"https:\/\/dzintari.lv\/","logo":{"@type":"ImageObject","inLanguage":"ru-RU","@id":"https:\/\/dzintari.lv\/#\/schema\/logo\/image\/","url":"https:\/\/dzintari.lv\/wp-content\/uploads\/2018\/02\/dzint-01.png","contentUrl":"https:\/\/dzintari.lv\/wp-content\/uploads\/2018\/02\/dzint-01.png","width":259,"height":222,"caption":"SIA \u201cKl\u012bnika Dzintari\u201d"},"image":{"@id":"https:\/\/dzintari.lv\/#\/schema\/logo\/image\/"}}]}},"_links":{"self":[{"href":"https:\/\/dzintari.lv\/ru\/wp-json\/wp\/v2\/pages\/22700","targetHints":{"allow":["GET"]}}],"collection":[{"href":"https:\/\/dzintari.lv\/ru\/wp-json\/wp\/v2\/pages"}],"about":[{"href":"https:\/\/dzintari.lv\/ru\/wp-json\/wp\/v2\/types\/page"}],"author":[{"embeddable":true,"href":"https:\/\/dzintari.lv\/ru\/wp-json\/wp\/v2\/users\/1"}],"replies":[{"embeddable":true,"href":"https:\/\/dzintari.lv\/ru\/wp-json\/wp\/v2\/comments?post=22700"}],"version-history":[{"count":13,"href":"https:\/\/dzintari.lv\/ru\/wp-json\/wp\/v2\/pages\/22700\/revisions"}],"predecessor-version":[{"id":28237,"href":"https:\/\/dzintari.lv\/ru\/wp-json\/wp\/v2\/pages\/22700\/revisions\/28237"}],"wp:attachment":[{"href":"https:\/\/dzintari.lv\/ru\/wp-json\/wp\/v2\/media?parent=22700"}],"curies":[{"name":"wp","href":"https:\/\/api.w.org\/{rel}","templated":true}]}}