{"id":19963,"date":"2020-09-11T14:59:52","date_gmt":"2020-09-11T14:59:52","guid":{"rendered":"https:\/\/dzintari.dev-web-server.eu\/%d0%be-%d0%b2%d0%b0%d1%81\/"},"modified":"2020-09-11T14:59:52","modified_gmt":"2020-09-11T14:59:52","slug":"%d0%be-%d0%b2%d0%b0%d1%81","status":"publish","type":"page","link":"https:\/\/dzintari.lv\/ru\/%d0%be-%d0%b2%d0%b0%d1%81\/","title":{"rendered":"\u041e \u0412\u0430\u0441"},"content":{"rendered":"","protected":false},"excerpt":{"rendered":"","protected":false},"author":1,"featured_media":0,"parent":0,"menu_order":0,"comment_status":"closed","ping_status":"closed","template":"full_width.php","meta":{"footnotes":""},"class_list":["post-19963","page","type-page","status-publish","hentry"],"acf":[],"yoast_head":"<!-- This site is optimized with the Yoast SEO plugin v27.3 - https:\/\/yoast.com\/product\/yoast-seo-wordpress\/ -->\n<title>\u041e \u0412\u0430\u0441 - Kl\u012bnika Dzintari<\/title>\n<meta name=\"robots\" content=\"index, follow, max-snippet:-1, max-image-preview:large, max-video-preview:-1\" \/>\n<link rel=\"canonical\" href=\"https:\/\/dzintari.lv\/ru\/%d0%be-%d0%b2%d0%b0%d1%81\/\" \/>\n<meta property=\"og:locale\" content=\"ru_RU\" \/>\n<meta property=\"og:type\" content=\"article\" \/>\n<meta property=\"og:title\" content=\"\u041e \u0412\u0430\u0441 - Kl\u012bnika Dzintari\" \/>\n<meta property=\"og:url\" content=\"https:\/\/dzintari.lv\/ru\/%d0%be-%d0%b2%d0%b0%d1%81\/\" \/>\n<meta property=\"og:site_name\" content=\"Kl\u012bnika Dzintari\" \/>\n<meta name=\"twitter:card\" content=\"summary_large_image\" \/>\n<script type=\"application\/ld+json\" class=\"yoast-schema-graph\">{\"@context\":\"https:\\\/\\\/schema.org\",\"@graph\":[{\"@type\":\"WebPage\",\"@id\":\"https:\\\/\\\/dzintari.lv\\\/ru\\\/%d0%be-%d0%b2%d0%b0%d1%81\\\/\",\"url\":\"https:\\\/\\\/dzintari.lv\\\/ru\\\/%d0%be-%d0%b2%d0%b0%d1%81\\\/\",\"name\":\"\u041e \u0412\u0430\u0441 - Kl\u012bnika Dzintari\",\"isPartOf\":{\"@id\":\"https:\\\/\\\/dzintari.lv\\\/#website\"},\"datePublished\":\"2020-09-11T14:59:52+00:00\",\"breadcrumb\":{\"@id\":\"https:\\\/\\\/dzintari.lv\\\/ru\\\/%d0%be-%d0%b2%d0%b0%d1%81\\\/#breadcrumb\"},\"inLanguage\":\"ru-RU\",\"potentialAction\":[{\"@type\":\"ReadAction\",\"target\":[\"https:\\\/\\\/dzintari.lv\\\/ru\\\/%d0%be-%d0%b2%d0%b0%d1%81\\\/\"]}]},{\"@type\":\"BreadcrumbList\",\"@id\":\"https:\\\/\\\/dzintari.lv\\\/ru\\\/%d0%be-%d0%b2%d0%b0%d1%81\\\/#breadcrumb\",\"itemListElement\":[{\"@type\":\"ListItem\",\"position\":1,\"name\":\"Home\",\"item\":\"https:\\\/\\\/dzintari.lv\\\/ru\\\/\"},{\"@type\":\"ListItem\",\"position\":2,\"name\":\"\u041e \u0412\u0430\u0441\"}]},{\"@type\":\"WebSite\",\"@id\":\"https:\\\/\\\/dzintari.lv\\\/#website\",\"url\":\"https:\\\/\\\/dzintari.lv\\\/\",\"name\":\"Kl\u012bnika Dzintari\",\"description\":\"Psiholo\u0123isk\u0101 un psihiatrisk\u0101 pal\u012bdz\u012bba\",\"publisher\":{\"@id\":\"https:\\\/\\\/dzintari.lv\\\/#organization\"},\"potentialAction\":[{\"@type\":\"SearchAction\",\"target\":{\"@type\":\"EntryPoint\",\"urlTemplate\":\"https:\\\/\\\/dzintari.lv\\\/?s={search_term_string}\"},\"query-input\":{\"@type\":\"PropertyValueSpecification\",\"valueRequired\":true,\"valueName\":\"search_term_string\"}}],\"inLanguage\":\"ru-RU\"},{\"@type\":\"Organization\",\"@id\":\"https:\\\/\\\/dzintari.lv\\\/#organization\",\"name\":\"SIA \u201cKl\u012bnika Dzintari\u201d\",\"url\":\"https:\\\/\\\/dzintari.lv\\\/\",\"logo\":{\"@type\":\"ImageObject\",\"inLanguage\":\"ru-RU\",\"@id\":\"https:\\\/\\\/dzintari.lv\\\/#\\\/schema\\\/logo\\\/image\\\/\",\"url\":\"https:\\\/\\\/dzintari.lv\\\/wp-content\\\/uploads\\\/2018\\\/02\\\/dzint-01.png\",\"contentUrl\":\"https:\\\/\\\/dzintari.lv\\\/wp-content\\\/uploads\\\/2018\\\/02\\\/dzint-01.png\",\"width\":259,\"height\":222,\"caption\":\"SIA \u201cKl\u012bnika Dzintari\u201d\"},\"image\":{\"@id\":\"https:\\\/\\\/dzintari.lv\\\/#\\\/schema\\\/logo\\\/image\\\/\"}}]}<\/script>\n<!-- \/ Yoast SEO plugin. -->","yoast_head_json":{"title":"\u041e \u0412\u0430\u0441 - Kl\u012bnika Dzintari","robots":{"index":"index","follow":"follow","max-snippet":"max-snippet:-1","max-image-preview":"max-image-preview:large","max-video-preview":"max-video-preview:-1"},"canonical":"https:\/\/dzintari.lv\/ru\/%d0%be-%d0%b2%d0%b0%d1%81\/","og_locale":"ru_RU","og_type":"article","og_title":"\u041e \u0412\u0430\u0441 - Kl\u012bnika Dzintari","og_url":"https:\/\/dzintari.lv\/ru\/%d0%be-%d0%b2%d0%b0%d1%81\/","og_site_name":"Kl\u012bnika Dzintari","twitter_card":"summary_large_image","schema":{"@context":"https:\/\/schema.org","@graph":[{"@type":"WebPage","@id":"https:\/\/dzintari.lv\/ru\/%d0%be-%d0%b2%d0%b0%d1%81\/","url":"https:\/\/dzintari.lv\/ru\/%d0%be-%d0%b2%d0%b0%d1%81\/","name":"\u041e \u0412\u0430\u0441 - Kl\u012bnika Dzintari","isPartOf":{"@id":"https:\/\/dzintari.lv\/#website"},"datePublished":"2020-09-11T14:59:52+00:00","breadcrumb":{"@id":"https:\/\/dzintari.lv\/ru\/%d0%be-%d0%b2%d0%b0%d1%81\/#breadcrumb"},"inLanguage":"ru-RU","potentialAction":[{"@type":"ReadAction","target":["https:\/\/dzintari.lv\/ru\/%d0%be-%d0%b2%d0%b0%d1%81\/"]}]},{"@type":"BreadcrumbList","@id":"https:\/\/dzintari.lv\/ru\/%d0%be-%d0%b2%d0%b0%d1%81\/#breadcrumb","itemListElement":[{"@type":"ListItem","position":1,"name":"Home","item":"https:\/\/dzintari.lv\/ru\/"},{"@type":"ListItem","position":2,"name":"\u041e \u0412\u0430\u0441"}]},{"@type":"WebSite","@id":"https:\/\/dzintari.lv\/#website","url":"https:\/\/dzintari.lv\/","name":"Kl\u012bnika Dzintari","description":"Psiholo\u0123isk\u0101 un psihiatrisk\u0101 pal\u012bdz\u012bba","publisher":{"@id":"https:\/\/dzintari.lv\/#organization"},"potentialAction":[{"@type":"SearchAction","target":{"@type":"EntryPoint","urlTemplate":"https:\/\/dzintari.lv\/?s={search_term_string}"},"query-input":{"@type":"PropertyValueSpecification","valueRequired":true,"valueName":"search_term_string"}}],"inLanguage":"ru-RU"},{"@type":"Organization","@id":"https:\/\/dzintari.lv\/#organization","name":"SIA \u201cKl\u012bnika Dzintari\u201d","url":"https:\/\/dzintari.lv\/","logo":{"@type":"ImageObject","inLanguage":"ru-RU","@id":"https:\/\/dzintari.lv\/#\/schema\/logo\/image\/","url":"https:\/\/dzintari.lv\/wp-content\/uploads\/2018\/02\/dzint-01.png","contentUrl":"https:\/\/dzintari.lv\/wp-content\/uploads\/2018\/02\/dzint-01.png","width":259,"height":222,"caption":"SIA \u201cKl\u012bnika Dzintari\u201d"},"image":{"@id":"https:\/\/dzintari.lv\/#\/schema\/logo\/image\/"}}]}},"_links":{"self":[{"href":"https:\/\/dzintari.lv\/ru\/wp-json\/wp\/v2\/pages\/19963","targetHints":{"allow":["GET"]}}],"collection":[{"href":"https:\/\/dzintari.lv\/ru\/wp-json\/wp\/v2\/pages"}],"about":[{"href":"https:\/\/dzintari.lv\/ru\/wp-json\/wp\/v2\/types\/page"}],"author":[{"embeddable":true,"href":"https:\/\/dzintari.lv\/ru\/wp-json\/wp\/v2\/users\/1"}],"replies":[{"embeddable":true,"href":"https:\/\/dzintari.lv\/ru\/wp-json\/wp\/v2\/comments?post=19963"}],"version-history":[{"count":0,"href":"https:\/\/dzintari.lv\/ru\/wp-json\/wp\/v2\/pages\/19963\/revisions"}],"wp:attachment":[{"href":"https:\/\/dzintari.lv\/ru\/wp-json\/wp\/v2\/media?parent=19963"}],"curies":[{"name":"wp","href":"https:\/\/api.w.org\/{rel}","templated":true}]}}