{"id":17316,"date":"2018-03-21T14:50:35","date_gmt":"2018-03-21T14:50:35","guid":{"rendered":"https:\/\/dzintari.dev-web-server.eu\/?page_id=17316"},"modified":"2026-02-16T12:08:46","modified_gmt":"2026-02-16T12:08:46","slug":"%d1%83%d1%81%d0%bb%d1%83%d0%b3%d0%b8-%d0%b3%d0%be%d1%81%d1%82%d0%b8%d0%bd%d0%b8%d1%86%d1%8b","status":"publish","type":"page","link":"https:\/\/dzintari.lv\/ru\/%d1%83%d1%81%d0%bb%d1%83%d0%b3%d0%b8\/%d1%83%d1%81%d0%bb%d1%83%d0%b3%d0%b8-%d0%b3%d0%be%d1%81%d1%82%d0%b8%d0%bd%d0%b8%d1%86%d1%8b\/","title":{"rendered":"\u0423\u0441\u043b\u0443\u0433\u0438 \u0433\u043e\u0441\u0442\u0438\u043d\u0438\u0446\u044b"},"content":{"rendered":"<p>\u0417\u0430\u043f\u0438\u0441\u0430\u0442\u044c\u0441\u044f \u043d\u0430 \u0434\u043d\u0435\u0432\u043d\u043e\u0439 \u0441\u0442\u0430\u0446\u0438\u043e\u043d\u0430\u0440 \u0438\u043b\u0438 \u043f\u043e\u0441\u0435\u0449\u0435\u043d\u0438\u0435 \u0441\u043f\u0435\u0446\u0438\u0430\u043b\u0438\u0441\u0442\u0430 \u043c\u043e\u0436\u043d\u043e, \u0437\u0430\u043f\u043e\u043b\u043d\u0438\u0432 \u044d\u043b\u0435\u043a\u0442\u0440\u043e\u043d\u043d\u0443\u044e \u0444\u043e\u0440\u043c\u0443 \u0437\u0430\u044f\u0432\u043a\u0438 www.dzintari.lv \u0438\u043b\u0438 \u043f\u043e\u0437\u0432\u043e\u043d\u0438\u0432 \u043f\u043e \u0442\u0435\u043b\u0435\u0444\u043e\u043d\u0443<a href=\"tel:+371 67147833\"> +371 67147833<\/a><\/p>\n<p><strong data-rich-text-format-boundary=\"true\">\u041a\u043b\u0438\u0435\u043d\u0442\u044b \u00ab\u041a\u043b\u0438\u043d\u0438\u043a\u0438 \u0414\u0437\u0438\u043d\u0442\u0430\u0440\u0438\u00bb \u0438\u043c\u0435\u044e\u0442 \u0432\u043e\u0437\u043c\u043e\u0436\u043d\u043e\u0441\u0442\u044c \u043a\u0430\u0436\u0434\u044b\u0439 \u0434\u0435\u043d\u044c \u0432 \u043f\u0435\u0440\u0438\u043e\u0434 \u043b\u0435\u0447\u0435\u043d\u0438\u044f \u043e\u0444\u043e\u0440\u043c\u043b\u044f\u0442\u044c \u0431\u0435\u0441\u043f\u043b\u0430\u0442\u043d\u044b\u0439 \u043f\u0440\u043e\u043f\u0443\u0441\u043a \u0434\u043b\u044f \u0437\u0430\u0435\u0437\u0434\u0430 <br \/>\u0432 \u042e\u0440\u043c\u0430\u043b\u0443: <a href=\"_wp_link_placeholder\" data-wplink-edit=\"true\">https:\/\/www.jurmala.lv\/lv\/jaunums\/no-2026-gada-1-janvara-jauns-iebrauksanas-nodevas-apmers<\/a>, <br \/>\u0430 \u0437\u0430\u0442\u0435\u043c \u043f\u0440\u0438\u0439\u0442\u0438 \u043a \u0430\u0434\u043c\u0438\u043d\u0438\u0441\u0442\u0440\u0430\u0442\u043e\u0440\u0443 \u043a\u043b\u0438\u043d\u0438\u043a\u0438 \u0434\u043b\u044f \u043f\u043e\u043b\u0443\u0447\u0435\u043d\u0438\u044f \u043f\u043e\u0434\u0442\u0432\u0435\u0440\u0436\u0434\u0435\u043d\u0438\u044f \u043f\u0440\u043e\u043f\u0443\u0441\u043a\u0430.<\/strong><\/p>\n<p><strong>\u041d\u043e\u0447\u043e\u0432\u043a\u0430 \u0432 \u0433\u043e\u0441\u0442\u0438\u043d\u0438\u0446\u0435 &#171;ALBA&#187; &#8212; \u042e\u0440\u043c\u0430\u043b\u0430, \u041c\u0435\u043b\u043b\u0443\u0436\u0438, \u0443\u043b.\u0414\u0430\u0440\u0437\u0443 9: <a href=\"https:\/\/ru.albahoteljurmala.lv\/\">https:\/\/ru.albahoteljurmala.lv\/<\/a><\/strong><strong><br \/>\u0446\u0435\u043d\u0430:<\/strong><\/p>\n<p><strong>\u2013 75 EUR\/\u0432 \u0441\u0443\u0442\u043a\u0438 \u0441 \u0437\u0430\u0432\u0442\u0440\u0430\u043a\u043e\u043c (05.01. &#8212; 30.04.2026.)<\/strong><\/p>\n<p><strong>\u041e\u0431\u0435\u0434 \u0438 \u0443\u0436\u0435\u043d \u043c\u043e\u0436\u043d\u043e \u0437\u0430k\u0430\u0437\u0430\u0442\u044c \u0432 \u043a\u043b\u0438\u043d\u0438\u043a\u0443 \u0438\u043b\u0438 \u0432 \u0433\u043e\u0441\u0442\u0438\u043d\u0438\u0446\u0443:<\/strong><\/p>\n<p><a href=\"https:\/\/www.jurmala.lv\/lv\/jaunums\/apkopoti-edienu-piegadataji-jurmala-aktualizets\">https:\/\/www.jurmala.lv\/lv\/jaunums\/apkopoti-edienu-piegadataji-jurmala-aktualizets<\/a><\/p>\n<section class=\"has_eae_slider elementor-section elementor-top-section elementor-element elementor-element-c03e15c elementor-section-full_width elementor-section-height-default elementor-section-height-default\" data-id=\"c03e15c\" data-element_type=\"section\">\n<div class=\"elementor-container elementor-column-gap-default\">\n<div class=\"elementor-row\">\n<div class=\"has_eae_slider elementor-column elementor-col-100 elementor-top-column elementor-element elementor-element-38654c9\" data-id=\"38654c9\" data-element_type=\"column\">\n<div class=\"elementor-column-wrap elementor-element-populated\">\n<div class=\"elementor-widget-wrap\">\n<div class=\"elementor-element elementor-element-3c9aed8 elementor-widget elementor-widget-text-editor\" data-id=\"3c9aed8\" data-element_type=\"widget\" data-widget_type=\"text-editor.default\">\n<div class=\"elementor-widget-container\">\n<div class=\"elementor-text-editor elementor-clearfix\">\n<div>\u00a0<\/div>\n<\/div>\n<\/div>\n<\/div>\n<\/div>\n<\/div>\n<\/div>\n<\/div>\n<\/div>\n<\/section>\n<p class=\"p1\"><span class=\"s1\">\u0414\u043b\u044f \u043f\u043e\u043b\u0443\u0447\u0435\u043d\u0438\u044f \u0434\u043e\u043f\u043e\u043b\u043d\u0438\u0442\u0435\u043b\u044c\u043d\u043e\u0439 \u0438\u043d\u0444\u043e\u0440\u043c\u0430\u0446\u0438\u0438 \u043e \u0433\u043e\u0441\u0442\u0438\u043d\u0438\u0446\u044b, \u043c\u044b \u043f\u0440\u0438\u0433\u043b\u0430\u0448\u0430\u0435\u043c \u0432\u0430\u0441 \u0437\u0432\u043e\u043d\u0438\u0442\u044c \u043f\u043e \u0442\u0435\u043b\u0435\u0444\u043e\u043d\u0443:<a href=\"tel:+371 67 147833\"><b> +371 67 147833<\/b><\/a><\/span><\/p>\n\n\n<p>&nbsp;<\/p>\n","protected":false},"excerpt":{"rendered":"<p>\u0417\u0430\u043f\u0438\u0441\u0430\u0442\u044c\u0441\u044f \u043d\u0430 \u0434\u043d\u0435\u0432\u043d\u043e\u0439 \u0441\u0442\u0430\u0446\u0438\u043e\u043d\u0430\u0440 \u0438\u043b\u0438 \u043f\u043e\u0441\u0435\u0449\u0435\u043d\u0438\u0435 \u0441\u043f\u0435\u0446\u0438\u0430\u043b\u0438\u0441\u0442\u0430 \u043c\u043e\u0436\u043d\u043e, \u0437\u0430\u043f\u043e\u043b\u043d\u0438\u0432 \u044d\u043b\u0435\u043a\u0442\u0440\u043e\u043d\u043d\u0443\u044e \u0444\u043e\u0440\u043c\u0443 \u0437\u0430\u044f\u0432\u043a\u0438 www.dzintari.lv \u0438\u043b\u0438 \u043f\u043e\u0437\u0432\u043e\u043d\u0438\u0432 \u043f\u043e \u0442\u0435\u043b\u0435\u0444\u043e\u043d\u0443 +371 67147833 \u041a\u043b\u0438\u0435\u043d\u0442\u044b \u00ab\u041a\u043b\u0438\u043d\u0438\u043a\u0438 \u0414\u0437\u0438\u043d\u0442\u0430\u0440\u0438\u00bb \u0438\u043c\u0435\u044e\u0442 \u0432\u043e\u0437\u043c\u043e\u0436\u043d\u043e\u0441\u0442\u044c \u043a\u0430\u0436\u0434\u044b\u0439 \u0434\u0435\u043d\u044c \u0432 \u043f\u0435\u0440\u0438\u043e\u0434 \u043b\u0435\u0447\u0435\u043d\u0438\u044f \u043e\u0444\u043e\u0440\u043c\u043b\u044f\u0442\u044c \u0431\u0435\u0441\u043f\u043b\u0430\u0442\u043d\u044b\u0439 \u043f\u0440\u043e\u043f\u0443\u0441\u043a \u0434\u043b\u044f \u0437\u0430\u0435\u0437\u0434\u0430 \u0432 \u042e\u0440\u043c\u0430\u043b\u0443: https:\/\/www.jurmala.lv\/lv\/jaunums\/no-2026-gada-1-janvara-jauns-iebrauksanas-nodevas-apmers, \u0430 \u0437\u0430\u0442\u0435\u043c \u043f\u0440\u0438\u0439\u0442\u0438 \u043a \u0430\u0434\u043c\u0438\u043d\u0438\u0441\u0442\u0440\u0430\u0442\u043e\u0440\u0443 \u043a\u043b\u0438\u043d\u0438\u043a\u0438 \u0434\u043b\u044f \u043f\u043e\u043b\u0443\u0447\u0435\u043d\u0438\u044f&#8230;<\/p>\n","protected":false},"author":1,"featured_media":0,"parent":17223,"menu_order":0,"comment_status":"closed","ping_status":"closed","template":"","meta":{"footnotes":""},"class_list":["post-17316","page","type-page","status-publish","hentry"],"acf":[],"yoast_head":"<!-- This site is optimized with the Yoast SEO plugin v27.4 - https:\/\/yoast.com\/product\/yoast-seo-wordpress\/ -->\n<title>\u0423\u0441\u043b\u0443\u0433\u0438 \u0433\u043e\u0441\u0442\u0438\u043d\u0438\u0446\u044b - Kl\u012bnika Dzintari<\/title>\n<meta name=\"robots\" content=\"index, follow, max-snippet:-1, max-image-preview:large, max-video-preview:-1\" \/>\n<link rel=\"canonical\" href=\"https:\/\/dzintari.lv\/ru\/%d1%83%d1%81%d0%bb%d1%83%d0%b3%d0%b8\/%d1%83%d1%81%d0%bb%d1%83%d0%b3%d0%b8-%d0%b3%d0%be%d1%81%d1%82%d0%b8%d0%bd%d0%b8%d1%86%d1%8b\/\" \/>\n<meta property=\"og:locale\" content=\"ru_RU\" \/>\n<meta property=\"og:type\" content=\"article\" \/>\n<meta property=\"og:title\" content=\"\u0423\u0441\u043b\u0443\u0433\u0438 \u0433\u043e\u0441\u0442\u0438\u043d\u0438\u0446\u044b - Kl\u012bnika Dzintari\" \/>\n<meta property=\"og:description\" content=\"\u0417\u0430\u043f\u0438\u0441\u0430\u0442\u044c\u0441\u044f \u043d\u0430 \u0434\u043d\u0435\u0432\u043d\u043e\u0439 \u0441\u0442\u0430\u0446\u0438\u043e\u043d\u0430\u0440 \u0438\u043b\u0438 \u043f\u043e\u0441\u0435\u0449\u0435\u043d\u0438\u0435 \u0441\u043f\u0435\u0446\u0438\u0430\u043b\u0438\u0441\u0442\u0430 \u043c\u043e\u0436\u043d\u043e, \u0437\u0430\u043f\u043e\u043b\u043d\u0438\u0432 \u044d\u043b\u0435\u043a\u0442\u0440\u043e\u043d\u043d\u0443\u044e \u0444\u043e\u0440\u043c\u0443 \u0437\u0430\u044f\u0432\u043a\u0438 www.dzintari.lv \u0438\u043b\u0438 \u043f\u043e\u0437\u0432\u043e\u043d\u0438\u0432 \u043f\u043e \u0442\u0435\u043b\u0435\u0444\u043e\u043d\u0443 +371 67147833 \u041a\u043b\u0438\u0435\u043d\u0442\u044b \u00ab\u041a\u043b\u0438\u043d\u0438\u043a\u0438 \u0414\u0437\u0438\u043d\u0442\u0430\u0440\u0438\u00bb \u0438\u043c\u0435\u044e\u0442 \u0432\u043e\u0437\u043c\u043e\u0436\u043d\u043e\u0441\u0442\u044c \u043a\u0430\u0436\u0434\u044b\u0439 \u0434\u0435\u043d\u044c \u0432 \u043f\u0435\u0440\u0438\u043e\u0434 \u043b\u0435\u0447\u0435\u043d\u0438\u044f \u043e\u0444\u043e\u0440\u043c\u043b\u044f\u0442\u044c \u0431\u0435\u0441\u043f\u043b\u0430\u0442\u043d\u044b\u0439 \u043f\u0440\u043e\u043f\u0443\u0441\u043a \u0434\u043b\u044f \u0437\u0430\u0435\u0437\u0434\u0430 \u0432 \u042e\u0440\u043c\u0430\u043b\u0443: https:\/\/www.jurmala.lv\/lv\/jaunums\/no-2026-gada-1-janvara-jauns-iebrauksanas-nodevas-apmers, \u0430 \u0437\u0430\u0442\u0435\u043c \u043f\u0440\u0438\u0439\u0442\u0438 \u043a \u0430\u0434\u043c\u0438\u043d\u0438\u0441\u0442\u0440\u0430\u0442\u043e\u0440\u0443 \u043a\u043b\u0438\u043d\u0438\u043a\u0438 \u0434\u043b\u044f \u043f\u043e\u043b\u0443\u0447\u0435\u043d\u0438\u044f...\" \/>\n<meta property=\"og:url\" content=\"https:\/\/dzintari.lv\/ru\/%d1%83%d1%81%d0%bb%d1%83%d0%b3%d0%b8\/%d1%83%d1%81%d0%bb%d1%83%d0%b3%d0%b8-%d0%b3%d0%be%d1%81%d1%82%d0%b8%d0%bd%d0%b8%d1%86%d1%8b\/\" \/>\n<meta property=\"og:site_name\" content=\"Kl\u012bnika Dzintari\" \/>\n<meta property=\"article:modified_time\" content=\"2026-02-16T12:08:46+00:00\" \/>\n<meta name=\"twitter:card\" content=\"summary_large_image\" \/>\n<meta name=\"twitter:label1\" content=\"\u041f\u0440\u0438\u043c\u0435\u0440\u043d\u043e\u0435 \u0432\u0440\u0435\u043c\u044f \u0434\u043b\u044f \u0447\u0442\u0435\u043d\u0438\u044f\" \/>\n\t<meta name=\"twitter:data1\" content=\"1 \u043c\u0438\u043d\u0443\u0442\u0430\" \/>\n<script type=\"application\/ld+json\" class=\"yoast-schema-graph\">{\"@context\":\"https:\\\/\\\/schema.org\",\"@graph\":[{\"@type\":\"WebPage\",\"@id\":\"https:\\\/\\\/dzintari.lv\\\/ru\\\/%d1%83%d1%81%d0%bb%d1%83%d0%b3%d0%b8\\\/%d1%83%d1%81%d0%bb%d1%83%d0%b3%d0%b8-%d0%b3%d0%be%d1%81%d1%82%d0%b8%d0%bd%d0%b8%d1%86%d1%8b\\\/\",\"url\":\"https:\\\/\\\/dzintari.lv\\\/ru\\\/%d1%83%d1%81%d0%bb%d1%83%d0%b3%d0%b8\\\/%d1%83%d1%81%d0%bb%d1%83%d0%b3%d0%b8-%d0%b3%d0%be%d1%81%d1%82%d0%b8%d0%bd%d0%b8%d1%86%d1%8b\\\/\",\"name\":\"\u0423\u0441\u043b\u0443\u0433\u0438 \u0433\u043e\u0441\u0442\u0438\u043d\u0438\u0446\u044b - Kl\u012bnika Dzintari\",\"isPartOf\":{\"@id\":\"https:\\\/\\\/dzintari.lv\\\/#website\"},\"datePublished\":\"2018-03-21T14:50:35+00:00\",\"dateModified\":\"2026-02-16T12:08:46+00:00\",\"breadcrumb\":{\"@id\":\"https:\\\/\\\/dzintari.lv\\\/ru\\\/%d1%83%d1%81%d0%bb%d1%83%d0%b3%d0%b8\\\/%d1%83%d1%81%d0%bb%d1%83%d0%b3%d0%b8-%d0%b3%d0%be%d1%81%d1%82%d0%b8%d0%bd%d0%b8%d1%86%d1%8b\\\/#breadcrumb\"},\"inLanguage\":\"ru-RU\",\"potentialAction\":[{\"@type\":\"ReadAction\",\"target\":[\"https:\\\/\\\/dzintari.lv\\\/ru\\\/%d1%83%d1%81%d0%bb%d1%83%d0%b3%d0%b8\\\/%d1%83%d1%81%d0%bb%d1%83%d0%b3%d0%b8-%d0%b3%d0%be%d1%81%d1%82%d0%b8%d0%bd%d0%b8%d1%86%d1%8b\\\/\"]}]},{\"@type\":\"BreadcrumbList\",\"@id\":\"https:\\\/\\\/dzintari.lv\\\/ru\\\/%d1%83%d1%81%d0%bb%d1%83%d0%b3%d0%b8\\\/%d1%83%d1%81%d0%bb%d1%83%d0%b3%d0%b8-%d0%b3%d0%be%d1%81%d1%82%d0%b8%d0%bd%d0%b8%d1%86%d1%8b\\\/#breadcrumb\",\"itemListElement\":[{\"@type\":\"ListItem\",\"position\":1,\"name\":\"Home\",\"item\":\"https:\\\/\\\/dzintari.lv\\\/ru\\\/\"},{\"@type\":\"ListItem\",\"position\":2,\"name\":\"\u0423\u0441\u043b\u0443\u0433\u0438\",\"item\":\"https:\\\/\\\/dzintari.lv\\\/ru\\\/%d1%83%d1%81%d0%bb%d1%83%d0%b3%d0%b8\\\/\"},{\"@type\":\"ListItem\",\"position\":3,\"name\":\"\u0423\u0441\u043b\u0443\u0433\u0438 \u0433\u043e\u0441\u0442\u0438\u043d\u0438\u0446\u044b\"}]},{\"@type\":\"WebSite\",\"@id\":\"https:\\\/\\\/dzintari.lv\\\/#website\",\"url\":\"https:\\\/\\\/dzintari.lv\\\/\",\"name\":\"Kl\u012bnika Dzintari\",\"description\":\"Psiholo\u0123isk\u0101 un psihiatrisk\u0101 pal\u012bdz\u012bba\",\"publisher\":{\"@id\":\"https:\\\/\\\/dzintari.lv\\\/#organization\"},\"potentialAction\":[{\"@type\":\"SearchAction\",\"target\":{\"@type\":\"EntryPoint\",\"urlTemplate\":\"https:\\\/\\\/dzintari.lv\\\/?s={search_term_string}\"},\"query-input\":{\"@type\":\"PropertyValueSpecification\",\"valueRequired\":true,\"valueName\":\"search_term_string\"}}],\"inLanguage\":\"ru-RU\"},{\"@type\":\"Organization\",\"@id\":\"https:\\\/\\\/dzintari.lv\\\/#organization\",\"name\":\"SIA \u201cKl\u012bnika Dzintari\u201d\",\"url\":\"https:\\\/\\\/dzintari.lv\\\/\",\"logo\":{\"@type\":\"ImageObject\",\"inLanguage\":\"ru-RU\",\"@id\":\"https:\\\/\\\/dzintari.lv\\\/#\\\/schema\\\/logo\\\/image\\\/\",\"url\":\"https:\\\/\\\/dzintari.lv\\\/wp-content\\\/uploads\\\/2018\\\/02\\\/dzint-01.png\",\"contentUrl\":\"https:\\\/\\\/dzintari.lv\\\/wp-content\\\/uploads\\\/2018\\\/02\\\/dzint-01.png\",\"width\":259,\"height\":222,\"caption\":\"SIA \u201cKl\u012bnika Dzintari\u201d\"},\"image\":{\"@id\":\"https:\\\/\\\/dzintari.lv\\\/#\\\/schema\\\/logo\\\/image\\\/\"}}]}<\/script>\n<!-- \/ Yoast SEO plugin. -->","yoast_head_json":{"title":"\u0423\u0441\u043b\u0443\u0433\u0438 \u0433\u043e\u0441\u0442\u0438\u043d\u0438\u0446\u044b - Kl\u012bnika Dzintari","robots":{"index":"index","follow":"follow","max-snippet":"max-snippet:-1","max-image-preview":"max-image-preview:large","max-video-preview":"max-video-preview:-1"},"canonical":"https:\/\/dzintari.lv\/ru\/%d1%83%d1%81%d0%bb%d1%83%d0%b3%d0%b8\/%d1%83%d1%81%d0%bb%d1%83%d0%b3%d0%b8-%d0%b3%d0%be%d1%81%d1%82%d0%b8%d0%bd%d0%b8%d1%86%d1%8b\/","og_locale":"ru_RU","og_type":"article","og_title":"\u0423\u0441\u043b\u0443\u0433\u0438 \u0433\u043e\u0441\u0442\u0438\u043d\u0438\u0446\u044b - Kl\u012bnika Dzintari","og_description":"\u0417\u0430\u043f\u0438\u0441\u0430\u0442\u044c\u0441\u044f \u043d\u0430 \u0434\u043d\u0435\u0432\u043d\u043e\u0439 \u0441\u0442\u0430\u0446\u0438\u043e\u043d\u0430\u0440 \u0438\u043b\u0438 \u043f\u043e\u0441\u0435\u0449\u0435\u043d\u0438\u0435 \u0441\u043f\u0435\u0446\u0438\u0430\u043b\u0438\u0441\u0442\u0430 \u043c\u043e\u0436\u043d\u043e, \u0437\u0430\u043f\u043e\u043b\u043d\u0438\u0432 \u044d\u043b\u0435\u043a\u0442\u0440\u043e\u043d\u043d\u0443\u044e \u0444\u043e\u0440\u043c\u0443 \u0437\u0430\u044f\u0432\u043a\u0438 www.dzintari.lv \u0438\u043b\u0438 \u043f\u043e\u0437\u0432\u043e\u043d\u0438\u0432 \u043f\u043e \u0442\u0435\u043b\u0435\u0444\u043e\u043d\u0443 +371 67147833 \u041a\u043b\u0438\u0435\u043d\u0442\u044b \u00ab\u041a\u043b\u0438\u043d\u0438\u043a\u0438 \u0414\u0437\u0438\u043d\u0442\u0430\u0440\u0438\u00bb \u0438\u043c\u0435\u044e\u0442 \u0432\u043e\u0437\u043c\u043e\u0436\u043d\u043e\u0441\u0442\u044c \u043a\u0430\u0436\u0434\u044b\u0439 \u0434\u0435\u043d\u044c \u0432 \u043f\u0435\u0440\u0438\u043e\u0434 \u043b\u0435\u0447\u0435\u043d\u0438\u044f \u043e\u0444\u043e\u0440\u043c\u043b\u044f\u0442\u044c \u0431\u0435\u0441\u043f\u043b\u0430\u0442\u043d\u044b\u0439 \u043f\u0440\u043e\u043f\u0443\u0441\u043a \u0434\u043b\u044f \u0437\u0430\u0435\u0437\u0434\u0430 \u0432 \u042e\u0440\u043c\u0430\u043b\u0443: https:\/\/www.jurmala.lv\/lv\/jaunums\/no-2026-gada-1-janvara-jauns-iebrauksanas-nodevas-apmers, \u0430 \u0437\u0430\u0442\u0435\u043c \u043f\u0440\u0438\u0439\u0442\u0438 \u043a \u0430\u0434\u043c\u0438\u043d\u0438\u0441\u0442\u0440\u0430\u0442\u043e\u0440\u0443 \u043a\u043b\u0438\u043d\u0438\u043a\u0438 \u0434\u043b\u044f \u043f\u043e\u043b\u0443\u0447\u0435\u043d\u0438\u044f...","og_url":"https:\/\/dzintari.lv\/ru\/%d1%83%d1%81%d0%bb%d1%83%d0%b3%d0%b8\/%d1%83%d1%81%d0%bb%d1%83%d0%b3%d0%b8-%d0%b3%d0%be%d1%81%d1%82%d0%b8%d0%bd%d0%b8%d1%86%d1%8b\/","og_site_name":"Kl\u012bnika Dzintari","article_modified_time":"2026-02-16T12:08:46+00:00","twitter_card":"summary_large_image","twitter_misc":{"\u041f\u0440\u0438\u043c\u0435\u0440\u043d\u043e\u0435 \u0432\u0440\u0435\u043c\u044f \u0434\u043b\u044f \u0447\u0442\u0435\u043d\u0438\u044f":"1 \u043c\u0438\u043d\u0443\u0442\u0430"},"schema":{"@context":"https:\/\/schema.org","@graph":[{"@type":"WebPage","@id":"https:\/\/dzintari.lv\/ru\/%d1%83%d1%81%d0%bb%d1%83%d0%b3%d0%b8\/%d1%83%d1%81%d0%bb%d1%83%d0%b3%d0%b8-%d0%b3%d0%be%d1%81%d1%82%d0%b8%d0%bd%d0%b8%d1%86%d1%8b\/","url":"https:\/\/dzintari.lv\/ru\/%d1%83%d1%81%d0%bb%d1%83%d0%b3%d0%b8\/%d1%83%d1%81%d0%bb%d1%83%d0%b3%d0%b8-%d0%b3%d0%be%d1%81%d1%82%d0%b8%d0%bd%d0%b8%d1%86%d1%8b\/","name":"\u0423\u0441\u043b\u0443\u0433\u0438 \u0433\u043e\u0441\u0442\u0438\u043d\u0438\u0446\u044b - Kl\u012bnika Dzintari","isPartOf":{"@id":"https:\/\/dzintari.lv\/#website"},"datePublished":"2018-03-21T14:50:35+00:00","dateModified":"2026-02-16T12:08:46+00:00","breadcrumb":{"@id":"https:\/\/dzintari.lv\/ru\/%d1%83%d1%81%d0%bb%d1%83%d0%b3%d0%b8\/%d1%83%d1%81%d0%bb%d1%83%d0%b3%d0%b8-%d0%b3%d0%be%d1%81%d1%82%d0%b8%d0%bd%d0%b8%d1%86%d1%8b\/#breadcrumb"},"inLanguage":"ru-RU","potentialAction":[{"@type":"ReadAction","target":["https:\/\/dzintari.lv\/ru\/%d1%83%d1%81%d0%bb%d1%83%d0%b3%d0%b8\/%d1%83%d1%81%d0%bb%d1%83%d0%b3%d0%b8-%d0%b3%d0%be%d1%81%d1%82%d0%b8%d0%bd%d0%b8%d1%86%d1%8b\/"]}]},{"@type":"BreadcrumbList","@id":"https:\/\/dzintari.lv\/ru\/%d1%83%d1%81%d0%bb%d1%83%d0%b3%d0%b8\/%d1%83%d1%81%d0%bb%d1%83%d0%b3%d0%b8-%d0%b3%d0%be%d1%81%d1%82%d0%b8%d0%bd%d0%b8%d1%86%d1%8b\/#breadcrumb","itemListElement":[{"@type":"ListItem","position":1,"name":"Home","item":"https:\/\/dzintari.lv\/ru\/"},{"@type":"ListItem","position":2,"name":"\u0423\u0441\u043b\u0443\u0433\u0438","item":"https:\/\/dzintari.lv\/ru\/%d1%83%d1%81%d0%bb%d1%83%d0%b3%d0%b8\/"},{"@type":"ListItem","position":3,"name":"\u0423\u0441\u043b\u0443\u0433\u0438 \u0433\u043e\u0441\u0442\u0438\u043d\u0438\u0446\u044b"}]},{"@type":"WebSite","@id":"https:\/\/dzintari.lv\/#website","url":"https:\/\/dzintari.lv\/","name":"Kl\u012bnika Dzintari","description":"Psiholo\u0123isk\u0101 un psihiatrisk\u0101 pal\u012bdz\u012bba","publisher":{"@id":"https:\/\/dzintari.lv\/#organization"},"potentialAction":[{"@type":"SearchAction","target":{"@type":"EntryPoint","urlTemplate":"https:\/\/dzintari.lv\/?s={search_term_string}"},"query-input":{"@type":"PropertyValueSpecification","valueRequired":true,"valueName":"search_term_string"}}],"inLanguage":"ru-RU"},{"@type":"Organization","@id":"https:\/\/dzintari.lv\/#organization","name":"SIA \u201cKl\u012bnika Dzintari\u201d","url":"https:\/\/dzintari.lv\/","logo":{"@type":"ImageObject","inLanguage":"ru-RU","@id":"https:\/\/dzintari.lv\/#\/schema\/logo\/image\/","url":"https:\/\/dzintari.lv\/wp-content\/uploads\/2018\/02\/dzint-01.png","contentUrl":"https:\/\/dzintari.lv\/wp-content\/uploads\/2018\/02\/dzint-01.png","width":259,"height":222,"caption":"SIA \u201cKl\u012bnika Dzintari\u201d"},"image":{"@id":"https:\/\/dzintari.lv\/#\/schema\/logo\/image\/"}}]}},"_links":{"self":[{"href":"https:\/\/dzintari.lv\/ru\/wp-json\/wp\/v2\/pages\/17316","targetHints":{"allow":["GET"]}}],"collection":[{"href":"https:\/\/dzintari.lv\/ru\/wp-json\/wp\/v2\/pages"}],"about":[{"href":"https:\/\/dzintari.lv\/ru\/wp-json\/wp\/v2\/types\/page"}],"author":[{"embeddable":true,"href":"https:\/\/dzintari.lv\/ru\/wp-json\/wp\/v2\/users\/1"}],"replies":[{"embeddable":true,"href":"https:\/\/dzintari.lv\/ru\/wp-json\/wp\/v2\/comments?post=17316"}],"version-history":[{"count":129,"href":"https:\/\/dzintari.lv\/ru\/wp-json\/wp\/v2\/pages\/17316\/revisions"}],"predecessor-version":[{"id":29290,"href":"https:\/\/dzintari.lv\/ru\/wp-json\/wp\/v2\/pages\/17316\/revisions\/29290"}],"up":[{"embeddable":true,"href":"https:\/\/dzintari.lv\/ru\/wp-json\/wp\/v2\/pages\/17223"}],"wp:attachment":[{"href":"https:\/\/dzintari.lv\/ru\/wp-json\/wp\/v2\/media?parent=17316"}],"curies":[{"name":"wp","href":"https:\/\/api.w.org\/{rel}","templated":true}]}}