{"id":17291,"date":"2018-03-21T13:51:06","date_gmt":"2018-03-21T13:51:06","guid":{"rendered":"https:\/\/dzintari.dev-web-server.eu\/?page_id=17291"},"modified":"2026-03-20T09:11:17","modified_gmt":"2026-03-20T09:11:17","slug":"%d0%ba%d0%b0%d0%b1%d0%b8%d0%bd%d0%b5%d1%82-%d0%ba%d0%be%d0%bd%d1%81%d1%83%d0%bb%d1%8c%d1%82%d0%b0%d1%86%d0%b8%d0%b8-%d0%b2-%d1%80%d0%b8%d0%b3%d0%b5","status":"publish","type":"page","link":"https:\/\/dzintari.lv\/ru\/%d0%ba%d0%b0%d0%b1%d0%b8%d0%bd%d0%b5%d1%82-%d0%ba%d0%be%d0%bd%d1%81%d1%83%d0%bb%d1%8c%d1%82%d0%b0%d1%86%d0%b8%d0%b8-%d0%b2-%d1%80%d0%b8%d0%b3%d0%b5\/","title":{"rendered":"\u041a\u0430\u0431\u0438\u043d\u0435\u0442 \u043a\u043e\u043d\u0441\u0443\u043b\u044c\u0442\u0430\u0446\u0438\u0438 \u0432 \u0420\u0438\u0433\u0435"},"content":{"rendered":"\r\n<div class=\"wp-block-columns is-layout-flex wp-container-core-columns-is-layout-9d6595d7 wp-block-columns-is-layout-flex\">\r\n<div class=\"wp-block-column is-layout-flow wp-block-column-is-layout-flow\">\r\n<div class=\"mapouter\">\r\n<div class=\"gmap_canvas\"><iframe loading=\"lazy\" id=\"gmap_canvas\" src=\"https:\/\/maps.google.com\/maps?q=blauma%C5%86a%2030&amp;t=&amp;z=13&amp;ie=UTF8&amp;iwloc=&amp;output=embed\" width=\"500\" height=\"350\" frameborder=\"0\" marginwidth=\"0\" marginheight=\"0\" scrolling=\"no\"><\/iframe><\/div>\r\n<\/div>\r\n\r\n\r\n\r\n<p><a href=\"waze:\/\/?ll=56.9523311%2C24.125181&amp;navigate=yes\"> <img decoding=\"async\" src=\"https:\/\/dzintari.lv\/wp-content\/uploads\/2018\/10\/icon2.png\" \/><\/a> \u041d\u0430\u0432\u0438\u0433\u0430\u0446\u0438\u044f \u0441 &#8212; <a href=\"waze:\/\/?ll=56.9523311%2C24.125181&amp;navigate=yes\">Waze<\/a><\/p>\r\n<\/div>\r\n\r\n\r\n\r\n<div class=\"wp-block-column is-layout-flow wp-block-column-is-layout-flow\">\r\n<h2 class=\"wp-block-heading\">\u041a\u0430\u0431\u0438\u043d\u0435\u0442 \u043a\u043e\u043d\u0441\u0443\u043b\u044c\u0442\u0430\u0446\u0438\u0438 \u0432 \u0420\u0438\u0433\u0435<\/h2>\r\n\r\n\r\n\r\n\r\n\r\n<p>\u00ab\u041a\u043b\u0438\u043d\u0438\u043a\u0430 Dzintari\u00bb \u043f\u0440\u0435\u0434\u043e\u0441\u0442\u0430\u0432\u043b\u044f\u0435\u0442 \u0432\u043e\u0437\u043c\u043e\u0436\u043d\u043e\u0441\u0442\u044c \u043f\u043e\u043b\u0443\u0447\u0438\u0442\u044c \u043f\u043b\u0430\u0442\u043d\u0443\u044e \u043a\u043e\u043d\u0441\u0443\u043b\u044c\u0442\u0430\u0446\u0438\u044e \u0432 \u0420\u0438\u0433\u0435 &#8212; \u043f\u0440\u0438\u043d\u0438\u043c\u0430\u0435\u0442 \u043f\u0441\u0438\u0445\u0438\u0430\u0442\u0440\u0438, \u041a\u0411\u0422 \u043f\u0441\u0438\u0445\u043e\u0442\u0435\u0440\u0430\u043f\u0435\u0432\u0442, \u0441\u043f\u0435\u0446\u0438\u0430\u043b\u0438\u0441\u0442 \u043f\u043e \u043f\u0441\u0438\u0445\u043e\u0442\u0435\u0440\u0430\u043f\u0438\u0438 \u0432 \u0433\u0438\u043f\u043d\u043e\u0442\u0435\u0440\u0430\u043f\u0438\u0438.<\/p>\r\n\r\n\r\n\r\n<p>\u041a\u043e\u043d\u0441\u0443\u043b\u044c\u0442\u0430\u0442\u0438\u0432\u043d\u044b\u0439 \u043a\u0430\u0431\u0438\u043d\u0435\u0442 \u0443\u043b\u0438\u0446\u0430\u00a0<strong>\u0411\u043b\u0430\u0443\u043c\u0430\u043d\u044f, \u0434. 30 (\u0432\u0445\u043e\u0434 \u0441 \u0443\u043b\u0438\u0446\u044b \u041f\u0435\u0440\u0441\u0435\u0441), \u0420\u0438\u0433\u0430, LV-1011. <br \/><\/strong><\/p>\r\n\r\n\r\n\r\n<p>\u0427\u0442\u043e\u0431\u044b \u043f\u043e\u0434\u0430\u0442\u044c \u0437\u0430\u044f\u0432\u043a\u0443 \u043d\u0430 \u0438\u043d\u0434\u0438\u0432\u0438\u0434\u0443\u0430\u043b\u044c\u043d\u0443\u044e \u043a\u043e\u043d\u0441\u0443\u043b\u044c\u0442\u0430\u0446\u0438\u044e, \u043f\u043e\u0437\u0432\u043e\u043d\u0438\u0442\u044c\u00a0<strong>\u043f\u043e \u0442\u0435\u043b\u0435\u0444\u043e\u043d\u0443 <a href=\"tel:+371 67147833\">+37167147833<\/a> \u043f\u0440\u0438 \u0432\u044b\u0431\u043e\u0440\u0435 \u043d\u0430\u0436\u0438\u043c\u0430\u0442\u044c 1 (\u0443\u043a\u0430\u0436\u0438\u0442\u0435 \u0447\u0442\u043e \u0412\u044b \u0445\u043e\u0442\u0438\u0442\u0435 \u043a\u043e\u043d\u0441\u0443\u043b\u044c\u0442\u0430\u0446\u0438\u044e \u0432 \u0420\u0438\u0433\u0435, \u043d\u043e \u043e\u0442\u043c\u0435\u0447\u0430\u0435\u043c, \u0447\u0442\u043e \u043d\u0435 \u0432\u0441\u0435 \u0432\u0440\u0430\u0447\u0438 \u043f\u0440\u0438\u043d\u0438\u043c\u0430\u044e\u0442 \u0432 \u0420\u0438\u0433\u0435)<\/strong><\/p>\r\n<p><br \/><strong>\u041a\u043e\u043d\u0441\u0443\u043b\u044c\u0442\u0430\u0446\u0438\u0438 \u0432\u0440\u0430\u0447\u0430 \u2014 \u043f\u0441\u0438\u0445\u0438\u0430\u0442\u0440\u0430 \u043d\u0430 \u0434\u043e\u043c\u0443<\/strong> <strong>\u00a0 <\/strong>&#8212; \u0434\u043b\u044f \u043f\u043e\u0436\u0438\u043b\u044b\u0445 \u043b\u044e\u0434\u0435\u0439 \u0438 \u043b\u044e\u0434\u0435\u0439 \u0441 \u043e\u0433\u0440\u0430\u043d\u0438\u0447\u0435\u043d\u043d\u043e\u0439 \u043f\u043e\u0434\u0432\u0438\u0436\u043d\u043e\u0441\u0442\u044c\u044e \u2014 \u0432 \u0420\u0438\u0433\u0435, \u042e\u0440\u043c\u0430\u043b\u0435 \u2014 \u043f\u043e \u043f\u043e\u043d\u0438\u0434\u0435\u043b\u044c\u043d\u0438\u043a\u0430\u043c \u0438\u00a0 \u0447\u0435\u0442\u0432\u0435\u0440\u0433. \u0426\u0435\u043d\u0430 250 \u0435\u0432\u0440\u043e (\u0434\u043b\u0438\u0442\u0435\u043b\u044c\u043d\u043e\u0441\u0442\u044c \u043a\u043e\u043d\u0441\u0443\u043b\u044c\u0442\u0430\u0446\u0438\u0438 \u0434\u043e \u0447\u0430\u0441\u0430)\/\u043f\u043e\u0432\u0442\u043e\u0440\u043d\u043e &#8212; 150 \u0435\u0432\u0440\u043e . \u0412 \u0441\u0442\u043e\u0438\u043c\u043e\u0441\u0442\u044c \u0432\u043e\u0434\u0438\u0442 \u043f\u043e\u0434\u0433\u0430\u0442\u043e\u0432\u043a\u0430 \u0434\u043e\u043a\u0443\u043c\u0435\u043d\u0442\u043e\u0432 \u0434\u043b\u044f \u043e\u0442\u043f\u0440\u0430\u0432\u043a\u0438 \u043f\u0435\u0440\u0441\u043e\u043d\u044b \u0432 \u0413\u043e\u0441\u0443\u0434\u0430\u0440\u0441\u0442\u0432\u0435\u043d\u043d\u0443\u044e \u043a\u043e\u043c\u0438\u0441\u0441\u0438\u044e \u0437\u0434\u0440\u0430\u0432\u043e\u0445\u0440\u0430\u043d\u0435\u043d\u0438\u044f \u0438 \u0442\u0440\u0443\u0434\u0430 \u044d\u043a\u0441\u043f\u0435\u0440\u0442\u0438\u0437\u044b \u0432\u0440\u0430\u0447\u0435\u0439.<br \/>\u0412\u043e \u0432\u0440\u0435\u043c\u044f \u043a\u043e\u043d\u0441\u0443\u043b\u044c\u0442\u0430\u0446\u0438\u0438 \u0436\u0435\u043b\u0430\u0442\u0435\u043b\u044c\u043d\u043e \u043f\u0440\u0435\u0434\u0441\u0442\u0430\u0432\u0438\u0442\u044c \u0440\u0435\u0437\u0443\u043b\u044c\u0442\u0430\u0442\u044b \u043f\u0440\u0435\u0434\u044b\u0434\u0443\u0449\u0438\u0445 \u043c\u0435\u0434\u0438\u0446\u0438\u043d\u0441\u043a\u0438\u0445 \u043e\u0441\u043c\u043e\u0442\u0440\u043e\u0432, \u0432\u044b\u043f\u0438\u0441\u043a\u0438 \u0438\u0437 \u0431\u043e\u043b\u044c\u043d\u0438\u0446 \u0438 \u0437\u0430\u043a\u043b\u044e\u0447\u0435\u043d\u0438\u044f \u043a\u043e\u043d\u0441\u0443\u043b\u044c\u0442\u0430\u043d\u0442\u043e\u0432.<br \/>\u0417\u0430\u043f\u0438\u0441\u044c \u043f\u043e \u0442\u0435\u043b\u0435\u0444\u043e\u043d\u0443:<a href=\"tel: +37167147833\"> +37167147833<\/a> \u0438\u043b\u0438 <a href=\"tel:+37129549983\">+37129549983<\/a><\/p>\r\n<\/div>\r\n<\/div>\r\n\r\n\r\n\r\n<p>&nbsp;<\/p>\r\n\r\n\r\n\r\n<p>&nbsp;<\/p>\r\n","protected":false},"excerpt":{"rendered":"<p>\u041d\u0430\u0432\u0438\u0433\u0430\u0446\u0438\u044f \u0441 &#8212; Waze \u041a\u0430\u0431\u0438\u043d\u0435\u0442 \u043a\u043e\u043d\u0441\u0443\u043b\u044c\u0442\u0430\u0446\u0438\u0438 \u0432 \u0420\u0438\u0433\u0435 \u00ab\u041a\u043b\u0438\u043d\u0438\u043a\u0430 Dzintari\u00bb \u043f\u0440\u0435\u0434\u043e\u0441\u0442\u0430\u0432\u043b\u044f\u0435\u0442 \u0432\u043e\u0437\u043c\u043e\u0436\u043d\u043e\u0441\u0442\u044c \u043f\u043e\u043b\u0443\u0447\u0438\u0442\u044c \u043f\u043b\u0430\u0442\u043d\u0443\u044e \u043a\u043e\u043d\u0441\u0443\u043b\u044c\u0442\u0430\u0446\u0438\u044e \u0432 \u0420\u0438\u0433\u0435 &#8212; \u043f\u0440\u0438\u043d\u0438\u043c\u0430\u0435\u0442 \u043f\u0441\u0438\u0445\u0438\u0430\u0442\u0440\u0438, \u041a\u0411\u0422 \u043f\u0441\u0438\u0445\u043e\u0442\u0435\u0440\u0430\u043f\u0435\u0432\u0442, \u0441\u043f\u0435\u0446\u0438\u0430\u043b\u0438\u0441\u0442 \u043f\u043e \u043f\u0441\u0438\u0445\u043e\u0442\u0435\u0440\u0430\u043f\u0438\u0438 \u0432 \u0433\u0438\u043f\u043d\u043e\u0442\u0435\u0440\u0430\u043f\u0438\u0438. \u041a\u043e\u043d\u0441\u0443\u043b\u044c\u0442\u0430\u0442\u0438\u0432\u043d\u044b\u0439 \u043a\u0430\u0431\u0438\u043d\u0435\u0442 \u0443\u043b\u0438\u0446\u0430\u00a0\u0411\u043b\u0430\u0443\u043c\u0430\u043d\u044f, \u0434. 30 (\u0432\u0445\u043e\u0434 \u0441 \u0443\u043b\u0438\u0446\u044b \u041f\u0435\u0440\u0441\u0435\u0441), \u0420\u0438\u0433\u0430, LV-1011. \u0427\u0442\u043e\u0431\u044b \u043f\u043e\u0434\u0430\u0442\u044c \u0437\u0430\u044f\u0432\u043a\u0443 \u043d\u0430 \u0438\u043d\u0434\u0438\u0432\u0438\u0434\u0443\u0430\u043b\u044c\u043d\u0443\u044e \u043a\u043e\u043d\u0441\u0443\u043b\u044c\u0442\u0430\u0446\u0438\u044e, \u043f\u043e\u0437\u0432\u043e\u043d\u0438\u0442\u044c\u00a0\u043f\u043e&#8230;<\/p>\n","protected":false},"author":1,"featured_media":0,"parent":0,"menu_order":0,"comment_status":"closed","ping_status":"closed","template":"","meta":{"footnotes":""},"class_list":["post-17291","page","type-page","status-publish","hentry"],"acf":[],"yoast_head":"<!-- This site is optimized with the Yoast SEO plugin v27.4 - https:\/\/yoast.com\/product\/yoast-seo-wordpress\/ -->\n<title>\u041a\u0430\u0431\u0438\u043d\u0435\u0442 \u043a\u043e\u043d\u0441\u0443\u043b\u044c\u0442\u0430\u0446\u0438\u0438 \u0432 \u0420\u0438\u0433\u0435 - Kl\u012bnika Dzintari<\/title>\n<meta name=\"robots\" content=\"index, follow, max-snippet:-1, max-image-preview:large, max-video-preview:-1\" \/>\n<link rel=\"canonical\" href=\"https:\/\/dzintari.lv\/ru\/%d0%ba%d0%b0%d0%b1%d0%b8%d0%bd%d0%b5%d1%82-%d0%ba%d0%be%d0%bd%d1%81%d1%83%d0%bb%d1%8c%d1%82%d0%b0%d1%86%d0%b8%d0%b8-%d0%b2-%d1%80%d0%b8%d0%b3%d0%b5\/\" \/>\n<meta property=\"og:locale\" content=\"ru_RU\" \/>\n<meta property=\"og:type\" content=\"article\" \/>\n<meta property=\"og:title\" content=\"\u041a\u0430\u0431\u0438\u043d\u0435\u0442 \u043a\u043e\u043d\u0441\u0443\u043b\u044c\u0442\u0430\u0446\u0438\u0438 \u0432 \u0420\u0438\u0433\u0435 - Kl\u012bnika Dzintari\" \/>\n<meta property=\"og:description\" content=\"\u041d\u0430\u0432\u0438\u0433\u0430\u0446\u0438\u044f \u0441 &#8212; Waze \u041a\u0430\u0431\u0438\u043d\u0435\u0442 \u043a\u043e\u043d\u0441\u0443\u043b\u044c\u0442\u0430\u0446\u0438\u0438 \u0432 \u0420\u0438\u0433\u0435 \u00ab\u041a\u043b\u0438\u043d\u0438\u043a\u0430 Dzintari\u00bb \u043f\u0440\u0435\u0434\u043e\u0441\u0442\u0430\u0432\u043b\u044f\u0435\u0442 \u0432\u043e\u0437\u043c\u043e\u0436\u043d\u043e\u0441\u0442\u044c \u043f\u043e\u043b\u0443\u0447\u0438\u0442\u044c \u043f\u043b\u0430\u0442\u043d\u0443\u044e \u043a\u043e\u043d\u0441\u0443\u043b\u044c\u0442\u0430\u0446\u0438\u044e \u0432 \u0420\u0438\u0433\u0435 &#8212; \u043f\u0440\u0438\u043d\u0438\u043c\u0430\u0435\u0442 \u043f\u0441\u0438\u0445\u0438\u0430\u0442\u0440\u0438, \u041a\u0411\u0422 \u043f\u0441\u0438\u0445\u043e\u0442\u0435\u0440\u0430\u043f\u0435\u0432\u0442, \u0441\u043f\u0435\u0446\u0438\u0430\u043b\u0438\u0441\u0442 \u043f\u043e \u043f\u0441\u0438\u0445\u043e\u0442\u0435\u0440\u0430\u043f\u0438\u0438 \u0432 \u0433\u0438\u043f\u043d\u043e\u0442\u0435\u0440\u0430\u043f\u0438\u0438. \u041a\u043e\u043d\u0441\u0443\u043b\u044c\u0442\u0430\u0442\u0438\u0432\u043d\u044b\u0439 \u043a\u0430\u0431\u0438\u043d\u0435\u0442 \u0443\u043b\u0438\u0446\u0430\u00a0\u0411\u043b\u0430\u0443\u043c\u0430\u043d\u044f, \u0434. 30 (\u0432\u0445\u043e\u0434 \u0441 \u0443\u043b\u0438\u0446\u044b \u041f\u0435\u0440\u0441\u0435\u0441), \u0420\u0438\u0433\u0430, LV-1011. \u0427\u0442\u043e\u0431\u044b \u043f\u043e\u0434\u0430\u0442\u044c \u0437\u0430\u044f\u0432\u043a\u0443 \u043d\u0430 \u0438\u043d\u0434\u0438\u0432\u0438\u0434\u0443\u0430\u043b\u044c\u043d\u0443\u044e \u043a\u043e\u043d\u0441\u0443\u043b\u044c\u0442\u0430\u0446\u0438\u044e, \u043f\u043e\u0437\u0432\u043e\u043d\u0438\u0442\u044c\u00a0\u043f\u043e...\" \/>\n<meta property=\"og:url\" content=\"https:\/\/dzintari.lv\/ru\/%d0%ba%d0%b0%d0%b1%d0%b8%d0%bd%d0%b5%d1%82-%d0%ba%d0%be%d0%bd%d1%81%d1%83%d0%bb%d1%8c%d1%82%d0%b0%d1%86%d0%b8%d0%b8-%d0%b2-%d1%80%d0%b8%d0%b3%d0%b5\/\" \/>\n<meta property=\"og:site_name\" content=\"Kl\u012bnika Dzintari\" \/>\n<meta property=\"article:modified_time\" content=\"2026-03-20T09:11:17+00:00\" \/>\n<meta property=\"og:image\" content=\"https:\/\/dzintari.lv\/wp-content\/uploads\/2018\/10\/icon2.png\" \/>\n<meta name=\"twitter:card\" content=\"summary_large_image\" \/>\n<meta name=\"twitter:label1\" content=\"\u041f\u0440\u0438\u043c\u0435\u0440\u043d\u043e\u0435 \u0432\u0440\u0435\u043c\u044f \u0434\u043b\u044f \u0447\u0442\u0435\u043d\u0438\u044f\" \/>\n\t<meta name=\"twitter:data1\" content=\"1 \u043c\u0438\u043d\u0443\u0442\u0430\" \/>\n<script type=\"application\/ld+json\" class=\"yoast-schema-graph\">{\"@context\":\"https:\\\/\\\/schema.org\",\"@graph\":[{\"@type\":\"WebPage\",\"@id\":\"https:\\\/\\\/dzintari.lv\\\/ru\\\/%d0%ba%d0%b0%d0%b1%d0%b8%d0%bd%d0%b5%d1%82-%d0%ba%d0%be%d0%bd%d1%81%d1%83%d0%bb%d1%8c%d1%82%d0%b0%d1%86%d0%b8%d0%b8-%d0%b2-%d1%80%d0%b8%d0%b3%d0%b5\\\/\",\"url\":\"https:\\\/\\\/dzintari.lv\\\/ru\\\/%d0%ba%d0%b0%d0%b1%d0%b8%d0%bd%d0%b5%d1%82-%d0%ba%d0%be%d0%bd%d1%81%d1%83%d0%bb%d1%8c%d1%82%d0%b0%d1%86%d0%b8%d0%b8-%d0%b2-%d1%80%d0%b8%d0%b3%d0%b5\\\/\",\"name\":\"\u041a\u0430\u0431\u0438\u043d\u0435\u0442 \u043a\u043e\u043d\u0441\u0443\u043b\u044c\u0442\u0430\u0446\u0438\u0438 \u0432 \u0420\u0438\u0433\u0435 - Kl\u012bnika Dzintari\",\"isPartOf\":{\"@id\":\"https:\\\/\\\/dzintari.lv\\\/#website\"},\"primaryImageOfPage\":{\"@id\":\"https:\\\/\\\/dzintari.lv\\\/ru\\\/%d0%ba%d0%b0%d0%b1%d0%b8%d0%bd%d0%b5%d1%82-%d0%ba%d0%be%d0%bd%d1%81%d1%83%d0%bb%d1%8c%d1%82%d0%b0%d1%86%d0%b8%d0%b8-%d0%b2-%d1%80%d0%b8%d0%b3%d0%b5\\\/#primaryimage\"},\"image\":{\"@id\":\"https:\\\/\\\/dzintari.lv\\\/ru\\\/%d0%ba%d0%b0%d0%b1%d0%b8%d0%bd%d0%b5%d1%82-%d0%ba%d0%be%d0%bd%d1%81%d1%83%d0%bb%d1%8c%d1%82%d0%b0%d1%86%d0%b8%d0%b8-%d0%b2-%d1%80%d0%b8%d0%b3%d0%b5\\\/#primaryimage\"},\"thumbnailUrl\":\"https:\\\/\\\/dzintari.lv\\\/wp-content\\\/uploads\\\/2018\\\/10\\\/icon2.png\",\"datePublished\":\"2018-03-21T13:51:06+00:00\",\"dateModified\":\"2026-03-20T09:11:17+00:00\",\"breadcrumb\":{\"@id\":\"https:\\\/\\\/dzintari.lv\\\/ru\\\/%d0%ba%d0%b0%d0%b1%d0%b8%d0%bd%d0%b5%d1%82-%d0%ba%d0%be%d0%bd%d1%81%d1%83%d0%bb%d1%8c%d1%82%d0%b0%d1%86%d0%b8%d0%b8-%d0%b2-%d1%80%d0%b8%d0%b3%d0%b5\\\/#breadcrumb\"},\"inLanguage\":\"ru-RU\",\"potentialAction\":[{\"@type\":\"ReadAction\",\"target\":[\"https:\\\/\\\/dzintari.lv\\\/ru\\\/%d0%ba%d0%b0%d0%b1%d0%b8%d0%bd%d0%b5%d1%82-%d0%ba%d0%be%d0%bd%d1%81%d1%83%d0%bb%d1%8c%d1%82%d0%b0%d1%86%d0%b8%d0%b8-%d0%b2-%d1%80%d0%b8%d0%b3%d0%b5\\\/\"]}]},{\"@type\":\"ImageObject\",\"inLanguage\":\"ru-RU\",\"@id\":\"https:\\\/\\\/dzintari.lv\\\/ru\\\/%d0%ba%d0%b0%d0%b1%d0%b8%d0%bd%d0%b5%d1%82-%d0%ba%d0%be%d0%bd%d1%81%d1%83%d0%bb%d1%8c%d1%82%d0%b0%d1%86%d0%b8%d0%b8-%d0%b2-%d1%80%d0%b8%d0%b3%d0%b5\\\/#primaryimage\",\"url\":\"https:\\\/\\\/dzintari.lv\\\/wp-content\\\/uploads\\\/2018\\\/10\\\/icon2.png\",\"contentUrl\":\"https:\\\/\\\/dzintari.lv\\\/wp-content\\\/uploads\\\/2018\\\/10\\\/icon2.png\"},{\"@type\":\"BreadcrumbList\",\"@id\":\"https:\\\/\\\/dzintari.lv\\\/ru\\\/%d0%ba%d0%b0%d0%b1%d0%b8%d0%bd%d0%b5%d1%82-%d0%ba%d0%be%d0%bd%d1%81%d1%83%d0%bb%d1%8c%d1%82%d0%b0%d1%86%d0%b8%d0%b8-%d0%b2-%d1%80%d0%b8%d0%b3%d0%b5\\\/#breadcrumb\",\"itemListElement\":[{\"@type\":\"ListItem\",\"position\":1,\"name\":\"Home\",\"item\":\"https:\\\/\\\/dzintari.lv\\\/ru\\\/\"},{\"@type\":\"ListItem\",\"position\":2,\"name\":\"\u041a\u0430\u0431\u0438\u043d\u0435\u0442 \u043a\u043e\u043d\u0441\u0443\u043b\u044c\u0442\u0430\u0446\u0438\u0438 \u0432 \u0420\u0438\u0433\u0435\"}]},{\"@type\":\"WebSite\",\"@id\":\"https:\\\/\\\/dzintari.lv\\\/#website\",\"url\":\"https:\\\/\\\/dzintari.lv\\\/\",\"name\":\"Kl\u012bnika Dzintari\",\"description\":\"Psiholo\u0123isk\u0101 un psihiatrisk\u0101 pal\u012bdz\u012bba\",\"publisher\":{\"@id\":\"https:\\\/\\\/dzintari.lv\\\/#organization\"},\"potentialAction\":[{\"@type\":\"SearchAction\",\"target\":{\"@type\":\"EntryPoint\",\"urlTemplate\":\"https:\\\/\\\/dzintari.lv\\\/?s={search_term_string}\"},\"query-input\":{\"@type\":\"PropertyValueSpecification\",\"valueRequired\":true,\"valueName\":\"search_term_string\"}}],\"inLanguage\":\"ru-RU\"},{\"@type\":\"Organization\",\"@id\":\"https:\\\/\\\/dzintari.lv\\\/#organization\",\"name\":\"SIA \u201cKl\u012bnika Dzintari\u201d\",\"url\":\"https:\\\/\\\/dzintari.lv\\\/\",\"logo\":{\"@type\":\"ImageObject\",\"inLanguage\":\"ru-RU\",\"@id\":\"https:\\\/\\\/dzintari.lv\\\/#\\\/schema\\\/logo\\\/image\\\/\",\"url\":\"https:\\\/\\\/dzintari.lv\\\/wp-content\\\/uploads\\\/2018\\\/02\\\/dzint-01.png\",\"contentUrl\":\"https:\\\/\\\/dzintari.lv\\\/wp-content\\\/uploads\\\/2018\\\/02\\\/dzint-01.png\",\"width\":259,\"height\":222,\"caption\":\"SIA \u201cKl\u012bnika Dzintari\u201d\"},\"image\":{\"@id\":\"https:\\\/\\\/dzintari.lv\\\/#\\\/schema\\\/logo\\\/image\\\/\"}}]}<\/script>\n<!-- \/ Yoast SEO plugin. -->","yoast_head_json":{"title":"\u041a\u0430\u0431\u0438\u043d\u0435\u0442 \u043a\u043e\u043d\u0441\u0443\u043b\u044c\u0442\u0430\u0446\u0438\u0438 \u0432 \u0420\u0438\u0433\u0435 - Kl\u012bnika Dzintari","robots":{"index":"index","follow":"follow","max-snippet":"max-snippet:-1","max-image-preview":"max-image-preview:large","max-video-preview":"max-video-preview:-1"},"canonical":"https:\/\/dzintari.lv\/ru\/%d0%ba%d0%b0%d0%b1%d0%b8%d0%bd%d0%b5%d1%82-%d0%ba%d0%be%d0%bd%d1%81%d1%83%d0%bb%d1%8c%d1%82%d0%b0%d1%86%d0%b8%d0%b8-%d0%b2-%d1%80%d0%b8%d0%b3%d0%b5\/","og_locale":"ru_RU","og_type":"article","og_title":"\u041a\u0430\u0431\u0438\u043d\u0435\u0442 \u043a\u043e\u043d\u0441\u0443\u043b\u044c\u0442\u0430\u0446\u0438\u0438 \u0432 \u0420\u0438\u0433\u0435 - Kl\u012bnika Dzintari","og_description":"\u041d\u0430\u0432\u0438\u0433\u0430\u0446\u0438\u044f \u0441 &#8212; Waze \u041a\u0430\u0431\u0438\u043d\u0435\u0442 \u043a\u043e\u043d\u0441\u0443\u043b\u044c\u0442\u0430\u0446\u0438\u0438 \u0432 \u0420\u0438\u0433\u0435 \u00ab\u041a\u043b\u0438\u043d\u0438\u043a\u0430 Dzintari\u00bb \u043f\u0440\u0435\u0434\u043e\u0441\u0442\u0430\u0432\u043b\u044f\u0435\u0442 \u0432\u043e\u0437\u043c\u043e\u0436\u043d\u043e\u0441\u0442\u044c \u043f\u043e\u043b\u0443\u0447\u0438\u0442\u044c \u043f\u043b\u0430\u0442\u043d\u0443\u044e \u043a\u043e\u043d\u0441\u0443\u043b\u044c\u0442\u0430\u0446\u0438\u044e \u0432 \u0420\u0438\u0433\u0435 &#8212; \u043f\u0440\u0438\u043d\u0438\u043c\u0430\u0435\u0442 \u043f\u0441\u0438\u0445\u0438\u0430\u0442\u0440\u0438, \u041a\u0411\u0422 \u043f\u0441\u0438\u0445\u043e\u0442\u0435\u0440\u0430\u043f\u0435\u0432\u0442, \u0441\u043f\u0435\u0446\u0438\u0430\u043b\u0438\u0441\u0442 \u043f\u043e \u043f\u0441\u0438\u0445\u043e\u0442\u0435\u0440\u0430\u043f\u0438\u0438 \u0432 \u0433\u0438\u043f\u043d\u043e\u0442\u0435\u0440\u0430\u043f\u0438\u0438. \u041a\u043e\u043d\u0441\u0443\u043b\u044c\u0442\u0430\u0442\u0438\u0432\u043d\u044b\u0439 \u043a\u0430\u0431\u0438\u043d\u0435\u0442 \u0443\u043b\u0438\u0446\u0430\u00a0\u0411\u043b\u0430\u0443\u043c\u0430\u043d\u044f, \u0434. 30 (\u0432\u0445\u043e\u0434 \u0441 \u0443\u043b\u0438\u0446\u044b \u041f\u0435\u0440\u0441\u0435\u0441), \u0420\u0438\u0433\u0430, LV-1011. \u0427\u0442\u043e\u0431\u044b \u043f\u043e\u0434\u0430\u0442\u044c \u0437\u0430\u044f\u0432\u043a\u0443 \u043d\u0430 \u0438\u043d\u0434\u0438\u0432\u0438\u0434\u0443\u0430\u043b\u044c\u043d\u0443\u044e \u043a\u043e\u043d\u0441\u0443\u043b\u044c\u0442\u0430\u0446\u0438\u044e, \u043f\u043e\u0437\u0432\u043e\u043d\u0438\u0442\u044c\u00a0\u043f\u043e...","og_url":"https:\/\/dzintari.lv\/ru\/%d0%ba%d0%b0%d0%b1%d0%b8%d0%bd%d0%b5%d1%82-%d0%ba%d0%be%d0%bd%d1%81%d1%83%d0%bb%d1%8c%d1%82%d0%b0%d1%86%d0%b8%d0%b8-%d0%b2-%d1%80%d0%b8%d0%b3%d0%b5\/","og_site_name":"Kl\u012bnika Dzintari","article_modified_time":"2026-03-20T09:11:17+00:00","og_image":[{"url":"https:\/\/dzintari.lv\/wp-content\/uploads\/2018\/10\/icon2.png","type":"","width":"","height":""}],"twitter_card":"summary_large_image","twitter_misc":{"\u041f\u0440\u0438\u043c\u0435\u0440\u043d\u043e\u0435 \u0432\u0440\u0435\u043c\u044f \u0434\u043b\u044f \u0447\u0442\u0435\u043d\u0438\u044f":"1 \u043c\u0438\u043d\u0443\u0442\u0430"},"schema":{"@context":"https:\/\/schema.org","@graph":[{"@type":"WebPage","@id":"https:\/\/dzintari.lv\/ru\/%d0%ba%d0%b0%d0%b1%d0%b8%d0%bd%d0%b5%d1%82-%d0%ba%d0%be%d0%bd%d1%81%d1%83%d0%bb%d1%8c%d1%82%d0%b0%d1%86%d0%b8%d0%b8-%d0%b2-%d1%80%d0%b8%d0%b3%d0%b5\/","url":"https:\/\/dzintari.lv\/ru\/%d0%ba%d0%b0%d0%b1%d0%b8%d0%bd%d0%b5%d1%82-%d0%ba%d0%be%d0%bd%d1%81%d1%83%d0%bb%d1%8c%d1%82%d0%b0%d1%86%d0%b8%d0%b8-%d0%b2-%d1%80%d0%b8%d0%b3%d0%b5\/","name":"\u041a\u0430\u0431\u0438\u043d\u0435\u0442 \u043a\u043e\u043d\u0441\u0443\u043b\u044c\u0442\u0430\u0446\u0438\u0438 \u0432 \u0420\u0438\u0433\u0435 - Kl\u012bnika Dzintari","isPartOf":{"@id":"https:\/\/dzintari.lv\/#website"},"primaryImageOfPage":{"@id":"https:\/\/dzintari.lv\/ru\/%d0%ba%d0%b0%d0%b1%d0%b8%d0%bd%d0%b5%d1%82-%d0%ba%d0%be%d0%bd%d1%81%d1%83%d0%bb%d1%8c%d1%82%d0%b0%d1%86%d0%b8%d0%b8-%d0%b2-%d1%80%d0%b8%d0%b3%d0%b5\/#primaryimage"},"image":{"@id":"https:\/\/dzintari.lv\/ru\/%d0%ba%d0%b0%d0%b1%d0%b8%d0%bd%d0%b5%d1%82-%d0%ba%d0%be%d0%bd%d1%81%d1%83%d0%bb%d1%8c%d1%82%d0%b0%d1%86%d0%b8%d0%b8-%d0%b2-%d1%80%d0%b8%d0%b3%d0%b5\/#primaryimage"},"thumbnailUrl":"https:\/\/dzintari.lv\/wp-content\/uploads\/2018\/10\/icon2.png","datePublished":"2018-03-21T13:51:06+00:00","dateModified":"2026-03-20T09:11:17+00:00","breadcrumb":{"@id":"https:\/\/dzintari.lv\/ru\/%d0%ba%d0%b0%d0%b1%d0%b8%d0%bd%d0%b5%d1%82-%d0%ba%d0%be%d0%bd%d1%81%d1%83%d0%bb%d1%8c%d1%82%d0%b0%d1%86%d0%b8%d0%b8-%d0%b2-%d1%80%d0%b8%d0%b3%d0%b5\/#breadcrumb"},"inLanguage":"ru-RU","potentialAction":[{"@type":"ReadAction","target":["https:\/\/dzintari.lv\/ru\/%d0%ba%d0%b0%d0%b1%d0%b8%d0%bd%d0%b5%d1%82-%d0%ba%d0%be%d0%bd%d1%81%d1%83%d0%bb%d1%8c%d1%82%d0%b0%d1%86%d0%b8%d0%b8-%d0%b2-%d1%80%d0%b8%d0%b3%d0%b5\/"]}]},{"@type":"ImageObject","inLanguage":"ru-RU","@id":"https:\/\/dzintari.lv\/ru\/%d0%ba%d0%b0%d0%b1%d0%b8%d0%bd%d0%b5%d1%82-%d0%ba%d0%be%d0%bd%d1%81%d1%83%d0%bb%d1%8c%d1%82%d0%b0%d1%86%d0%b8%d0%b8-%d0%b2-%d1%80%d0%b8%d0%b3%d0%b5\/#primaryimage","url":"https:\/\/dzintari.lv\/wp-content\/uploads\/2018\/10\/icon2.png","contentUrl":"https:\/\/dzintari.lv\/wp-content\/uploads\/2018\/10\/icon2.png"},{"@type":"BreadcrumbList","@id":"https:\/\/dzintari.lv\/ru\/%d0%ba%d0%b0%d0%b1%d0%b8%d0%bd%d0%b5%d1%82-%d0%ba%d0%be%d0%bd%d1%81%d1%83%d0%bb%d1%8c%d1%82%d0%b0%d1%86%d0%b8%d0%b8-%d0%b2-%d1%80%d0%b8%d0%b3%d0%b5\/#breadcrumb","itemListElement":[{"@type":"ListItem","position":1,"name":"Home","item":"https:\/\/dzintari.lv\/ru\/"},{"@type":"ListItem","position":2,"name":"\u041a\u0430\u0431\u0438\u043d\u0435\u0442 \u043a\u043e\u043d\u0441\u0443\u043b\u044c\u0442\u0430\u0446\u0438\u0438 \u0432 \u0420\u0438\u0433\u0435"}]},{"@type":"WebSite","@id":"https:\/\/dzintari.lv\/#website","url":"https:\/\/dzintari.lv\/","name":"Kl\u012bnika Dzintari","description":"Psiholo\u0123isk\u0101 un psihiatrisk\u0101 pal\u012bdz\u012bba","publisher":{"@id":"https:\/\/dzintari.lv\/#organization"},"potentialAction":[{"@type":"SearchAction","target":{"@type":"EntryPoint","urlTemplate":"https:\/\/dzintari.lv\/?s={search_term_string}"},"query-input":{"@type":"PropertyValueSpecification","valueRequired":true,"valueName":"search_term_string"}}],"inLanguage":"ru-RU"},{"@type":"Organization","@id":"https:\/\/dzintari.lv\/#organization","name":"SIA \u201cKl\u012bnika Dzintari\u201d","url":"https:\/\/dzintari.lv\/","logo":{"@type":"ImageObject","inLanguage":"ru-RU","@id":"https:\/\/dzintari.lv\/#\/schema\/logo\/image\/","url":"https:\/\/dzintari.lv\/wp-content\/uploads\/2018\/02\/dzint-01.png","contentUrl":"https:\/\/dzintari.lv\/wp-content\/uploads\/2018\/02\/dzint-01.png","width":259,"height":222,"caption":"SIA \u201cKl\u012bnika Dzintari\u201d"},"image":{"@id":"https:\/\/dzintari.lv\/#\/schema\/logo\/image\/"}}]}},"_links":{"self":[{"href":"https:\/\/dzintari.lv\/ru\/wp-json\/wp\/v2\/pages\/17291","targetHints":{"allow":["GET"]}}],"collection":[{"href":"https:\/\/dzintari.lv\/ru\/wp-json\/wp\/v2\/pages"}],"about":[{"href":"https:\/\/dzintari.lv\/ru\/wp-json\/wp\/v2\/types\/page"}],"author":[{"embeddable":true,"href":"https:\/\/dzintari.lv\/ru\/wp-json\/wp\/v2\/users\/1"}],"replies":[{"embeddable":true,"href":"https:\/\/dzintari.lv\/ru\/wp-json\/wp\/v2\/comments?post=17291"}],"version-history":[{"count":46,"href":"https:\/\/dzintari.lv\/ru\/wp-json\/wp\/v2\/pages\/17291\/revisions"}],"predecessor-version":[{"id":29406,"href":"https:\/\/dzintari.lv\/ru\/wp-json\/wp\/v2\/pages\/17291\/revisions\/29406"}],"wp:attachment":[{"href":"https:\/\/dzintari.lv\/ru\/wp-json\/wp\/v2\/media?parent=17291"}],"curies":[{"name":"wp","href":"https:\/\/api.w.org\/{rel}","templated":true}]}}