{"id":17286,"date":"2018-03-21T13:48:56","date_gmt":"2018-03-21T13:48:56","guid":{"rendered":"https:\/\/dzintari.dev-web-server.eu\/?page_id=17286"},"modified":"2026-03-23T14:35:30","modified_gmt":"2026-03-23T14:35:30","slug":"%d1%81%d0%bf%d0%b5%d1%86%d0%b8%d0%b0%d0%bb%d0%b8%d1%81%d1%82%d1%8b-%d0%ba%d0%bb%d0%b8%d0%bd%d0%b8%d0%ba%d0%b8","status":"publish","type":"page","link":"https:\/\/dzintari.lv\/ru\/%d1%81%d0%bf%d0%b5%d1%86%d0%b8%d0%b0%d0%bb%d0%b8%d1%81%d1%82%d1%8b-%d0%ba%d0%bb%d0%b8%d0%bd%d0%b8%d0%ba%d0%b8\/","title":{"rendered":"\u0421\u043f\u0435\u0446\u0438\u0430\u043b\u0438\u0441\u0442\u044b \u043a\u043b\u0438\u043d\u0438\u043a\u0438"},"content":{"rendered":"\r\n<div class=\"wp-block-column\">\r\n<div class=\"wp-block-group\"><div class=\"wp-block-group__inner-container is-layout-flow wp-block-group-is-layout-flow\">\r\n\r\n\r\n<div class=\"wp-block-columns is-layout-flex wp-container-core-columns-is-layout-9d6595d7 wp-block-columns-is-layout-flex\">\u00a0<\/div><\/div>\r\n<!-- \/wp:column --><!-- wp:columns -->\r\n<div class=\"wp-block-columns\"><!-- wp:column -->\r\n<div class=\"wp-block-column\"><!-- wp:group -->\r\n<div class=\"wp-block-group\"><!-- wp:image {\"align\":\"center\",\"id\":21424,\"width\":289,\"height\":433,\"sizeSlug\":\"large\",\"linkDestination\":\"none\",\"className\":\"is-style-default\"} -->\r\n<div class=\"wp-block-image is-style-default\">\u00a0<\/div>\r\n<\/div>\r\n<\/div>\r\n<\/div>\r\n<div class=\"wp-block-spacer\" style=\"height: 50px;\" aria-hidden=\"true\">\u00a0<\/div>\r\n<!-- \/wp:spacer -->\r\n\r\n<!-- wp:columns -->\r\n<div class=\"wp-block-columns\">\u00a0<\/div>\r\n<!-- \/wp:columns --><!-- \/wp:post-content --><!-- \/wp:columns --><!-- wp:post-content --><!-- wp:columns -->\r\n<div class=\"wp-block-columns\"><!-- wp:column -->\r\n<div class=\"wp-block-column\"><!-- wp:group -->\r\n<div class=\"wp-block-group\"><!-- wp:image {\"align\":\"center\",\"id\":21424,\"width\":289,\"height\":433,\"sizeSlug\":\"large\",\"linkDestination\":\"none\",\"className\":\"is-style-default\"} -->\r\n<div class=\"wp-block-image is-style-default\">\u00a0<\/div>\r\n<\/div>\r\n<\/div>\r\n<\/div>\r\n<div class=\"wp-block-spacer\" style=\"height: 50px;\" aria-hidden=\"true\">\u00a0<\/div>\r\n<!-- \/wp:spacer -->\r\n\r\n<!-- wp:columns -->\r\n<div class=\"wp-block-columns\">\u00a0<\/div>\r\n<!-- \/wp:columns --><!-- \/wp:post-content -->","protected":false},"excerpt":{"rendered":"<p>\u00a0 \u00a0 \u00a0 \u00a0 \u00a0 \u00a0 \u00a0 \u00a0 \u00a0 \u00a0 \u00a0 \u00a0 \u00a0 \u00a0 \u00a0 \u00a0 \u00a0<\/p>\n","protected":false},"author":1,"featured_media":0,"parent":0,"menu_order":0,"comment_status":"closed","ping_status":"closed","template":"tpl-team.php","meta":{"footnotes":""},"class_list":["post-17286","page","type-page","status-publish","hentry"],"acf":[],"yoast_head":"<!-- This site is optimized with the Yoast SEO plugin v27.5 - https:\/\/yoast.com\/product\/yoast-seo-wordpress\/ -->\n<title>\u0421\u043f\u0435\u0446\u0438\u0430\u043b\u0438\u0441\u0442\u044b \u043a\u043b\u0438\u043d\u0438\u043a\u0438 - Kl\u012bnika Dzintari<\/title>\n<meta name=\"robots\" content=\"index, follow, max-snippet:-1, max-image-preview:large, max-video-preview:-1\" \/>\n<link rel=\"canonical\" href=\"https:\/\/dzintari.lv\/ru\/%d1%81%d0%bf%d0%b5%d1%86%d0%b8%d0%b0%d0%bb%d0%b8%d1%81%d1%82%d1%8b-%d0%ba%d0%bb%d0%b8%d0%bd%d0%b8%d0%ba%d0%b8\/\" \/>\n<meta property=\"og:locale\" content=\"ru_RU\" \/>\n<meta property=\"og:type\" content=\"article\" \/>\n<meta property=\"og:title\" content=\"\u0421\u043f\u0435\u0446\u0438\u0430\u043b\u0438\u0441\u0442\u044b \u043a\u043b\u0438\u043d\u0438\u043a\u0438 - Kl\u012bnika Dzintari\" \/>\n<meta property=\"og:description\" content=\"\u00a0 \u00a0 \u00a0 \u00a0 \u00a0 \u00a0 \u00a0 \u00a0 \u00a0 \u00a0 \u00a0 \u00a0 \u00a0 \u00a0 \u00a0 \u00a0 \u00a0\" \/>\n<meta property=\"og:url\" content=\"https:\/\/dzintari.lv\/ru\/%d1%81%d0%bf%d0%b5%d1%86%d0%b8%d0%b0%d0%bb%d0%b8%d1%81%d1%82%d1%8b-%d0%ba%d0%bb%d0%b8%d0%bd%d0%b8%d0%ba%d0%b8\/\" \/>\n<meta property=\"og:site_name\" content=\"Kl\u012bnika Dzintari\" \/>\n<meta property=\"article:modified_time\" content=\"2026-03-23T14:35:30+00:00\" \/>\n<meta name=\"twitter:card\" content=\"summary_large_image\" \/>\n<script type=\"application\/ld+json\" class=\"yoast-schema-graph\">{\"@context\":\"https:\\\/\\\/schema.org\",\"@graph\":[{\"@type\":\"WebPage\",\"@id\":\"https:\\\/\\\/dzintari.lv\\\/ru\\\/%d1%81%d0%bf%d0%b5%d1%86%d0%b8%d0%b0%d0%bb%d0%b8%d1%81%d1%82%d1%8b-%d0%ba%d0%bb%d0%b8%d0%bd%d0%b8%d0%ba%d0%b8\\\/\",\"url\":\"https:\\\/\\\/dzintari.lv\\\/ru\\\/%d1%81%d0%bf%d0%b5%d1%86%d0%b8%d0%b0%d0%bb%d0%b8%d1%81%d1%82%d1%8b-%d0%ba%d0%bb%d0%b8%d0%bd%d0%b8%d0%ba%d0%b8\\\/\",\"name\":\"\u0421\u043f\u0435\u0446\u0438\u0430\u043b\u0438\u0441\u0442\u044b \u043a\u043b\u0438\u043d\u0438\u043a\u0438 - Kl\u012bnika Dzintari\",\"isPartOf\":{\"@id\":\"https:\\\/\\\/dzintari.lv\\\/#website\"},\"datePublished\":\"2018-03-21T13:48:56+00:00\",\"dateModified\":\"2026-03-23T14:35:30+00:00\",\"breadcrumb\":{\"@id\":\"https:\\\/\\\/dzintari.lv\\\/ru\\\/%d1%81%d0%bf%d0%b5%d1%86%d0%b8%d0%b0%d0%bb%d0%b8%d1%81%d1%82%d1%8b-%d0%ba%d0%bb%d0%b8%d0%bd%d0%b8%d0%ba%d0%b8\\\/#breadcrumb\"},\"inLanguage\":\"ru-RU\",\"potentialAction\":[{\"@type\":\"ReadAction\",\"target\":[\"https:\\\/\\\/dzintari.lv\\\/ru\\\/%d1%81%d0%bf%d0%b5%d1%86%d0%b8%d0%b0%d0%bb%d0%b8%d1%81%d1%82%d1%8b-%d0%ba%d0%bb%d0%b8%d0%bd%d0%b8%d0%ba%d0%b8\\\/\"]}]},{\"@type\":\"BreadcrumbList\",\"@id\":\"https:\\\/\\\/dzintari.lv\\\/ru\\\/%d1%81%d0%bf%d0%b5%d1%86%d0%b8%d0%b0%d0%bb%d0%b8%d1%81%d1%82%d1%8b-%d0%ba%d0%bb%d0%b8%d0%bd%d0%b8%d0%ba%d0%b8\\\/#breadcrumb\",\"itemListElement\":[{\"@type\":\"ListItem\",\"position\":1,\"name\":\"Home\",\"item\":\"https:\\\/\\\/dzintari.lv\\\/ru\\\/\"},{\"@type\":\"ListItem\",\"position\":2,\"name\":\"\u0421\u043f\u0435\u0446\u0438\u0430\u043b\u0438\u0441\u0442\u044b \u043a\u043b\u0438\u043d\u0438\u043a\u0438\"}]},{\"@type\":\"WebSite\",\"@id\":\"https:\\\/\\\/dzintari.lv\\\/#website\",\"url\":\"https:\\\/\\\/dzintari.lv\\\/\",\"name\":\"Kl\u012bnika Dzintari\",\"description\":\"Psiholo\u0123isk\u0101 un psihiatrisk\u0101 pal\u012bdz\u012bba\",\"publisher\":{\"@id\":\"https:\\\/\\\/dzintari.lv\\\/#organization\"},\"potentialAction\":[{\"@type\":\"SearchAction\",\"target\":{\"@type\":\"EntryPoint\",\"urlTemplate\":\"https:\\\/\\\/dzintari.lv\\\/?s={search_term_string}\"},\"query-input\":{\"@type\":\"PropertyValueSpecification\",\"valueRequired\":true,\"valueName\":\"search_term_string\"}}],\"inLanguage\":\"ru-RU\"},{\"@type\":\"Organization\",\"@id\":\"https:\\\/\\\/dzintari.lv\\\/#organization\",\"name\":\"SIA \u201cKl\u012bnika Dzintari\u201d\",\"url\":\"https:\\\/\\\/dzintari.lv\\\/\",\"logo\":{\"@type\":\"ImageObject\",\"inLanguage\":\"ru-RU\",\"@id\":\"https:\\\/\\\/dzintari.lv\\\/#\\\/schema\\\/logo\\\/image\\\/\",\"url\":\"https:\\\/\\\/dzintari.lv\\\/wp-content\\\/uploads\\\/2018\\\/02\\\/dzint-01.png\",\"contentUrl\":\"https:\\\/\\\/dzintari.lv\\\/wp-content\\\/uploads\\\/2018\\\/02\\\/dzint-01.png\",\"width\":259,\"height\":222,\"caption\":\"SIA \u201cKl\u012bnika Dzintari\u201d\"},\"image\":{\"@id\":\"https:\\\/\\\/dzintari.lv\\\/#\\\/schema\\\/logo\\\/image\\\/\"}}]}<\/script>\n<!-- \/ Yoast SEO plugin. -->","yoast_head_json":{"title":"\u0421\u043f\u0435\u0446\u0438\u0430\u043b\u0438\u0441\u0442\u044b \u043a\u043b\u0438\u043d\u0438\u043a\u0438 - Kl\u012bnika Dzintari","robots":{"index":"index","follow":"follow","max-snippet":"max-snippet:-1","max-image-preview":"max-image-preview:large","max-video-preview":"max-video-preview:-1"},"canonical":"https:\/\/dzintari.lv\/ru\/%d1%81%d0%bf%d0%b5%d1%86%d0%b8%d0%b0%d0%bb%d0%b8%d1%81%d1%82%d1%8b-%d0%ba%d0%bb%d0%b8%d0%bd%d0%b8%d0%ba%d0%b8\/","og_locale":"ru_RU","og_type":"article","og_title":"\u0421\u043f\u0435\u0446\u0438\u0430\u043b\u0438\u0441\u0442\u044b \u043a\u043b\u0438\u043d\u0438\u043a\u0438 - Kl\u012bnika Dzintari","og_description":"\u00a0 \u00a0 \u00a0 \u00a0 \u00a0 \u00a0 \u00a0 \u00a0 \u00a0 \u00a0 \u00a0 \u00a0 \u00a0 \u00a0 \u00a0 \u00a0 \u00a0","og_url":"https:\/\/dzintari.lv\/ru\/%d1%81%d0%bf%d0%b5%d1%86%d0%b8%d0%b0%d0%bb%d0%b8%d1%81%d1%82%d1%8b-%d0%ba%d0%bb%d0%b8%d0%bd%d0%b8%d0%ba%d0%b8\/","og_site_name":"Kl\u012bnika Dzintari","article_modified_time":"2026-03-23T14:35:30+00:00","twitter_card":"summary_large_image","schema":{"@context":"https:\/\/schema.org","@graph":[{"@type":"WebPage","@id":"https:\/\/dzintari.lv\/ru\/%d1%81%d0%bf%d0%b5%d1%86%d0%b8%d0%b0%d0%bb%d0%b8%d1%81%d1%82%d1%8b-%d0%ba%d0%bb%d0%b8%d0%bd%d0%b8%d0%ba%d0%b8\/","url":"https:\/\/dzintari.lv\/ru\/%d1%81%d0%bf%d0%b5%d1%86%d0%b8%d0%b0%d0%bb%d0%b8%d1%81%d1%82%d1%8b-%d0%ba%d0%bb%d0%b8%d0%bd%d0%b8%d0%ba%d0%b8\/","name":"\u0421\u043f\u0435\u0446\u0438\u0430\u043b\u0438\u0441\u0442\u044b \u043a\u043b\u0438\u043d\u0438\u043a\u0438 - Kl\u012bnika Dzintari","isPartOf":{"@id":"https:\/\/dzintari.lv\/#website"},"datePublished":"2018-03-21T13:48:56+00:00","dateModified":"2026-03-23T14:35:30+00:00","breadcrumb":{"@id":"https:\/\/dzintari.lv\/ru\/%d1%81%d0%bf%d0%b5%d1%86%d0%b8%d0%b0%d0%bb%d0%b8%d1%81%d1%82%d1%8b-%d0%ba%d0%bb%d0%b8%d0%bd%d0%b8%d0%ba%d0%b8\/#breadcrumb"},"inLanguage":"ru-RU","potentialAction":[{"@type":"ReadAction","target":["https:\/\/dzintari.lv\/ru\/%d1%81%d0%bf%d0%b5%d1%86%d0%b8%d0%b0%d0%bb%d0%b8%d1%81%d1%82%d1%8b-%d0%ba%d0%bb%d0%b8%d0%bd%d0%b8%d0%ba%d0%b8\/"]}]},{"@type":"BreadcrumbList","@id":"https:\/\/dzintari.lv\/ru\/%d1%81%d0%bf%d0%b5%d1%86%d0%b8%d0%b0%d0%bb%d0%b8%d1%81%d1%82%d1%8b-%d0%ba%d0%bb%d0%b8%d0%bd%d0%b8%d0%ba%d0%b8\/#breadcrumb","itemListElement":[{"@type":"ListItem","position":1,"name":"Home","item":"https:\/\/dzintari.lv\/ru\/"},{"@type":"ListItem","position":2,"name":"\u0421\u043f\u0435\u0446\u0438\u0430\u043b\u0438\u0441\u0442\u044b \u043a\u043b\u0438\u043d\u0438\u043a\u0438"}]},{"@type":"WebSite","@id":"https:\/\/dzintari.lv\/#website","url":"https:\/\/dzintari.lv\/","name":"Kl\u012bnika Dzintari","description":"Psiholo\u0123isk\u0101 un psihiatrisk\u0101 pal\u012bdz\u012bba","publisher":{"@id":"https:\/\/dzintari.lv\/#organization"},"potentialAction":[{"@type":"SearchAction","target":{"@type":"EntryPoint","urlTemplate":"https:\/\/dzintari.lv\/?s={search_term_string}"},"query-input":{"@type":"PropertyValueSpecification","valueRequired":true,"valueName":"search_term_string"}}],"inLanguage":"ru-RU"},{"@type":"Organization","@id":"https:\/\/dzintari.lv\/#organization","name":"SIA \u201cKl\u012bnika Dzintari\u201d","url":"https:\/\/dzintari.lv\/","logo":{"@type":"ImageObject","inLanguage":"ru-RU","@id":"https:\/\/dzintari.lv\/#\/schema\/logo\/image\/","url":"https:\/\/dzintari.lv\/wp-content\/uploads\/2018\/02\/dzint-01.png","contentUrl":"https:\/\/dzintari.lv\/wp-content\/uploads\/2018\/02\/dzint-01.png","width":259,"height":222,"caption":"SIA \u201cKl\u012bnika Dzintari\u201d"},"image":{"@id":"https:\/\/dzintari.lv\/#\/schema\/logo\/image\/"}}]}},"_links":{"self":[{"href":"https:\/\/dzintari.lv\/ru\/wp-json\/wp\/v2\/pages\/17286","targetHints":{"allow":["GET"]}}],"collection":[{"href":"https:\/\/dzintari.lv\/ru\/wp-json\/wp\/v2\/pages"}],"about":[{"href":"https:\/\/dzintari.lv\/ru\/wp-json\/wp\/v2\/types\/page"}],"author":[{"embeddable":true,"href":"https:\/\/dzintari.lv\/ru\/wp-json\/wp\/v2\/users\/1"}],"replies":[{"embeddable":true,"href":"https:\/\/dzintari.lv\/ru\/wp-json\/wp\/v2\/comments?post=17286"}],"version-history":[{"count":208,"href":"https:\/\/dzintari.lv\/ru\/wp-json\/wp\/v2\/pages\/17286\/revisions"}],"predecessor-version":[{"id":29422,"href":"https:\/\/dzintari.lv\/ru\/wp-json\/wp\/v2\/pages\/17286\/revisions\/29422"}],"wp:attachment":[{"href":"https:\/\/dzintari.lv\/ru\/wp-json\/wp\/v2\/media?parent=17286"}],"curies":[{"name":"wp","href":"https:\/\/api.w.org\/{rel}","templated":true}]}}