{"id":17257,"date":"2018-03-21T13:05:02","date_gmt":"2018-03-21T13:05:02","guid":{"rendered":"https:\/\/dzintari.dev-web-server.eu\/?page_id=17257"},"modified":"2025-12-21T13:59:50","modified_gmt":"2025-12-21T13:59:50","slug":"%d0%ba%d0%be%d0%bd%d1%82%d0%b0%d0%ba%d1%82%d1%8b","status":"publish","type":"page","link":"https:\/\/dzintari.lv\/ru\/%d0%ba%d0%be%d0%bd%d1%82%d0%b0%d0%ba%d1%82%d1%8b\/","title":{"rendered":"\u041a\u043e\u043d\u0442\u0430\u043a\u0442\u044b"},"content":{"rendered":"\r\n<div class=\"wp-block-columns is-layout-flex wp-container-core-columns-is-layout-9d6595d7 wp-block-columns-is-layout-flex\">\r\n<div class=\"wp-block-column is-layout-flow wp-block-column-is-layout-flow\">\r\n<div class=\"mapouter\">\r\n<div class=\"gmap_canvas\"><iframe loading=\"lazy\" id=\"gmap_canvas\" src=\"https:\/\/maps.google.com\/maps?q=Kl%C4%ABnika%20Dzintari%20me%C5%BEsargu%204%2F6&amp;t=&amp;z=13&amp;ie=UTF8&amp;iwloc=&amp;output=embed\" width=\"500\" height=\"350\" frameborder=\"0\" marginwidth=\"0\" marginheight=\"0\" scrolling=\"no\"><\/iframe><\/div>\r\n<\/div>\r\n\r\n\r\n\r\n<p><a href=\"waze:\/\/?ll=56.9616533%2C23.7095717&amp;navigate=yes\"> <img decoding=\"async\" src=\"https:\/\/dzintari.lv\/wp-content\/uploads\/2018\/10\/icon2.png\" \/><\/a> \u041d\u0430\u0432\u0438\u0433\u0430\u0446\u0438\u044f \u0441 &#8212; <a href=\"waze:\/\/?ll=56.9616533%2C23.7095717&amp;navigate=yes\">Waze<\/a><\/p>\r\n<\/div>\r\n\r\n\r\n\r\n<div class=\"wp-block-column is-layout-flow wp-block-column-is-layout-flow\">\r\n<h2 class=\"wp-block-heading\"><strong>\u201cK\u043b\u0438\u043d\u0438\u043a\u0430 Dzintari<\/strong>\u201c<\/h2>\r\n\r\n\r\n\r\n<figure class=\"wp-block-image size-large is-resized\"><img loading=\"lazy\" decoding=\"async\" class=\"wp-image-22993\" src=\"https:\/\/dzintari.lv\/wp-content\/uploads\/2022\/03\/LHTC_Kvalitate_BASIC_Balts_RGB-1024x1024.png\" alt=\"\" width=\"247\" height=\"247\" srcset=\"https:\/\/dzintari.lv\/wp-content\/uploads\/2022\/03\/LHTC_Kvalitate_BASIC_Balts_RGB-1024x1024.png 1024w, https:\/\/dzintari.lv\/wp-content\/uploads\/2022\/03\/LHTC_Kvalitate_BASIC_Balts_RGB-300x300.png 300w, https:\/\/dzintari.lv\/wp-content\/uploads\/2022\/03\/LHTC_Kvalitate_BASIC_Balts_RGB-150x150.png 150w, https:\/\/dzintari.lv\/wp-content\/uploads\/2022\/03\/LHTC_Kvalitate_BASIC_Balts_RGB-768x768.png 768w, https:\/\/dzintari.lv\/wp-content\/uploads\/2022\/03\/LHTC_Kvalitate_BASIC_Balts_RGB-570x570.png 570w, https:\/\/dzintari.lv\/wp-content\/uploads\/2022\/03\/LHTC_Kvalitate_BASIC_Balts_RGB-500x500.png 500w, https:\/\/dzintari.lv\/wp-content\/uploads\/2022\/03\/LHTC_Kvalitate_BASIC_Balts_RGB-1000x1000.png 1000w, https:\/\/dzintari.lv\/wp-content\/uploads\/2022\/03\/LHTC_Kvalitate_BASIC_Balts_RGB-700x700.png 700w, https:\/\/dzintari.lv\/wp-content\/uploads\/2022\/03\/LHTC_Kvalitate_BASIC_Balts_RGB.png 1200w\" sizes=\"auto, (max-width: 247px) 100vw, 247px\" \/><\/figure>\r\n\r\n\r\n\r\n<pre class=\"wp-block-preformatted\"><strong data-rich-text-format-boundary=\"true\">\u041a\u043b\u0438\u0435\u043d\u0442\u044b \u00ab\u041a\u043b\u0438\u043d\u0438\u043a\u0438 \u0414\u0437\u0438\u043d\u0442\u0430\u0440\u0438\u00bb \u0438\u043c\u0435\u044e\u0442 \u0432\u043e\u0437\u043c\u043e\u0436\u043d\u043e\u0441\u0442\u044c \u043a\u0430\u0436\u0434\u044b\u0439 \u0434\u0435\u043d\u044c \u0432 \u043f\u0435\u0440\u0438\u043e\u0434 \u043b\u0435\u0447\u0435\u043d\u0438\u044f \u043e\u0444\u043e\u0440\u043c\u043b\u044f\u0442\u044c \u0431\u0435\u0441\u043f\u043b\u0430\u0442\u043d\u044b\u0439 \u043f\u0440\u043e\u043f\u0443\u0441\u043a \u0434\u043b\u044f \u0437\u0430\u0435\u0437\u0434\u0430 <br \/>\u0432 \u042e\u0440\u043c\u0430\u043b\u0443: https:\/\/www.jurmala.lv\/lv\/jaunums\/no-2026-gada-1-janvara-jauns-iebrauksanas-nodevas-apmers, <br \/>\u0430 \u0437\u0430\u0442\u0435\u043c \u043f\u0440\u0438\u0439\u0442\u0438 \u043a \u0430\u0434\u043c\u0438\u043d\u0438\u0441\u0442\u0440\u0430\u0442\u043e\u0440\u0443 \u043a\u043b\u0438\u043d\u0438\u043a\u0438 \u0434\u043b\u044f \u043f\u043e\u043b\u0443\u0447\u0435\u043d\u0438\u044f \u043f\u043e\u0434\u0442\u0432\u0435\u0440\u0436\u0434\u0435\u043d\u0438\u044f \u043f\u0440\u043e\u043f\u0443\u0441\u043a\u0430.<\/strong> \u00a0 <\/pre>\r\n\r\n\r\n\r\n<p><strong>SIA &#171;Kl\u012bnika Dzintari&#187;, re\u0123.nr. 40003461335, AS &#171;Swedbank&#187;,<\/strong><br \/><strong>Konts: LV51HABA0551004676730<\/strong><\/p>\r\n\r\n\r\n\r\n<p>\u0443\u043b. \u041c\u0435\u0436\u0441\u0430\u0440\u0433\u0443 4\/6, \u042e\u0440\u043c\u0430\u043b\u0430, LV-2008 (\u0432\u0445\u043e\u0434 \u0441\u043e \u0441\u0442\u043e\u0440\u043e\u043d\u044b \u043f\u0440\u043e\u0441\u043f\u0435\u043a\u0442\u0430 \u041c\u0435\u043b\u043b\u0443\u0436\u0443)<br \/><strong>\u0422\u0435\u043b\u0435\u0444\u043e\u043d \u0440\u0435\u0433\u0438\u0441\u0442\u0440\u0430\u0442\u0443\u0440\u044b:<\/strong><a href=\"tel: +37167754811\">\u00a0<\/a><a href=\"tel:+37167147833\">+37167147833<\/a><\/p>\r\n<p><strong>\u041e\u0444\u0438\u0441:<\/strong>\u00a0<a href=\"tel:+37167755140\">+37167755140<\/a>,\u00a0 <a href=\"tel:+37129549983\">+37129549983 <\/a><br \/><a href=\"https:\/\/dzintari.lv\/ru\/%d0%bf%d0%be%d0%b4%d0%b0%d1%82%d1%8c-%d0%b7%d0%b0%d1%8f%d0%b2%d0%ba%d1%83-%d0%bd%d0%b0-%d0%ba%d0%be%d0%bd%d1%81%d1%83%d0%bb%d1%8c%d1%82%d0%b0%d1%86%d0%b8%d1%8e\/\">\u041f\u043e\u0434\u0430\u0442\u044c \u0437\u0430\u044f\u0432\u043a\u0443 \u043d\u0430 \u043a\u0443\u043d\u0441\u0443\u043b\u044c\u0442\u0430\u0446\u0438\u044e<\/a><br \/><strong>\u042d\u043b\u0435\u043a\u0442\u0440\u043e\u043d\u043d\u0430\u044f \u043f\u043e\u0447\u0442\u0430:<\/strong>\u00a0<a href=\"mailto:dzintari@dzintari.lv\">dzintari@dzintari.lv<\/a><\/p>\r\n\r\n\r\n\r\n<figure class=\"wp-block-image is-style-default\"><img loading=\"lazy\" decoding=\"async\" class=\"alignnone wp-image-28233 size-medium\" src=\"https:\/\/dzintari.lv\/wp-content\/uploads\/2025\/06\/Krasains-melns-teksts-300x35.png\" alt=\"Latvijas \" width=\"300\" height=\"35\" srcset=\"https:\/\/dzintari.lv\/wp-content\/uploads\/2025\/06\/Krasains-melns-teksts-300x35.png 300w, https:\/\/dzintari.lv\/wp-content\/uploads\/2025\/06\/Krasains-melns-teksts-1024x119.png 1024w, https:\/\/dzintari.lv\/wp-content\/uploads\/2025\/06\/Krasains-melns-teksts-768x89.png 768w, https:\/\/dzintari.lv\/wp-content\/uploads\/2025\/06\/Krasains-melns-teksts-1536x179.png 1536w, https:\/\/dzintari.lv\/wp-content\/uploads\/2025\/06\/Krasains-melns-teksts-2048x238.png 2048w, https:\/\/dzintari.lv\/wp-content\/uploads\/2025\/06\/Krasains-melns-teksts-700x81.png 700w\" sizes=\"auto, (max-width: 300px) 100vw, 300px\" \/><\/figure>\r\n\r\n\r\n\r\n<ul class=\"wp-block-social-links is-layout-flex wp-block-social-links-is-layout-flex\">\r\n\r\n<li class=\"wp-social-link wp-social-link-facebook  wp-block-social-link\"><a href=\"https:\/\/www.facebook.com\/klinikaDzintari\/\" class=\"wp-block-social-link-anchor\"><svg width=\"24\" height=\"24\" viewBox=\"0 0 24 24\" version=\"1.1\" xmlns=\"http:\/\/www.w3.org\/2000\/svg\" aria-hidden=\"true\" focusable=\"false\"><path d=\"M12 2C6.5 2 2 6.5 2 12c0 5 3.7 9.1 8.4 9.9v-7H7.9V12h2.5V9.8c0-2.5 1.5-3.9 3.8-3.9 1.1 0 2.2.2 2.2.2v2.5h-1.3c-1.2 0-1.6.8-1.6 1.6V12h2.8l-.4 2.9h-2.3v7C18.3 21.1 22 17 22 12c0-5.5-4.5-10-10-10z\"><\/path><\/svg><span class=\"wp-block-social-link-label screen-reader-text\">Facebook<\/span><\/a><\/li>\r\n\r\n\r\n\r\n\r\n\r\n\r\n\r\n<\/ul>\r\n\r\n\r\n\r\n<p>&nbsp;<\/p>\r\n\r\n\r\n\r\n<p><strong>\u0427\u0430\u0441\u044b \u0440\u0430\u0431\u043e\u0442\u044b \u043f\u0440\u0438\u0435\u043c\u043d\u043e\u0439: \u043f\u043e\u043d\u0435\u0434\u0435\u043b\u044c\u043d\u0438\u043a \u2014 \u043f\u044f\u0442\u043d\u0438\u0446\u0430 \u0441 9:00 \u2014 16:00 (\u0447\u0430\u0441\u044b \u0440\u0430\u0431\u043e\u0442\u044b \u043c\u043e\u0433\u0443\u0442 \u043c\u0435\u043d\u044f\u0442\u044c\u0441\u044f), \u0442\u0435\u043b. \u0434\u043b\u044f \u0437\u0430\u043f\u0438\u0441\u0438 \u043d\u0430 \u043f\u043e\u0441\u0442\u0443\u043f\u043b\u0435\u043d\u0438\u0435 \u0432 \u043a\u043b\u0438\u043d\u0438\u043a\u0443 \u0432 \u0414\u043d\u0435\u0432\u043d\u043e\u0439 \u0441\u0442\u0430\u0446\u0438\u043e\u043d\u0430\u0440 \u0438\u043b\u0438 \u043d\u0430 \u043a\u043e\u043d\u0441\u0443\u043b\u044c\u0442\u0430\u0446\u0438\u044e \u0432\u0440\u0430\u0447\u0435\u0439 <a href=\"tel:+37167147833\">+37167147833 <\/a>\u043f\u0440\u0438 \u0432\u044b\u0431\u043e\u0440\u0435 \u043d\u0430\u0436\u0438\u043c\u0430\u0442\u044c 1.<\/strong><\/p>\r\n\r\n\r\n\r\n<p><strong>\u0427\u0430\u0441\u044b \u0440\u0430\u0431\u043e\u0442\u044b \u043a\u043b\u0438\u043d\u0438\u043a\u0438 (\u043f\u0440\u0438\u0431\u044b\u0442\u0438\u0435 \u0432 \u043a\u043b\u0438\u043d\u0438\u043a\u0443 \u0442\u043e\u043b\u044c\u043a\u043e \u043f\u043e \u043f\u0440\u0435\u0434\u0432\u0430\u0440\u0438\u0442\u0435\u043b\u044c\u043d\u043e\u0439 \u0437\u0430\u043f\u0438\u0441\u0438, \u0447\u0430\u0441\u044b \u0440\u0430\u0431\u043e\u0442\u044b \u043c\u043e\u0433\u0443\u0442 \u043c\u0435\u043d\u044f\u0442\u044c\u0441\u044f), \u0443\u0442\u043e\u0447\u043d\u044f\u0439\u0442\u0435 \u043f\u043e \u0442\u0435\u043b\u0435\u0444\u043e\u043d\u0443 <a href=\"tel:+37167147833\">+37167147833<\/a><\/strong><strong>:<\/strong><br \/><strong>\u041f\u043e\u043d\u0435\u0434\u0435\u043b\u044c\u043d\u0438\u043a: 8:00 \u2014 19:00<\/strong><br \/><strong>\u0412\u0442\u043e\u0440\u043d\u0438\u043a: 8:00 \u2014 17:00<\/strong><br \/><strong>\u0421\u0440\u0435\u0434\u0430: 8:00 \u2014 19:00<\/strong><br \/><strong>\u0427\u0435\u0442\u0432\u0435\u0440\u0433: 8:00 \u2014 16:00<\/strong><br \/><strong>\u041f\u044f\u0442\u043d\u0438\u0446\u0430: 8:00 \u2014 16:00<\/strong><\/p>\r\n\r\n\r\n\r\n<h2 class=\"wp-block-heading\">\u00abK\u043b\u0438\u043d\u0438\u043a\u0430 Dzintari\u00bb \u043d\u0430\u0445\u043e\u0434\u0438\u0442\u0441\u044f \u043d\u0430 \u0443\u043b. \u041c\u0435\u0436\u0441\u0430\u0440\u0433\u0443 4\/6, \u041c\u0435\u043b\u043b\u0443\u0436\u0438, \u042e\u0440\u043c\u0430\u043b\u0430, LV-2008 (\u043d\u0430 \u0442\u0435\u0440\u0440\u0438\u0442\u043e\u0440\u0438\u0438 \u0433\u043e\u0441\u0442\u0438\u043d\u0438\u0446\u044b \u00abDaina Jurmala Beach Hotel &amp; SPA\u00bb).<\/h2>\r\n<\/div>\r\n<\/div>\r\n\r\n\r\n\r\n<div class=\"wp-block-spacer\" style=\"height: 20px;\" aria-hidden=\"true\">\u00a0<\/div>\r\n\r\n\r\n\r\n<div class=\"wp-block-columns is-layout-flex wp-container-core-columns-is-layout-9d6595d7 wp-block-columns-is-layout-flex\">\r\n<div class=\"wp-block-column is-layout-flow wp-block-column-is-layout-flow\">\r\n<div class=\"mapouter\">\r\n<div class=\"gmap_canvas\"><iframe loading=\"lazy\" id=\"gmap_canvas\" src=\"https:\/\/maps.google.com\/maps?q=blauma%C5%86a%2030&amp;t=&amp;z=13&amp;ie=UTF8&amp;iwloc=&amp;output=embed\" width=\"500\" height=\"350\" frameborder=\"0\" marginwidth=\"0\" marginheight=\"0\" scrolling=\"no\"><\/iframe><\/div>\r\n<\/div>\r\n\r\n\r\n\r\n<p><a href=\"waze:\/\/?ll=56.9523311%2C24.125181&amp;navigate=yes\"> <img decoding=\"async\" src=\"https:\/\/dzintari.lv\/wp-content\/uploads\/2018\/10\/icon2.png\" \/><\/a> \u041d\u0430\u0432\u0438\u0433\u0430\u0446\u0438\u044f \u0441 &#8212; <a href=\"waze:\/\/?ll=56.9523311%2C24.125181&amp;navigate=yes\">Waze<\/a><\/p>\r\n<\/div>\r\n\r\n\r\n\r\n<div class=\"wp-block-column is-layout-flow wp-block-column-is-layout-flow\">\r\n<h2 class=\"wp-block-heading\">\u041a\u043e\u043d\u0441\u0443\u043b\u044c\u0442\u0430\u0442\u0438\u0432\u043d\u044b\u0439 \u043a\u0430\u0431\u0438\u043d\u0435\u0442<\/h2>\r\n\r\n\r\n\r\n<p>\u0443\u043b. \u0411\u043b\u0430\u0443\u043c\u0430\u043d\u044f 30, \u0420\u0438\u0433\u0430, LV-1011 &#8212; (\u0432\u0445\u043e\u0434 \u0441 \u0443\u043b\u0438\u0446\u044b \u041f\u0435\u0440\u0441\u0435\u0441)<\/p>\r\n<p><br \/><br \/><strong>\u0422\u0435\u043b\u0435\u0444\u043e\u043d\u044b \u0440\u0435\u0433\u0438\u0441\u0442\u0440\u0430\u0442\u0443\u0440\u044b (\u043f\u043e \u0440\u0430\u0431\u043e\u0447\u044b\u043c \u0434\u043d\u044f\u043c \u0441 9:00-16:00):<\/strong>\u00a0<a href=\"tel:+37167147833\">+37167147833 <\/a>\u043f\u0440\u0438 \u0432\u044b\u0431\u043e\u0440\u0435 \u043d\u0430\u0436\u0438\u043c\u0430\u0442\u044c 1 \u0438\u043b\u0438 2.<br \/><strong>\u042d\u043b\u0435\u043a\u0442\u0440\u043e\u043d\u043d\u0430\u044f \u043f\u043e\u0447\u0442\u0430:<\/strong>\u00a0<a href=\"mailto:dzintari@dzintari.lv\">dzintari@dzintari.lv<\/a><\/p>\r\n<\/div>\r\n<\/div>\r\n","protected":false},"excerpt":{"rendered":"<p>\u041d\u0430\u0432\u0438\u0433\u0430\u0446\u0438\u044f \u0441 &#8212; Waze \u201cK\u043b\u0438\u043d\u0438\u043a\u0430 Dzintari\u201c \u041a\u043b\u0438\u0435\u043d\u0442\u044b \u00ab\u041a\u043b\u0438\u043d\u0438\u043a\u0438 \u0414\u0437\u0438\u043d\u0442\u0430\u0440\u0438\u00bb \u0438\u043c\u0435\u044e\u0442 \u0432\u043e\u0437\u043c\u043e\u0436\u043d\u043e\u0441\u0442\u044c \u043a\u0430\u0436\u0434\u044b\u0439 \u0434\u0435\u043d\u044c \u0432 \u043f\u0435\u0440\u0438\u043e\u0434 \u043b\u0435\u0447\u0435\u043d\u0438\u044f \u043e\u0444\u043e\u0440\u043c\u043b\u044f\u0442\u044c \u0431\u0435\u0441\u043f\u043b\u0430\u0442\u043d\u044b\u0439 \u043f\u0440\u043e\u043f\u0443\u0441\u043a \u0434\u043b\u044f \u0437\u0430\u0435\u0437\u0434\u0430 \u0432 \u042e\u0440\u043c\u0430\u043b\u0443: https:\/\/www.jurmala.lv\/lv\/jaunums\/no-2026-gada-1-janvara-jauns-iebrauksanas-nodevas-apmers, \u0430 \u0437\u0430\u0442\u0435\u043c \u043f\u0440\u0438\u0439\u0442\u0438 \u043a \u0430\u0434\u043c\u0438\u043d\u0438\u0441\u0442\u0440\u0430\u0442\u043e\u0440\u0443 \u043a\u043b\u0438\u043d\u0438\u043a\u0438 \u0434\u043b\u044f \u043f\u043e\u043b\u0443\u0447\u0435\u043d\u0438\u044f \u043f\u043e\u0434\u0442\u0432\u0435\u0440\u0436\u0434\u0435\u043d\u0438\u044f \u043f\u0440\u043e\u043f\u0443\u0441\u043a\u0430. \u00a0 SIA &#171;Kl\u012bnika Dzintari&#187;, re\u0123.nr. 40003461335, AS &#171;Swedbank&#187;,Konts: LV51HABA0551004676730 \u0443\u043b. \u041c\u0435\u0436\u0441\u0430\u0440\u0433\u0443&#8230;<\/p>\n","protected":false},"author":1,"featured_media":0,"parent":0,"menu_order":0,"comment_status":"closed","ping_status":"closed","template":"","meta":{"footnotes":""},"class_list":["post-17257","page","type-page","status-publish","hentry"],"acf":[],"yoast_head":"<!-- This site is optimized with the Yoast SEO plugin v27.4 - https:\/\/yoast.com\/product\/yoast-seo-wordpress\/ -->\n<title>\u041a\u043e\u043d\u0442\u0430\u043a\u0442\u044b - Kl\u012bnika Dzintari<\/title>\n<meta name=\"robots\" content=\"index, follow, max-snippet:-1, max-image-preview:large, max-video-preview:-1\" \/>\n<link rel=\"canonical\" href=\"https:\/\/dzintari.lv\/ru\/%d0%ba%d0%be%d0%bd%d1%82%d0%b0%d0%ba%d1%82%d1%8b\/\" \/>\n<meta property=\"og:locale\" content=\"ru_RU\" \/>\n<meta property=\"og:type\" content=\"article\" \/>\n<meta property=\"og:title\" content=\"\u041a\u043e\u043d\u0442\u0430\u043a\u0442\u044b - Kl\u012bnika Dzintari\" \/>\n<meta property=\"og:description\" content=\"\u041d\u0430\u0432\u0438\u0433\u0430\u0446\u0438\u044f \u0441 &#8212; Waze \u201cK\u043b\u0438\u043d\u0438\u043a\u0430 Dzintari\u201c \u041a\u043b\u0438\u0435\u043d\u0442\u044b \u00ab\u041a\u043b\u0438\u043d\u0438\u043a\u0438 \u0414\u0437\u0438\u043d\u0442\u0430\u0440\u0438\u00bb \u0438\u043c\u0435\u044e\u0442 \u0432\u043e\u0437\u043c\u043e\u0436\u043d\u043e\u0441\u0442\u044c \u043a\u0430\u0436\u0434\u044b\u0439 \u0434\u0435\u043d\u044c \u0432 \u043f\u0435\u0440\u0438\u043e\u0434 \u043b\u0435\u0447\u0435\u043d\u0438\u044f \u043e\u0444\u043e\u0440\u043c\u043b\u044f\u0442\u044c \u0431\u0435\u0441\u043f\u043b\u0430\u0442\u043d\u044b\u0439 \u043f\u0440\u043e\u043f\u0443\u0441\u043a \u0434\u043b\u044f \u0437\u0430\u0435\u0437\u0434\u0430 \u0432 \u042e\u0440\u043c\u0430\u043b\u0443: https:\/\/www.jurmala.lv\/lv\/jaunums\/no-2026-gada-1-janvara-jauns-iebrauksanas-nodevas-apmers, \u0430 \u0437\u0430\u0442\u0435\u043c \u043f\u0440\u0438\u0439\u0442\u0438 \u043a \u0430\u0434\u043c\u0438\u043d\u0438\u0441\u0442\u0440\u0430\u0442\u043e\u0440\u0443 \u043a\u043b\u0438\u043d\u0438\u043a\u0438 \u0434\u043b\u044f \u043f\u043e\u043b\u0443\u0447\u0435\u043d\u0438\u044f \u043f\u043e\u0434\u0442\u0432\u0435\u0440\u0436\u0434\u0435\u043d\u0438\u044f \u043f\u0440\u043e\u043f\u0443\u0441\u043a\u0430. \u00a0 SIA &#171;Kl\u012bnika Dzintari&#187;, re\u0123.nr. 40003461335, AS &#171;Swedbank&#187;,Konts: LV51HABA0551004676730 \u0443\u043b. \u041c\u0435\u0436\u0441\u0430\u0440\u0433\u0443...\" \/>\n<meta property=\"og:url\" content=\"https:\/\/dzintari.lv\/ru\/%d0%ba%d0%be%d0%bd%d1%82%d0%b0%d0%ba%d1%82%d1%8b\/\" \/>\n<meta property=\"og:site_name\" content=\"Kl\u012bnika Dzintari\" \/>\n<meta property=\"article:modified_time\" content=\"2025-12-21T13:59:50+00:00\" \/>\n<meta property=\"og:image\" content=\"https:\/\/dzintari.lv\/wp-content\/uploads\/2018\/10\/icon2.png\" \/>\n<meta name=\"twitter:card\" content=\"summary_large_image\" \/>\n<meta name=\"twitter:label1\" content=\"\u041f\u0440\u0438\u043c\u0435\u0440\u043d\u043e\u0435 \u0432\u0440\u0435\u043c\u044f \u0434\u043b\u044f \u0447\u0442\u0435\u043d\u0438\u044f\" \/>\n\t<meta name=\"twitter:data1\" content=\"2 \u043c\u0438\u043d\u0443\u0442\u044b\" \/>\n<script type=\"application\/ld+json\" class=\"yoast-schema-graph\">{\"@context\":\"https:\\\/\\\/schema.org\",\"@graph\":[{\"@type\":\"WebPage\",\"@id\":\"https:\\\/\\\/dzintari.lv\\\/ru\\\/%d0%ba%d0%be%d0%bd%d1%82%d0%b0%d0%ba%d1%82%d1%8b\\\/\",\"url\":\"https:\\\/\\\/dzintari.lv\\\/ru\\\/%d0%ba%d0%be%d0%bd%d1%82%d0%b0%d0%ba%d1%82%d1%8b\\\/\",\"name\":\"\u041a\u043e\u043d\u0442\u0430\u043a\u0442\u044b - Kl\u012bnika Dzintari\",\"isPartOf\":{\"@id\":\"https:\\\/\\\/dzintari.lv\\\/#website\"},\"primaryImageOfPage\":{\"@id\":\"https:\\\/\\\/dzintari.lv\\\/ru\\\/%d0%ba%d0%be%d0%bd%d1%82%d0%b0%d0%ba%d1%82%d1%8b\\\/#primaryimage\"},\"image\":{\"@id\":\"https:\\\/\\\/dzintari.lv\\\/ru\\\/%d0%ba%d0%be%d0%bd%d1%82%d0%b0%d0%ba%d1%82%d1%8b\\\/#primaryimage\"},\"thumbnailUrl\":\"https:\\\/\\\/dzintari.lv\\\/wp-content\\\/uploads\\\/2018\\\/10\\\/icon2.png\",\"datePublished\":\"2018-03-21T13:05:02+00:00\",\"dateModified\":\"2025-12-21T13:59:50+00:00\",\"breadcrumb\":{\"@id\":\"https:\\\/\\\/dzintari.lv\\\/ru\\\/%d0%ba%d0%be%d0%bd%d1%82%d0%b0%d0%ba%d1%82%d1%8b\\\/#breadcrumb\"},\"inLanguage\":\"ru-RU\",\"potentialAction\":[{\"@type\":\"ReadAction\",\"target\":[\"https:\\\/\\\/dzintari.lv\\\/ru\\\/%d0%ba%d0%be%d0%bd%d1%82%d0%b0%d0%ba%d1%82%d1%8b\\\/\"]}]},{\"@type\":\"ImageObject\",\"inLanguage\":\"ru-RU\",\"@id\":\"https:\\\/\\\/dzintari.lv\\\/ru\\\/%d0%ba%d0%be%d0%bd%d1%82%d0%b0%d0%ba%d1%82%d1%8b\\\/#primaryimage\",\"url\":\"https:\\\/\\\/dzintari.lv\\\/wp-content\\\/uploads\\\/2018\\\/10\\\/icon2.png\",\"contentUrl\":\"https:\\\/\\\/dzintari.lv\\\/wp-content\\\/uploads\\\/2018\\\/10\\\/icon2.png\"},{\"@type\":\"BreadcrumbList\",\"@id\":\"https:\\\/\\\/dzintari.lv\\\/ru\\\/%d0%ba%d0%be%d0%bd%d1%82%d0%b0%d0%ba%d1%82%d1%8b\\\/#breadcrumb\",\"itemListElement\":[{\"@type\":\"ListItem\",\"position\":1,\"name\":\"Home\",\"item\":\"https:\\\/\\\/dzintari.lv\\\/ru\\\/\"},{\"@type\":\"ListItem\",\"position\":2,\"name\":\"\u041a\u043e\u043d\u0442\u0430\u043a\u0442\u044b\"}]},{\"@type\":\"WebSite\",\"@id\":\"https:\\\/\\\/dzintari.lv\\\/#website\",\"url\":\"https:\\\/\\\/dzintari.lv\\\/\",\"name\":\"Kl\u012bnika Dzintari\",\"description\":\"Psiholo\u0123isk\u0101 un psihiatrisk\u0101 pal\u012bdz\u012bba\",\"publisher\":{\"@id\":\"https:\\\/\\\/dzintari.lv\\\/#organization\"},\"potentialAction\":[{\"@type\":\"SearchAction\",\"target\":{\"@type\":\"EntryPoint\",\"urlTemplate\":\"https:\\\/\\\/dzintari.lv\\\/?s={search_term_string}\"},\"query-input\":{\"@type\":\"PropertyValueSpecification\",\"valueRequired\":true,\"valueName\":\"search_term_string\"}}],\"inLanguage\":\"ru-RU\"},{\"@type\":\"Organization\",\"@id\":\"https:\\\/\\\/dzintari.lv\\\/#organization\",\"name\":\"SIA \u201cKl\u012bnika Dzintari\u201d\",\"url\":\"https:\\\/\\\/dzintari.lv\\\/\",\"logo\":{\"@type\":\"ImageObject\",\"inLanguage\":\"ru-RU\",\"@id\":\"https:\\\/\\\/dzintari.lv\\\/#\\\/schema\\\/logo\\\/image\\\/\",\"url\":\"https:\\\/\\\/dzintari.lv\\\/wp-content\\\/uploads\\\/2018\\\/02\\\/dzint-01.png\",\"contentUrl\":\"https:\\\/\\\/dzintari.lv\\\/wp-content\\\/uploads\\\/2018\\\/02\\\/dzint-01.png\",\"width\":259,\"height\":222,\"caption\":\"SIA \u201cKl\u012bnika Dzintari\u201d\"},\"image\":{\"@id\":\"https:\\\/\\\/dzintari.lv\\\/#\\\/schema\\\/logo\\\/image\\\/\"}}]}<\/script>\n<!-- \/ Yoast SEO plugin. -->","yoast_head_json":{"title":"\u041a\u043e\u043d\u0442\u0430\u043a\u0442\u044b - Kl\u012bnika Dzintari","robots":{"index":"index","follow":"follow","max-snippet":"max-snippet:-1","max-image-preview":"max-image-preview:large","max-video-preview":"max-video-preview:-1"},"canonical":"https:\/\/dzintari.lv\/ru\/%d0%ba%d0%be%d0%bd%d1%82%d0%b0%d0%ba%d1%82%d1%8b\/","og_locale":"ru_RU","og_type":"article","og_title":"\u041a\u043e\u043d\u0442\u0430\u043a\u0442\u044b - Kl\u012bnika Dzintari","og_description":"\u041d\u0430\u0432\u0438\u0433\u0430\u0446\u0438\u044f \u0441 &#8212; Waze \u201cK\u043b\u0438\u043d\u0438\u043a\u0430 Dzintari\u201c \u041a\u043b\u0438\u0435\u043d\u0442\u044b \u00ab\u041a\u043b\u0438\u043d\u0438\u043a\u0438 \u0414\u0437\u0438\u043d\u0442\u0430\u0440\u0438\u00bb \u0438\u043c\u0435\u044e\u0442 \u0432\u043e\u0437\u043c\u043e\u0436\u043d\u043e\u0441\u0442\u044c \u043a\u0430\u0436\u0434\u044b\u0439 \u0434\u0435\u043d\u044c \u0432 \u043f\u0435\u0440\u0438\u043e\u0434 \u043b\u0435\u0447\u0435\u043d\u0438\u044f \u043e\u0444\u043e\u0440\u043c\u043b\u044f\u0442\u044c \u0431\u0435\u0441\u043f\u043b\u0430\u0442\u043d\u044b\u0439 \u043f\u0440\u043e\u043f\u0443\u0441\u043a \u0434\u043b\u044f \u0437\u0430\u0435\u0437\u0434\u0430 \u0432 \u042e\u0440\u043c\u0430\u043b\u0443: https:\/\/www.jurmala.lv\/lv\/jaunums\/no-2026-gada-1-janvara-jauns-iebrauksanas-nodevas-apmers, \u0430 \u0437\u0430\u0442\u0435\u043c \u043f\u0440\u0438\u0439\u0442\u0438 \u043a \u0430\u0434\u043c\u0438\u043d\u0438\u0441\u0442\u0440\u0430\u0442\u043e\u0440\u0443 \u043a\u043b\u0438\u043d\u0438\u043a\u0438 \u0434\u043b\u044f \u043f\u043e\u043b\u0443\u0447\u0435\u043d\u0438\u044f \u043f\u043e\u0434\u0442\u0432\u0435\u0440\u0436\u0434\u0435\u043d\u0438\u044f \u043f\u0440\u043e\u043f\u0443\u0441\u043a\u0430. \u00a0 SIA &#171;Kl\u012bnika Dzintari&#187;, re\u0123.nr. 40003461335, AS &#171;Swedbank&#187;,Konts: LV51HABA0551004676730 \u0443\u043b. \u041c\u0435\u0436\u0441\u0430\u0440\u0433\u0443...","og_url":"https:\/\/dzintari.lv\/ru\/%d0%ba%d0%be%d0%bd%d1%82%d0%b0%d0%ba%d1%82%d1%8b\/","og_site_name":"Kl\u012bnika Dzintari","article_modified_time":"2025-12-21T13:59:50+00:00","og_image":[{"url":"https:\/\/dzintari.lv\/wp-content\/uploads\/2018\/10\/icon2.png","type":"","width":"","height":""}],"twitter_card":"summary_large_image","twitter_misc":{"\u041f\u0440\u0438\u043c\u0435\u0440\u043d\u043e\u0435 \u0432\u0440\u0435\u043c\u044f \u0434\u043b\u044f \u0447\u0442\u0435\u043d\u0438\u044f":"2 \u043c\u0438\u043d\u0443\u0442\u044b"},"schema":{"@context":"https:\/\/schema.org","@graph":[{"@type":"WebPage","@id":"https:\/\/dzintari.lv\/ru\/%d0%ba%d0%be%d0%bd%d1%82%d0%b0%d0%ba%d1%82%d1%8b\/","url":"https:\/\/dzintari.lv\/ru\/%d0%ba%d0%be%d0%bd%d1%82%d0%b0%d0%ba%d1%82%d1%8b\/","name":"\u041a\u043e\u043d\u0442\u0430\u043a\u0442\u044b - Kl\u012bnika Dzintari","isPartOf":{"@id":"https:\/\/dzintari.lv\/#website"},"primaryImageOfPage":{"@id":"https:\/\/dzintari.lv\/ru\/%d0%ba%d0%be%d0%bd%d1%82%d0%b0%d0%ba%d1%82%d1%8b\/#primaryimage"},"image":{"@id":"https:\/\/dzintari.lv\/ru\/%d0%ba%d0%be%d0%bd%d1%82%d0%b0%d0%ba%d1%82%d1%8b\/#primaryimage"},"thumbnailUrl":"https:\/\/dzintari.lv\/wp-content\/uploads\/2018\/10\/icon2.png","datePublished":"2018-03-21T13:05:02+00:00","dateModified":"2025-12-21T13:59:50+00:00","breadcrumb":{"@id":"https:\/\/dzintari.lv\/ru\/%d0%ba%d0%be%d0%bd%d1%82%d0%b0%d0%ba%d1%82%d1%8b\/#breadcrumb"},"inLanguage":"ru-RU","potentialAction":[{"@type":"ReadAction","target":["https:\/\/dzintari.lv\/ru\/%d0%ba%d0%be%d0%bd%d1%82%d0%b0%d0%ba%d1%82%d1%8b\/"]}]},{"@type":"ImageObject","inLanguage":"ru-RU","@id":"https:\/\/dzintari.lv\/ru\/%d0%ba%d0%be%d0%bd%d1%82%d0%b0%d0%ba%d1%82%d1%8b\/#primaryimage","url":"https:\/\/dzintari.lv\/wp-content\/uploads\/2018\/10\/icon2.png","contentUrl":"https:\/\/dzintari.lv\/wp-content\/uploads\/2018\/10\/icon2.png"},{"@type":"BreadcrumbList","@id":"https:\/\/dzintari.lv\/ru\/%d0%ba%d0%be%d0%bd%d1%82%d0%b0%d0%ba%d1%82%d1%8b\/#breadcrumb","itemListElement":[{"@type":"ListItem","position":1,"name":"Home","item":"https:\/\/dzintari.lv\/ru\/"},{"@type":"ListItem","position":2,"name":"\u041a\u043e\u043d\u0442\u0430\u043a\u0442\u044b"}]},{"@type":"WebSite","@id":"https:\/\/dzintari.lv\/#website","url":"https:\/\/dzintari.lv\/","name":"Kl\u012bnika Dzintari","description":"Psiholo\u0123isk\u0101 un psihiatrisk\u0101 pal\u012bdz\u012bba","publisher":{"@id":"https:\/\/dzintari.lv\/#organization"},"potentialAction":[{"@type":"SearchAction","target":{"@type":"EntryPoint","urlTemplate":"https:\/\/dzintari.lv\/?s={search_term_string}"},"query-input":{"@type":"PropertyValueSpecification","valueRequired":true,"valueName":"search_term_string"}}],"inLanguage":"ru-RU"},{"@type":"Organization","@id":"https:\/\/dzintari.lv\/#organization","name":"SIA \u201cKl\u012bnika Dzintari\u201d","url":"https:\/\/dzintari.lv\/","logo":{"@type":"ImageObject","inLanguage":"ru-RU","@id":"https:\/\/dzintari.lv\/#\/schema\/logo\/image\/","url":"https:\/\/dzintari.lv\/wp-content\/uploads\/2018\/02\/dzint-01.png","contentUrl":"https:\/\/dzintari.lv\/wp-content\/uploads\/2018\/02\/dzint-01.png","width":259,"height":222,"caption":"SIA \u201cKl\u012bnika Dzintari\u201d"},"image":{"@id":"https:\/\/dzintari.lv\/#\/schema\/logo\/image\/"}}]}},"_links":{"self":[{"href":"https:\/\/dzintari.lv\/ru\/wp-json\/wp\/v2\/pages\/17257","targetHints":{"allow":["GET"]}}],"collection":[{"href":"https:\/\/dzintari.lv\/ru\/wp-json\/wp\/v2\/pages"}],"about":[{"href":"https:\/\/dzintari.lv\/ru\/wp-json\/wp\/v2\/types\/page"}],"author":[{"embeddable":true,"href":"https:\/\/dzintari.lv\/ru\/wp-json\/wp\/v2\/users\/1"}],"replies":[{"embeddable":true,"href":"https:\/\/dzintari.lv\/ru\/wp-json\/wp\/v2\/comments?post=17257"}],"version-history":[{"count":65,"href":"https:\/\/dzintari.lv\/ru\/wp-json\/wp\/v2\/pages\/17257\/revisions"}],"predecessor-version":[{"id":28970,"href":"https:\/\/dzintari.lv\/ru\/wp-json\/wp\/v2\/pages\/17257\/revisions\/28970"}],"wp:attachment":[{"href":"https:\/\/dzintari.lv\/ru\/wp-json\/wp\/v2\/media?parent=17257"}],"curies":[{"name":"wp","href":"https:\/\/api.w.org\/{rel}","templated":true}]}}