{"id":22697,"date":"2022-01-21T08:56:07","date_gmt":"2022-01-21T08:56:07","guid":{"rendered":"https:\/\/dzintari.lv\/partners\/"},"modified":"2025-06-20T05:37:53","modified_gmt":"2025-06-20T05:37:53","slug":"partners","status":"publish","type":"page","link":"https:\/\/dzintari.lv\/en\/partners\/","title":{"rendered":"Partners"},"content":{"rendered":"\n<div class=\"wp-block-columns is-layout-flex wp-container-core-columns-is-layout-9d6595d7 wp-block-columns-is-layout-flex\">\n<div class=\"wp-block-column is-layout-flow wp-block-column-is-layout-flow\"><div class=\"wp-block-image\">\n<figure class=\"aligncenter size-large\"><img loading=\"lazy\" decoding=\"async\" width=\"1024\" height=\"119\" src=\"https:\/\/dzintari.lv\/wp-content\/uploads\/2025\/06\/Krasains-melns-teksts-1024x119.png\" alt=\"\" class=\"wp-image-28232\" srcset=\"https:\/\/dzintari.lv\/wp-content\/uploads\/2025\/06\/Krasains-melns-teksts-1024x119.png 1024w, https:\/\/dzintari.lv\/wp-content\/uploads\/2025\/06\/Krasains-melns-teksts-300x35.png 300w, https:\/\/dzintari.lv\/wp-content\/uploads\/2025\/06\/Krasains-melns-teksts-768x89.png 768w, https:\/\/dzintari.lv\/wp-content\/uploads\/2025\/06\/Krasains-melns-teksts-1536x179.png 1536w, https:\/\/dzintari.lv\/wp-content\/uploads\/2025\/06\/Krasains-melns-teksts-2048x238.png 2048w, https:\/\/dzintari.lv\/wp-content\/uploads\/2025\/06\/Krasains-melns-teksts-700x81.png 700w\" sizes=\"auto, (max-width: 1024px) 100vw, 1024px\" \/><\/figure>\n<\/div>\n\n\n<p class=\"has-text-align-center\"><strong>Latvian Health Tourism Cluster<\/strong><\/p>\n<\/div>\n<\/div>\n\n\n\n<div class=\"wp-block-columns is-layout-flex wp-container-core-columns-is-layout-9d6595d7 wp-block-columns-is-layout-flex\">\n<div class=\"wp-block-column is-layout-flow wp-block-column-is-layout-flow\"><div class=\"wp-block-image\">\n<figure class=\"aligncenter size-large\"><a href=\"https:\/\/stebby.eu\/\" target=\"_blank\" rel=\"noopener\"><img loading=\"lazy\" decoding=\"async\" width=\"450\" height=\"200\" src=\"https:\/\/dzintari.lv\/wp-content\/uploads\/2022\/01\/Stebby-logo.png\" alt=\"\" class=\"wp-image-22589\" srcset=\"https:\/\/dzintari.lv\/wp-content\/uploads\/2022\/01\/Stebby-logo.png 450w, https:\/\/dzintari.lv\/wp-content\/uploads\/2022\/01\/Stebby-logo-300x133.png 300w\" sizes=\"auto, (max-width: 450px) 100vw, 450px\" \/><\/a><\/figure>\n<\/div>\n\n\n<p class=\"has-text-align-center\"><strong>The largest wellness marketplace in the Baltics<\/strong><\/p>\n<\/div>\n\n\n\n<div class=\"wp-block-column is-layout-flow wp-block-column-is-layout-flow\"><div class=\"wp-block-image\">\n<figure class=\"aligncenter size-large\"><a href=\"http:\/\/www.thalion.com\/\" target=\"_blank\" rel=\"noopener\"><img loading=\"lazy\" decoding=\"async\" width=\"450\" height=\"200\" src=\"https:\/\/dzintari.lv\/wp-content\/uploads\/2022\/01\/thalion-logo.png\" alt=\"\" class=\"wp-image-22592\" srcset=\"https:\/\/dzintari.lv\/wp-content\/uploads\/2022\/01\/thalion-logo.png 450w, https:\/\/dzintari.lv\/wp-content\/uploads\/2022\/01\/thalion-logo-300x133.png 300w\" sizes=\"auto, (max-width: 450px) 100vw, 450px\" \/><\/a><\/figure>\n<\/div>\n\n\n<p class=\"has-text-align-center\"><strong>Professional cosmetics from France<\/strong><\/p>\n<\/div>\n<\/div>\n\n\n\n<div class=\"wp-block-columns is-layout-flex wp-container-core-columns-is-layout-9d6595d7 wp-block-columns-is-layout-flex\">\n<div class=\"wp-block-column is-layout-flow wp-block-column-is-layout-flow\"><div class=\"wp-block-image\">\n<figure class=\"aligncenter size-medium\"><a href=\"https:\/\/www.coldumarine.com\/\" target=\"_blank\" rel=\"noreferrer noopener\"><img loading=\"lazy\" decoding=\"async\" width=\"300\" height=\"240\" src=\"https:\/\/dzintari.lv\/wp-content\/uploads\/2022\/08\/Logo-Col-Du-Marine-4-300x240.jpg\" alt=\"\" class=\"wp-image-23619\" srcset=\"https:\/\/dzintari.lv\/wp-content\/uploads\/2022\/08\/Logo-Col-Du-Marine-4-300x240.jpg 300w, https:\/\/dzintari.lv\/wp-content\/uploads\/2022\/08\/Logo-Col-Du-Marine-4.jpg 500w\" sizes=\"auto, (max-width: 300px) 100vw, 300px\" \/><\/a><\/figure>\n<\/div>\n\n\n<p class=\"has-text-align-center\"><strong>Marine Collagen products<\/strong><\/p>\n<\/div>\n\n\n\n<div class=\"wp-block-column is-layout-flow wp-block-column-is-layout-flow\"><div class=\"wp-block-image\">\n<figure class=\"aligncenter size-medium\"><a href=\"https:\/\/www.albahoteljurmala.lv\/\" target=\"_blank\" rel=\"noreferrer noopener\"><img loading=\"lazy\" decoding=\"async\" width=\"300\" height=\"300\" src=\"https:\/\/dzintari.lv\/wp-content\/uploads\/2023\/06\/Alba-logo-300x300.png\" alt=\"\" class=\"wp-image-25185\" srcset=\"https:\/\/dzintari.lv\/wp-content\/uploads\/2023\/06\/Alba-logo-300x300.png 300w, https:\/\/dzintari.lv\/wp-content\/uploads\/2023\/06\/Alba-logo-1024x1024.png 1024w, https:\/\/dzintari.lv\/wp-content\/uploads\/2023\/06\/Alba-logo-150x150.png 150w, https:\/\/dzintari.lv\/wp-content\/uploads\/2023\/06\/Alba-logo-768x768.png 768w, https:\/\/dzintari.lv\/wp-content\/uploads\/2023\/06\/Alba-logo-1536x1536.png 1536w, https:\/\/dzintari.lv\/wp-content\/uploads\/2023\/06\/Alba-logo-570x570.png 570w, https:\/\/dzintari.lv\/wp-content\/uploads\/2023\/06\/Alba-logo-500x500.png 500w, https:\/\/dzintari.lv\/wp-content\/uploads\/2023\/06\/Alba-logo-1000x1000.png 1000w, https:\/\/dzintari.lv\/wp-content\/uploads\/2023\/06\/Alba-logo-700x700.png 700w, https:\/\/dzintari.lv\/wp-content\/uploads\/2023\/06\/Alba-logo.png 2048w\" sizes=\"auto, (max-width: 300px) 100vw, 300px\" \/><\/a><\/figure>\n<\/div><\/div>\n<\/div>\n\n\n\n<div class=\"wp-block-columns is-layout-flex wp-container-core-columns-is-layout-9d6595d7 wp-block-columns-is-layout-flex\">\n<div class=\"wp-block-column is-layout-flow wp-block-column-is-layout-flow\"><div class=\"wp-block-image\">\n<figure class=\"aligncenter size-medium\"><a href=\"https:\/\/hoteldaina.lv\/\" target=\"_blank\" rel=\"noreferrer noopener\"><img loading=\"lazy\" decoding=\"async\" width=\"300\" height=\"151\" src=\"https:\/\/dzintari.lv\/wp-content\/uploads\/2023\/06\/Daina-logo-300x151.png\" alt=\"\" class=\"wp-image-25182\" srcset=\"https:\/\/dzintari.lv\/wp-content\/uploads\/2023\/06\/Daina-logo-300x151.png 300w, https:\/\/dzintari.lv\/wp-content\/uploads\/2023\/06\/Daina-logo-1024x515.png 1024w, https:\/\/dzintari.lv\/wp-content\/uploads\/2023\/06\/Daina-logo-768x386.png 768w, https:\/\/dzintari.lv\/wp-content\/uploads\/2023\/06\/Daina-logo-1536x773.png 1536w, https:\/\/dzintari.lv\/wp-content\/uploads\/2023\/06\/Daina-logo-2048x1030.png 2048w, https:\/\/dzintari.lv\/wp-content\/uploads\/2023\/06\/Daina-logo-1000x500.png 1000w, https:\/\/dzintari.lv\/wp-content\/uploads\/2023\/06\/Daina-logo-700x352.png 700w\" sizes=\"auto, (max-width: 300px) 100vw, 300px\" \/><\/a><\/figure>\n<\/div><\/div>\n\n\n\n<div class=\"wp-block-column is-layout-flow wp-block-column-is-layout-flow\">\n<figure class=\"wp-block-image size-large is-resized\"><img loading=\"lazy\" decoding=\"async\" src=\"https:\/\/dzintari.lv\/wp-content\/uploads\/2025\/02\/Aizdevums_logo_SARKANS-1024x287.png\" alt=\"\" class=\"wp-image-27788\" width=\"410\" height=\"115\" srcset=\"https:\/\/dzintari.lv\/wp-content\/uploads\/2025\/02\/Aizdevums_logo_SARKANS-1024x287.png 1024w, https:\/\/dzintari.lv\/wp-content\/uploads\/2025\/02\/Aizdevums_logo_SARKANS-300x84.png 300w, https:\/\/dzintari.lv\/wp-content\/uploads\/2025\/02\/Aizdevums_logo_SARKANS-768x215.png 768w, https:\/\/dzintari.lv\/wp-content\/uploads\/2025\/02\/Aizdevums_logo_SARKANS-700x196.png 700w, https:\/\/dzintari.lv\/wp-content\/uploads\/2025\/02\/Aizdevums_logo_SARKANS.png 1181w\" sizes=\"auto, (max-width: 410px) 100vw, 410px\" \/><\/figure>\n<\/div>\n<\/div>\n\n\n\n<p><\/p>\n","protected":false},"excerpt":{"rendered":"<p>Latvian Health Tourism Cluster The largest wellness marketplace in the Baltics Professional cosmetics from France Marine Collagen products<\/p>\n","protected":false},"author":1,"featured_media":0,"parent":0,"menu_order":0,"comment_status":"closed","ping_status":"closed","template":"","meta":{"footnotes":""},"class_list":["post-22697","page","type-page","status-publish","hentry"],"acf":[],"yoast_head":"<!-- This site is optimized with the Yoast SEO plugin v27.4 - https:\/\/yoast.com\/product\/yoast-seo-wordpress\/ -->\n<title>Partners - Kl\u012bnika Dzintari<\/title>\n<meta name=\"robots\" content=\"index, follow, max-snippet:-1, max-image-preview:large, max-video-preview:-1\" \/>\n<link rel=\"canonical\" href=\"https:\/\/dzintari.lv\/en\/partners\/\" \/>\n<meta property=\"og:locale\" content=\"en_US\" \/>\n<meta property=\"og:type\" content=\"article\" \/>\n<meta property=\"og:title\" content=\"Partners - Kl\u012bnika Dzintari\" \/>\n<meta property=\"og:description\" content=\"Latvian Health Tourism Cluster The largest wellness marketplace in the Baltics Professional cosmetics from France Marine Collagen products\" \/>\n<meta property=\"og:url\" content=\"https:\/\/dzintari.lv\/en\/partners\/\" \/>\n<meta property=\"og:site_name\" content=\"Kl\u012bnika Dzintari\" \/>\n<meta property=\"article:modified_time\" content=\"2025-06-20T05:37:53+00:00\" \/>\n<meta property=\"og:image\" content=\"https:\/\/dzintari.lv\/wp-content\/uploads\/2025\/06\/Krasains-melns-teksts-1024x119.png\" \/>\n<meta name=\"twitter:card\" content=\"summary_large_image\" \/>\n<meta name=\"twitter:label1\" content=\"Est. reading time\" \/>\n\t<meta name=\"twitter:data1\" content=\"2 minutes\" \/>\n<script type=\"application\/ld+json\" class=\"yoast-schema-graph\">{\"@context\":\"https:\\\/\\\/schema.org\",\"@graph\":[{\"@type\":\"WebPage\",\"@id\":\"https:\\\/\\\/dzintari.lv\\\/en\\\/partners\\\/\",\"url\":\"https:\\\/\\\/dzintari.lv\\\/en\\\/partners\\\/\",\"name\":\"Partners - Kl\u012bnika Dzintari\",\"isPartOf\":{\"@id\":\"https:\\\/\\\/dzintari.lv\\\/#website\"},\"primaryImageOfPage\":{\"@id\":\"https:\\\/\\\/dzintari.lv\\\/en\\\/partners\\\/#primaryimage\"},\"image\":{\"@id\":\"https:\\\/\\\/dzintari.lv\\\/en\\\/partners\\\/#primaryimage\"},\"thumbnailUrl\":\"https:\\\/\\\/dzintari.lv\\\/wp-content\\\/uploads\\\/2025\\\/06\\\/Krasains-melns-teksts-1024x119.png\",\"datePublished\":\"2022-01-21T08:56:07+00:00\",\"dateModified\":\"2025-06-20T05:37:53+00:00\",\"breadcrumb\":{\"@id\":\"https:\\\/\\\/dzintari.lv\\\/en\\\/partners\\\/#breadcrumb\"},\"inLanguage\":\"en-US\",\"potentialAction\":[{\"@type\":\"ReadAction\",\"target\":[\"https:\\\/\\\/dzintari.lv\\\/en\\\/partners\\\/\"]}]},{\"@type\":\"ImageObject\",\"inLanguage\":\"en-US\",\"@id\":\"https:\\\/\\\/dzintari.lv\\\/en\\\/partners\\\/#primaryimage\",\"url\":\"https:\\\/\\\/dzintari.lv\\\/wp-content\\\/uploads\\\/2025\\\/06\\\/Krasains-melns-teksts-1024x119.png\",\"contentUrl\":\"https:\\\/\\\/dzintari.lv\\\/wp-content\\\/uploads\\\/2025\\\/06\\\/Krasains-melns-teksts-1024x119.png\"},{\"@type\":\"BreadcrumbList\",\"@id\":\"https:\\\/\\\/dzintari.lv\\\/en\\\/partners\\\/#breadcrumb\",\"itemListElement\":[{\"@type\":\"ListItem\",\"position\":1,\"name\":\"Home\",\"item\":\"https:\\\/\\\/dzintari.lv\\\/en\\\/\"},{\"@type\":\"ListItem\",\"position\":2,\"name\":\"Partners\"}]},{\"@type\":\"WebSite\",\"@id\":\"https:\\\/\\\/dzintari.lv\\\/#website\",\"url\":\"https:\\\/\\\/dzintari.lv\\\/\",\"name\":\"Kl\u012bnika Dzintari\",\"description\":\"Psiholo\u0123isk\u0101 un psihiatrisk\u0101 pal\u012bdz\u012bba\",\"publisher\":{\"@id\":\"https:\\\/\\\/dzintari.lv\\\/#organization\"},\"potentialAction\":[{\"@type\":\"SearchAction\",\"target\":{\"@type\":\"EntryPoint\",\"urlTemplate\":\"https:\\\/\\\/dzintari.lv\\\/?s={search_term_string}\"},\"query-input\":{\"@type\":\"PropertyValueSpecification\",\"valueRequired\":true,\"valueName\":\"search_term_string\"}}],\"inLanguage\":\"en-US\"},{\"@type\":\"Organization\",\"@id\":\"https:\\\/\\\/dzintari.lv\\\/#organization\",\"name\":\"SIA \u201cKl\u012bnika Dzintari\u201d\",\"url\":\"https:\\\/\\\/dzintari.lv\\\/\",\"logo\":{\"@type\":\"ImageObject\",\"inLanguage\":\"en-US\",\"@id\":\"https:\\\/\\\/dzintari.lv\\\/#\\\/schema\\\/logo\\\/image\\\/\",\"url\":\"https:\\\/\\\/dzintari.lv\\\/wp-content\\\/uploads\\\/2018\\\/02\\\/dzint-01.png\",\"contentUrl\":\"https:\\\/\\\/dzintari.lv\\\/wp-content\\\/uploads\\\/2018\\\/02\\\/dzint-01.png\",\"width\":259,\"height\":222,\"caption\":\"SIA \u201cKl\u012bnika Dzintari\u201d\"},\"image\":{\"@id\":\"https:\\\/\\\/dzintari.lv\\\/#\\\/schema\\\/logo\\\/image\\\/\"}}]}<\/script>\n<!-- \/ Yoast SEO plugin. -->","yoast_head_json":{"title":"Partners - Kl\u012bnika Dzintari","robots":{"index":"index","follow":"follow","max-snippet":"max-snippet:-1","max-image-preview":"max-image-preview:large","max-video-preview":"max-video-preview:-1"},"canonical":"https:\/\/dzintari.lv\/en\/partners\/","og_locale":"en_US","og_type":"article","og_title":"Partners - Kl\u012bnika Dzintari","og_description":"Latvian Health Tourism Cluster The largest wellness marketplace in the Baltics Professional cosmetics from France Marine Collagen products","og_url":"https:\/\/dzintari.lv\/en\/partners\/","og_site_name":"Kl\u012bnika Dzintari","article_modified_time":"2025-06-20T05:37:53+00:00","og_image":[{"url":"https:\/\/dzintari.lv\/wp-content\/uploads\/2025\/06\/Krasains-melns-teksts-1024x119.png","type":"","width":"","height":""}],"twitter_card":"summary_large_image","twitter_misc":{"Est. reading time":"2 minutes"},"schema":{"@context":"https:\/\/schema.org","@graph":[{"@type":"WebPage","@id":"https:\/\/dzintari.lv\/en\/partners\/","url":"https:\/\/dzintari.lv\/en\/partners\/","name":"Partners - Kl\u012bnika Dzintari","isPartOf":{"@id":"https:\/\/dzintari.lv\/#website"},"primaryImageOfPage":{"@id":"https:\/\/dzintari.lv\/en\/partners\/#primaryimage"},"image":{"@id":"https:\/\/dzintari.lv\/en\/partners\/#primaryimage"},"thumbnailUrl":"https:\/\/dzintari.lv\/wp-content\/uploads\/2025\/06\/Krasains-melns-teksts-1024x119.png","datePublished":"2022-01-21T08:56:07+00:00","dateModified":"2025-06-20T05:37:53+00:00","breadcrumb":{"@id":"https:\/\/dzintari.lv\/en\/partners\/#breadcrumb"},"inLanguage":"en-US","potentialAction":[{"@type":"ReadAction","target":["https:\/\/dzintari.lv\/en\/partners\/"]}]},{"@type":"ImageObject","inLanguage":"en-US","@id":"https:\/\/dzintari.lv\/en\/partners\/#primaryimage","url":"https:\/\/dzintari.lv\/wp-content\/uploads\/2025\/06\/Krasains-melns-teksts-1024x119.png","contentUrl":"https:\/\/dzintari.lv\/wp-content\/uploads\/2025\/06\/Krasains-melns-teksts-1024x119.png"},{"@type":"BreadcrumbList","@id":"https:\/\/dzintari.lv\/en\/partners\/#breadcrumb","itemListElement":[{"@type":"ListItem","position":1,"name":"Home","item":"https:\/\/dzintari.lv\/en\/"},{"@type":"ListItem","position":2,"name":"Partners"}]},{"@type":"WebSite","@id":"https:\/\/dzintari.lv\/#website","url":"https:\/\/dzintari.lv\/","name":"Kl\u012bnika Dzintari","description":"Psiholo\u0123isk\u0101 un psihiatrisk\u0101 pal\u012bdz\u012bba","publisher":{"@id":"https:\/\/dzintari.lv\/#organization"},"potentialAction":[{"@type":"SearchAction","target":{"@type":"EntryPoint","urlTemplate":"https:\/\/dzintari.lv\/?s={search_term_string}"},"query-input":{"@type":"PropertyValueSpecification","valueRequired":true,"valueName":"search_term_string"}}],"inLanguage":"en-US"},{"@type":"Organization","@id":"https:\/\/dzintari.lv\/#organization","name":"SIA \u201cKl\u012bnika Dzintari\u201d","url":"https:\/\/dzintari.lv\/","logo":{"@type":"ImageObject","inLanguage":"en-US","@id":"https:\/\/dzintari.lv\/#\/schema\/logo\/image\/","url":"https:\/\/dzintari.lv\/wp-content\/uploads\/2018\/02\/dzint-01.png","contentUrl":"https:\/\/dzintari.lv\/wp-content\/uploads\/2018\/02\/dzint-01.png","width":259,"height":222,"caption":"SIA \u201cKl\u012bnika Dzintari\u201d"},"image":{"@id":"https:\/\/dzintari.lv\/#\/schema\/logo\/image\/"}}]}},"_links":{"self":[{"href":"https:\/\/dzintari.lv\/en\/wp-json\/wp\/v2\/pages\/22697","targetHints":{"allow":["GET"]}}],"collection":[{"href":"https:\/\/dzintari.lv\/en\/wp-json\/wp\/v2\/pages"}],"about":[{"href":"https:\/\/dzintari.lv\/en\/wp-json\/wp\/v2\/types\/page"}],"author":[{"embeddable":true,"href":"https:\/\/dzintari.lv\/en\/wp-json\/wp\/v2\/users\/1"}],"replies":[{"embeddable":true,"href":"https:\/\/dzintari.lv\/en\/wp-json\/wp\/v2\/comments?post=22697"}],"version-history":[{"count":11,"href":"https:\/\/dzintari.lv\/en\/wp-json\/wp\/v2\/pages\/22697\/revisions"}],"predecessor-version":[{"id":28236,"href":"https:\/\/dzintari.lv\/en\/wp-json\/wp\/v2\/pages\/22697\/revisions\/28236"}],"wp:attachment":[{"href":"https:\/\/dzintari.lv\/en\/wp-json\/wp\/v2\/media?parent=22697"}],"curies":[{"name":"wp","href":"https:\/\/api.w.org\/{rel}","templated":true}]}}