{"id":17164,"date":"2018-03-21T09:20:06","date_gmt":"2018-03-21T09:20:06","guid":{"rendered":"https:\/\/dzintari.dev-web-server.eu\/?page_id=17164"},"modified":"2026-04-10T08:14:38","modified_gmt":"2026-04-10T08:14:38","slug":"medical-and-wellness-programs","status":"publish","type":"page","link":"https:\/\/dzintari.lv\/en\/services\/medical-and-wellness-programs\/","title":{"rendered":"Medical program for vegetative dystonia, depression and burnout syndrome"},"content":{"rendered":"<h2><img loading=\"lazy\" decoding=\"async\" class=\"alignnone wp-image-28232 size-medium\" src=\"https:\/\/dzintari.lv\/wp-content\/uploads\/2025\/06\/Krasains-melns-teksts-300x35.png\" alt=\"Latvijas \" width=\"300\" height=\"35\" srcset=\"https:\/\/dzintari.lv\/wp-content\/uploads\/2025\/06\/Krasains-melns-teksts-300x35.png 300w, https:\/\/dzintari.lv\/wp-content\/uploads\/2025\/06\/Krasains-melns-teksts-1024x119.png 1024w, https:\/\/dzintari.lv\/wp-content\/uploads\/2025\/06\/Krasains-melns-teksts-768x89.png 768w, https:\/\/dzintari.lv\/wp-content\/uploads\/2025\/06\/Krasains-melns-teksts-1536x179.png 1536w, https:\/\/dzintari.lv\/wp-content\/uploads\/2025\/06\/Krasains-melns-teksts-2048x238.png 2048w, https:\/\/dzintari.lv\/wp-content\/uploads\/2025\/06\/Krasains-melns-teksts-700x81.png 700w\" sizes=\"auto, (max-width: 300px) 100vw, 300px\" \/><\/h2>\r\n<p>Information on available Medical services in Latvia in English:<a href=\"https:\/\/dzintari.lv\/wp-content\/uploads\/2020\/05\/health_tourism_in_latvia.pdf\"> https:\/\/dzintari.lv\/wp-content\/uploads\/2020\/05\/health_tourism_in_latvia.pdf<\/a><\/p>\r\n<h2 class=\"p1\" style=\"text-align: center;\"><span class=\"s1\">Our clinic offers medical program for Mental health improvement &#8211; 5 \/10 days. <\/span><\/h2>\r\n<h5 class=\"p1\" style=\"text-align: center;\">&#8220;Clinic Dzintari&#8221; is located on Me\u017esargu street 4\/6, Mellu\u017ei, Jurmala, LV-2008 (in the territory of the hotel &#8220;Daina Jurmala Beach Hotel &amp; SPA&#8221;, entrance from the side of prospect Mellu\u017eu). Tel. <a href=\"tel:+37129549983\">+37129549983<\/a><\/h5>\r\n<p>The clients of &#8220;Clinic Dzintari&#8221; have the opportunity to get a free pass every day during the treatment period for the entrance in Jurmala: <a href=\"https:\/\/www.jurmala.lv\/lv\/jaunums\/no-2026-gada-1-janvara-jauns-iebrauksanas-nodevas-apmers\">https:\/\/www.jurmala.lv\/lv\/jaunums\/no-2026-gada-1-janvara-jauns-iebrauksanas-nodevas-apmers<\/a><br \/>and then come to the clinic administrator to receive confirmation of your pass.<\/p>\r\n<p>You can apply for day hospital or specialist visits using the electronic application form<a href=\"https:\/\/dzintari.lv\/en\/apply-for-consultation\/\"> www.dzintari.lv<\/a>, or by calling <a href=\"tel:+371 67754 811\">+371 29549983<\/a><\/p>\r\n<div id=\"tw-target-rmn-container\" class=\"tw-target-rmn tw-ta-container F0azHf tw-nfl\">\r\n<pre id=\"block-a3d5239d-699b-4517-8643-00acb53672c4\" class=\"block-editor-rich-text__editable wp-block-preformatted block-editor-block-list__block wp-block is-selected rich-text\" tabindex=\"0\" role=\"group\" contenteditable=\"true\" aria-multiline=\"true\" aria-label=\"Block: Preformatted\" data-block=\"a3d5239d-699b-4517-8643-00acb53672c4\" data-type=\"core\/preformatted\" data-title=\"Preformatted\">\u00a0<\/pre>\r\n<\/div>\r\n\r\n<h2><strong>Paid medical program for clients with burnout, anxiety, exhaustion, sleep disorders, vegetative dystonia, depression etc. &#8211; 5\/10 days <\/strong><\/h2>\r\n<h5><strong>(accommodation is possible <\/strong><strong>in the hotel &#8220;ALBA&#8221; &#8211; J\u016brmala, Mellu\u017ei, D\u0101rzu Str. 9<\/strong><strong>: <a href=\"https:\/\/www.albahoteljurmala.lv\/\">https:\/\/www.albahoteljurmala.lv\/ )<\/a><\/strong><\/h5>\r\n<p><!-- \/wp:post-content -->\r\n\r\n<!-- wp:paragraph {\"align\":\"center\"} \/-->\r\n\r\n<!-- wp:paragraph --><\/p>\r\n<p><strong>&#8211; 730 EUR (05.01. &#8211; 31.08.2026.) &#8211; program 5 days without the hotel, hotel options you can find here: <a href=\"https:\/\/dzintari.lv\/en\/services\/hotel-and-restaurant-services\/\">https:\/\/dzintari.lv\/en\/services\/hotel-and-restaurant-services\/<\/a><br \/><\/strong><\/p>\r\n<p>&nbsp;<\/p>\r\n<figure class=\"wp-block-table is-style-stripes\">\r\n<table>\r\n<tbody>\r\n<tr>\r\n<td class=\"has-text-align-left\" data-align=\"left\">Individual doctor&#8217;s consultation 45 min.<\/td>\r\n<td class=\"has-text-align-right\" data-align=\"right\">x1<\/td>\r\n<\/tr>\r\n<tr>\r\n<td class=\"has-text-align-left\" data-align=\"left\">Repeated doctor&#8217;s consultation up to 30 min.<\/td>\r\n<td class=\"has-text-align-right\" data-align=\"right\">x1<\/td>\r\n<\/tr>\r\n<tr>\r\n<td class=\"has-text-align-left\" data-align=\"left\">Medical therapy prescribed by doctor and nurse care<\/td>\r\n<td class=\"has-text-align-right\" data-align=\"right\">x<\/td>\r\n<\/tr>\r\n<tr>\r\n<td class=\"has-text-align-left\" data-align=\"left\">Training groups with physiotherapist 40-45 min.<\/td>\r\n<td class=\"has-text-align-right\" data-align=\"right\">x2<\/td>\r\n<\/tr>\r\n<tr>\r\n<td class=\"has-text-align-left\" data-align=\"left\">Individual Drama therapy 45 min.<\/td>\r\n<td class=\"has-text-align-right\" data-align=\"right\">x1<\/td>\r\n<\/tr>\r\n<tr>\r\n<td class=\"has-text-align-left\" data-align=\"left\">Individual consciousness activation training 45 min.<\/td>\r\n<td class=\"has-text-align-right\" data-align=\"right\">x1<\/td>\r\n<\/tr>\r\n<tr>\r\n<td class=\"has-text-align-left\" data-align=\"left\">Individual Art therapy or Gestalt therapy\u00a0 45 min.<\/td>\r\n<td class=\"has-text-align-right\" data-align=\"right\">x1<\/td>\r\n<\/tr>\r\n<tr>\r\n<td class=\"has-text-align-left\" data-align=\"left\">Individual physiotherapist consultation 40 min.<\/td>\r\n<td class=\"has-text-align-right\" data-align=\"right\">x1<\/td>\r\n<\/tr>\r\n<tr>\r\n<td class=\"has-text-align-left\" data-align=\"left\">Face procedure &#8220;Beauty reveals&#8221; 30 min.<\/td>\r\n<td class=\"has-text-align-right\" data-align=\"right\">x1<\/td>\r\n<\/tr>\r\n<tr>\r\n<td class=\"has-text-align-left\" data-align=\"left\">Back massage 30 min.<\/td>\r\n<td class=\"has-text-align-right\" data-align=\"right\">x1<\/td>\r\n<\/tr>\r\n<tr>\r\n<td class=\"has-text-align-left\" data-align=\"left\">Body massage\u00a0 &#8220;Tiara flower&#8221; or &#8220;Sparkling Citrus&#8221; 60 min.<\/td>\r\n<td class=\"has-text-align-right\" data-align=\"right\">x1<\/td>\r\n<\/tr>\r\n<tr>\r\n<td class=\"has-text-align-left\" data-align=\"left\">Individual body relaxation therapy 45 min.<\/td>\r\n<td class=\"has-text-align-right\" data-align=\"right\">x1<\/td>\r\n<\/tr>\r\n<tr>\r\n<td class=\"has-text-align-left\" data-align=\"left\">Individual psychologist consultation 45 min.<\/td>\r\n<td class=\"has-text-align-right\" data-align=\"right\">x1<\/td>\r\n<\/tr>\r\n<\/tbody>\r\n<\/table>\r\n<\/figure>\r\n<!-- wp:html -->\r\n<div class=\"wp-block-spacer\" style=\"height: 30px;\" aria-hidden=\"true\">\u00a0<\/div>\r\n<div aria-hidden=\"true\">\r\n<h4>Dear Customers &#8211; for payment of our services in cooperation with <a href=\"http:\/\/aizdevums.lv\/\" target=\"_blank\" rel=\"noopener\" data-link-card=\"true\">aizdevums.lv<\/a>, a loan is available, starting from 100 EUR, loan calculator here:<\/h4>\r\n<p>Financing in cooperation with <a href=\"http:\/\/aizdevums.lv\/\" target=\"_blank\" rel=\"noopener\" data-link-card=\"true\">Aizdevums.lv<\/a>. Application form <a href=\"https:\/\/mans.aizdevums.lv\/form\/?pID=KDZOIS\">here.<\/a><\/p>\r\n<p>3 x steps to the desired Service:<\/p>\r\n<ol>\r\n<li>Fill out the application<\/li>\r\n<li>Sign the loan agreement remotely or in person<\/li>\r\n<li>Get the service you want<\/li>\r\n<\/ol>\r\n<p>Loan terms:<\/p>\r\n<p>Loans issued by Aizdevums.lv for: <br \/>\u2022 Permanent residents of the Republic of Latvia aged 21 to 80 years<br \/>\u2022 Residents of Latvia with permanent residence permit issued by the Citizenship and Mi-gration Department of the Ministry of Internal Affairs of the Republic of Latvia.<\/p>\r\n<p>Loan conditions: <br \/>\u2022 Loan amount from 100 EUR up to 10 000 EUR<br \/>\u2022 Loan period from 3 to 84 months<br \/>\u2022 Loan without down payment (for amounts over EUR 1,400 prepaid 10%);<br \/>\u2022 In some cases, a guarantor may be required<br \/>\u2022 Loan is issued to persons with stable and confirmed income and good credit history<\/p>\r\n<\/div>\r\n<!-- \/wp:html -->\r\n<p>Please, reserve the program by phone: <a href=\"tel:+371 29549983\">+37129549983<\/a> or e-mail: <a href=\"mailto:dzintari@dzintari.lv\">dzintari@dzintari.lv<\/a><br \/>* The administration reserves the right to change prices without notice.<\/p>\r\n<!-- wp:html \/-->","protected":false},"excerpt":{"rendered":"<p>Information on available Medical services in Latvia in English: https:\/\/dzintari.lv\/wp-content\/uploads\/2020\/05\/health_tourism_in_latvia.pdf Our clinic offers medical program for Mental health improvement &#8211; 5 \/10 days. &#8220;Clinic Dzintari&#8221; is located on Me\u017esargu street 4\/6, Mellu\u017ei, Jurmala, LV-2008 (in the territory of the hotel &#8220;Daina Jurmala Beach Hotel &amp;&#8230;<\/p>\n","protected":false},"author":1,"featured_media":0,"parent":17101,"menu_order":0,"comment_status":"closed","ping_status":"closed","template":"","meta":{"footnotes":""},"class_list":["post-17164","page","type-page","status-publish","hentry"],"acf":[],"yoast_head":"<!-- This site is optimized with the Yoast SEO plugin v27.4 - https:\/\/yoast.com\/product\/yoast-seo-wordpress\/ -->\n<title>Medical program for vegetative dystonia, depression and burnout syndrome - Kl\u012bnika Dzintari<\/title>\n<meta name=\"robots\" content=\"index, follow, max-snippet:-1, max-image-preview:large, max-video-preview:-1\" \/>\n<link rel=\"canonical\" href=\"https:\/\/dzintari.lv\/en\/services\/medical-and-wellness-programs\/\" \/>\n<meta property=\"og:locale\" content=\"en_US\" \/>\n<meta property=\"og:type\" content=\"article\" \/>\n<meta property=\"og:title\" content=\"Medical program for vegetative dystonia, depression and burnout syndrome - Kl\u012bnika Dzintari\" \/>\n<meta property=\"og:description\" content=\"Information on available Medical services in Latvia in English: https:\/\/dzintari.lv\/wp-content\/uploads\/2020\/05\/health_tourism_in_latvia.pdf Our clinic offers medical program for Mental health improvement &#8211; 5 \/10 days. &#8220;Clinic Dzintari&#8221; is located on Me\u017esargu street 4\/6, Mellu\u017ei, Jurmala, LV-2008 (in the territory of the hotel &#8220;Daina Jurmala Beach Hotel &amp;...\" \/>\n<meta property=\"og:url\" content=\"https:\/\/dzintari.lv\/en\/services\/medical-and-wellness-programs\/\" \/>\n<meta property=\"og:site_name\" content=\"Kl\u012bnika Dzintari\" \/>\n<meta property=\"article:modified_time\" content=\"2026-04-10T08:14:38+00:00\" \/>\n<meta property=\"og:image\" content=\"https:\/\/dzintari.lv\/wp-content\/uploads\/2025\/06\/Krasains-melns-teksts.png\" \/>\n\t<meta property=\"og:image:width\" content=\"3080\" \/>\n\t<meta property=\"og:image:height\" content=\"358\" \/>\n\t<meta property=\"og:image:type\" content=\"image\/png\" \/>\n<meta name=\"twitter:card\" content=\"summary_large_image\" \/>\n<meta name=\"twitter:label1\" content=\"Est. reading time\" \/>\n\t<meta name=\"twitter:data1\" content=\"3 minutes\" \/>\n<script type=\"application\/ld+json\" class=\"yoast-schema-graph\">{\"@context\":\"https:\\\/\\\/schema.org\",\"@graph\":[{\"@type\":\"WebPage\",\"@id\":\"https:\\\/\\\/dzintari.lv\\\/en\\\/services\\\/medical-and-wellness-programs\\\/\",\"url\":\"https:\\\/\\\/dzintari.lv\\\/en\\\/services\\\/medical-and-wellness-programs\\\/\",\"name\":\"Medical program for vegetative dystonia, depression and burnout syndrome - Kl\u012bnika Dzintari\",\"isPartOf\":{\"@id\":\"https:\\\/\\\/dzintari.lv\\\/#website\"},\"primaryImageOfPage\":{\"@id\":\"https:\\\/\\\/dzintari.lv\\\/en\\\/services\\\/medical-and-wellness-programs\\\/#primaryimage\"},\"image\":{\"@id\":\"https:\\\/\\\/dzintari.lv\\\/en\\\/services\\\/medical-and-wellness-programs\\\/#primaryimage\"},\"thumbnailUrl\":\"https:\\\/\\\/dzintari.lv\\\/wp-content\\\/uploads\\\/2025\\\/06\\\/Krasains-melns-teksts-300x35.png\",\"datePublished\":\"2018-03-21T09:20:06+00:00\",\"dateModified\":\"2026-04-10T08:14:38+00:00\",\"breadcrumb\":{\"@id\":\"https:\\\/\\\/dzintari.lv\\\/en\\\/services\\\/medical-and-wellness-programs\\\/#breadcrumb\"},\"inLanguage\":\"en-US\",\"potentialAction\":[{\"@type\":\"ReadAction\",\"target\":[\"https:\\\/\\\/dzintari.lv\\\/en\\\/services\\\/medical-and-wellness-programs\\\/\"]}]},{\"@type\":\"ImageObject\",\"inLanguage\":\"en-US\",\"@id\":\"https:\\\/\\\/dzintari.lv\\\/en\\\/services\\\/medical-and-wellness-programs\\\/#primaryimage\",\"url\":\"https:\\\/\\\/dzintari.lv\\\/wp-content\\\/uploads\\\/2025\\\/06\\\/Krasains-melns-teksts-300x35.png\",\"contentUrl\":\"https:\\\/\\\/dzintari.lv\\\/wp-content\\\/uploads\\\/2025\\\/06\\\/Krasains-melns-teksts-300x35.png\"},{\"@type\":\"BreadcrumbList\",\"@id\":\"https:\\\/\\\/dzintari.lv\\\/en\\\/services\\\/medical-and-wellness-programs\\\/#breadcrumb\",\"itemListElement\":[{\"@type\":\"ListItem\",\"position\":1,\"name\":\"Home\",\"item\":\"https:\\\/\\\/dzintari.lv\\\/en\\\/\"},{\"@type\":\"ListItem\",\"position\":2,\"name\":\"Services\",\"item\":\"https:\\\/\\\/dzintari.lv\\\/en\\\/services\\\/\"},{\"@type\":\"ListItem\",\"position\":3,\"name\":\"Medical program for vegetative dystonia, depression and burnout syndrome\"}]},{\"@type\":\"WebSite\",\"@id\":\"https:\\\/\\\/dzintari.lv\\\/#website\",\"url\":\"https:\\\/\\\/dzintari.lv\\\/\",\"name\":\"Kl\u012bnika Dzintari\",\"description\":\"Psiholo\u0123isk\u0101 un psihiatrisk\u0101 pal\u012bdz\u012bba\",\"publisher\":{\"@id\":\"https:\\\/\\\/dzintari.lv\\\/#organization\"},\"potentialAction\":[{\"@type\":\"SearchAction\",\"target\":{\"@type\":\"EntryPoint\",\"urlTemplate\":\"https:\\\/\\\/dzintari.lv\\\/?s={search_term_string}\"},\"query-input\":{\"@type\":\"PropertyValueSpecification\",\"valueRequired\":true,\"valueName\":\"search_term_string\"}}],\"inLanguage\":\"en-US\"},{\"@type\":\"Organization\",\"@id\":\"https:\\\/\\\/dzintari.lv\\\/#organization\",\"name\":\"SIA \u201cKl\u012bnika Dzintari\u201d\",\"url\":\"https:\\\/\\\/dzintari.lv\\\/\",\"logo\":{\"@type\":\"ImageObject\",\"inLanguage\":\"en-US\",\"@id\":\"https:\\\/\\\/dzintari.lv\\\/#\\\/schema\\\/logo\\\/image\\\/\",\"url\":\"https:\\\/\\\/dzintari.lv\\\/wp-content\\\/uploads\\\/2018\\\/02\\\/dzint-01.png\",\"contentUrl\":\"https:\\\/\\\/dzintari.lv\\\/wp-content\\\/uploads\\\/2018\\\/02\\\/dzint-01.png\",\"width\":259,\"height\":222,\"caption\":\"SIA \u201cKl\u012bnika Dzintari\u201d\"},\"image\":{\"@id\":\"https:\\\/\\\/dzintari.lv\\\/#\\\/schema\\\/logo\\\/image\\\/\"}}]}<\/script>\n<!-- \/ Yoast SEO plugin. -->","yoast_head_json":{"title":"Medical program for vegetative dystonia, depression and burnout syndrome - Kl\u012bnika Dzintari","robots":{"index":"index","follow":"follow","max-snippet":"max-snippet:-1","max-image-preview":"max-image-preview:large","max-video-preview":"max-video-preview:-1"},"canonical":"https:\/\/dzintari.lv\/en\/services\/medical-and-wellness-programs\/","og_locale":"en_US","og_type":"article","og_title":"Medical program for vegetative dystonia, depression and burnout syndrome - Kl\u012bnika Dzintari","og_description":"Information on available Medical services in Latvia in English: https:\/\/dzintari.lv\/wp-content\/uploads\/2020\/05\/health_tourism_in_latvia.pdf Our clinic offers medical program for Mental health improvement &#8211; 5 \/10 days. &#8220;Clinic Dzintari&#8221; is located on Me\u017esargu street 4\/6, Mellu\u017ei, Jurmala, LV-2008 (in the territory of the hotel &#8220;Daina Jurmala Beach Hotel &amp;...","og_url":"https:\/\/dzintari.lv\/en\/services\/medical-and-wellness-programs\/","og_site_name":"Kl\u012bnika Dzintari","article_modified_time":"2026-04-10T08:14:38+00:00","og_image":[{"width":3080,"height":358,"url":"https:\/\/dzintari.lv\/wp-content\/uploads\/2025\/06\/Krasains-melns-teksts.png","type":"image\/png"}],"twitter_card":"summary_large_image","twitter_misc":{"Est. reading time":"3 minutes"},"schema":{"@context":"https:\/\/schema.org","@graph":[{"@type":"WebPage","@id":"https:\/\/dzintari.lv\/en\/services\/medical-and-wellness-programs\/","url":"https:\/\/dzintari.lv\/en\/services\/medical-and-wellness-programs\/","name":"Medical program for vegetative dystonia, depression and burnout syndrome - Kl\u012bnika Dzintari","isPartOf":{"@id":"https:\/\/dzintari.lv\/#website"},"primaryImageOfPage":{"@id":"https:\/\/dzintari.lv\/en\/services\/medical-and-wellness-programs\/#primaryimage"},"image":{"@id":"https:\/\/dzintari.lv\/en\/services\/medical-and-wellness-programs\/#primaryimage"},"thumbnailUrl":"https:\/\/dzintari.lv\/wp-content\/uploads\/2025\/06\/Krasains-melns-teksts-300x35.png","datePublished":"2018-03-21T09:20:06+00:00","dateModified":"2026-04-10T08:14:38+00:00","breadcrumb":{"@id":"https:\/\/dzintari.lv\/en\/services\/medical-and-wellness-programs\/#breadcrumb"},"inLanguage":"en-US","potentialAction":[{"@type":"ReadAction","target":["https:\/\/dzintari.lv\/en\/services\/medical-and-wellness-programs\/"]}]},{"@type":"ImageObject","inLanguage":"en-US","@id":"https:\/\/dzintari.lv\/en\/services\/medical-and-wellness-programs\/#primaryimage","url":"https:\/\/dzintari.lv\/wp-content\/uploads\/2025\/06\/Krasains-melns-teksts-300x35.png","contentUrl":"https:\/\/dzintari.lv\/wp-content\/uploads\/2025\/06\/Krasains-melns-teksts-300x35.png"},{"@type":"BreadcrumbList","@id":"https:\/\/dzintari.lv\/en\/services\/medical-and-wellness-programs\/#breadcrumb","itemListElement":[{"@type":"ListItem","position":1,"name":"Home","item":"https:\/\/dzintari.lv\/en\/"},{"@type":"ListItem","position":2,"name":"Services","item":"https:\/\/dzintari.lv\/en\/services\/"},{"@type":"ListItem","position":3,"name":"Medical program for vegetative dystonia, depression and burnout syndrome"}]},{"@type":"WebSite","@id":"https:\/\/dzintari.lv\/#website","url":"https:\/\/dzintari.lv\/","name":"Kl\u012bnika Dzintari","description":"Psiholo\u0123isk\u0101 un psihiatrisk\u0101 pal\u012bdz\u012bba","publisher":{"@id":"https:\/\/dzintari.lv\/#organization"},"potentialAction":[{"@type":"SearchAction","target":{"@type":"EntryPoint","urlTemplate":"https:\/\/dzintari.lv\/?s={search_term_string}"},"query-input":{"@type":"PropertyValueSpecification","valueRequired":true,"valueName":"search_term_string"}}],"inLanguage":"en-US"},{"@type":"Organization","@id":"https:\/\/dzintari.lv\/#organization","name":"SIA \u201cKl\u012bnika Dzintari\u201d","url":"https:\/\/dzintari.lv\/","logo":{"@type":"ImageObject","inLanguage":"en-US","@id":"https:\/\/dzintari.lv\/#\/schema\/logo\/image\/","url":"https:\/\/dzintari.lv\/wp-content\/uploads\/2018\/02\/dzint-01.png","contentUrl":"https:\/\/dzintari.lv\/wp-content\/uploads\/2018\/02\/dzint-01.png","width":259,"height":222,"caption":"SIA \u201cKl\u012bnika Dzintari\u201d"},"image":{"@id":"https:\/\/dzintari.lv\/#\/schema\/logo\/image\/"}}]}},"_links":{"self":[{"href":"https:\/\/dzintari.lv\/en\/wp-json\/wp\/v2\/pages\/17164","targetHints":{"allow":["GET"]}}],"collection":[{"href":"https:\/\/dzintari.lv\/en\/wp-json\/wp\/v2\/pages"}],"about":[{"href":"https:\/\/dzintari.lv\/en\/wp-json\/wp\/v2\/types\/page"}],"author":[{"embeddable":true,"href":"https:\/\/dzintari.lv\/en\/wp-json\/wp\/v2\/users\/1"}],"replies":[{"embeddable":true,"href":"https:\/\/dzintari.lv\/en\/wp-json\/wp\/v2\/comments?post=17164"}],"version-history":[{"count":189,"href":"https:\/\/dzintari.lv\/en\/wp-json\/wp\/v2\/pages\/17164\/revisions"}],"predecessor-version":[{"id":29471,"href":"https:\/\/dzintari.lv\/en\/wp-json\/wp\/v2\/pages\/17164\/revisions\/29471"}],"up":[{"embeddable":true,"href":"https:\/\/dzintari.lv\/en\/wp-json\/wp\/v2\/pages\/17101"}],"wp:attachment":[{"href":"https:\/\/dzintari.lv\/en\/wp-json\/wp\/v2\/media?parent=17164"}],"curies":[{"name":"wp","href":"https:\/\/api.w.org\/{rel}","templated":true}]}}