{"id":17158,"date":"2018-03-21T09:12:37","date_gmt":"2018-03-21T09:12:37","guid":{"rendered":"https:\/\/dzintari.dev-web-server.eu\/?page_id=17158"},"modified":"2026-02-16T11:46:16","modified_gmt":"2026-02-16T11:46:16","slug":"hotel-and-restaurant-services","status":"publish","type":"page","link":"https:\/\/dzintari.lv\/en\/services\/hotel-and-restaurant-services\/","title":{"rendered":"Hotel Services"},"content":{"rendered":"\r\n<p><br \/>For more information about hotel services, please, call by phone:\u00a0 GSM<a href=\"tel:+37129549983\">+37129549983<\/a><\/p>\r\n<p>The clients of &#8220;Clinic Dzintari&#8221; have the opportunity to get a free pass every day during the treatment period for the entrance in Jurmala: <a href=\"https:\/\/www.jurmala.lv\/lv\/jaunums\/no-2026-gada-1-janvara-jauns-iebrauksanas-nodevas-apmers\">https:\/\/www.jurmala.lv\/lv\/jaunums\/no-2026-gada-1-janvara-jauns-iebrauksanas-nodevas-apmers<\/a><br \/>and then come to the clinic administrator to receive confirmation of your pass.<\/p>\r\n<p>Price for the stay:<\/p>\r\n<div id=\"tw-target-text-container\" class=\"tw-ta-container F0azHf tw-nfl\" tabindex=\"0\">\r\n<p class=\"has-text-align-center\"><strong>in the hotel &#8220;ALBA&#8221; STD SNGL room<\/strong><\/p>\r\n<p>\r\n\r\n\r\n\r\n<\/p>\r\n<p><strong>&#8211; 75 EUR\/per night with the breakfast (05.01. &#8211; 30.04.2026.)<\/strong><\/p>\r\n<\/div>\r\n<p>You can order meals to the clinic or to the hotel from the link below:<\/p>\r\n<p><a href=\"https:\/\/www.jurmala.lv\/lv\/jaunums\/apkopoti-edienu-piegadataji-jurmala-aktualizets\">https:\/\/www.jurmala.lv\/lv\/jaunums\/apkopoti-edienu-piegadataji-jurmala-aktualizets<\/a><\/p>\r\n\r\n\r\n\r\n\r\n\r\n<p>For more information about hotel services, we invite you to call by phone: <a href=\"tel:+37129549983\">+37129549983<\/a><\/p>\r\n\r\n\r\n\r\n<p>&nbsp;<\/p>\r\n","protected":false},"excerpt":{"rendered":"<p>For more information about hotel services, please, call by phone:\u00a0 GSM+37129549983 The clients of &#8220;Clinic Dzintari&#8221; have the opportunity to get a free pass every day during the treatment period for the entrance in Jurmala: https:\/\/www.jurmala.lv\/lv\/jaunums\/no-2026-gada-1-janvara-jauns-iebrauksanas-nodevas-apmersand then come to the clinic administrator to receive confirmation&#8230;<\/p>\n","protected":false},"author":1,"featured_media":0,"parent":17101,"menu_order":0,"comment_status":"closed","ping_status":"closed","template":"","meta":{"footnotes":""},"class_list":["post-17158","page","type-page","status-publish","hentry"],"acf":[],"yoast_head":"<!-- This site is optimized with the Yoast SEO plugin v27.4 - https:\/\/yoast.com\/product\/yoast-seo-wordpress\/ -->\n<title>Hotel Services - Kl\u012bnika Dzintari<\/title>\n<meta name=\"robots\" content=\"index, follow, max-snippet:-1, max-image-preview:large, max-video-preview:-1\" \/>\n<link rel=\"canonical\" href=\"https:\/\/dzintari.lv\/en\/services\/hotel-and-restaurant-services\/\" \/>\n<meta property=\"og:locale\" content=\"en_US\" \/>\n<meta property=\"og:type\" content=\"article\" \/>\n<meta property=\"og:title\" content=\"Hotel Services - Kl\u012bnika Dzintari\" \/>\n<meta property=\"og:description\" content=\"For more information about hotel services, please, call by phone:\u00a0 GSM+37129549983 The clients of &#8220;Clinic Dzintari&#8221; have the opportunity to get a free pass every day during the treatment period for the entrance in Jurmala: https:\/\/www.jurmala.lv\/lv\/jaunums\/no-2026-gada-1-janvara-jauns-iebrauksanas-nodevas-apmersand then come to the clinic administrator to receive confirmation...\" \/>\n<meta property=\"og:url\" content=\"https:\/\/dzintari.lv\/en\/services\/hotel-and-restaurant-services\/\" \/>\n<meta property=\"og:site_name\" content=\"Kl\u012bnika Dzintari\" \/>\n<meta property=\"article:modified_time\" content=\"2026-02-16T11:46:16+00:00\" \/>\n<meta name=\"twitter:card\" content=\"summary_large_image\" \/>\n<meta name=\"twitter:label1\" content=\"Est. reading time\" \/>\n\t<meta name=\"twitter:data1\" content=\"1 minute\" \/>\n<script type=\"application\/ld+json\" class=\"yoast-schema-graph\">{\"@context\":\"https:\\\/\\\/schema.org\",\"@graph\":[{\"@type\":\"WebPage\",\"@id\":\"https:\\\/\\\/dzintari.lv\\\/en\\\/services\\\/hotel-and-restaurant-services\\\/\",\"url\":\"https:\\\/\\\/dzintari.lv\\\/en\\\/services\\\/hotel-and-restaurant-services\\\/\",\"name\":\"Hotel Services - Kl\u012bnika Dzintari\",\"isPartOf\":{\"@id\":\"https:\\\/\\\/dzintari.lv\\\/#website\"},\"datePublished\":\"2018-03-21T09:12:37+00:00\",\"dateModified\":\"2026-02-16T11:46:16+00:00\",\"breadcrumb\":{\"@id\":\"https:\\\/\\\/dzintari.lv\\\/en\\\/services\\\/hotel-and-restaurant-services\\\/#breadcrumb\"},\"inLanguage\":\"en-US\",\"potentialAction\":[{\"@type\":\"ReadAction\",\"target\":[\"https:\\\/\\\/dzintari.lv\\\/en\\\/services\\\/hotel-and-restaurant-services\\\/\"]}]},{\"@type\":\"BreadcrumbList\",\"@id\":\"https:\\\/\\\/dzintari.lv\\\/en\\\/services\\\/hotel-and-restaurant-services\\\/#breadcrumb\",\"itemListElement\":[{\"@type\":\"ListItem\",\"position\":1,\"name\":\"Home\",\"item\":\"https:\\\/\\\/dzintari.lv\\\/en\\\/\"},{\"@type\":\"ListItem\",\"position\":2,\"name\":\"Services\",\"item\":\"https:\\\/\\\/dzintari.lv\\\/en\\\/services\\\/\"},{\"@type\":\"ListItem\",\"position\":3,\"name\":\"Hotel Services\"}]},{\"@type\":\"WebSite\",\"@id\":\"https:\\\/\\\/dzintari.lv\\\/#website\",\"url\":\"https:\\\/\\\/dzintari.lv\\\/\",\"name\":\"Kl\u012bnika Dzintari\",\"description\":\"Psiholo\u0123isk\u0101 un psihiatrisk\u0101 pal\u012bdz\u012bba\",\"publisher\":{\"@id\":\"https:\\\/\\\/dzintari.lv\\\/#organization\"},\"potentialAction\":[{\"@type\":\"SearchAction\",\"target\":{\"@type\":\"EntryPoint\",\"urlTemplate\":\"https:\\\/\\\/dzintari.lv\\\/?s={search_term_string}\"},\"query-input\":{\"@type\":\"PropertyValueSpecification\",\"valueRequired\":true,\"valueName\":\"search_term_string\"}}],\"inLanguage\":\"en-US\"},{\"@type\":\"Organization\",\"@id\":\"https:\\\/\\\/dzintari.lv\\\/#organization\",\"name\":\"SIA \u201cKl\u012bnika Dzintari\u201d\",\"url\":\"https:\\\/\\\/dzintari.lv\\\/\",\"logo\":{\"@type\":\"ImageObject\",\"inLanguage\":\"en-US\",\"@id\":\"https:\\\/\\\/dzintari.lv\\\/#\\\/schema\\\/logo\\\/image\\\/\",\"url\":\"https:\\\/\\\/dzintari.lv\\\/wp-content\\\/uploads\\\/2018\\\/02\\\/dzint-01.png\",\"contentUrl\":\"https:\\\/\\\/dzintari.lv\\\/wp-content\\\/uploads\\\/2018\\\/02\\\/dzint-01.png\",\"width\":259,\"height\":222,\"caption\":\"SIA \u201cKl\u012bnika Dzintari\u201d\"},\"image\":{\"@id\":\"https:\\\/\\\/dzintari.lv\\\/#\\\/schema\\\/logo\\\/image\\\/\"}}]}<\/script>\n<!-- \/ Yoast SEO plugin. -->","yoast_head_json":{"title":"Hotel Services - Kl\u012bnika Dzintari","robots":{"index":"index","follow":"follow","max-snippet":"max-snippet:-1","max-image-preview":"max-image-preview:large","max-video-preview":"max-video-preview:-1"},"canonical":"https:\/\/dzintari.lv\/en\/services\/hotel-and-restaurant-services\/","og_locale":"en_US","og_type":"article","og_title":"Hotel Services - Kl\u012bnika Dzintari","og_description":"For more information about hotel services, please, call by phone:\u00a0 GSM+37129549983 The clients of &#8220;Clinic Dzintari&#8221; have the opportunity to get a free pass every day during the treatment period for the entrance in Jurmala: https:\/\/www.jurmala.lv\/lv\/jaunums\/no-2026-gada-1-janvara-jauns-iebrauksanas-nodevas-apmersand then come to the clinic administrator to receive confirmation...","og_url":"https:\/\/dzintari.lv\/en\/services\/hotel-and-restaurant-services\/","og_site_name":"Kl\u012bnika Dzintari","article_modified_time":"2026-02-16T11:46:16+00:00","twitter_card":"summary_large_image","twitter_misc":{"Est. reading time":"1 minute"},"schema":{"@context":"https:\/\/schema.org","@graph":[{"@type":"WebPage","@id":"https:\/\/dzintari.lv\/en\/services\/hotel-and-restaurant-services\/","url":"https:\/\/dzintari.lv\/en\/services\/hotel-and-restaurant-services\/","name":"Hotel Services - Kl\u012bnika Dzintari","isPartOf":{"@id":"https:\/\/dzintari.lv\/#website"},"datePublished":"2018-03-21T09:12:37+00:00","dateModified":"2026-02-16T11:46:16+00:00","breadcrumb":{"@id":"https:\/\/dzintari.lv\/en\/services\/hotel-and-restaurant-services\/#breadcrumb"},"inLanguage":"en-US","potentialAction":[{"@type":"ReadAction","target":["https:\/\/dzintari.lv\/en\/services\/hotel-and-restaurant-services\/"]}]},{"@type":"BreadcrumbList","@id":"https:\/\/dzintari.lv\/en\/services\/hotel-and-restaurant-services\/#breadcrumb","itemListElement":[{"@type":"ListItem","position":1,"name":"Home","item":"https:\/\/dzintari.lv\/en\/"},{"@type":"ListItem","position":2,"name":"Services","item":"https:\/\/dzintari.lv\/en\/services\/"},{"@type":"ListItem","position":3,"name":"Hotel Services"}]},{"@type":"WebSite","@id":"https:\/\/dzintari.lv\/#website","url":"https:\/\/dzintari.lv\/","name":"Kl\u012bnika Dzintari","description":"Psiholo\u0123isk\u0101 un psihiatrisk\u0101 pal\u012bdz\u012bba","publisher":{"@id":"https:\/\/dzintari.lv\/#organization"},"potentialAction":[{"@type":"SearchAction","target":{"@type":"EntryPoint","urlTemplate":"https:\/\/dzintari.lv\/?s={search_term_string}"},"query-input":{"@type":"PropertyValueSpecification","valueRequired":true,"valueName":"search_term_string"}}],"inLanguage":"en-US"},{"@type":"Organization","@id":"https:\/\/dzintari.lv\/#organization","name":"SIA \u201cKl\u012bnika Dzintari\u201d","url":"https:\/\/dzintari.lv\/","logo":{"@type":"ImageObject","inLanguage":"en-US","@id":"https:\/\/dzintari.lv\/#\/schema\/logo\/image\/","url":"https:\/\/dzintari.lv\/wp-content\/uploads\/2018\/02\/dzint-01.png","contentUrl":"https:\/\/dzintari.lv\/wp-content\/uploads\/2018\/02\/dzint-01.png","width":259,"height":222,"caption":"SIA \u201cKl\u012bnika Dzintari\u201d"},"image":{"@id":"https:\/\/dzintari.lv\/#\/schema\/logo\/image\/"}}]}},"_links":{"self":[{"href":"https:\/\/dzintari.lv\/en\/wp-json\/wp\/v2\/pages\/17158","targetHints":{"allow":["GET"]}}],"collection":[{"href":"https:\/\/dzintari.lv\/en\/wp-json\/wp\/v2\/pages"}],"about":[{"href":"https:\/\/dzintari.lv\/en\/wp-json\/wp\/v2\/types\/page"}],"author":[{"embeddable":true,"href":"https:\/\/dzintari.lv\/en\/wp-json\/wp\/v2\/users\/1"}],"replies":[{"embeddable":true,"href":"https:\/\/dzintari.lv\/en\/wp-json\/wp\/v2\/comments?post=17158"}],"version-history":[{"count":128,"href":"https:\/\/dzintari.lv\/en\/wp-json\/wp\/v2\/pages\/17158\/revisions"}],"predecessor-version":[{"id":29289,"href":"https:\/\/dzintari.lv\/en\/wp-json\/wp\/v2\/pages\/17158\/revisions\/29289"}],"up":[{"embeddable":true,"href":"https:\/\/dzintari.lv\/en\/wp-json\/wp\/v2\/pages\/17101"}],"wp:attachment":[{"href":"https:\/\/dzintari.lv\/en\/wp-json\/wp\/v2\/media?parent=17158"}],"curies":[{"name":"wp","href":"https:\/\/api.w.org\/{rel}","templated":true}]}}