{"id":17149,"date":"2018-03-21T08:57:59","date_gmt":"2018-03-21T08:57:59","guid":{"rendered":"https:\/\/dzintari.dev-web-server.eu\/?page_id=17149"},"modified":"2022-04-11T11:14:48","modified_gmt":"2022-04-11T11:14:48","slug":"psychotherapy","status":"publish","type":"page","link":"https:\/\/dzintari.lv\/en\/services\/psychotherapy\/","title":{"rendered":"Psychotherapy"},"content":{"rendered":"<h2><img loading=\"lazy\" decoding=\"async\" class=\"alignleft wp-image-19534 size-full\" src=\"https:\/\/dzintari.lv\/wp-content\/uploads\/2018\/02\/ewt.jpg\" alt=\"\" width=\"538\" height=\"278\" srcset=\"https:\/\/dzintari.lv\/wp-content\/uploads\/2018\/02\/ewt.jpg 538w, https:\/\/dzintari.lv\/wp-content\/uploads\/2018\/02\/ewt-300x155.jpg 300w\" sizes=\"auto, (max-width: 538px) 100vw, 538px\" \/>Psychotherapy<\/h2>\n<p>In \u201cClinic Dzintari\u201d everyone can receive professional psychiatric and psychological help.<\/p>\n<p>Psychotherapy and psychological counseling is a process similar to learning. People learn from themselves. They discover ways to overcome difficulties, internal forces to develop the skills to make changes, how to make changes in themselves or a situation. Sometimes it is valuable, if there is simply a person, to whom you can openly express your feelings. Sometimes it is sufficient, if you can learn a variety of techniques to help cope with stress.<\/p>\n<h2>What does a psychologist do?<\/h2>\n<p>Most forms of psychotherapy includes conversations, listening, confidence building, receiving support. When you are talking to a psychologist about yourself or a difficult situation, that you are concerned about, a psychologist assess the situation, and determines the factors that are \u201cwrong.\u201d The psychologist and the client work together \u2013 by making treatment goals, looking for solutions that could allow a person to feel better. A very important part of treatment is trust, to being open and honest about sensitive topics, such as feelings, ideas, relationships, problems, frustrations and hopes.<\/p>\n<h2>What can a person receive from the therapy?<\/h2>\n<p>What the client can receive from the therapy depends on the reason \u2013 why he has looked for help. For example, some people go to therapy to deal with specific problems, others \u2013 to begin to make better choices for themselves or to begin to heal after difficult life situations.<\/p>\n<p>Therapy can help people feel better, be stronger, and make better choices as well as uncover themselves, learn, discover, understand \u2013 what is their motivation, what exactly makes them run on certain routes, or \u2013 their own internal resources. There is an opportunity to learn new coping skills, develop more patience, or learn to love themselves. You may find new ways to cope with problems or deal with them in difficult situations, therapy helps to \u201cgrow up\u201d and mature.<\/p>\n<h2>What happens in therapy?<\/h2>\n<p>The psychologist will talk to you about your feelings, thoughts, relationships, important values. Initiation of therapy focuses on the discussion of what you want to solve, reach or revise and setting goals. Some of the goals of therapy could be:<\/p>\n<ul>\n<li>build self-esteem and self-confidence;<\/li>\n<li>solutions how to reduce anxiety and depression;<\/li>\n<li>learn to manage anger and frustration;<\/li>\n<li>make healthier choices (for example, in relationships, eating),<\/li>\n<li>finish destructive behavior.<\/li>\n<\/ul>\n<p>On the first visit, the psychologist he will ask you to talk about yourself. The first time may take a little longer. It helps to understand you better, and gives you the opportunity to assess if you feel comfortable with the psychologist. The psychologist will ask you about your problems, concerns and symptoms. Consequently, the psychologist could tell you about their understanding, what is not as it should be, and how therapy might help. Together, you and your psychologist will decide on treatment goals and how often to meet. To have a better understanding of your situation a psychologist can teach you new skills or help to think about your situation in a new way.<\/p>\n<h2>Is it confidential?<\/h2>\n<p>Psychologist respects the person\u2019s privacy and adhere to confidentiality. Psychologist will not tell anyone else, including the person\u2019s family, about what is being discussed in therapy, unless the client himself has given permission or asked for it. The only exception is, if the specialist in the particular case sees a threat to the client\u2019s or other people\u2019s life \/ health.<\/p>\n<p>If you are concerned about the issue of confidentiality, be sure to ask about it to the psychologist in your first meeting. It is important to feel comfortable with your psychologist and talk openly about your situation in order for your work to be productive.<\/p>\n<p>*Materials used from: BBC learningenglish.com, what is therapy?<\/p>\n","protected":false},"excerpt":{"rendered":"<p>Psychotherapy In \u201cClinic Dzintari\u201d everyone can receive professional psychiatric and psychological help. Psychotherapy and psychological counseling is a process similar to learning. People learn from themselves. They discover ways to overcome difficulties, internal forces to develop the skills to make changes, how to make changes&#8230;<\/p>\n","protected":false},"author":1,"featured_media":0,"parent":17101,"menu_order":0,"comment_status":"closed","ping_status":"closed","template":"","meta":{"footnotes":""},"class_list":["post-17149","page","type-page","status-publish","hentry"],"acf":[],"yoast_head":"<!-- This site is optimized with the Yoast SEO plugin v27.4 - https:\/\/yoast.com\/product\/yoast-seo-wordpress\/ -->\n<title>Psychotherapy - Kl\u012bnika Dzintari<\/title>\n<meta name=\"robots\" content=\"index, follow, max-snippet:-1, max-image-preview:large, max-video-preview:-1\" \/>\n<link rel=\"canonical\" href=\"https:\/\/dzintari.lv\/en\/services\/psychotherapy\/\" \/>\n<meta property=\"og:locale\" content=\"en_US\" \/>\n<meta property=\"og:type\" content=\"article\" \/>\n<meta property=\"og:title\" content=\"Psychotherapy - Kl\u012bnika Dzintari\" \/>\n<meta property=\"og:description\" content=\"Psychotherapy In \u201cClinic Dzintari\u201d everyone can receive professional psychiatric and psychological help. Psychotherapy and psychological counseling is a process similar to learning. People learn from themselves. They discover ways to overcome difficulties, internal forces to develop the skills to make changes, how to make changes...\" \/>\n<meta property=\"og:url\" content=\"https:\/\/dzintari.lv\/en\/services\/psychotherapy\/\" \/>\n<meta property=\"og:site_name\" content=\"Kl\u012bnika Dzintari\" \/>\n<meta property=\"article:modified_time\" content=\"2022-04-11T11:14:48+00:00\" \/>\n<meta property=\"og:image\" content=\"https:\/\/dzintari.lv\/wp-content\/uploads\/2018\/02\/ewt.jpg\" \/>\n<meta name=\"twitter:card\" content=\"summary_large_image\" \/>\n<meta name=\"twitter:label1\" content=\"Est. reading time\" \/>\n\t<meta name=\"twitter:data1\" content=\"3 minutes\" \/>\n<script type=\"application\/ld+json\" class=\"yoast-schema-graph\">{\"@context\":\"https:\\\/\\\/schema.org\",\"@graph\":[{\"@type\":\"WebPage\",\"@id\":\"https:\\\/\\\/dzintari.lv\\\/en\\\/services\\\/psychotherapy\\\/\",\"url\":\"https:\\\/\\\/dzintari.lv\\\/en\\\/services\\\/psychotherapy\\\/\",\"name\":\"Psychotherapy - Kl\u012bnika Dzintari\",\"isPartOf\":{\"@id\":\"https:\\\/\\\/dzintari.lv\\\/#website\"},\"primaryImageOfPage\":{\"@id\":\"https:\\\/\\\/dzintari.lv\\\/en\\\/services\\\/psychotherapy\\\/#primaryimage\"},\"image\":{\"@id\":\"https:\\\/\\\/dzintari.lv\\\/en\\\/services\\\/psychotherapy\\\/#primaryimage\"},\"thumbnailUrl\":\"https:\\\/\\\/dzintari.lv\\\/wp-content\\\/uploads\\\/2018\\\/02\\\/ewt.jpg\",\"datePublished\":\"2018-03-21T08:57:59+00:00\",\"dateModified\":\"2022-04-11T11:14:48+00:00\",\"breadcrumb\":{\"@id\":\"https:\\\/\\\/dzintari.lv\\\/en\\\/services\\\/psychotherapy\\\/#breadcrumb\"},\"inLanguage\":\"en-US\",\"potentialAction\":[{\"@type\":\"ReadAction\",\"target\":[\"https:\\\/\\\/dzintari.lv\\\/en\\\/services\\\/psychotherapy\\\/\"]}]},{\"@type\":\"ImageObject\",\"inLanguage\":\"en-US\",\"@id\":\"https:\\\/\\\/dzintari.lv\\\/en\\\/services\\\/psychotherapy\\\/#primaryimage\",\"url\":\"https:\\\/\\\/dzintari.lv\\\/wp-content\\\/uploads\\\/2018\\\/02\\\/ewt.jpg\",\"contentUrl\":\"https:\\\/\\\/dzintari.lv\\\/wp-content\\\/uploads\\\/2018\\\/02\\\/ewt.jpg\"},{\"@type\":\"BreadcrumbList\",\"@id\":\"https:\\\/\\\/dzintari.lv\\\/en\\\/services\\\/psychotherapy\\\/#breadcrumb\",\"itemListElement\":[{\"@type\":\"ListItem\",\"position\":1,\"name\":\"Home\",\"item\":\"https:\\\/\\\/dzintari.lv\\\/en\\\/\"},{\"@type\":\"ListItem\",\"position\":2,\"name\":\"Services\",\"item\":\"https:\\\/\\\/dzintari.lv\\\/en\\\/services\\\/\"},{\"@type\":\"ListItem\",\"position\":3,\"name\":\"Psychotherapy\"}]},{\"@type\":\"WebSite\",\"@id\":\"https:\\\/\\\/dzintari.lv\\\/#website\",\"url\":\"https:\\\/\\\/dzintari.lv\\\/\",\"name\":\"Kl\u012bnika Dzintari\",\"description\":\"Psiholo\u0123isk\u0101 un psihiatrisk\u0101 pal\u012bdz\u012bba\",\"publisher\":{\"@id\":\"https:\\\/\\\/dzintari.lv\\\/#organization\"},\"potentialAction\":[{\"@type\":\"SearchAction\",\"target\":{\"@type\":\"EntryPoint\",\"urlTemplate\":\"https:\\\/\\\/dzintari.lv\\\/?s={search_term_string}\"},\"query-input\":{\"@type\":\"PropertyValueSpecification\",\"valueRequired\":true,\"valueName\":\"search_term_string\"}}],\"inLanguage\":\"en-US\"},{\"@type\":\"Organization\",\"@id\":\"https:\\\/\\\/dzintari.lv\\\/#organization\",\"name\":\"SIA \u201cKl\u012bnika Dzintari\u201d\",\"url\":\"https:\\\/\\\/dzintari.lv\\\/\",\"logo\":{\"@type\":\"ImageObject\",\"inLanguage\":\"en-US\",\"@id\":\"https:\\\/\\\/dzintari.lv\\\/#\\\/schema\\\/logo\\\/image\\\/\",\"url\":\"https:\\\/\\\/dzintari.lv\\\/wp-content\\\/uploads\\\/2018\\\/02\\\/dzint-01.png\",\"contentUrl\":\"https:\\\/\\\/dzintari.lv\\\/wp-content\\\/uploads\\\/2018\\\/02\\\/dzint-01.png\",\"width\":259,\"height\":222,\"caption\":\"SIA \u201cKl\u012bnika Dzintari\u201d\"},\"image\":{\"@id\":\"https:\\\/\\\/dzintari.lv\\\/#\\\/schema\\\/logo\\\/image\\\/\"}}]}<\/script>\n<!-- \/ Yoast SEO plugin. -->","yoast_head_json":{"title":"Psychotherapy - Kl\u012bnika Dzintari","robots":{"index":"index","follow":"follow","max-snippet":"max-snippet:-1","max-image-preview":"max-image-preview:large","max-video-preview":"max-video-preview:-1"},"canonical":"https:\/\/dzintari.lv\/en\/services\/psychotherapy\/","og_locale":"en_US","og_type":"article","og_title":"Psychotherapy - Kl\u012bnika Dzintari","og_description":"Psychotherapy In \u201cClinic Dzintari\u201d everyone can receive professional psychiatric and psychological help. Psychotherapy and psychological counseling is a process similar to learning. People learn from themselves. They discover ways to overcome difficulties, internal forces to develop the skills to make changes, how to make changes...","og_url":"https:\/\/dzintari.lv\/en\/services\/psychotherapy\/","og_site_name":"Kl\u012bnika Dzintari","article_modified_time":"2022-04-11T11:14:48+00:00","og_image":[{"url":"https:\/\/dzintari.lv\/wp-content\/uploads\/2018\/02\/ewt.jpg","type":"","width":"","height":""}],"twitter_card":"summary_large_image","twitter_misc":{"Est. reading time":"3 minutes"},"schema":{"@context":"https:\/\/schema.org","@graph":[{"@type":"WebPage","@id":"https:\/\/dzintari.lv\/en\/services\/psychotherapy\/","url":"https:\/\/dzintari.lv\/en\/services\/psychotherapy\/","name":"Psychotherapy - Kl\u012bnika Dzintari","isPartOf":{"@id":"https:\/\/dzintari.lv\/#website"},"primaryImageOfPage":{"@id":"https:\/\/dzintari.lv\/en\/services\/psychotherapy\/#primaryimage"},"image":{"@id":"https:\/\/dzintari.lv\/en\/services\/psychotherapy\/#primaryimage"},"thumbnailUrl":"https:\/\/dzintari.lv\/wp-content\/uploads\/2018\/02\/ewt.jpg","datePublished":"2018-03-21T08:57:59+00:00","dateModified":"2022-04-11T11:14:48+00:00","breadcrumb":{"@id":"https:\/\/dzintari.lv\/en\/services\/psychotherapy\/#breadcrumb"},"inLanguage":"en-US","potentialAction":[{"@type":"ReadAction","target":["https:\/\/dzintari.lv\/en\/services\/psychotherapy\/"]}]},{"@type":"ImageObject","inLanguage":"en-US","@id":"https:\/\/dzintari.lv\/en\/services\/psychotherapy\/#primaryimage","url":"https:\/\/dzintari.lv\/wp-content\/uploads\/2018\/02\/ewt.jpg","contentUrl":"https:\/\/dzintari.lv\/wp-content\/uploads\/2018\/02\/ewt.jpg"},{"@type":"BreadcrumbList","@id":"https:\/\/dzintari.lv\/en\/services\/psychotherapy\/#breadcrumb","itemListElement":[{"@type":"ListItem","position":1,"name":"Home","item":"https:\/\/dzintari.lv\/en\/"},{"@type":"ListItem","position":2,"name":"Services","item":"https:\/\/dzintari.lv\/en\/services\/"},{"@type":"ListItem","position":3,"name":"Psychotherapy"}]},{"@type":"WebSite","@id":"https:\/\/dzintari.lv\/#website","url":"https:\/\/dzintari.lv\/","name":"Kl\u012bnika Dzintari","description":"Psiholo\u0123isk\u0101 un psihiatrisk\u0101 pal\u012bdz\u012bba","publisher":{"@id":"https:\/\/dzintari.lv\/#organization"},"potentialAction":[{"@type":"SearchAction","target":{"@type":"EntryPoint","urlTemplate":"https:\/\/dzintari.lv\/?s={search_term_string}"},"query-input":{"@type":"PropertyValueSpecification","valueRequired":true,"valueName":"search_term_string"}}],"inLanguage":"en-US"},{"@type":"Organization","@id":"https:\/\/dzintari.lv\/#organization","name":"SIA \u201cKl\u012bnika Dzintari\u201d","url":"https:\/\/dzintari.lv\/","logo":{"@type":"ImageObject","inLanguage":"en-US","@id":"https:\/\/dzintari.lv\/#\/schema\/logo\/image\/","url":"https:\/\/dzintari.lv\/wp-content\/uploads\/2018\/02\/dzint-01.png","contentUrl":"https:\/\/dzintari.lv\/wp-content\/uploads\/2018\/02\/dzint-01.png","width":259,"height":222,"caption":"SIA \u201cKl\u012bnika Dzintari\u201d"},"image":{"@id":"https:\/\/dzintari.lv\/#\/schema\/logo\/image\/"}}]}},"_links":{"self":[{"href":"https:\/\/dzintari.lv\/en\/wp-json\/wp\/v2\/pages\/17149","targetHints":{"allow":["GET"]}}],"collection":[{"href":"https:\/\/dzintari.lv\/en\/wp-json\/wp\/v2\/pages"}],"about":[{"href":"https:\/\/dzintari.lv\/en\/wp-json\/wp\/v2\/types\/page"}],"author":[{"embeddable":true,"href":"https:\/\/dzintari.lv\/en\/wp-json\/wp\/v2\/users\/1"}],"replies":[{"embeddable":true,"href":"https:\/\/dzintari.lv\/en\/wp-json\/wp\/v2\/comments?post=17149"}],"version-history":[{"count":13,"href":"https:\/\/dzintari.lv\/en\/wp-json\/wp\/v2\/pages\/17149\/revisions"}],"predecessor-version":[{"id":21541,"href":"https:\/\/dzintari.lv\/en\/wp-json\/wp\/v2\/pages\/17149\/revisions\/21541"}],"up":[{"embeddable":true,"href":"https:\/\/dzintari.lv\/en\/wp-json\/wp\/v2\/pages\/17101"}],"wp:attachment":[{"href":"https:\/\/dzintari.lv\/en\/wp-json\/wp\/v2\/media?parent=17149"}],"curies":[{"name":"wp","href":"https:\/\/api.w.org\/{rel}","templated":true}]}}