{"id":17135,"date":"2018-03-21T08:00:02","date_gmt":"2018-03-21T08:00:02","guid":{"rendered":"https:\/\/dzintari.dev-web-server.eu\/?page_id=17135"},"modified":"2026-02-27T10:48:56","modified_gmt":"2026-02-27T10:48:56","slug":"news","status":"publish","type":"page","link":"https:\/\/dzintari.lv\/en\/news\/","title":{"rendered":"News"},"content":{"rendered":"<h2><strong><img loading=\"lazy\" decoding=\"async\" class=\"alignleft wp-image-19550\" src=\"https:\/\/dzintari.lv\/wp-content\/uploads\/2018\/03\/2831.jpg\" alt=\"\" width=\"500\" height=\"333\" srcset=\"https:\/\/dzintari.lv\/wp-content\/uploads\/2018\/03\/2831.jpg 5336w, https:\/\/dzintari.lv\/wp-content\/uploads\/2018\/03\/2831-300x200.jpg 300w, https:\/\/dzintari.lv\/wp-content\/uploads\/2018\/03\/2831-768x512.jpg 768w, https:\/\/dzintari.lv\/wp-content\/uploads\/2018\/03\/2831-1024x683.jpg 1024w, https:\/\/dzintari.lv\/wp-content\/uploads\/2018\/03\/2831-700x467.jpg 700w\" sizes=\"auto, (max-width: 500px) 100vw, 500px\" \/><\/strong><\/h2>\n<div id=\"tw-target-text-container\" class=\"tw-ta-container F0azHf tw-nfl\" tabindex=\"0\">\n<h3 id=\"tw-target-text\" class=\"tw-data-text tw-text-large tw-ta\" dir=\"ltr\" data-placeholder=\"Tulkojums\"><span class=\"Y2IQFc\" lang=\"en\"><strong>COOPERATION WITH INSURANCE COMPANIES:<\/strong> <\/span><\/h3>\n<h3 class=\"tw-data-text tw-text-large tw-ta\" dir=\"ltr\" data-placeholder=\"Tulkojums\"><span class=\"Y2IQFc\" lang=\"en\">&#8211; &#8220;Kl\u012bnika Dzintari&#8221; has concluded a cooperation agreement with the Latvian branch of Compensa Life Vienna Insurance Group SE. <\/span><\/h3>\n<h3 class=\"tw-data-text tw-text-large tw-ta\" dir=\"ltr\" data-placeholder=\"Tulkojums\"><span class=\"Y2IQFc\" lang=\"en\">&#8211; When serving the Insured Person, the health insurance program is specified in the Card, the specified restrictions and limitations are taken into account.<\/span><\/h3>\n<p><strong><span class=\"HwtZe\" lang=\"en\"> INDIVIDUAL <span class=\"jCAhz ChMk0b\"><span class=\"ryNqvb\">GESTALT THERAPY\u00a0<\/span><\/span> <\/span><\/strong><\/p>\n<p><span class=\"HwtZe\" lang=\"en\"><span class=\"jCAhz ChMk0b\"><span class=\"ryNqvb\">Each of us sometimes messes around on the spot, but sometimes we do too much, for example, we work without raising our heads, or we worry about what we cannot change.<\/span><\/span> <span class=\"jCAhz ChMk0b\"><span class=\"ryNqvb\">However, it turns out that work without rest leads to exhaustion, doubts, takes away the joy of life and faith in people, worry reduces the ability to concentrate.<\/span><\/span> <span class=\"jCAhz ChMk0b\"><span class=\"ryNqvb\">In life, moments of joy alternate with times of sorrow and sadness, when the world seems particularly unfair and fate cruel.<\/span><\/span> <span class=\"jCAhz ChMk0b\"><span class=\"ryNqvb\">This is the moment when additional encouragement is most needed &#8211; special inner strength, positive emotions and support to make this time brighter.<\/span><\/span> <span class=\"jCAhz ChMk0b\"><span class=\"ryNqvb\">You create your own life by getting to know doubts, sadness, resentment, pain, also anger and joy.<\/span><\/span> <span class=\"jCAhz ChMk0b\"><span class=\"ryNqvb\">In a gestalt therapy, everyone can openly say how they feel and why they wanted to say what they said.<\/span><\/span> <span class=\"jCAhz ChMk0b\"><span class=\"ryNqvb\">In the therapy, you have the opportunity to get to know yourself better, your feelings, to realize what is not satisfying in life, and to start expressing better to others.<\/span><\/span> <span class=\"jCAhz ChMk0b\"><span class=\"ryNqvb\">This therapy is like a learning space where you can try something new and never seen before, see how it works, and then implement it in your life.<\/span><\/span>\u00a0\u00a0 <span class=\"jCAhz ChMk0b\"><span class=\"ryNqvb\">It is this opportunity to openly talk about your problems and receive support that provides great relief to you and promotes positive changes in your life.<\/span><\/span>\u00a0 <span class=\"jCAhz ChMk0b\"><span class=\"ryNqvb\">Gestalt therapy gives the opportunity to: get rid of negative emotions and experiences, take care of yourself and find joy in yourself, receive support and encouragement for positive changes in yourself, build relationships with people so that they bring satisfaction to yourself and others, accept yourself as I really am.<\/span><\/span> <span class=\"jCAhz ChMk0b\"><span class=\"ryNqvb\">Gestalt therapy is led by gestalt therapist Anna Lieckalni\u0146a.<\/span><\/span> <\/span><\/p>\n<\/div>\n<div id=\"tw-target-rmn-container\" class=\"tw-target-rmn tw-ta-container F0azHf tw-nfl\">\n<pre id=\"tw-target-rmn\" class=\"tw-data-placeholder tw-text-small tw-ta\" dir=\"ltr\" data-placeholder=\"\"><\/pre>\n<\/div>\n<h2><strong>On-line consultation led by psychiatrist, drama therapist and visual art therapist 45 min. &#8211; 60-80 EUR<br \/>\n<\/strong><\/h2>\n<p>You can apply for day hospital or specialist visits using the electronic application form <a href=\"https:\/\/dzintari.lv\/en\/apply-for-consultation\/\">www.dzintari.lv<\/a>, or by calling <a href=\"tel:+37167147833\">+371 67147833<\/a> and press 1.<\/p>\n<p>On-line consultations of psychiatrist\u00a0 (the first consultation up to 45 min. &#8211; 80 EUR, repeated consultation up to 45 min \u2013 60 EUR; repeated consultation up to 30 min.\u2013 40 EUR). Online therapy is confidential, effective and safe and has scientifically supported benefits. There are a number of life circumstances that on-line therapy is suited. For example, if the clinic is too far, a busy schedule, frequent traveling residing abroad, or even those who suffer from e.g. excess anxiety. In fact, it is often easier for clients to get in touch with deeper feelings. This enables a more effective treatment therapy in the privacy of one\u2019s own premises can provide a context of safety. That is essential for resolving excess anxiety or trauma. Although specialists recommend to have the first consultation face-to &#8211; face.<br \/>\nFor Online session you will need a computer with a camera and access to high \u2013 speed internet.<\/p>\n<p>Before applying please, read these rules:<br \/>\n<a href=\"https:\/\/dzintari.lv\/wp-content\/uploads\/2023\/12\/Attalinato-konsultaciju-noteikumi-ENG.docx\">Att\u0101lin\u0101to konsult\u0101ciju noteikumi &#8211; ENG<\/a><\/p>\n<p>&nbsp;<\/p>\n","protected":false},"excerpt":{"rendered":"<p>COOPERATION WITH INSURANCE COMPANIES: &#8211; &#8220;Kl\u012bnika Dzintari&#8221; has concluded a cooperation agreement with the Latvian branch of Compensa Life Vienna Insurance Group SE. &#8211; When serving the Insured Person, the health insurance program is specified in the Card, the specified restrictions and limitations are taken&#8230;<\/p>\n","protected":false},"author":1,"featured_media":0,"parent":0,"menu_order":0,"comment_status":"closed","ping_status":"closed","template":"","meta":{"footnotes":""},"class_list":["post-17135","page","type-page","status-publish","hentry"],"acf":[],"yoast_head":"<!-- This site is optimized with the Yoast SEO plugin v27.4 - https:\/\/yoast.com\/product\/yoast-seo-wordpress\/ -->\n<title>News - Kl\u012bnika Dzintari<\/title>\n<meta name=\"robots\" content=\"index, follow, max-snippet:-1, max-image-preview:large, max-video-preview:-1\" \/>\n<link rel=\"canonical\" href=\"https:\/\/dzintari.lv\/en\/news\/\" \/>\n<meta property=\"og:locale\" content=\"en_US\" \/>\n<meta property=\"og:type\" content=\"article\" \/>\n<meta property=\"og:title\" content=\"News - Kl\u012bnika Dzintari\" \/>\n<meta property=\"og:description\" content=\"COOPERATION WITH INSURANCE COMPANIES: &#8211; &#8220;Kl\u012bnika Dzintari&#8221; has concluded a cooperation agreement with the Latvian branch of Compensa Life Vienna Insurance Group SE. &#8211; When serving the Insured Person, the health insurance program is specified in the Card, the specified restrictions and limitations are taken...\" \/>\n<meta property=\"og:url\" content=\"https:\/\/dzintari.lv\/en\/news\/\" \/>\n<meta property=\"og:site_name\" content=\"Kl\u012bnika Dzintari\" \/>\n<meta property=\"article:modified_time\" content=\"2026-02-27T10:48:56+00:00\" \/>\n<meta property=\"og:image\" content=\"https:\/\/dzintari.lv\/wp-content\/uploads\/2018\/03\/2831-1024x683.jpg\" \/>\n\t<meta property=\"og:image:width\" content=\"1024\" \/>\n\t<meta property=\"og:image:height\" content=\"683\" \/>\n\t<meta property=\"og:image:type\" content=\"image\/jpeg\" \/>\n<meta name=\"twitter:card\" content=\"summary_large_image\" \/>\n<meta name=\"twitter:label1\" content=\"Est. reading time\" \/>\n\t<meta name=\"twitter:data1\" content=\"3 minutes\" \/>\n<script type=\"application\/ld+json\" class=\"yoast-schema-graph\">{\"@context\":\"https:\\\/\\\/schema.org\",\"@graph\":[{\"@type\":\"WebPage\",\"@id\":\"https:\\\/\\\/dzintari.lv\\\/en\\\/news\\\/\",\"url\":\"https:\\\/\\\/dzintari.lv\\\/en\\\/news\\\/\",\"name\":\"News - Kl\u012bnika Dzintari\",\"isPartOf\":{\"@id\":\"https:\\\/\\\/dzintari.lv\\\/#website\"},\"primaryImageOfPage\":{\"@id\":\"https:\\\/\\\/dzintari.lv\\\/en\\\/news\\\/#primaryimage\"},\"image\":{\"@id\":\"https:\\\/\\\/dzintari.lv\\\/en\\\/news\\\/#primaryimage\"},\"thumbnailUrl\":\"https:\\\/\\\/dzintari.lv\\\/wp-content\\\/uploads\\\/2018\\\/03\\\/2831.jpg\",\"datePublished\":\"2018-03-21T08:00:02+00:00\",\"dateModified\":\"2026-02-27T10:48:56+00:00\",\"breadcrumb\":{\"@id\":\"https:\\\/\\\/dzintari.lv\\\/en\\\/news\\\/#breadcrumb\"},\"inLanguage\":\"en-US\",\"potentialAction\":[{\"@type\":\"ReadAction\",\"target\":[\"https:\\\/\\\/dzintari.lv\\\/en\\\/news\\\/\"]}]},{\"@type\":\"ImageObject\",\"inLanguage\":\"en-US\",\"@id\":\"https:\\\/\\\/dzintari.lv\\\/en\\\/news\\\/#primaryimage\",\"url\":\"https:\\\/\\\/dzintari.lv\\\/wp-content\\\/uploads\\\/2018\\\/03\\\/2831.jpg\",\"contentUrl\":\"https:\\\/\\\/dzintari.lv\\\/wp-content\\\/uploads\\\/2018\\\/03\\\/2831.jpg\"},{\"@type\":\"BreadcrumbList\",\"@id\":\"https:\\\/\\\/dzintari.lv\\\/en\\\/news\\\/#breadcrumb\",\"itemListElement\":[{\"@type\":\"ListItem\",\"position\":1,\"name\":\"Home\",\"item\":\"https:\\\/\\\/dzintari.lv\\\/en\\\/\"},{\"@type\":\"ListItem\",\"position\":2,\"name\":\"News\"}]},{\"@type\":\"WebSite\",\"@id\":\"https:\\\/\\\/dzintari.lv\\\/#website\",\"url\":\"https:\\\/\\\/dzintari.lv\\\/\",\"name\":\"Kl\u012bnika Dzintari\",\"description\":\"Psiholo\u0123isk\u0101 un psihiatrisk\u0101 pal\u012bdz\u012bba\",\"publisher\":{\"@id\":\"https:\\\/\\\/dzintari.lv\\\/#organization\"},\"potentialAction\":[{\"@type\":\"SearchAction\",\"target\":{\"@type\":\"EntryPoint\",\"urlTemplate\":\"https:\\\/\\\/dzintari.lv\\\/?s={search_term_string}\"},\"query-input\":{\"@type\":\"PropertyValueSpecification\",\"valueRequired\":true,\"valueName\":\"search_term_string\"}}],\"inLanguage\":\"en-US\"},{\"@type\":\"Organization\",\"@id\":\"https:\\\/\\\/dzintari.lv\\\/#organization\",\"name\":\"SIA \u201cKl\u012bnika Dzintari\u201d\",\"url\":\"https:\\\/\\\/dzintari.lv\\\/\",\"logo\":{\"@type\":\"ImageObject\",\"inLanguage\":\"en-US\",\"@id\":\"https:\\\/\\\/dzintari.lv\\\/#\\\/schema\\\/logo\\\/image\\\/\",\"url\":\"https:\\\/\\\/dzintari.lv\\\/wp-content\\\/uploads\\\/2018\\\/02\\\/dzint-01.png\",\"contentUrl\":\"https:\\\/\\\/dzintari.lv\\\/wp-content\\\/uploads\\\/2018\\\/02\\\/dzint-01.png\",\"width\":259,\"height\":222,\"caption\":\"SIA \u201cKl\u012bnika Dzintari\u201d\"},\"image\":{\"@id\":\"https:\\\/\\\/dzintari.lv\\\/#\\\/schema\\\/logo\\\/image\\\/\"}}]}<\/script>\n<!-- \/ Yoast SEO plugin. -->","yoast_head_json":{"title":"News - Kl\u012bnika Dzintari","robots":{"index":"index","follow":"follow","max-snippet":"max-snippet:-1","max-image-preview":"max-image-preview:large","max-video-preview":"max-video-preview:-1"},"canonical":"https:\/\/dzintari.lv\/en\/news\/","og_locale":"en_US","og_type":"article","og_title":"News - Kl\u012bnika Dzintari","og_description":"COOPERATION WITH INSURANCE COMPANIES: &#8211; &#8220;Kl\u012bnika Dzintari&#8221; has concluded a cooperation agreement with the Latvian branch of Compensa Life Vienna Insurance Group SE. &#8211; When serving the Insured Person, the health insurance program is specified in the Card, the specified restrictions and limitations are taken...","og_url":"https:\/\/dzintari.lv\/en\/news\/","og_site_name":"Kl\u012bnika Dzintari","article_modified_time":"2026-02-27T10:48:56+00:00","og_image":[{"width":1024,"height":683,"url":"https:\/\/dzintari.lv\/wp-content\/uploads\/2018\/03\/2831-1024x683.jpg","type":"image\/jpeg"}],"twitter_card":"summary_large_image","twitter_misc":{"Est. reading time":"3 minutes"},"schema":{"@context":"https:\/\/schema.org","@graph":[{"@type":"WebPage","@id":"https:\/\/dzintari.lv\/en\/news\/","url":"https:\/\/dzintari.lv\/en\/news\/","name":"News - Kl\u012bnika Dzintari","isPartOf":{"@id":"https:\/\/dzintari.lv\/#website"},"primaryImageOfPage":{"@id":"https:\/\/dzintari.lv\/en\/news\/#primaryimage"},"image":{"@id":"https:\/\/dzintari.lv\/en\/news\/#primaryimage"},"thumbnailUrl":"https:\/\/dzintari.lv\/wp-content\/uploads\/2018\/03\/2831.jpg","datePublished":"2018-03-21T08:00:02+00:00","dateModified":"2026-02-27T10:48:56+00:00","breadcrumb":{"@id":"https:\/\/dzintari.lv\/en\/news\/#breadcrumb"},"inLanguage":"en-US","potentialAction":[{"@type":"ReadAction","target":["https:\/\/dzintari.lv\/en\/news\/"]}]},{"@type":"ImageObject","inLanguage":"en-US","@id":"https:\/\/dzintari.lv\/en\/news\/#primaryimage","url":"https:\/\/dzintari.lv\/wp-content\/uploads\/2018\/03\/2831.jpg","contentUrl":"https:\/\/dzintari.lv\/wp-content\/uploads\/2018\/03\/2831.jpg"},{"@type":"BreadcrumbList","@id":"https:\/\/dzintari.lv\/en\/news\/#breadcrumb","itemListElement":[{"@type":"ListItem","position":1,"name":"Home","item":"https:\/\/dzintari.lv\/en\/"},{"@type":"ListItem","position":2,"name":"News"}]},{"@type":"WebSite","@id":"https:\/\/dzintari.lv\/#website","url":"https:\/\/dzintari.lv\/","name":"Kl\u012bnika Dzintari","description":"Psiholo\u0123isk\u0101 un psihiatrisk\u0101 pal\u012bdz\u012bba","publisher":{"@id":"https:\/\/dzintari.lv\/#organization"},"potentialAction":[{"@type":"SearchAction","target":{"@type":"EntryPoint","urlTemplate":"https:\/\/dzintari.lv\/?s={search_term_string}"},"query-input":{"@type":"PropertyValueSpecification","valueRequired":true,"valueName":"search_term_string"}}],"inLanguage":"en-US"},{"@type":"Organization","@id":"https:\/\/dzintari.lv\/#organization","name":"SIA \u201cKl\u012bnika Dzintari\u201d","url":"https:\/\/dzintari.lv\/","logo":{"@type":"ImageObject","inLanguage":"en-US","@id":"https:\/\/dzintari.lv\/#\/schema\/logo\/image\/","url":"https:\/\/dzintari.lv\/wp-content\/uploads\/2018\/02\/dzint-01.png","contentUrl":"https:\/\/dzintari.lv\/wp-content\/uploads\/2018\/02\/dzint-01.png","width":259,"height":222,"caption":"SIA \u201cKl\u012bnika Dzintari\u201d"},"image":{"@id":"https:\/\/dzintari.lv\/#\/schema\/logo\/image\/"}}]}},"_links":{"self":[{"href":"https:\/\/dzintari.lv\/en\/wp-json\/wp\/v2\/pages\/17135","targetHints":{"allow":["GET"]}}],"collection":[{"href":"https:\/\/dzintari.lv\/en\/wp-json\/wp\/v2\/pages"}],"about":[{"href":"https:\/\/dzintari.lv\/en\/wp-json\/wp\/v2\/types\/page"}],"author":[{"embeddable":true,"href":"https:\/\/dzintari.lv\/en\/wp-json\/wp\/v2\/users\/1"}],"replies":[{"embeddable":true,"href":"https:\/\/dzintari.lv\/en\/wp-json\/wp\/v2\/comments?post=17135"}],"version-history":[{"count":140,"href":"https:\/\/dzintari.lv\/en\/wp-json\/wp\/v2\/pages\/17135\/revisions"}],"predecessor-version":[{"id":29330,"href":"https:\/\/dzintari.lv\/en\/wp-json\/wp\/v2\/pages\/17135\/revisions\/29330"}],"wp:attachment":[{"href":"https:\/\/dzintari.lv\/en\/wp-json\/wp\/v2\/media?parent=17135"}],"curies":[{"name":"wp","href":"https:\/\/api.w.org\/{rel}","templated":true}]}}