{"id":17118,"date":"2018-03-20T15:40:43","date_gmt":"2018-03-20T15:40:43","guid":{"rendered":"https:\/\/dzintari.dev-web-server.eu\/?page_id=17118"},"modified":"2026-01-16T10:37:17","modified_gmt":"2026-01-16T10:37:17","slug":"clinic-dzintari","status":"publish","type":"page","link":"https:\/\/dzintari.lv\/en\/clinic-dzintari\/","title":{"rendered":"&#8220;Clinic Dzintari&#8221;"},"content":{"rendered":"\n<div class=\"wp-block-columns is-layout-flex wp-container-core-columns-is-layout-9d6595d7 wp-block-columns-is-layout-flex\">\n<div class=\"wp-block-column is-layout-flow wp-block-column-is-layout-flow\">\n<figure class=\"wp-block-image size-large\"><img loading=\"lazy\" decoding=\"async\" width=\"538\" height=\"277\" src=\"https:\/\/dzintari.lv\/wp-content\/uploads\/2018\/02\/1.jpg\" alt=\"\" class=\"wp-image-19516\" srcset=\"https:\/\/dzintari.lv\/wp-content\/uploads\/2018\/02\/1.jpg 538w, https:\/\/dzintari.lv\/wp-content\/uploads\/2018\/02\/1-300x154.jpg 300w\" sizes=\"auto, (max-width: 538px) 100vw, 538px\" \/><\/figure>\n<\/div>\n\n\n\n<div class=\"wp-block-column is-layout-flow wp-block-column-is-layout-flow\">\n<figure class=\"wp-block-image size-large is-resized\"><img loading=\"lazy\" decoding=\"async\" width=\"1024\" height=\"1024\" src=\"https:\/\/dzintari.lv\/wp-content\/uploads\/2022\/03\/LHTC_Kvalitate_BASIC_Balts_RGB-1024x1024.png\" alt=\"\" class=\"wp-image-22992\" style=\"width:173px;height:173px\" srcset=\"https:\/\/dzintari.lv\/wp-content\/uploads\/2022\/03\/LHTC_Kvalitate_BASIC_Balts_RGB-1024x1024.png 1024w, https:\/\/dzintari.lv\/wp-content\/uploads\/2022\/03\/LHTC_Kvalitate_BASIC_Balts_RGB-300x300.png 300w, https:\/\/dzintari.lv\/wp-content\/uploads\/2022\/03\/LHTC_Kvalitate_BASIC_Balts_RGB-150x150.png 150w, https:\/\/dzintari.lv\/wp-content\/uploads\/2022\/03\/LHTC_Kvalitate_BASIC_Balts_RGB-768x768.png 768w, https:\/\/dzintari.lv\/wp-content\/uploads\/2022\/03\/LHTC_Kvalitate_BASIC_Balts_RGB-570x570.png 570w, https:\/\/dzintari.lv\/wp-content\/uploads\/2022\/03\/LHTC_Kvalitate_BASIC_Balts_RGB-500x500.png 500w, https:\/\/dzintari.lv\/wp-content\/uploads\/2022\/03\/LHTC_Kvalitate_BASIC_Balts_RGB-1000x1000.png 1000w, https:\/\/dzintari.lv\/wp-content\/uploads\/2022\/03\/LHTC_Kvalitate_BASIC_Balts_RGB-700x700.png 700w, https:\/\/dzintari.lv\/wp-content\/uploads\/2022\/03\/LHTC_Kvalitate_BASIC_Balts_RGB.png 1200w\" sizes=\"auto, (max-width: 1024px) 100vw, 1024px\" \/><\/figure>\n\n\n\n<h2 class=\"wp-block-heading\">\u201cCLINIC DZINTARI\u201d<\/h2>\n\n\n\n<pre id=\"tw-target-rmn\" class=\"wp-block-preformatted\"><\/pre>\n\n\n\n<p>You can apply for day hospital or specialist visits using the electronic application form <a href=\"https:\/\/dzintari.lv\/en\/\">www.dzintari.lv<\/a>, or by calling <a href=\"tel:+37129549983\">+371 29549983<\/a><\/p>\n\n\n\n<p><\/p>\n\n\n\n<p><strong>\u201cClinic Dzintari\u201d<\/strong>,&nbsp;<strong>registration number for medical institution: 130063401.<\/strong><\/p>\n\n\n\n<h3 class=\"wp-block-heading\" id=\"tw-target-text\"><strong>COOPERATION WITH INSURANCE COMPANIES:<\/strong><\/h3>\n\n\n\n<h3 class=\"wp-block-heading\">&#8211; &#8220;Kl\u012bnika Dzintari&#8221; has concluded a cooperation agreement with the Latvian branch of Compensa Life Vienna Insurance Group SE.<\/h3>\n\n\n\n<h3 class=\"wp-block-heading\">&#8211; When serving the Insured Person, the health insurance program is specified in the Card, the specified restrictions and limitations are taken into account.<\/h3>\n\n\n\n<p><\/p>\n\n\n\n<p class=\"has-black-color has-text-color has-link-color wp-elements-017eaabe0592e23b97ae2e16398d0f7d\">\u201cClinic Dzintari\u201d is a private clinic in Jurmala, Mellu\u017ei, which is surrounded by pine trees. For more than twenty five years\u00a0 the clinic has been helping those who are in the crisis, yearning to regain the peace, courage and power of their life. <strong>In 2025, the Clinic provided 3815 outpatient consultations and served 746 clients of the Day Clinic.<\/strong><br>Here everyone here who care about their quality of life can receive professional psychiatric and psychological help.<br>Treatment with intensive and integrated therapy in the care of professional specialists in an opened, welcoming and encouraging environment, \u2013 is exactly what is needed, to put the foundations for the stable changes in one&#8217;s health.<\/p>\n\n\n\n<p><\/p>\n\n\n\n<pre id=\"tw-target-text\" class=\"wp-block-preformatted\">TREATMENT STEPS IN \"CLINIC DZINTARI\":\n\n- Registration to the  paid program (tel. <a href=\"tel:+371 29549983\">+37129549983<\/a>) or by e-mail: <a href=\"mailto:dzintari@dzintari.lv\">dzintari@dzintari.lv<\/a>\n\n- While contacting you, the date and time of admission will be planned, when you have to come to the clinic with an identity document and a face mask. If you need an overnight stay, please look in the part of our home page: Services\/Hotel Services.\n\n- On the day of admission, you must arrive at the clinic reception at the specified time. Appropriate documents for the planned program will be prepared at the reception.\n\n- The client receives the first doctor's consultation, where all necessary things for successful treatment are planned and  prescribed.\n\n- An individual schedule is developed for the client, according to which the client is guided during the treatment. The duration of the treatment course in paid programs is 5 days. If necessary, a certificate of incapacity for work is issued.\n\n- At the end of the treatment course, it is possible to visit all specialists on an outpatient basis.\n\n\n\n<\/pre>\n\n\n\n<pre id=\"tw-target-rmn\" class=\"wp-block-preformatted\"><\/pre>\n<\/div>\n<\/div>\n\n\n\n<div style=\"height:20px\" aria-hidden=\"true\" class=\"wp-block-spacer\"><\/div>\n\n\n\n<h2 class=\"wp-block-heading\">To decide about the treatment in our clinic, we invite you to apply for a consultation with our clinic specialists.<\/h2>\n\n\n\n<ul class=\"wp-block-list\">\n<li>The possibility to get an individual consultation catering to your needs and result-oriented professional advice;<\/li>\n\n\n\n<li>Diverse psycho-therapeutic approach. We offer &#8211; dance and movement therapy, drama therapy, visual art therapy, consciousness activation training, Gestalt therapy, body relaxation, nutrition specialist;<\/li>\n\n\n\n<li>The possibility of massages and beauty treatments.&nbsp; Physical activities &#8211; remedial gymnastics, stretching, yoga and Nordic walking;<\/li>\n\n\n\n<li>Also, change of the usual environment to the sea and its natural energy.<\/li>\n<\/ul>\n\n\n\n<pre id=\"tw-target-text\" class=\"wp-block-preformatted\"><strong>After treatment in the clinic, you can also visit all specialists outpatient, apply by phone <a href=\"tel:+371 29549983\">+ 371 29549983<\/a>.<\/strong><\/pre>\n","protected":false},"excerpt":{"rendered":"<p>\u201cCLINIC DZINTARI\u201d You can apply for day hospital or specialist visits using the electronic application form www.dzintari.lv, or by calling +371 29549983 \u201cClinic Dzintari\u201d,&nbsp;registration number for medical institution: 130063401. COOPERATION WITH INSURANCE COMPANIES: &#8211; &#8220;Kl\u012bnika Dzintari&#8221; has concluded a cooperation agreement with the Latvian branch&#8230;<\/p>\n","protected":false},"author":1,"featured_media":0,"parent":0,"menu_order":0,"comment_status":"closed","ping_status":"closed","template":"","meta":{"footnotes":""},"class_list":["post-17118","page","type-page","status-publish","hentry"],"acf":[],"yoast_head":"<!-- This site is optimized with the Yoast SEO plugin v27.4 - https:\/\/yoast.com\/product\/yoast-seo-wordpress\/ -->\n<title>&quot;Clinic Dzintari&quot; - Kl\u012bnika Dzintari<\/title>\n<meta name=\"robots\" content=\"index, follow, max-snippet:-1, max-image-preview:large, max-video-preview:-1\" \/>\n<link rel=\"canonical\" href=\"https:\/\/dzintari.lv\/en\/clinic-dzintari\/\" \/>\n<meta property=\"og:locale\" content=\"en_US\" \/>\n<meta property=\"og:type\" content=\"article\" \/>\n<meta property=\"og:title\" content=\"&quot;Clinic Dzintari&quot; - Kl\u012bnika Dzintari\" \/>\n<meta property=\"og:description\" content=\"\u201cCLINIC DZINTARI\u201d You can apply for day hospital or specialist visits using the electronic application form www.dzintari.lv, or by calling +371 29549983 \u201cClinic Dzintari\u201d,&nbsp;registration number for medical institution: 130063401. COOPERATION WITH INSURANCE COMPANIES: &#8211; &#8220;Kl\u012bnika Dzintari&#8221; has concluded a cooperation agreement with the Latvian branch...\" \/>\n<meta property=\"og:url\" content=\"https:\/\/dzintari.lv\/en\/clinic-dzintari\/\" \/>\n<meta property=\"og:site_name\" content=\"Kl\u012bnika Dzintari\" \/>\n<meta property=\"article:modified_time\" content=\"2026-01-16T10:37:17+00:00\" \/>\n<meta property=\"og:image\" content=\"https:\/\/dzintari.lv\/wp-content\/uploads\/2018\/02\/1.jpg\" \/>\n\t<meta property=\"og:image:width\" content=\"538\" \/>\n\t<meta property=\"og:image:height\" content=\"277\" \/>\n\t<meta property=\"og:image:type\" content=\"image\/jpeg\" \/>\n<meta name=\"twitter:card\" content=\"summary_large_image\" \/>\n<meta name=\"twitter:label1\" content=\"Est. reading time\" \/>\n\t<meta name=\"twitter:data1\" content=\"2 minutes\" \/>\n<script type=\"application\/ld+json\" class=\"yoast-schema-graph\">{\"@context\":\"https:\\\/\\\/schema.org\",\"@graph\":[{\"@type\":\"WebPage\",\"@id\":\"https:\\\/\\\/dzintari.lv\\\/en\\\/clinic-dzintari\\\/\",\"url\":\"https:\\\/\\\/dzintari.lv\\\/en\\\/clinic-dzintari\\\/\",\"name\":\"\\\"Clinic Dzintari\\\" - Kl\u012bnika Dzintari\",\"isPartOf\":{\"@id\":\"https:\\\/\\\/dzintari.lv\\\/#website\"},\"primaryImageOfPage\":{\"@id\":\"https:\\\/\\\/dzintari.lv\\\/en\\\/clinic-dzintari\\\/#primaryimage\"},\"image\":{\"@id\":\"https:\\\/\\\/dzintari.lv\\\/en\\\/clinic-dzintari\\\/#primaryimage\"},\"thumbnailUrl\":\"https:\\\/\\\/dzintari.lv\\\/wp-content\\\/uploads\\\/2018\\\/02\\\/1.jpg\",\"datePublished\":\"2018-03-20T15:40:43+00:00\",\"dateModified\":\"2026-01-16T10:37:17+00:00\",\"breadcrumb\":{\"@id\":\"https:\\\/\\\/dzintari.lv\\\/en\\\/clinic-dzintari\\\/#breadcrumb\"},\"inLanguage\":\"en-US\",\"potentialAction\":[{\"@type\":\"ReadAction\",\"target\":[\"https:\\\/\\\/dzintari.lv\\\/en\\\/clinic-dzintari\\\/\"]}]},{\"@type\":\"ImageObject\",\"inLanguage\":\"en-US\",\"@id\":\"https:\\\/\\\/dzintari.lv\\\/en\\\/clinic-dzintari\\\/#primaryimage\",\"url\":\"https:\\\/\\\/dzintari.lv\\\/wp-content\\\/uploads\\\/2018\\\/02\\\/1.jpg\",\"contentUrl\":\"https:\\\/\\\/dzintari.lv\\\/wp-content\\\/uploads\\\/2018\\\/02\\\/1.jpg\"},{\"@type\":\"BreadcrumbList\",\"@id\":\"https:\\\/\\\/dzintari.lv\\\/en\\\/clinic-dzintari\\\/#breadcrumb\",\"itemListElement\":[{\"@type\":\"ListItem\",\"position\":1,\"name\":\"Home\",\"item\":\"https:\\\/\\\/dzintari.lv\\\/en\\\/\"},{\"@type\":\"ListItem\",\"position\":2,\"name\":\"&#8220;Clinic Dzintari&#8221;\"}]},{\"@type\":\"WebSite\",\"@id\":\"https:\\\/\\\/dzintari.lv\\\/#website\",\"url\":\"https:\\\/\\\/dzintari.lv\\\/\",\"name\":\"Kl\u012bnika Dzintari\",\"description\":\"Psiholo\u0123isk\u0101 un psihiatrisk\u0101 pal\u012bdz\u012bba\",\"publisher\":{\"@id\":\"https:\\\/\\\/dzintari.lv\\\/#organization\"},\"potentialAction\":[{\"@type\":\"SearchAction\",\"target\":{\"@type\":\"EntryPoint\",\"urlTemplate\":\"https:\\\/\\\/dzintari.lv\\\/?s={search_term_string}\"},\"query-input\":{\"@type\":\"PropertyValueSpecification\",\"valueRequired\":true,\"valueName\":\"search_term_string\"}}],\"inLanguage\":\"en-US\"},{\"@type\":\"Organization\",\"@id\":\"https:\\\/\\\/dzintari.lv\\\/#organization\",\"name\":\"SIA \u201cKl\u012bnika Dzintari\u201d\",\"url\":\"https:\\\/\\\/dzintari.lv\\\/\",\"logo\":{\"@type\":\"ImageObject\",\"inLanguage\":\"en-US\",\"@id\":\"https:\\\/\\\/dzintari.lv\\\/#\\\/schema\\\/logo\\\/image\\\/\",\"url\":\"https:\\\/\\\/dzintari.lv\\\/wp-content\\\/uploads\\\/2018\\\/02\\\/dzint-01.png\",\"contentUrl\":\"https:\\\/\\\/dzintari.lv\\\/wp-content\\\/uploads\\\/2018\\\/02\\\/dzint-01.png\",\"width\":259,\"height\":222,\"caption\":\"SIA \u201cKl\u012bnika Dzintari\u201d\"},\"image\":{\"@id\":\"https:\\\/\\\/dzintari.lv\\\/#\\\/schema\\\/logo\\\/image\\\/\"}}]}<\/script>\n<!-- \/ Yoast SEO plugin. -->","yoast_head_json":{"title":"\"Clinic Dzintari\" - Kl\u012bnika Dzintari","robots":{"index":"index","follow":"follow","max-snippet":"max-snippet:-1","max-image-preview":"max-image-preview:large","max-video-preview":"max-video-preview:-1"},"canonical":"https:\/\/dzintari.lv\/en\/clinic-dzintari\/","og_locale":"en_US","og_type":"article","og_title":"\"Clinic Dzintari\" - Kl\u012bnika Dzintari","og_description":"\u201cCLINIC DZINTARI\u201d You can apply for day hospital or specialist visits using the electronic application form www.dzintari.lv, or by calling +371 29549983 \u201cClinic Dzintari\u201d,&nbsp;registration number for medical institution: 130063401. COOPERATION WITH INSURANCE COMPANIES: &#8211; &#8220;Kl\u012bnika Dzintari&#8221; has concluded a cooperation agreement with the Latvian branch...","og_url":"https:\/\/dzintari.lv\/en\/clinic-dzintari\/","og_site_name":"Kl\u012bnika Dzintari","article_modified_time":"2026-01-16T10:37:17+00:00","og_image":[{"width":538,"height":277,"url":"https:\/\/dzintari.lv\/wp-content\/uploads\/2018\/02\/1.jpg","type":"image\/jpeg"}],"twitter_card":"summary_large_image","twitter_misc":{"Est. reading time":"2 minutes"},"schema":{"@context":"https:\/\/schema.org","@graph":[{"@type":"WebPage","@id":"https:\/\/dzintari.lv\/en\/clinic-dzintari\/","url":"https:\/\/dzintari.lv\/en\/clinic-dzintari\/","name":"\"Clinic Dzintari\" - Kl\u012bnika Dzintari","isPartOf":{"@id":"https:\/\/dzintari.lv\/#website"},"primaryImageOfPage":{"@id":"https:\/\/dzintari.lv\/en\/clinic-dzintari\/#primaryimage"},"image":{"@id":"https:\/\/dzintari.lv\/en\/clinic-dzintari\/#primaryimage"},"thumbnailUrl":"https:\/\/dzintari.lv\/wp-content\/uploads\/2018\/02\/1.jpg","datePublished":"2018-03-20T15:40:43+00:00","dateModified":"2026-01-16T10:37:17+00:00","breadcrumb":{"@id":"https:\/\/dzintari.lv\/en\/clinic-dzintari\/#breadcrumb"},"inLanguage":"en-US","potentialAction":[{"@type":"ReadAction","target":["https:\/\/dzintari.lv\/en\/clinic-dzintari\/"]}]},{"@type":"ImageObject","inLanguage":"en-US","@id":"https:\/\/dzintari.lv\/en\/clinic-dzintari\/#primaryimage","url":"https:\/\/dzintari.lv\/wp-content\/uploads\/2018\/02\/1.jpg","contentUrl":"https:\/\/dzintari.lv\/wp-content\/uploads\/2018\/02\/1.jpg"},{"@type":"BreadcrumbList","@id":"https:\/\/dzintari.lv\/en\/clinic-dzintari\/#breadcrumb","itemListElement":[{"@type":"ListItem","position":1,"name":"Home","item":"https:\/\/dzintari.lv\/en\/"},{"@type":"ListItem","position":2,"name":"&#8220;Clinic Dzintari&#8221;"}]},{"@type":"WebSite","@id":"https:\/\/dzintari.lv\/#website","url":"https:\/\/dzintari.lv\/","name":"Kl\u012bnika Dzintari","description":"Psiholo\u0123isk\u0101 un psihiatrisk\u0101 pal\u012bdz\u012bba","publisher":{"@id":"https:\/\/dzintari.lv\/#organization"},"potentialAction":[{"@type":"SearchAction","target":{"@type":"EntryPoint","urlTemplate":"https:\/\/dzintari.lv\/?s={search_term_string}"},"query-input":{"@type":"PropertyValueSpecification","valueRequired":true,"valueName":"search_term_string"}}],"inLanguage":"en-US"},{"@type":"Organization","@id":"https:\/\/dzintari.lv\/#organization","name":"SIA \u201cKl\u012bnika Dzintari\u201d","url":"https:\/\/dzintari.lv\/","logo":{"@type":"ImageObject","inLanguage":"en-US","@id":"https:\/\/dzintari.lv\/#\/schema\/logo\/image\/","url":"https:\/\/dzintari.lv\/wp-content\/uploads\/2018\/02\/dzint-01.png","contentUrl":"https:\/\/dzintari.lv\/wp-content\/uploads\/2018\/02\/dzint-01.png","width":259,"height":222,"caption":"SIA \u201cKl\u012bnika Dzintari\u201d"},"image":{"@id":"https:\/\/dzintari.lv\/#\/schema\/logo\/image\/"}}]}},"_links":{"self":[{"href":"https:\/\/dzintari.lv\/en\/wp-json\/wp\/v2\/pages\/17118","targetHints":{"allow":["GET"]}}],"collection":[{"href":"https:\/\/dzintari.lv\/en\/wp-json\/wp\/v2\/pages"}],"about":[{"href":"https:\/\/dzintari.lv\/en\/wp-json\/wp\/v2\/types\/page"}],"author":[{"embeddable":true,"href":"https:\/\/dzintari.lv\/en\/wp-json\/wp\/v2\/users\/1"}],"replies":[{"embeddable":true,"href":"https:\/\/dzintari.lv\/en\/wp-json\/wp\/v2\/comments?post=17118"}],"version-history":[{"count":65,"href":"https:\/\/dzintari.lv\/en\/wp-json\/wp\/v2\/pages\/17118\/revisions"}],"predecessor-version":[{"id":29044,"href":"https:\/\/dzintari.lv\/en\/wp-json\/wp\/v2\/pages\/17118\/revisions\/29044"}],"wp:attachment":[{"href":"https:\/\/dzintari.lv\/en\/wp-json\/wp\/v2\/media?parent=17118"}],"curies":[{"name":"wp","href":"https:\/\/api.w.org\/{rel}","templated":true}]}}