{"id":17116,"date":"2018-03-20T15:37:16","date_gmt":"2018-03-20T15:37:16","guid":{"rendered":"https:\/\/dzintari.dev-web-server.eu\/?page_id=17116"},"modified":"2026-03-20T09:09:49","modified_gmt":"2026-03-20T09:09:49","slug":"consulting-office-in-riga","status":"publish","type":"page","link":"https:\/\/dzintari.lv\/en\/consulting-office-in-riga\/","title":{"rendered":"Consulting office in Riga"},"content":{"rendered":"\r\n<div class=\"wp-block-columns is-layout-flex wp-container-core-columns-is-layout-9d6595d7 wp-block-columns-is-layout-flex\">\r\n<div class=\"wp-block-column is-layout-flow wp-block-column-is-layout-flow\">\r\n<div class=\"mapouter\">\r\n<div class=\"gmap_canvas\"><iframe loading=\"lazy\" id=\"gmap_canvas\" src=\"https:\/\/maps.google.com\/maps?q=blauma%C5%86a%2030&amp;t=&amp;z=13&amp;ie=UTF8&amp;iwloc=&amp;output=embed\" width=\"500\" height=\"350\" frameborder=\"0\" marginwidth=\"0\" marginheight=\"0\" scrolling=\"no\"><\/iframe><\/div>\r\n<\/div>\r\n\r\n\r\n\r\n<p><a href=\"waze:\/\/?ll=56.9523311%2C24.125181&amp;navigate=yes\"> <img decoding=\"async\" src=\"https:\/\/dzintari.lv\/wp-content\/uploads\/2018\/10\/icon2.png\" \/><\/a> Navigate with &#8211; <a href=\"waze:\/\/?ll=56.9523311%2C24.125181&amp;navigate=yes\">Waze<\/a><\/p>\r\n<\/div>\r\n\r\n\r\n\r\n<div class=\"wp-block-column is-layout-flow wp-block-column-is-layout-flow\">\r\n<h2 class=\"wp-block-heading\">CONSULTING OFFICE IN RIGA<\/h2>\r\n\r\n\r\n\r\n<p>You can apply for day hospital or specialist visits using the electronic application form <a href=\"https:\/\/dzintari.lv\/en\/apply-for-consultation\/\">www.dzintari.lv<\/a>, or by calling <a href=\"tel:+371 29549983\">+371 67147833<\/a><\/p>\r\n\r\n\r\n\r\n\r\n\r\n\r\n\r\n<p><strong>REMEMBER!<\/strong><\/p>\r\n\r\n\r\n\r\n<p>\u201cClinic Dzintari\u201d offers the possibility to apply for the pay consultation and individual sessions led by specialists of clinic in Riga: psychiatrist, CBT psychotherapist, psychotherapy specialist in hypnotherapy.<br \/><strong>Consulting office is situated on Blauma\u0146a street 30 (entrance from P\u0113rses street), Riga, LV-1011. <\/strong><\/p>\r\n<p><strong>Please, apply for the consultation by phone <a href=\"tel:+37167147833\">+37167147833<\/a> and press &#8220;1&#8221;.\u00a0 Please, mention that you want to receive the consultation in Riga, but please take in a notice that not all doctors offer the consultation in Riga.<\/strong><\/p>\r\n<p><br \/><strong>Doctor \u2013 psychiatrist home visits<\/strong><br \/>Psychiatrist consultations \/ home visits for seniors and people with reduced mobility. Service available in Riga and Jurmala. Price 250 EUR (duration of consultation up to 1 h)\/ repeated consultation &#8211; 150 EUR. The price includes the preparation of documents for sending a person to The State Commission of Health and Work Expertise of Physicians.<br \/>During the consultation, it is advised to present the results of previous medical examinations, medical documentation from hospitals and the conclusions of consultants.<br \/>Apply by phone:\u00a0 GSM: <a href=\"tel: +37129549983\">+ 37129549983<\/a> or <a href=\"tel:+37167147833\">+37167147833<\/a><\/p>\r\n<\/div>\r\n<\/div>\r\n","protected":false},"excerpt":{"rendered":"<p>Navigate with &#8211; Waze CONSULTING OFFICE IN RIGA You can apply for day hospital or specialist visits using the electronic application form www.dzintari.lv, or by calling +371 67147833 REMEMBER! \u201cClinic Dzintari\u201d offers the possibility to apply for the pay consultation and individual sessions led by&#8230;<\/p>\n","protected":false},"author":1,"featured_media":0,"parent":0,"menu_order":0,"comment_status":"closed","ping_status":"closed","template":"","meta":{"footnotes":""},"class_list":["post-17116","page","type-page","status-publish","hentry"],"acf":[],"yoast_head":"<!-- This site is optimized with the Yoast SEO plugin v27.4 - https:\/\/yoast.com\/product\/yoast-seo-wordpress\/ -->\n<title>Consulting office in Riga - Kl\u012bnika Dzintari<\/title>\n<meta name=\"description\" content=\"Consultations of psychologist and psychiatrist in Riga, Clinic Dzintari\" \/>\n<meta name=\"robots\" content=\"index, follow, max-snippet:-1, max-image-preview:large, max-video-preview:-1\" \/>\n<link rel=\"canonical\" href=\"https:\/\/dzintari.lv\/en\/consulting-office-in-riga\/\" \/>\n<meta property=\"og:locale\" content=\"en_US\" \/>\n<meta property=\"og:type\" content=\"article\" \/>\n<meta property=\"og:title\" content=\"Consulting office in Riga - Kl\u012bnika Dzintari\" \/>\n<meta property=\"og:description\" content=\"Consultations of psychologist and psychiatrist in Riga, Clinic Dzintari\" \/>\n<meta property=\"og:url\" content=\"https:\/\/dzintari.lv\/en\/consulting-office-in-riga\/\" \/>\n<meta property=\"og:site_name\" content=\"Kl\u012bnika Dzintari\" \/>\n<meta property=\"article:modified_time\" content=\"2026-03-20T09:09:49+00:00\" \/>\n<meta property=\"og:image\" content=\"https:\/\/dzintari.lv\/wp-content\/uploads\/2018\/10\/icon2.png\" \/>\n<meta name=\"twitter:card\" content=\"summary_large_image\" \/>\n<meta name=\"twitter:label1\" content=\"Est. reading time\" \/>\n\t<meta name=\"twitter:data1\" content=\"2 minutes\" \/>\n<script type=\"application\/ld+json\" class=\"yoast-schema-graph\">{\"@context\":\"https:\\\/\\\/schema.org\",\"@graph\":[{\"@type\":\"WebPage\",\"@id\":\"https:\\\/\\\/dzintari.lv\\\/en\\\/consulting-office-in-riga\\\/\",\"url\":\"https:\\\/\\\/dzintari.lv\\\/en\\\/consulting-office-in-riga\\\/\",\"name\":\"Consulting office in Riga - Kl\u012bnika Dzintari\",\"isPartOf\":{\"@id\":\"https:\\\/\\\/dzintari.lv\\\/#website\"},\"primaryImageOfPage\":{\"@id\":\"https:\\\/\\\/dzintari.lv\\\/en\\\/consulting-office-in-riga\\\/#primaryimage\"},\"image\":{\"@id\":\"https:\\\/\\\/dzintari.lv\\\/en\\\/consulting-office-in-riga\\\/#primaryimage\"},\"thumbnailUrl\":\"https:\\\/\\\/dzintari.lv\\\/wp-content\\\/uploads\\\/2018\\\/10\\\/icon2.png\",\"datePublished\":\"2018-03-20T15:37:16+00:00\",\"dateModified\":\"2026-03-20T09:09:49+00:00\",\"description\":\"Consultations of psychologist and psychiatrist in Riga, Clinic Dzintari\",\"breadcrumb\":{\"@id\":\"https:\\\/\\\/dzintari.lv\\\/en\\\/consulting-office-in-riga\\\/#breadcrumb\"},\"inLanguage\":\"en-US\",\"potentialAction\":[{\"@type\":\"ReadAction\",\"target\":[\"https:\\\/\\\/dzintari.lv\\\/en\\\/consulting-office-in-riga\\\/\"]}]},{\"@type\":\"ImageObject\",\"inLanguage\":\"en-US\",\"@id\":\"https:\\\/\\\/dzintari.lv\\\/en\\\/consulting-office-in-riga\\\/#primaryimage\",\"url\":\"https:\\\/\\\/dzintari.lv\\\/wp-content\\\/uploads\\\/2018\\\/10\\\/icon2.png\",\"contentUrl\":\"https:\\\/\\\/dzintari.lv\\\/wp-content\\\/uploads\\\/2018\\\/10\\\/icon2.png\"},{\"@type\":\"BreadcrumbList\",\"@id\":\"https:\\\/\\\/dzintari.lv\\\/en\\\/consulting-office-in-riga\\\/#breadcrumb\",\"itemListElement\":[{\"@type\":\"ListItem\",\"position\":1,\"name\":\"Home\",\"item\":\"https:\\\/\\\/dzintari.lv\\\/en\\\/\"},{\"@type\":\"ListItem\",\"position\":2,\"name\":\"Consulting office in Riga\"}]},{\"@type\":\"WebSite\",\"@id\":\"https:\\\/\\\/dzintari.lv\\\/#website\",\"url\":\"https:\\\/\\\/dzintari.lv\\\/\",\"name\":\"Kl\u012bnika Dzintari\",\"description\":\"Psiholo\u0123isk\u0101 un psihiatrisk\u0101 pal\u012bdz\u012bba\",\"publisher\":{\"@id\":\"https:\\\/\\\/dzintari.lv\\\/#organization\"},\"potentialAction\":[{\"@type\":\"SearchAction\",\"target\":{\"@type\":\"EntryPoint\",\"urlTemplate\":\"https:\\\/\\\/dzintari.lv\\\/?s={search_term_string}\"},\"query-input\":{\"@type\":\"PropertyValueSpecification\",\"valueRequired\":true,\"valueName\":\"search_term_string\"}}],\"inLanguage\":\"en-US\"},{\"@type\":\"Organization\",\"@id\":\"https:\\\/\\\/dzintari.lv\\\/#organization\",\"name\":\"SIA \u201cKl\u012bnika Dzintari\u201d\",\"url\":\"https:\\\/\\\/dzintari.lv\\\/\",\"logo\":{\"@type\":\"ImageObject\",\"inLanguage\":\"en-US\",\"@id\":\"https:\\\/\\\/dzintari.lv\\\/#\\\/schema\\\/logo\\\/image\\\/\",\"url\":\"https:\\\/\\\/dzintari.lv\\\/wp-content\\\/uploads\\\/2018\\\/02\\\/dzint-01.png\",\"contentUrl\":\"https:\\\/\\\/dzintari.lv\\\/wp-content\\\/uploads\\\/2018\\\/02\\\/dzint-01.png\",\"width\":259,\"height\":222,\"caption\":\"SIA \u201cKl\u012bnika Dzintari\u201d\"},\"image\":{\"@id\":\"https:\\\/\\\/dzintari.lv\\\/#\\\/schema\\\/logo\\\/image\\\/\"}}]}<\/script>\n<!-- \/ Yoast SEO plugin. -->","yoast_head_json":{"title":"Consulting office in Riga - Kl\u012bnika Dzintari","description":"Consultations of psychologist and psychiatrist in Riga, Clinic Dzintari","robots":{"index":"index","follow":"follow","max-snippet":"max-snippet:-1","max-image-preview":"max-image-preview:large","max-video-preview":"max-video-preview:-1"},"canonical":"https:\/\/dzintari.lv\/en\/consulting-office-in-riga\/","og_locale":"en_US","og_type":"article","og_title":"Consulting office in Riga - Kl\u012bnika Dzintari","og_description":"Consultations of psychologist and psychiatrist in Riga, Clinic Dzintari","og_url":"https:\/\/dzintari.lv\/en\/consulting-office-in-riga\/","og_site_name":"Kl\u012bnika Dzintari","article_modified_time":"2026-03-20T09:09:49+00:00","og_image":[{"url":"https:\/\/dzintari.lv\/wp-content\/uploads\/2018\/10\/icon2.png","type":"","width":"","height":""}],"twitter_card":"summary_large_image","twitter_misc":{"Est. reading time":"2 minutes"},"schema":{"@context":"https:\/\/schema.org","@graph":[{"@type":"WebPage","@id":"https:\/\/dzintari.lv\/en\/consulting-office-in-riga\/","url":"https:\/\/dzintari.lv\/en\/consulting-office-in-riga\/","name":"Consulting office in Riga - Kl\u012bnika Dzintari","isPartOf":{"@id":"https:\/\/dzintari.lv\/#website"},"primaryImageOfPage":{"@id":"https:\/\/dzintari.lv\/en\/consulting-office-in-riga\/#primaryimage"},"image":{"@id":"https:\/\/dzintari.lv\/en\/consulting-office-in-riga\/#primaryimage"},"thumbnailUrl":"https:\/\/dzintari.lv\/wp-content\/uploads\/2018\/10\/icon2.png","datePublished":"2018-03-20T15:37:16+00:00","dateModified":"2026-03-20T09:09:49+00:00","description":"Consultations of psychologist and psychiatrist in Riga, Clinic Dzintari","breadcrumb":{"@id":"https:\/\/dzintari.lv\/en\/consulting-office-in-riga\/#breadcrumb"},"inLanguage":"en-US","potentialAction":[{"@type":"ReadAction","target":["https:\/\/dzintari.lv\/en\/consulting-office-in-riga\/"]}]},{"@type":"ImageObject","inLanguage":"en-US","@id":"https:\/\/dzintari.lv\/en\/consulting-office-in-riga\/#primaryimage","url":"https:\/\/dzintari.lv\/wp-content\/uploads\/2018\/10\/icon2.png","contentUrl":"https:\/\/dzintari.lv\/wp-content\/uploads\/2018\/10\/icon2.png"},{"@type":"BreadcrumbList","@id":"https:\/\/dzintari.lv\/en\/consulting-office-in-riga\/#breadcrumb","itemListElement":[{"@type":"ListItem","position":1,"name":"Home","item":"https:\/\/dzintari.lv\/en\/"},{"@type":"ListItem","position":2,"name":"Consulting office in Riga"}]},{"@type":"WebSite","@id":"https:\/\/dzintari.lv\/#website","url":"https:\/\/dzintari.lv\/","name":"Kl\u012bnika Dzintari","description":"Psiholo\u0123isk\u0101 un psihiatrisk\u0101 pal\u012bdz\u012bba","publisher":{"@id":"https:\/\/dzintari.lv\/#organization"},"potentialAction":[{"@type":"SearchAction","target":{"@type":"EntryPoint","urlTemplate":"https:\/\/dzintari.lv\/?s={search_term_string}"},"query-input":{"@type":"PropertyValueSpecification","valueRequired":true,"valueName":"search_term_string"}}],"inLanguage":"en-US"},{"@type":"Organization","@id":"https:\/\/dzintari.lv\/#organization","name":"SIA \u201cKl\u012bnika Dzintari\u201d","url":"https:\/\/dzintari.lv\/","logo":{"@type":"ImageObject","inLanguage":"en-US","@id":"https:\/\/dzintari.lv\/#\/schema\/logo\/image\/","url":"https:\/\/dzintari.lv\/wp-content\/uploads\/2018\/02\/dzint-01.png","contentUrl":"https:\/\/dzintari.lv\/wp-content\/uploads\/2018\/02\/dzint-01.png","width":259,"height":222,"caption":"SIA \u201cKl\u012bnika Dzintari\u201d"},"image":{"@id":"https:\/\/dzintari.lv\/#\/schema\/logo\/image\/"}}]}},"_links":{"self":[{"href":"https:\/\/dzintari.lv\/en\/wp-json\/wp\/v2\/pages\/17116","targetHints":{"allow":["GET"]}}],"collection":[{"href":"https:\/\/dzintari.lv\/en\/wp-json\/wp\/v2\/pages"}],"about":[{"href":"https:\/\/dzintari.lv\/en\/wp-json\/wp\/v2\/types\/page"}],"author":[{"embeddable":true,"href":"https:\/\/dzintari.lv\/en\/wp-json\/wp\/v2\/users\/1"}],"replies":[{"embeddable":true,"href":"https:\/\/dzintari.lv\/en\/wp-json\/wp\/v2\/comments?post=17116"}],"version-history":[{"count":51,"href":"https:\/\/dzintari.lv\/en\/wp-json\/wp\/v2\/pages\/17116\/revisions"}],"predecessor-version":[{"id":29405,"href":"https:\/\/dzintari.lv\/en\/wp-json\/wp\/v2\/pages\/17116\/revisions\/29405"}],"wp:attachment":[{"href":"https:\/\/dzintari.lv\/en\/wp-json\/wp\/v2\/media?parent=17116"}],"curies":[{"name":"wp","href":"https:\/\/api.w.org\/{rel}","templated":true}]}}