{"id":17108,"date":"2018-03-20T15:17:00","date_gmt":"2018-03-20T15:17:00","guid":{"rendered":"https:\/\/dzintari.dev-web-server.eu\/?page_id=17108"},"modified":"2021-06-18T09:13:28","modified_gmt":"2021-06-18T09:13:28","slug":"difficulties-in-life","status":"publish","type":"page","link":"https:\/\/dzintari.lv\/en\/difficulties-in-life\/","title":{"rendered":"Difficulties in life"},"content":{"rendered":"\n<h2 class=\"wp-block-heading\">DIFFICULTIES IN LIFE<\/h2>\n\n\n\n<div style=\"height:20px\" aria-hidden=\"true\" class=\"wp-block-spacer\"><\/div>\n\n\n\n<p><strong>Indifference<\/strong>\u00a0\u2013\u00a0apathy, insensitivity, disinterest about the world around you. It may be an effect of disease \u2013 stroke, Alzheimer\u2019s disease, Parkinson\u2019s, etc.<br><br><strong>Feeling of emptiness<\/strong>\u00a0and form of deep emotional pain that can be experienced in any person\u2019s life at any age. Both children and adolescents can experience a sense of emptiness. For example, change of residence or the educational institution. It can be felt by anyone experiencing loss. A feeling of emptiness is also common for\u00a0people at\u00a0the  age of retirement when they no longer feel useful to society.<br><br><strong>Fear<\/strong>\u00a0\u2013 a natural, inborn response that is necessary for human survival. This response signals danger and mobilizes action. Anxiety is related to the events in a person\u2019s life, often mundane. Fear can occur when a child is facing a huge dog. An adult is expecting an unpleasant conversation with their boss, as well as other situations. A scared person\u2019s attention narrows, they focuses on the risks and opportunities of running away. The heart beats faster, breathing is faster, there is tension in the muscles. If a threatening situation is yet to begin, the person feels anxious, nervous, tense, unable to think about anything else, experiences insomnia. Usually anxiety disappears when the threat is no longer present. Sometimes it takes some time to cope with the experience. If psychological trauma has been strong, the effects can be long-lasting. A person remembers the traumatic event and the anxiety returns. This may require psychological help.<br><br><strong>Job loss.<\/strong> Work life plays an important role in an adults life. People spend a large part of their lives at work. Work gives a person satisfaction, satisfying his material needs. At work, people have the opportunity to express and develop themselves. At work there is an opportunity to interact with other people. That is why after losing a job and being out of work a long time, people have lower self-esteem, loss of interest in the events surrounding community and the country. It is often a problem that occurs in the family, loss of motivation to do anything to change the situation. People often become depressed.<br><br><strong>Relationships in the family.<\/strong>\u00a0The relationship can be in a crisis \u2013 after one year, three, four, and seven. The time when a crisis occurs, is not related to the flow of time, but to the events in the life\u00a0 of a variety of matters.<br><br><strong>Child-parenting problems<\/strong>. Raising children is a tough and responsible job that requires a lot of effort. Some parents deal with it themselves, others need help. Child-parenting problems can occur in the form of both learning and behavioral problems.<br><\/p>\n\n\n\n<p><strong>Person\u2019s own or relative care.<\/strong> Care of seriously ill relatives requires a lot of physical and mental endurance. Often, caregivers can experience \u2013 depression, anxiety, fear, burnout syndrome, as well as physical health problems.<br><br><strong>Overload<\/strong>\u00a0\u2013 prolonged fatigue, anxiety, stress, irritability. Inability to concentrate, disturbed sleep, headaches, back pain, etc. physiological manifestations.<br><br><strong>Difficulties in adapting to new situations in life.<\/strong>\u00a0Such situations are often associated with a lack of self-esteem. People often experience despair, sadness, anxiety, excitement, headache or abdominal pain.<\/p>\n","protected":false},"excerpt":{"rendered":"<p>DIFFICULTIES IN LIFE Indifference\u00a0\u2013\u00a0apathy, insensitivity, disinterest about the world around you. It may be an effect of disease \u2013 stroke, Alzheimer\u2019s disease, Parkinson\u2019s, etc. Feeling of emptiness\u00a0and form of deep emotional pain that can be experienced in any person\u2019s life at any age. Both children&#8230;<\/p>\n","protected":false},"author":1,"featured_media":0,"parent":0,"menu_order":0,"comment_status":"closed","ping_status":"closed","template":"","meta":{"footnotes":""},"class_list":["post-17108","page","type-page","status-publish","hentry"],"acf":[],"yoast_head":"<!-- This site is optimized with the Yoast SEO plugin v27.4 - https:\/\/yoast.com\/product\/yoast-seo-wordpress\/ -->\n<title>Difficulties in life - Kl\u012bnika Dzintari<\/title>\n<meta name=\"description\" content=\"Difficulties in life - depression, loss, burnout syndrome\" \/>\n<meta name=\"robots\" content=\"index, follow, max-snippet:-1, max-image-preview:large, max-video-preview:-1\" \/>\n<link rel=\"canonical\" href=\"https:\/\/dzintari.lv\/en\/difficulties-in-life\/\" \/>\n<meta property=\"og:locale\" content=\"en_US\" \/>\n<meta property=\"og:type\" content=\"article\" \/>\n<meta property=\"og:title\" content=\"Difficulties in life - Kl\u012bnika Dzintari\" \/>\n<meta property=\"og:description\" content=\"Difficulties in life - depression, loss, burnout syndrome\" \/>\n<meta property=\"og:url\" content=\"https:\/\/dzintari.lv\/en\/difficulties-in-life\/\" \/>\n<meta property=\"og:site_name\" content=\"Kl\u012bnika Dzintari\" \/>\n<meta property=\"article:modified_time\" content=\"2021-06-18T09:13:28+00:00\" \/>\n<meta name=\"twitter:card\" content=\"summary_large_image\" \/>\n<meta name=\"twitter:label1\" content=\"Est. reading time\" \/>\n\t<meta name=\"twitter:data1\" content=\"3 minutes\" \/>\n<script type=\"application\/ld+json\" class=\"yoast-schema-graph\">{\"@context\":\"https:\\\/\\\/schema.org\",\"@graph\":[{\"@type\":\"WebPage\",\"@id\":\"https:\\\/\\\/dzintari.lv\\\/en\\\/difficulties-in-life\\\/\",\"url\":\"https:\\\/\\\/dzintari.lv\\\/en\\\/difficulties-in-life\\\/\",\"name\":\"Difficulties in life - Kl\u012bnika Dzintari\",\"isPartOf\":{\"@id\":\"https:\\\/\\\/dzintari.lv\\\/#website\"},\"datePublished\":\"2018-03-20T15:17:00+00:00\",\"dateModified\":\"2021-06-18T09:13:28+00:00\",\"description\":\"Difficulties in life - depression, loss, burnout syndrome\",\"breadcrumb\":{\"@id\":\"https:\\\/\\\/dzintari.lv\\\/en\\\/difficulties-in-life\\\/#breadcrumb\"},\"inLanguage\":\"en-US\",\"potentialAction\":[{\"@type\":\"ReadAction\",\"target\":[\"https:\\\/\\\/dzintari.lv\\\/en\\\/difficulties-in-life\\\/\"]}]},{\"@type\":\"BreadcrumbList\",\"@id\":\"https:\\\/\\\/dzintari.lv\\\/en\\\/difficulties-in-life\\\/#breadcrumb\",\"itemListElement\":[{\"@type\":\"ListItem\",\"position\":1,\"name\":\"Home\",\"item\":\"https:\\\/\\\/dzintari.lv\\\/en\\\/\"},{\"@type\":\"ListItem\",\"position\":2,\"name\":\"Difficulties in life\"}]},{\"@type\":\"WebSite\",\"@id\":\"https:\\\/\\\/dzintari.lv\\\/#website\",\"url\":\"https:\\\/\\\/dzintari.lv\\\/\",\"name\":\"Kl\u012bnika Dzintari\",\"description\":\"Psiholo\u0123isk\u0101 un psihiatrisk\u0101 pal\u012bdz\u012bba\",\"publisher\":{\"@id\":\"https:\\\/\\\/dzintari.lv\\\/#organization\"},\"potentialAction\":[{\"@type\":\"SearchAction\",\"target\":{\"@type\":\"EntryPoint\",\"urlTemplate\":\"https:\\\/\\\/dzintari.lv\\\/?s={search_term_string}\"},\"query-input\":{\"@type\":\"PropertyValueSpecification\",\"valueRequired\":true,\"valueName\":\"search_term_string\"}}],\"inLanguage\":\"en-US\"},{\"@type\":\"Organization\",\"@id\":\"https:\\\/\\\/dzintari.lv\\\/#organization\",\"name\":\"SIA \u201cKl\u012bnika Dzintari\u201d\",\"url\":\"https:\\\/\\\/dzintari.lv\\\/\",\"logo\":{\"@type\":\"ImageObject\",\"inLanguage\":\"en-US\",\"@id\":\"https:\\\/\\\/dzintari.lv\\\/#\\\/schema\\\/logo\\\/image\\\/\",\"url\":\"https:\\\/\\\/dzintari.lv\\\/wp-content\\\/uploads\\\/2018\\\/02\\\/dzint-01.png\",\"contentUrl\":\"https:\\\/\\\/dzintari.lv\\\/wp-content\\\/uploads\\\/2018\\\/02\\\/dzint-01.png\",\"width\":259,\"height\":222,\"caption\":\"SIA \u201cKl\u012bnika Dzintari\u201d\"},\"image\":{\"@id\":\"https:\\\/\\\/dzintari.lv\\\/#\\\/schema\\\/logo\\\/image\\\/\"}}]}<\/script>\n<!-- \/ Yoast SEO plugin. -->","yoast_head_json":{"title":"Difficulties in life - Kl\u012bnika Dzintari","description":"Difficulties in life - depression, loss, burnout syndrome","robots":{"index":"index","follow":"follow","max-snippet":"max-snippet:-1","max-image-preview":"max-image-preview:large","max-video-preview":"max-video-preview:-1"},"canonical":"https:\/\/dzintari.lv\/en\/difficulties-in-life\/","og_locale":"en_US","og_type":"article","og_title":"Difficulties in life - Kl\u012bnika Dzintari","og_description":"Difficulties in life - depression, loss, burnout syndrome","og_url":"https:\/\/dzintari.lv\/en\/difficulties-in-life\/","og_site_name":"Kl\u012bnika Dzintari","article_modified_time":"2021-06-18T09:13:28+00:00","twitter_card":"summary_large_image","twitter_misc":{"Est. reading time":"3 minutes"},"schema":{"@context":"https:\/\/schema.org","@graph":[{"@type":"WebPage","@id":"https:\/\/dzintari.lv\/en\/difficulties-in-life\/","url":"https:\/\/dzintari.lv\/en\/difficulties-in-life\/","name":"Difficulties in life - Kl\u012bnika Dzintari","isPartOf":{"@id":"https:\/\/dzintari.lv\/#website"},"datePublished":"2018-03-20T15:17:00+00:00","dateModified":"2021-06-18T09:13:28+00:00","description":"Difficulties in life - depression, loss, burnout syndrome","breadcrumb":{"@id":"https:\/\/dzintari.lv\/en\/difficulties-in-life\/#breadcrumb"},"inLanguage":"en-US","potentialAction":[{"@type":"ReadAction","target":["https:\/\/dzintari.lv\/en\/difficulties-in-life\/"]}]},{"@type":"BreadcrumbList","@id":"https:\/\/dzintari.lv\/en\/difficulties-in-life\/#breadcrumb","itemListElement":[{"@type":"ListItem","position":1,"name":"Home","item":"https:\/\/dzintari.lv\/en\/"},{"@type":"ListItem","position":2,"name":"Difficulties in life"}]},{"@type":"WebSite","@id":"https:\/\/dzintari.lv\/#website","url":"https:\/\/dzintari.lv\/","name":"Kl\u012bnika Dzintari","description":"Psiholo\u0123isk\u0101 un psihiatrisk\u0101 pal\u012bdz\u012bba","publisher":{"@id":"https:\/\/dzintari.lv\/#organization"},"potentialAction":[{"@type":"SearchAction","target":{"@type":"EntryPoint","urlTemplate":"https:\/\/dzintari.lv\/?s={search_term_string}"},"query-input":{"@type":"PropertyValueSpecification","valueRequired":true,"valueName":"search_term_string"}}],"inLanguage":"en-US"},{"@type":"Organization","@id":"https:\/\/dzintari.lv\/#organization","name":"SIA \u201cKl\u012bnika Dzintari\u201d","url":"https:\/\/dzintari.lv\/","logo":{"@type":"ImageObject","inLanguage":"en-US","@id":"https:\/\/dzintari.lv\/#\/schema\/logo\/image\/","url":"https:\/\/dzintari.lv\/wp-content\/uploads\/2018\/02\/dzint-01.png","contentUrl":"https:\/\/dzintari.lv\/wp-content\/uploads\/2018\/02\/dzint-01.png","width":259,"height":222,"caption":"SIA \u201cKl\u012bnika Dzintari\u201d"},"image":{"@id":"https:\/\/dzintari.lv\/#\/schema\/logo\/image\/"}}]}},"_links":{"self":[{"href":"https:\/\/dzintari.lv\/en\/wp-json\/wp\/v2\/pages\/17108","targetHints":{"allow":["GET"]}}],"collection":[{"href":"https:\/\/dzintari.lv\/en\/wp-json\/wp\/v2\/pages"}],"about":[{"href":"https:\/\/dzintari.lv\/en\/wp-json\/wp\/v2\/types\/page"}],"author":[{"embeddable":true,"href":"https:\/\/dzintari.lv\/en\/wp-json\/wp\/v2\/users\/1"}],"replies":[{"embeddable":true,"href":"https:\/\/dzintari.lv\/en\/wp-json\/wp\/v2\/comments?post=17108"}],"version-history":[{"count":16,"href":"https:\/\/dzintari.lv\/en\/wp-json\/wp\/v2\/pages\/17108\/revisions"}],"predecessor-version":[{"id":21561,"href":"https:\/\/dzintari.lv\/en\/wp-json\/wp\/v2\/pages\/17108\/revisions\/21561"}],"wp:attachment":[{"href":"https:\/\/dzintari.lv\/en\/wp-json\/wp\/v2\/media?parent=17108"}],"curies":[{"name":"wp","href":"https:\/\/api.w.org\/{rel}","templated":true}]}}