{"id":17105,"date":"2018-03-20T15:11:06","date_gmt":"2018-03-20T15:11:06","guid":{"rendered":"https:\/\/dzintari.dev-web-server.eu\/?page_id=17105"},"modified":"2021-06-18T09:32:45","modified_gmt":"2021-06-18T09:32:45","slug":"health-disorders","status":"publish","type":"page","link":"https:\/\/dzintari.lv\/en\/health-disorders\/","title":{"rendered":"Health disorders- vegetative dystonia, depression, burnout syndrome"},"content":{"rendered":"\n<h2 class=\"wp-block-heading\">Anxiety<\/h2>\n\n\n\n<p>unpleasant concern and a subjective feeling of tension. It leads to various psychological and physiological responses and behavioral changes. Increased anxiety may interfere with fulfilled life, work and social opportunities, as well as psychological and somatic problems.<\/p>\n\n\n\n<h2 class=\"wp-block-heading\">Panic<\/h2>\n\n\n\n<p>disorder or panic attacks are spontaneous, intense, short episodes of anxiety, which typically occur when you are not expecting them, without any prior signs or obvious reason. These episodes are accompanied by a series of scary physical symptoms. A panic attack lasts for about 10-30 minutes (rarely more than an hour). The highest intensity is experienced for 5-10 minutes and usually appears 1-2 times a week, but in severe cases \u2013 even on a daily basis. They affect approximately 5-6% of the population and are 3 to 4 times more common among women.<\/p>\n\n\n\n<h2 class=\"wp-block-heading\">Depression<\/h2>\n\n\n\n<p>is an abnormal, painful, debilitating psycho-physiological process. It is classified as a mood disorder. Mood consists of emotions which are expressed as a personal worldview. Depression is much more than just sadness, because it affects both people\u2019s thoughts and ideas about the future and&nbsp; the self-perception. Mood disorders also affect relationships with others \u2013 family, work colleagues and other members of society.<\/p>\n\n\n\n<h2 class=\"wp-block-heading\">Burnout syndrome<\/h2>\n\n\n<div class=\"wp-block-columns\">\n<div class=\"wp-block-column\" style=\"flex-basis: 66.66%;\">\n<p>Excessive workload, responsibility, high demands, low social support, and inadequate material and emotional reward is the pre-condition of formation for burnout syndrome. Burnout syndrome is a physical and \/ or mental exhaustion which occurs as a consequence of long-term emotional not well-being related to working conditions and self-image. It is emphasized that exhaustion is an emotional distress consequences. This is a situation when a person\u2019s ability to work is reduced. There are several risk groups that are particularly vulnerable to burnout syndrome: people whose profession is associated with the care of other people, emotional contact with people. For example &#8211; doctors, nurses, social workers, pharmacists, teachers, psychologists and other professionals. Especially if the work is related to people who are suffering, people who are young professionals. \u2013\u00a0 Just beginning to work, people who are changing jobs, starting a new position at a new workplace, those whose work involves working in shifts. Also people whose work involves a high degree of responsibility, but low material and moral evaluation and authority.<\/p>\n<p><!-- \/wp:post-content --><\/p>\n<\/div>\n<p><!-- \/wp:column --><\/p>\n<\/div>\n<p><!-- \/wp:columns --><!-- wp:paragraph --><\/p>\n<p><!-- wp:heading --><\/p>\n<h2>Vegetative disorders<\/h2>\n<p><!-- \/wp:heading --><\/p>\n<p><!-- wp:paragraph --><\/p>\n<p>long-term stress, dissatisfaction with life, a dislike of one&#8217;s work and many other factors can cause vegetative dystonia (nervous system disorders). They can affect the heart, respiratory and intestinal tract. A person suffers from palpitations, blood pressure and temperature changes, sweating, diarrhea or constipation, feeling faint or nauseous. The human body itself can no longer be regulated. Symptoms may include one or several together or separately, often complemented by pain in the heart, stomach or back area. Generally, physical disturbance accompanied by emotional distress. The person may fear falling, dying and have depressed mood, fatigue, anxiety. These symptoms may be caused from organic disease, but they can also be emotional problems \u2013 chronic fear, anger, mental trauma in the past.<\/p>\n<div class=\"wp-block-columns\">\n<div class=\"wp-block-column\"><!-- \/wp:paragraph --><\/div>\n<!-- \/wp:column --><\/div>\n<p><!-- \/wp:columns --><!-- wp:spacer {\"height\":20} --><\/p>\n<div class=\"wp-block-spacer\" aria-hidden=\"true\">\u00a0<\/div>\n<p><!-- \/wp:paragraph --><\/p>","protected":false},"excerpt":{"rendered":"<p>Anxiety unpleasant concern and a subjective feeling of tension. It leads to various psychological and physiological responses and behavioral changes. Increased anxiety may interfere with fulfilled life, work and social opportunities, as well as psychological and somatic problems. Panic disorder or panic attacks are spontaneous,&#8230;<\/p>\n","protected":false},"author":1,"featured_media":0,"parent":0,"menu_order":0,"comment_status":"closed","ping_status":"closed","template":"","meta":{"footnotes":""},"class_list":["post-17105","page","type-page","status-publish","hentry"],"acf":[],"yoast_head":"<!-- This site is optimized with the Yoast SEO plugin v27.4 - https:\/\/yoast.com\/product\/yoast-seo-wordpress\/ -->\n<title>Health disorders- vegetative dystonia, depression, burnout syndrome - Kl\u012bnika Dzintari<\/title>\n<meta name=\"description\" content=\"Health disorders in mental health\" \/>\n<meta name=\"robots\" content=\"index, follow, max-snippet:-1, max-image-preview:large, max-video-preview:-1\" \/>\n<link rel=\"canonical\" href=\"https:\/\/dzintari.lv\/en\/health-disorders\/\" \/>\n<meta property=\"og:locale\" content=\"en_US\" \/>\n<meta property=\"og:type\" content=\"article\" \/>\n<meta property=\"og:title\" content=\"Health disorders- vegetative dystonia, depression, burnout syndrome - Kl\u012bnika Dzintari\" \/>\n<meta property=\"og:description\" content=\"Health disorders in mental health\" \/>\n<meta property=\"og:url\" content=\"https:\/\/dzintari.lv\/en\/health-disorders\/\" \/>\n<meta property=\"og:site_name\" content=\"Kl\u012bnika Dzintari\" \/>\n<meta property=\"article:modified_time\" content=\"2021-06-18T09:32:45+00:00\" \/>\n<meta name=\"twitter:card\" content=\"summary_large_image\" \/>\n<meta name=\"twitter:label1\" content=\"Est. reading time\" \/>\n\t<meta name=\"twitter:data1\" content=\"3 minutes\" \/>\n<script type=\"application\/ld+json\" class=\"yoast-schema-graph\">{\"@context\":\"https:\\\/\\\/schema.org\",\"@graph\":[{\"@type\":\"WebPage\",\"@id\":\"https:\\\/\\\/dzintari.lv\\\/en\\\/health-disorders\\\/\",\"url\":\"https:\\\/\\\/dzintari.lv\\\/en\\\/health-disorders\\\/\",\"name\":\"Health disorders- vegetative dystonia, depression, burnout syndrome - Kl\u012bnika Dzintari\",\"isPartOf\":{\"@id\":\"https:\\\/\\\/dzintari.lv\\\/#website\"},\"datePublished\":\"2018-03-20T15:11:06+00:00\",\"dateModified\":\"2021-06-18T09:32:45+00:00\",\"description\":\"Health disorders in mental health\",\"breadcrumb\":{\"@id\":\"https:\\\/\\\/dzintari.lv\\\/en\\\/health-disorders\\\/#breadcrumb\"},\"inLanguage\":\"en-US\",\"potentialAction\":[{\"@type\":\"ReadAction\",\"target\":[\"https:\\\/\\\/dzintari.lv\\\/en\\\/health-disorders\\\/\"]}]},{\"@type\":\"BreadcrumbList\",\"@id\":\"https:\\\/\\\/dzintari.lv\\\/en\\\/health-disorders\\\/#breadcrumb\",\"itemListElement\":[{\"@type\":\"ListItem\",\"position\":1,\"name\":\"Home\",\"item\":\"https:\\\/\\\/dzintari.lv\\\/en\\\/\"},{\"@type\":\"ListItem\",\"position\":2,\"name\":\"Health disorders- vegetative dystonia, depression, burnout syndrome\"}]},{\"@type\":\"WebSite\",\"@id\":\"https:\\\/\\\/dzintari.lv\\\/#website\",\"url\":\"https:\\\/\\\/dzintari.lv\\\/\",\"name\":\"Kl\u012bnika Dzintari\",\"description\":\"Psiholo\u0123isk\u0101 un psihiatrisk\u0101 pal\u012bdz\u012bba\",\"publisher\":{\"@id\":\"https:\\\/\\\/dzintari.lv\\\/#organization\"},\"potentialAction\":[{\"@type\":\"SearchAction\",\"target\":{\"@type\":\"EntryPoint\",\"urlTemplate\":\"https:\\\/\\\/dzintari.lv\\\/?s={search_term_string}\"},\"query-input\":{\"@type\":\"PropertyValueSpecification\",\"valueRequired\":true,\"valueName\":\"search_term_string\"}}],\"inLanguage\":\"en-US\"},{\"@type\":\"Organization\",\"@id\":\"https:\\\/\\\/dzintari.lv\\\/#organization\",\"name\":\"SIA \u201cKl\u012bnika Dzintari\u201d\",\"url\":\"https:\\\/\\\/dzintari.lv\\\/\",\"logo\":{\"@type\":\"ImageObject\",\"inLanguage\":\"en-US\",\"@id\":\"https:\\\/\\\/dzintari.lv\\\/#\\\/schema\\\/logo\\\/image\\\/\",\"url\":\"https:\\\/\\\/dzintari.lv\\\/wp-content\\\/uploads\\\/2018\\\/02\\\/dzint-01.png\",\"contentUrl\":\"https:\\\/\\\/dzintari.lv\\\/wp-content\\\/uploads\\\/2018\\\/02\\\/dzint-01.png\",\"width\":259,\"height\":222,\"caption\":\"SIA \u201cKl\u012bnika Dzintari\u201d\"},\"image\":{\"@id\":\"https:\\\/\\\/dzintari.lv\\\/#\\\/schema\\\/logo\\\/image\\\/\"}}]}<\/script>\n<!-- \/ Yoast SEO plugin. -->","yoast_head_json":{"title":"Health disorders- vegetative dystonia, depression, burnout syndrome - Kl\u012bnika Dzintari","description":"Health disorders in mental health","robots":{"index":"index","follow":"follow","max-snippet":"max-snippet:-1","max-image-preview":"max-image-preview:large","max-video-preview":"max-video-preview:-1"},"canonical":"https:\/\/dzintari.lv\/en\/health-disorders\/","og_locale":"en_US","og_type":"article","og_title":"Health disorders- vegetative dystonia, depression, burnout syndrome - Kl\u012bnika Dzintari","og_description":"Health disorders in mental health","og_url":"https:\/\/dzintari.lv\/en\/health-disorders\/","og_site_name":"Kl\u012bnika Dzintari","article_modified_time":"2021-06-18T09:32:45+00:00","twitter_card":"summary_large_image","twitter_misc":{"Est. reading time":"3 minutes"},"schema":{"@context":"https:\/\/schema.org","@graph":[{"@type":"WebPage","@id":"https:\/\/dzintari.lv\/en\/health-disorders\/","url":"https:\/\/dzintari.lv\/en\/health-disorders\/","name":"Health disorders- vegetative dystonia, depression, burnout syndrome - Kl\u012bnika Dzintari","isPartOf":{"@id":"https:\/\/dzintari.lv\/#website"},"datePublished":"2018-03-20T15:11:06+00:00","dateModified":"2021-06-18T09:32:45+00:00","description":"Health disorders in mental health","breadcrumb":{"@id":"https:\/\/dzintari.lv\/en\/health-disorders\/#breadcrumb"},"inLanguage":"en-US","potentialAction":[{"@type":"ReadAction","target":["https:\/\/dzintari.lv\/en\/health-disorders\/"]}]},{"@type":"BreadcrumbList","@id":"https:\/\/dzintari.lv\/en\/health-disorders\/#breadcrumb","itemListElement":[{"@type":"ListItem","position":1,"name":"Home","item":"https:\/\/dzintari.lv\/en\/"},{"@type":"ListItem","position":2,"name":"Health disorders- vegetative dystonia, depression, burnout syndrome"}]},{"@type":"WebSite","@id":"https:\/\/dzintari.lv\/#website","url":"https:\/\/dzintari.lv\/","name":"Kl\u012bnika Dzintari","description":"Psiholo\u0123isk\u0101 un psihiatrisk\u0101 pal\u012bdz\u012bba","publisher":{"@id":"https:\/\/dzintari.lv\/#organization"},"potentialAction":[{"@type":"SearchAction","target":{"@type":"EntryPoint","urlTemplate":"https:\/\/dzintari.lv\/?s={search_term_string}"},"query-input":{"@type":"PropertyValueSpecification","valueRequired":true,"valueName":"search_term_string"}}],"inLanguage":"en-US"},{"@type":"Organization","@id":"https:\/\/dzintari.lv\/#organization","name":"SIA \u201cKl\u012bnika Dzintari\u201d","url":"https:\/\/dzintari.lv\/","logo":{"@type":"ImageObject","inLanguage":"en-US","@id":"https:\/\/dzintari.lv\/#\/schema\/logo\/image\/","url":"https:\/\/dzintari.lv\/wp-content\/uploads\/2018\/02\/dzint-01.png","contentUrl":"https:\/\/dzintari.lv\/wp-content\/uploads\/2018\/02\/dzint-01.png","width":259,"height":222,"caption":"SIA \u201cKl\u012bnika Dzintari\u201d"},"image":{"@id":"https:\/\/dzintari.lv\/#\/schema\/logo\/image\/"}}]}},"_links":{"self":[{"href":"https:\/\/dzintari.lv\/en\/wp-json\/wp\/v2\/pages\/17105","targetHints":{"allow":["GET"]}}],"collection":[{"href":"https:\/\/dzintari.lv\/en\/wp-json\/wp\/v2\/pages"}],"about":[{"href":"https:\/\/dzintari.lv\/en\/wp-json\/wp\/v2\/types\/page"}],"author":[{"embeddable":true,"href":"https:\/\/dzintari.lv\/en\/wp-json\/wp\/v2\/users\/1"}],"replies":[{"embeddable":true,"href":"https:\/\/dzintari.lv\/en\/wp-json\/wp\/v2\/comments?post=17105"}],"version-history":[{"count":19,"href":"https:\/\/dzintari.lv\/en\/wp-json\/wp\/v2\/pages\/17105\/revisions"}],"predecessor-version":[{"id":21570,"href":"https:\/\/dzintari.lv\/en\/wp-json\/wp\/v2\/pages\/17105\/revisions\/21570"}],"wp:attachment":[{"href":"https:\/\/dzintari.lv\/en\/wp-json\/wp\/v2\/media?parent=17105"}],"curies":[{"name":"wp","href":"https:\/\/api.w.org\/{rel}","templated":true}]}}