{"id":17101,"date":"2018-03-20T14:55:46","date_gmt":"2018-03-20T14:55:46","guid":{"rendered":"https:\/\/dzintari.dev-web-server.eu\/?page_id=17101"},"modified":"2020-09-14T08:41:09","modified_gmt":"2020-09-14T08:41:09","slug":"services","status":"publish","type":"page","link":"https:\/\/dzintari.lv\/en\/services\/","title":{"rendered":"Services"},"content":{"rendered":"\n<div class=\"wp-block-columns is-layout-flex wp-container-core-columns-is-layout-9d6595d7 wp-block-columns-is-layout-flex\">\n<div class=\"wp-block-column is-layout-flow wp-block-column-is-layout-flow\">\n<h2 class=\"wp-block-heading\"><strong><strong>Price list<\/strong><\/strong><\/h2>\n\n\n\n<div class=\"wp-block-buttons is-layout-flex wp-block-buttons-is-layout-flex\">\n<div class=\"wp-block-button\"><a class=\"wp-block-button__link\" href=\"https:\/\/dzintari.lv\/en\/services\/price-list\/\">Read more<\/a><\/div>\n<\/div>\n<\/div>\n\n\n\n<div class=\"wp-block-column is-layout-flow wp-block-column-is-layout-flow\">\n<h2 class=\"wp-block-heading\"><strong>Medical and Wellness Programmes<\/strong><\/h2>\n\n\n\n<p>Here everyone will be able to relax after your work day or during your vacation, to recover your health.<\/p>\n\n\n\n<div class=\"wp-block-buttons is-layout-flex wp-block-buttons-is-layout-flex\">\n<div class=\"wp-block-button\"><a class=\"wp-block-button__link\" href=\"https:\/\/dzintari.lv\/en\/services\/medical-and-wellness-programs\/\">Read more<\/a><\/div>\n<\/div>\n<\/div>\n<\/div>\n\n\n\n<div class=\"wp-block-columns is-layout-flex wp-container-core-columns-is-layout-9d6595d7 wp-block-columns-is-layout-flex\">\n<div class=\"wp-block-column is-layout-flow wp-block-column-is-layout-flow\">\n<h2 class=\"wp-block-heading\"><strong>Hotel and Restaurant Services<\/strong><\/h2>\n\n\n\n<p>(Well-equipped rooms, WC, shower, TV, Wi-Fi)<\/p>\n\n\n\n<p>During your treatment, enjoy peace at the clinic\u2019s partner hotel \u2013 \u201d Daina Jurmala Beach Hotel &amp; SPA\u201d , surrounded by pine-trees and fresh sea air!<\/p>\n\n\n\n<div class=\"wp-block-buttons is-layout-flex wp-block-buttons-is-layout-flex\">\n<div class=\"wp-block-button\"><a class=\"wp-block-button__link\" href=\"https:\/\/dzintari.lv\/en\/services\/hotel-and-restaurant-services\/\">READ MORE<\/a><\/div>\n<\/div>\n<\/div>\n\n\n\n<div class=\"wp-block-column is-layout-flow wp-block-column-is-layout-flow\">\n<h2 class=\"wp-block-heading\"><strong>Psychotherapy<\/strong><\/h2>\n\n\n\n<p>Everyone who cares for his life\u2019s quality can receive the professional psychiatric and psychological help in clinic.<\/p>\n\n\n\n<div class=\"wp-block-buttons is-layout-flex wp-block-buttons-is-layout-flex\">\n<div class=\"wp-block-button\"><a class=\"wp-block-button__link\" href=\"https:\/\/dzintari.lv\/en\/services\/psychotherapy\/\">READ MORE<\/a><\/div>\n<\/div>\n<\/div>\n<\/div>\n\n\n\n<div class=\"wp-block-columns is-layout-flex wp-container-core-columns-is-layout-9d6595d7 wp-block-columns-is-layout-flex\">\n<div class=\"wp-block-column is-layout-flow wp-block-column-is-layout-flow\">\n<h2 class=\"wp-block-heading\"><strong>Therapeutical Group Therapy<\/strong><\/h2>\n\n\n\n<p>In \u201cClinic Dzintari\u201d you can visit a variety of therapeutic groups.<\/p>\n\n\n\n<div class=\"wp-block-buttons is-layout-flex wp-block-buttons-is-layout-flex\">\n<div class=\"wp-block-button\"><a class=\"wp-block-button__link\" href=\"https:\/\/dzintari.lv\/en\/services\/therapeutic-group-sessions\/\">READ MORE<\/a><\/div>\n<\/div>\n<\/div>\n\n\n\n<div class=\"wp-block-column is-layout-flow wp-block-column-is-layout-flow\">\n<h2 class=\"wp-block-heading\"><strong>Physical Activities<\/strong><\/h2>\n\n\n\n<p>(Yoga, Nordic walking, ergonomics exercises, PILATES, remedial gymnastics, etc.)<\/p>\n\n\n\n<p>Not only running is healthy! Improve your well-being in other ways \u2013 with us you can go Nordic Walking or enjoy yoga, PILATES, ergonomics exercises or remedial gymnastics. Find out what features each of the asset classes and join!<\/p>\n\n\n\n<div class=\"wp-block-buttons is-layout-flex wp-block-buttons-is-layout-flex\">\n<div class=\"wp-block-button\"><a class=\"wp-block-button__link\" href=\"https:\/\/dzintari.lv\/en\/services\/physical-activities\/\">READ MORE<\/a><\/div>\n<\/div>\n<\/div>\n<\/div>\n\n\n\n<div class=\"wp-block-columns is-layout-flex wp-container-core-columns-is-layout-9d6595d7 wp-block-columns-is-layout-flex\">\n<div class=\"wp-block-column is-layout-flow wp-block-column-is-layout-flow\">\n<h2 class=\"wp-block-heading\"><strong>Cosmetic procedures for face and body and massage<\/strong><\/h2>\n\n\n\n<p>(Cosmetic treatments and massage)<\/p>\n\n\n\n<p>Release daily stress and recharge yourself for a new day! The clinic offers a wide range of massages and cosmetic treatments.<\/p>\n\n\n\n<div class=\"wp-block-buttons is-layout-flex wp-block-buttons-is-layout-flex\">\n<div class=\"wp-block-button\"><a class=\"wp-block-button__link\" href=\"https:\/\/dzintari.lv\/en\/services\/cosmetic-procedures-for-face-and-body-and-massage\/\">READ MORE<\/a><\/div>\n<\/div>\n<\/div>\n\n\n\n<div class=\"wp-block-column is-layout-flow wp-block-column-is-layout-flow\"><\/div>\n<\/div>\n\n\n\n<p><\/p>\n","protected":false},"excerpt":{"rendered":"<p>Price list Medical and Wellness Programmes Here everyone will be able to relax after your work day or during your vacation, to recover your health. Hotel and Restaurant Services (Well-equipped rooms, WC, shower, TV, Wi-Fi) During your treatment, enjoy peace at the clinic\u2019s partner hotel&#8230;<\/p>\n","protected":false},"author":1,"featured_media":0,"parent":0,"menu_order":0,"comment_status":"closed","ping_status":"closed","template":"","meta":{"footnotes":""},"class_list":["post-17101","page","type-page","status-publish","hentry"],"acf":[],"yoast_head":"<!-- This site is optimized with the Yoast SEO plugin v27.4 - https:\/\/yoast.com\/product\/yoast-seo-wordpress\/ -->\n<title>Services - Kl\u012bnika Dzintari<\/title>\n<meta name=\"robots\" content=\"index, follow, max-snippet:-1, max-image-preview:large, max-video-preview:-1\" \/>\n<link rel=\"canonical\" href=\"https:\/\/dzintari.lv\/en\/services\/\" \/>\n<meta property=\"og:locale\" content=\"en_US\" \/>\n<meta property=\"og:type\" content=\"article\" \/>\n<meta property=\"og:title\" content=\"Services - Kl\u012bnika Dzintari\" \/>\n<meta property=\"og:description\" content=\"Price list Medical and Wellness Programmes Here everyone will be able to relax after your work day or during your vacation, to recover your health. Hotel and Restaurant Services (Well-equipped rooms, WC, shower, TV, Wi-Fi) During your treatment, enjoy peace at the clinic\u2019s partner hotel...\" \/>\n<meta property=\"og:url\" content=\"https:\/\/dzintari.lv\/en\/services\/\" \/>\n<meta property=\"og:site_name\" content=\"Kl\u012bnika Dzintari\" \/>\n<meta property=\"article:modified_time\" content=\"2020-09-14T08:41:09+00:00\" \/>\n<meta name=\"twitter:card\" content=\"summary_large_image\" \/>\n<meta name=\"twitter:label1\" content=\"Est. reading time\" \/>\n\t<meta name=\"twitter:data1\" content=\"1 minute\" \/>\n<script type=\"application\/ld+json\" class=\"yoast-schema-graph\">{\"@context\":\"https:\\\/\\\/schema.org\",\"@graph\":[{\"@type\":\"WebPage\",\"@id\":\"https:\\\/\\\/dzintari.lv\\\/en\\\/services\\\/\",\"url\":\"https:\\\/\\\/dzintari.lv\\\/en\\\/services\\\/\",\"name\":\"Services - Kl\u012bnika Dzintari\",\"isPartOf\":{\"@id\":\"https:\\\/\\\/dzintari.lv\\\/#website\"},\"datePublished\":\"2018-03-20T14:55:46+00:00\",\"dateModified\":\"2020-09-14T08:41:09+00:00\",\"breadcrumb\":{\"@id\":\"https:\\\/\\\/dzintari.lv\\\/en\\\/services\\\/#breadcrumb\"},\"inLanguage\":\"en-US\",\"potentialAction\":[{\"@type\":\"ReadAction\",\"target\":[\"https:\\\/\\\/dzintari.lv\\\/en\\\/services\\\/\"]}]},{\"@type\":\"BreadcrumbList\",\"@id\":\"https:\\\/\\\/dzintari.lv\\\/en\\\/services\\\/#breadcrumb\",\"itemListElement\":[{\"@type\":\"ListItem\",\"position\":1,\"name\":\"Home\",\"item\":\"https:\\\/\\\/dzintari.lv\\\/en\\\/\"},{\"@type\":\"ListItem\",\"position\":2,\"name\":\"Services\"}]},{\"@type\":\"WebSite\",\"@id\":\"https:\\\/\\\/dzintari.lv\\\/#website\",\"url\":\"https:\\\/\\\/dzintari.lv\\\/\",\"name\":\"Kl\u012bnika Dzintari\",\"description\":\"Psiholo\u0123isk\u0101 un psihiatrisk\u0101 pal\u012bdz\u012bba\",\"publisher\":{\"@id\":\"https:\\\/\\\/dzintari.lv\\\/#organization\"},\"potentialAction\":[{\"@type\":\"SearchAction\",\"target\":{\"@type\":\"EntryPoint\",\"urlTemplate\":\"https:\\\/\\\/dzintari.lv\\\/?s={search_term_string}\"},\"query-input\":{\"@type\":\"PropertyValueSpecification\",\"valueRequired\":true,\"valueName\":\"search_term_string\"}}],\"inLanguage\":\"en-US\"},{\"@type\":\"Organization\",\"@id\":\"https:\\\/\\\/dzintari.lv\\\/#organization\",\"name\":\"SIA \u201cKl\u012bnika Dzintari\u201d\",\"url\":\"https:\\\/\\\/dzintari.lv\\\/\",\"logo\":{\"@type\":\"ImageObject\",\"inLanguage\":\"en-US\",\"@id\":\"https:\\\/\\\/dzintari.lv\\\/#\\\/schema\\\/logo\\\/image\\\/\",\"url\":\"https:\\\/\\\/dzintari.lv\\\/wp-content\\\/uploads\\\/2018\\\/02\\\/dzint-01.png\",\"contentUrl\":\"https:\\\/\\\/dzintari.lv\\\/wp-content\\\/uploads\\\/2018\\\/02\\\/dzint-01.png\",\"width\":259,\"height\":222,\"caption\":\"SIA \u201cKl\u012bnika Dzintari\u201d\"},\"image\":{\"@id\":\"https:\\\/\\\/dzintari.lv\\\/#\\\/schema\\\/logo\\\/image\\\/\"}}]}<\/script>\n<!-- \/ Yoast SEO plugin. -->","yoast_head_json":{"title":"Services - Kl\u012bnika Dzintari","robots":{"index":"index","follow":"follow","max-snippet":"max-snippet:-1","max-image-preview":"max-image-preview:large","max-video-preview":"max-video-preview:-1"},"canonical":"https:\/\/dzintari.lv\/en\/services\/","og_locale":"en_US","og_type":"article","og_title":"Services - Kl\u012bnika Dzintari","og_description":"Price list Medical and Wellness Programmes Here everyone will be able to relax after your work day or during your vacation, to recover your health. Hotel and Restaurant Services (Well-equipped rooms, WC, shower, TV, Wi-Fi) During your treatment, enjoy peace at the clinic\u2019s partner hotel...","og_url":"https:\/\/dzintari.lv\/en\/services\/","og_site_name":"Kl\u012bnika Dzintari","article_modified_time":"2020-09-14T08:41:09+00:00","twitter_card":"summary_large_image","twitter_misc":{"Est. reading time":"1 minute"},"schema":{"@context":"https:\/\/schema.org","@graph":[{"@type":"WebPage","@id":"https:\/\/dzintari.lv\/en\/services\/","url":"https:\/\/dzintari.lv\/en\/services\/","name":"Services - Kl\u012bnika Dzintari","isPartOf":{"@id":"https:\/\/dzintari.lv\/#website"},"datePublished":"2018-03-20T14:55:46+00:00","dateModified":"2020-09-14T08:41:09+00:00","breadcrumb":{"@id":"https:\/\/dzintari.lv\/en\/services\/#breadcrumb"},"inLanguage":"en-US","potentialAction":[{"@type":"ReadAction","target":["https:\/\/dzintari.lv\/en\/services\/"]}]},{"@type":"BreadcrumbList","@id":"https:\/\/dzintari.lv\/en\/services\/#breadcrumb","itemListElement":[{"@type":"ListItem","position":1,"name":"Home","item":"https:\/\/dzintari.lv\/en\/"},{"@type":"ListItem","position":2,"name":"Services"}]},{"@type":"WebSite","@id":"https:\/\/dzintari.lv\/#website","url":"https:\/\/dzintari.lv\/","name":"Kl\u012bnika Dzintari","description":"Psiholo\u0123isk\u0101 un psihiatrisk\u0101 pal\u012bdz\u012bba","publisher":{"@id":"https:\/\/dzintari.lv\/#organization"},"potentialAction":[{"@type":"SearchAction","target":{"@type":"EntryPoint","urlTemplate":"https:\/\/dzintari.lv\/?s={search_term_string}"},"query-input":{"@type":"PropertyValueSpecification","valueRequired":true,"valueName":"search_term_string"}}],"inLanguage":"en-US"},{"@type":"Organization","@id":"https:\/\/dzintari.lv\/#organization","name":"SIA \u201cKl\u012bnika Dzintari\u201d","url":"https:\/\/dzintari.lv\/","logo":{"@type":"ImageObject","inLanguage":"en-US","@id":"https:\/\/dzintari.lv\/#\/schema\/logo\/image\/","url":"https:\/\/dzintari.lv\/wp-content\/uploads\/2018\/02\/dzint-01.png","contentUrl":"https:\/\/dzintari.lv\/wp-content\/uploads\/2018\/02\/dzint-01.png","width":259,"height":222,"caption":"SIA \u201cKl\u012bnika Dzintari\u201d"},"image":{"@id":"https:\/\/dzintari.lv\/#\/schema\/logo\/image\/"}}]}},"_links":{"self":[{"href":"https:\/\/dzintari.lv\/en\/wp-json\/wp\/v2\/pages\/17101","targetHints":{"allow":["GET"]}}],"collection":[{"href":"https:\/\/dzintari.lv\/en\/wp-json\/wp\/v2\/pages"}],"about":[{"href":"https:\/\/dzintari.lv\/en\/wp-json\/wp\/v2\/types\/page"}],"author":[{"embeddable":true,"href":"https:\/\/dzintari.lv\/en\/wp-json\/wp\/v2\/users\/1"}],"replies":[{"embeddable":true,"href":"https:\/\/dzintari.lv\/en\/wp-json\/wp\/v2\/comments?post=17101"}],"version-history":[{"count":14,"href":"https:\/\/dzintari.lv\/en\/wp-json\/wp\/v2\/pages\/17101\/revisions"}],"predecessor-version":[{"id":20456,"href":"https:\/\/dzintari.lv\/en\/wp-json\/wp\/v2\/pages\/17101\/revisions\/20456"}],"wp:attachment":[{"href":"https:\/\/dzintari.lv\/en\/wp-json\/wp\/v2\/media?parent=17101"}],"curies":[{"name":"wp","href":"https:\/\/api.w.org\/{rel}","templated":true}]}}