{"id":17098,"date":"2018-03-20T14:45:36","date_gmt":"2018-03-20T14:45:36","guid":{"rendered":"https:\/\/dzintari.dev-web-server.eu\/?page_id=17098"},"modified":"2021-06-18T09:20:54","modified_gmt":"2021-06-18T09:20:54","slug":"when-you-need-help","status":"publish","type":"page","link":"https:\/\/dzintari.lv\/en\/when-you-need-help\/","title":{"rendered":"When do you need help?"},"content":{"rendered":"\n<h2 class=\"wp-block-heading\">You need help if you:<\/h2>\n\n\n\n<ul class=\"wp-block-list\"><li>are experiencing increased anxiety, fatigue and feeling emotionally unstable;<\/li><li>long and often feel depressed and unhappy;<\/li><li>cannot sleep or cannot wake up during the day;<\/li><li>do not see the meaning of your life, you feel hopeless or feel indifference and inner emptiness;<\/li><\/ul>\n\n\n\n<p><\/p>\n\n\n\n<p>You have experienced a painful crisis and are still unable to fully come back to life, such as:<\/p>\n\n\n\n<ul class=\"wp-block-list\"><li>lost a significant relationship,<\/li><li>a victim of violence,<\/li><li>faced serious health problems, etc.;<\/li><li>encounter a relationship crisis and are unable to make the right decision;<\/li><li>unable to cope with stressful situations, unable to relax;<\/li><li>having\u00a0 intrusive thoughts or feelings that you are unable to resolve, in your opinion, significant problems;<\/li><\/ul>\n\n\n\n<p><\/p>\n\n\n\n<p>You have different types of functional disorders of internal organs, to which you or your doctor cannot find an explanation, such as:<\/p>\n\n\n\n<ul class=\"wp-block-list\"><li>chest pain associated with emotional burden<\/li><li>gastrointestinal disorders,<\/li><li>frequent colds,<\/li><li>dizziness,<\/li><li>sweating<\/li><li>sexual disorders.<\/li><\/ul>\n\n\n\n<p>If you encounter the above or any other symptoms and feel that you are in need of psychological, psychotherapeutic or psychiatric help,&nbsp;<a href=\"https:\/\/dzintari.lv\/en\/apply-for-consultation\/\">apply for a consultation.<\/a><\/p>\n","protected":false},"excerpt":{"rendered":"<p>You need help if you: are experiencing increased anxiety, fatigue and feeling emotionally unstable; long and often feel depressed and unhappy; cannot sleep or cannot wake up during the day; do not see the meaning of your life, you feel hopeless or feel indifference and&#8230;<\/p>\n","protected":false},"author":1,"featured_media":0,"parent":0,"menu_order":0,"comment_status":"closed","ping_status":"closed","template":"","meta":{"footnotes":""},"class_list":["post-17098","page","type-page","status-publish","hentry"],"acf":[],"yoast_head":"<!-- This site is optimized with the Yoast SEO plugin v27.4 - https:\/\/yoast.com\/product\/yoast-seo-wordpress\/ -->\n<title>When do you need help? - Kl\u012bnika Dzintari<\/title>\n<meta name=\"description\" content=\"Psychological and psychotherapeutic help in Clinic Dzintari.\" \/>\n<meta name=\"robots\" content=\"index, follow, max-snippet:-1, max-image-preview:large, max-video-preview:-1\" \/>\n<link rel=\"canonical\" href=\"https:\/\/dzintari.lv\/en\/when-you-need-help\/\" \/>\n<meta property=\"og:locale\" content=\"en_US\" \/>\n<meta property=\"og:type\" content=\"article\" \/>\n<meta property=\"og:title\" content=\"When do you need help? - Kl\u012bnika Dzintari\" \/>\n<meta property=\"og:description\" content=\"Psychological and psychotherapeutic help in Clinic Dzintari.\" \/>\n<meta property=\"og:url\" content=\"https:\/\/dzintari.lv\/en\/when-you-need-help\/\" \/>\n<meta property=\"og:site_name\" content=\"Kl\u012bnika Dzintari\" \/>\n<meta property=\"article:modified_time\" content=\"2021-06-18T09:20:54+00:00\" \/>\n<meta name=\"twitter:card\" content=\"summary_large_image\" \/>\n<meta name=\"twitter:label1\" content=\"Est. reading time\" \/>\n\t<meta name=\"twitter:data1\" content=\"1 minute\" \/>\n<script type=\"application\/ld+json\" class=\"yoast-schema-graph\">{\"@context\":\"https:\\\/\\\/schema.org\",\"@graph\":[{\"@type\":\"WebPage\",\"@id\":\"https:\\\/\\\/dzintari.lv\\\/en\\\/when-you-need-help\\\/\",\"url\":\"https:\\\/\\\/dzintari.lv\\\/en\\\/when-you-need-help\\\/\",\"name\":\"When do you need help? - Kl\u012bnika Dzintari\",\"isPartOf\":{\"@id\":\"https:\\\/\\\/dzintari.lv\\\/#website\"},\"datePublished\":\"2018-03-20T14:45:36+00:00\",\"dateModified\":\"2021-06-18T09:20:54+00:00\",\"description\":\"Psychological and psychotherapeutic help in Clinic Dzintari.\",\"breadcrumb\":{\"@id\":\"https:\\\/\\\/dzintari.lv\\\/en\\\/when-you-need-help\\\/#breadcrumb\"},\"inLanguage\":\"en-US\",\"potentialAction\":[{\"@type\":\"ReadAction\",\"target\":[\"https:\\\/\\\/dzintari.lv\\\/en\\\/when-you-need-help\\\/\"]}]},{\"@type\":\"BreadcrumbList\",\"@id\":\"https:\\\/\\\/dzintari.lv\\\/en\\\/when-you-need-help\\\/#breadcrumb\",\"itemListElement\":[{\"@type\":\"ListItem\",\"position\":1,\"name\":\"Home\",\"item\":\"https:\\\/\\\/dzintari.lv\\\/en\\\/\"},{\"@type\":\"ListItem\",\"position\":2,\"name\":\"When do you need help?\"}]},{\"@type\":\"WebSite\",\"@id\":\"https:\\\/\\\/dzintari.lv\\\/#website\",\"url\":\"https:\\\/\\\/dzintari.lv\\\/\",\"name\":\"Kl\u012bnika Dzintari\",\"description\":\"Psiholo\u0123isk\u0101 un psihiatrisk\u0101 pal\u012bdz\u012bba\",\"publisher\":{\"@id\":\"https:\\\/\\\/dzintari.lv\\\/#organization\"},\"potentialAction\":[{\"@type\":\"SearchAction\",\"target\":{\"@type\":\"EntryPoint\",\"urlTemplate\":\"https:\\\/\\\/dzintari.lv\\\/?s={search_term_string}\"},\"query-input\":{\"@type\":\"PropertyValueSpecification\",\"valueRequired\":true,\"valueName\":\"search_term_string\"}}],\"inLanguage\":\"en-US\"},{\"@type\":\"Organization\",\"@id\":\"https:\\\/\\\/dzintari.lv\\\/#organization\",\"name\":\"SIA \u201cKl\u012bnika Dzintari\u201d\",\"url\":\"https:\\\/\\\/dzintari.lv\\\/\",\"logo\":{\"@type\":\"ImageObject\",\"inLanguage\":\"en-US\",\"@id\":\"https:\\\/\\\/dzintari.lv\\\/#\\\/schema\\\/logo\\\/image\\\/\",\"url\":\"https:\\\/\\\/dzintari.lv\\\/wp-content\\\/uploads\\\/2018\\\/02\\\/dzint-01.png\",\"contentUrl\":\"https:\\\/\\\/dzintari.lv\\\/wp-content\\\/uploads\\\/2018\\\/02\\\/dzint-01.png\",\"width\":259,\"height\":222,\"caption\":\"SIA \u201cKl\u012bnika Dzintari\u201d\"},\"image\":{\"@id\":\"https:\\\/\\\/dzintari.lv\\\/#\\\/schema\\\/logo\\\/image\\\/\"}}]}<\/script>\n<!-- \/ Yoast SEO plugin. -->","yoast_head_json":{"title":"When do you need help? - Kl\u012bnika Dzintari","description":"Psychological and psychotherapeutic help in Clinic Dzintari.","robots":{"index":"index","follow":"follow","max-snippet":"max-snippet:-1","max-image-preview":"max-image-preview:large","max-video-preview":"max-video-preview:-1"},"canonical":"https:\/\/dzintari.lv\/en\/when-you-need-help\/","og_locale":"en_US","og_type":"article","og_title":"When do you need help? - Kl\u012bnika Dzintari","og_description":"Psychological and psychotherapeutic help in Clinic Dzintari.","og_url":"https:\/\/dzintari.lv\/en\/when-you-need-help\/","og_site_name":"Kl\u012bnika Dzintari","article_modified_time":"2021-06-18T09:20:54+00:00","twitter_card":"summary_large_image","twitter_misc":{"Est. reading time":"1 minute"},"schema":{"@context":"https:\/\/schema.org","@graph":[{"@type":"WebPage","@id":"https:\/\/dzintari.lv\/en\/when-you-need-help\/","url":"https:\/\/dzintari.lv\/en\/when-you-need-help\/","name":"When do you need help? - Kl\u012bnika Dzintari","isPartOf":{"@id":"https:\/\/dzintari.lv\/#website"},"datePublished":"2018-03-20T14:45:36+00:00","dateModified":"2021-06-18T09:20:54+00:00","description":"Psychological and psychotherapeutic help in Clinic Dzintari.","breadcrumb":{"@id":"https:\/\/dzintari.lv\/en\/when-you-need-help\/#breadcrumb"},"inLanguage":"en-US","potentialAction":[{"@type":"ReadAction","target":["https:\/\/dzintari.lv\/en\/when-you-need-help\/"]}]},{"@type":"BreadcrumbList","@id":"https:\/\/dzintari.lv\/en\/when-you-need-help\/#breadcrumb","itemListElement":[{"@type":"ListItem","position":1,"name":"Home","item":"https:\/\/dzintari.lv\/en\/"},{"@type":"ListItem","position":2,"name":"When do you need help?"}]},{"@type":"WebSite","@id":"https:\/\/dzintari.lv\/#website","url":"https:\/\/dzintari.lv\/","name":"Kl\u012bnika Dzintari","description":"Psiholo\u0123isk\u0101 un psihiatrisk\u0101 pal\u012bdz\u012bba","publisher":{"@id":"https:\/\/dzintari.lv\/#organization"},"potentialAction":[{"@type":"SearchAction","target":{"@type":"EntryPoint","urlTemplate":"https:\/\/dzintari.lv\/?s={search_term_string}"},"query-input":{"@type":"PropertyValueSpecification","valueRequired":true,"valueName":"search_term_string"}}],"inLanguage":"en-US"},{"@type":"Organization","@id":"https:\/\/dzintari.lv\/#organization","name":"SIA \u201cKl\u012bnika Dzintari\u201d","url":"https:\/\/dzintari.lv\/","logo":{"@type":"ImageObject","inLanguage":"en-US","@id":"https:\/\/dzintari.lv\/#\/schema\/logo\/image\/","url":"https:\/\/dzintari.lv\/wp-content\/uploads\/2018\/02\/dzint-01.png","contentUrl":"https:\/\/dzintari.lv\/wp-content\/uploads\/2018\/02\/dzint-01.png","width":259,"height":222,"caption":"SIA \u201cKl\u012bnika Dzintari\u201d"},"image":{"@id":"https:\/\/dzintari.lv\/#\/schema\/logo\/image\/"}}]}},"_links":{"self":[{"href":"https:\/\/dzintari.lv\/en\/wp-json\/wp\/v2\/pages\/17098","targetHints":{"allow":["GET"]}}],"collection":[{"href":"https:\/\/dzintari.lv\/en\/wp-json\/wp\/v2\/pages"}],"about":[{"href":"https:\/\/dzintari.lv\/en\/wp-json\/wp\/v2\/types\/page"}],"author":[{"embeddable":true,"href":"https:\/\/dzintari.lv\/en\/wp-json\/wp\/v2\/users\/1"}],"replies":[{"embeddable":true,"href":"https:\/\/dzintari.lv\/en\/wp-json\/wp\/v2\/comments?post=17098"}],"version-history":[{"count":12,"href":"https:\/\/dzintari.lv\/en\/wp-json\/wp\/v2\/pages\/17098\/revisions"}],"predecessor-version":[{"id":21563,"href":"https:\/\/dzintari.lv\/en\/wp-json\/wp\/v2\/pages\/17098\/revisions\/21563"}],"wp:attachment":[{"href":"https:\/\/dzintari.lv\/en\/wp-json\/wp\/v2\/media?parent=17098"}],"curies":[{"name":"wp","href":"https:\/\/api.w.org\/{rel}","templated":true}]}}