{"id":17090,"date":"2018-03-20T14:24:18","date_gmt":"2018-03-20T14:24:18","guid":{"rendered":"https:\/\/dzintari.dev-web-server.eu\/?page_id=17090"},"modified":"2025-12-21T13:40:45","modified_gmt":"2025-12-21T13:40:45","slug":"contacts","status":"publish","type":"page","link":"https:\/\/dzintari.lv\/en\/contacts\/","title":{"rendered":"Contacts"},"content":{"rendered":"\n<div class=\"wp-block-columns is-layout-flex wp-container-core-columns-is-layout-9d6595d7 wp-block-columns-is-layout-flex\">\n<div class=\"wp-block-column is-layout-flow wp-block-column-is-layout-flow\">\n<div class=\"mapouter\"><div class=\"gmap_canvas\"><iframe loading=\"lazy\" id=\"gmap_canvas\" src=\"https:\/\/maps.google.com\/maps?q=Kl%C4%ABnika%20Dzintari%20me%C5%BEsargu%204%2F6&amp;t=&amp;z=13&amp;ie=UTF8&amp;iwloc=&amp;output=embed\" scrolling=\"no\" marginheight=\"0\" marginwidth=\"0\" width=\"500\" height=\"350\" frameborder=\"0\"><\/iframe><\/div><\/div>\n\n\n\n<p> <a href=\"waze:\/\/?ll=56.9616533%2C23.7095717&amp;navigate=yes\">\n<img decoding=\"async\" src=\"https:\/\/dzintari.lv\/wp-content\/uploads\/2018\/10\/icon2.png\"><\/a>\nNavigate with &#8211;\n<a href=\"waze:\/\/?ll=56.9616533%2C23.7095717&amp;navigate=yes\">Waze<\/a>\n<\/p>\n<\/div>\n\n\n\n<div class=\"wp-block-column is-layout-flow wp-block-column-is-layout-flow\">\n<h2 class=\"wp-block-heading\"><strong>\u201cClinic Dzintari\u201d<\/strong><\/h2>\n\n\n\n<figure class=\"wp-block-image size-large is-resized\"><img loading=\"lazy\" decoding=\"async\" width=\"1024\" height=\"1024\" src=\"https:\/\/dzintari.lv\/wp-content\/uploads\/2022\/03\/LHTC_Kvalitate_BASIC_Balts_RGB-1024x1024.png\" alt=\"\" class=\"wp-image-22992\" style=\"width:283px;height:283px\" srcset=\"https:\/\/dzintari.lv\/wp-content\/uploads\/2022\/03\/LHTC_Kvalitate_BASIC_Balts_RGB-1024x1024.png 1024w, https:\/\/dzintari.lv\/wp-content\/uploads\/2022\/03\/LHTC_Kvalitate_BASIC_Balts_RGB-300x300.png 300w, https:\/\/dzintari.lv\/wp-content\/uploads\/2022\/03\/LHTC_Kvalitate_BASIC_Balts_RGB-150x150.png 150w, https:\/\/dzintari.lv\/wp-content\/uploads\/2022\/03\/LHTC_Kvalitate_BASIC_Balts_RGB-768x768.png 768w, https:\/\/dzintari.lv\/wp-content\/uploads\/2022\/03\/LHTC_Kvalitate_BASIC_Balts_RGB-570x570.png 570w, https:\/\/dzintari.lv\/wp-content\/uploads\/2022\/03\/LHTC_Kvalitate_BASIC_Balts_RGB-500x500.png 500w, https:\/\/dzintari.lv\/wp-content\/uploads\/2022\/03\/LHTC_Kvalitate_BASIC_Balts_RGB-1000x1000.png 1000w, https:\/\/dzintari.lv\/wp-content\/uploads\/2022\/03\/LHTC_Kvalitate_BASIC_Balts_RGB-700x700.png 700w, https:\/\/dzintari.lv\/wp-content\/uploads\/2022\/03\/LHTC_Kvalitate_BASIC_Balts_RGB.png 1200w\" sizes=\"auto, (max-width: 1024px) 100vw, 1024px\" \/><\/figure>\n\n\n\n<pre id=\"tw-target-rmn\" class=\"wp-block-preformatted\">The clients of \"Clinic Dzintari\" have the opportunity to get a free pass every day during the treatment period for the entrance in Jurmala:  https:\/\/www.jurmala.lv\/lv\/jaunums\/no-2026-gada-1-janvara-jauns-iebrauksanas-nodevas-apmers<br>and then come to the clinic administrator to receive confirmation <br>of your pass.<\/pre>\n\n\n\n<p>You can apply for day hospital or specialist visits using the electronic application form <a href=\"https:\/\/dzintari.lv\/en\/apply-for-consultation\/\">www.dzintari.lv<\/a>, or by calling <a href=\"tel:+37129549983\">+371 67147833<\/a> and press 1.<\/p>\n\n\n\n<p><strong>SIA &#8220;Kl\u012bnika Dzintari&#8221;, re\u0123.nr. 40003461335, AS &#8220;Swedbank&#8221;, <\/strong><\/p>\n\n\n\n<p><strong>Konts: LV51HABA0551004676730<\/strong><\/p>\n\n\n\n<p>Me\u017esargu str. 4\/6, Mellu\u017ei, J\u016brmala, LV 2008 (entrance from prospect Mellu\u017eu)<br><strong>Reception phones:<\/strong><a href=\"tel:+37167147833\">&nbsp;+37167147833\u2013<\/a> and press 1 &#8211; for English speaking clients &#8211; consultations; <br><strong>Office:<\/strong>&nbsp;<a href=\"tel:+37167755140\">+37167755140<\/a>, GSM: <a href=\"tel:+37129549983\">+37129549983<\/a><\/p>\n\n\n\n<p><a href=\"https:\/\/dzintari.lv\/en\/apply-for-consultation\/\">Apply for consultation<\/a><\/p>\n\n\n\n<p><br><strong>E-mail:<\/strong>&nbsp;<a href=\"mailto:dzintari@dzintari.lv\">dzintari@dzintari.lv<\/a><\/p>\n\n\n\n<figure class=\"wp-block-image size-large is-style-default\"><img loading=\"lazy\" decoding=\"async\" width=\"1024\" height=\"119\" src=\"https:\/\/dzintari.lv\/wp-content\/uploads\/2025\/06\/Krasains-melns-teksts-1024x119.png\" alt=\"Latvijas \" class=\"wp-image-28232\" srcset=\"https:\/\/dzintari.lv\/wp-content\/uploads\/2025\/06\/Krasains-melns-teksts-1024x119.png 1024w, https:\/\/dzintari.lv\/wp-content\/uploads\/2025\/06\/Krasains-melns-teksts-300x35.png 300w, https:\/\/dzintari.lv\/wp-content\/uploads\/2025\/06\/Krasains-melns-teksts-768x89.png 768w, https:\/\/dzintari.lv\/wp-content\/uploads\/2025\/06\/Krasains-melns-teksts-1536x179.png 1536w, https:\/\/dzintari.lv\/wp-content\/uploads\/2025\/06\/Krasains-melns-teksts-2048x238.png 2048w, https:\/\/dzintari.lv\/wp-content\/uploads\/2025\/06\/Krasains-melns-teksts-700x81.png 700w\" sizes=\"auto, (max-width: 1024px) 100vw, 1024px\" \/><\/figure>\n\n\n\n<ul class=\"wp-block-social-links is-layout-flex wp-block-social-links-is-layout-flex\">\n\n<li class=\"wp-social-link wp-social-link-facebook  wp-block-social-link\"><a href=\"https:\/\/www.facebook.com\/klinikaDzintari\/\" class=\"wp-block-social-link-anchor\"><svg width=\"24\" height=\"24\" viewBox=\"0 0 24 24\" version=\"1.1\" xmlns=\"http:\/\/www.w3.org\/2000\/svg\" aria-hidden=\"true\" focusable=\"false\"><path d=\"M12 2C6.5 2 2 6.5 2 12c0 5 3.7 9.1 8.4 9.9v-7H7.9V12h2.5V9.8c0-2.5 1.5-3.9 3.8-3.9 1.1 0 2.2.2 2.2.2v2.5h-1.3c-1.2 0-1.6.8-1.6 1.6V12h2.8l-.4 2.9h-2.3v7C18.3 21.1 22 17 22 12c0-5.5-4.5-10-10-10z\"><\/path><\/svg><span class=\"wp-block-social-link-label screen-reader-text\">Facebook<\/span><\/a><\/li>\n\n\n\n\n\n\n\n<\/ul>\n\n\n\n<p>Information on available Medical services in Latvia in English:<a href=\"https:\/\/dzintari.lv\/wp-content\/uploads\/2020\/05\/health_tourism_in_latvia.pdf\">&nbsp;https:\/\/dzintari.lv\/wp-content\/uploads\/2020\/05\/health_tourism_in_latvia.pdf<\/a><\/p>\n\n\n\n<p><strong>Working hours for Reception: Mon \u2013 Fri 9:00 \u2013 16:00<\/strong><br>(it could be subject to change, please, check the working hours by phone <a href=\"tell:+37129549983\">+371 29549983<\/a>)<\/p>\n\n\n\n<p><strong>Working hours for clinic (Arrival at the clinic only by prior appointment, opening hours are subject to change, please specify by phone<a href=\"tel:+371 29549983\"> +37129549983<\/a>)<\/strong><br><strong>Monday: 8:00 \u2013 19:00<\/strong><br><strong>Tuesday: 8:00 \u2013 17:00<\/strong><br><strong>Wednesday: 8:00 \u2013 19:00<\/strong><br><strong>Thursday: 8:00 \u2013 16:00<\/strong><br><strong>Friday: 8:00 \u2013 16:00<\/strong><\/p>\n\n\n\n<h2 class=\"wp-block-heading\">\u201cClinic Dzintari\u201d is located on Me\u017esargu street 4\/6, Mellu\u017ei, J\u016brmala, LV-2008 (in the territory of the hotel \u201cDaina Jurmala Beach Hotel &amp; SPA\u201d).<\/h2>\n<\/div>\n<\/div>\n\n\n\n<div style=\"height:20px\" aria-hidden=\"true\" class=\"wp-block-spacer\"><\/div>\n\n\n\n<div class=\"wp-block-columns is-layout-flex wp-container-core-columns-is-layout-9d6595d7 wp-block-columns-is-layout-flex\">\n<div class=\"wp-block-column is-layout-flow wp-block-column-is-layout-flow\">\n<div class=\"mapouter\"><div class=\"gmap_canvas\"><iframe loading=\"lazy\" id=\"gmap_canvas\" src=\"https:\/\/maps.google.com\/maps?q=blauma%C5%86a%2030&amp;t=&amp;z=13&amp;ie=UTF8&amp;iwloc=&amp;output=embed\" scrolling=\"no\" marginheight=\"0\" marginwidth=\"0\" width=\"500\" height=\"350\" frameborder=\"0\"><\/iframe><\/div><\/div>\n\n\n\n<p> <a href=\"waze:\/\/?ll=56.9523311%2C24.125181&amp;navigate=yes\">\n<img decoding=\"async\" src=\"https:\/\/dzintari.lv\/wp-content\/uploads\/2018\/10\/icon2.png\"><\/a>\nNavigate with &#8211;\n<a href=\"waze:\/\/?ll=56.9523311%2C24.125181&amp;navigate=yes\">Waze<\/a>\n<\/p>\n<\/div>\n\n\n\n<div class=\"wp-block-column is-layout-flow wp-block-column-is-layout-flow\">\n<h2 class=\"wp-block-heading\"><strong>Consulting office in Riga<\/strong><\/h2>\n\n\n\n<p>Blauma\u0146a street 30, R\u012bga, LV-1011 &#8211; <br>(entrance from the street Perses)<br><strong>Reception number: <a href=\"tel:+371 29549983\">+37167147833<\/a> &#8211; and press 1  (please, inform that you need the consultation in Riga, but, please, take in a notice that not all doctors offer the consultation in Riga)<\/strong><br><strong>E-mail:<\/strong>&nbsp;<a href=\"mailto:dzintari@dzintari.lv\">dzintari@dzintari.lv<\/a><\/p>\n<\/div>\n<\/div>\n\n\n\n<p><\/p>\n","protected":false},"excerpt":{"rendered":"<p>Navigate with &#8211; Waze \u201cClinic Dzintari\u201d The clients of &#8220;Clinic Dzintari&#8221; have the opportunity to get a free pass every day during the treatment period for the entrance in Jurmala: https:\/\/www.jurmala.lv\/lv\/jaunums\/no-2026-gada-1-janvara-jauns-iebrauksanas-nodevas-apmersand then come to the clinic administrator to receive confirmation of your pass. You can&#8230;<\/p>\n","protected":false},"author":1,"featured_media":0,"parent":0,"menu_order":0,"comment_status":"closed","ping_status":"closed","template":"","meta":{"footnotes":""},"class_list":["post-17090","page","type-page","status-publish","hentry"],"acf":[],"yoast_head":"<!-- This site is optimized with the Yoast SEO plugin v27.4 - https:\/\/yoast.com\/product\/yoast-seo-wordpress\/ -->\n<title>Contacts - Kl\u012bnika Dzintari<\/title>\n<meta name=\"robots\" content=\"index, follow, max-snippet:-1, max-image-preview:large, max-video-preview:-1\" \/>\n<link rel=\"canonical\" href=\"https:\/\/dzintari.lv\/en\/contacts\/\" \/>\n<meta property=\"og:locale\" content=\"en_US\" \/>\n<meta property=\"og:type\" content=\"article\" \/>\n<meta property=\"og:title\" content=\"Contacts - Kl\u012bnika Dzintari\" \/>\n<meta property=\"og:description\" content=\"Navigate with &#8211; Waze \u201cClinic Dzintari\u201d The clients of &quot;Clinic Dzintari&quot; have the opportunity to get a free pass every day during the treatment period for the entrance in Jurmala: https:\/\/www.jurmala.lv\/lv\/jaunums\/no-2026-gada-1-janvara-jauns-iebrauksanas-nodevas-apmersand then come to the clinic administrator to receive confirmation of your pass. You can...\" \/>\n<meta property=\"og:url\" content=\"https:\/\/dzintari.lv\/en\/contacts\/\" \/>\n<meta property=\"og:site_name\" content=\"Kl\u012bnika Dzintari\" \/>\n<meta property=\"article:modified_time\" content=\"2025-12-21T13:40:45+00:00\" \/>\n<meta property=\"og:image\" content=\"https:\/\/dzintari.lv\/wp-content\/uploads\/2018\/10\/icon2.png\" \/>\n<meta name=\"twitter:card\" content=\"summary_large_image\" \/>\n<meta name=\"twitter:label1\" content=\"Est. reading time\" \/>\n\t<meta name=\"twitter:data1\" content=\"2 minutes\" \/>\n<script type=\"application\/ld+json\" class=\"yoast-schema-graph\">{\"@context\":\"https:\\\/\\\/schema.org\",\"@graph\":[{\"@type\":\"WebPage\",\"@id\":\"https:\\\/\\\/dzintari.lv\\\/en\\\/contacts\\\/\",\"url\":\"https:\\\/\\\/dzintari.lv\\\/en\\\/contacts\\\/\",\"name\":\"Contacts - Kl\u012bnika Dzintari\",\"isPartOf\":{\"@id\":\"https:\\\/\\\/dzintari.lv\\\/#website\"},\"primaryImageOfPage\":{\"@id\":\"https:\\\/\\\/dzintari.lv\\\/en\\\/contacts\\\/#primaryimage\"},\"image\":{\"@id\":\"https:\\\/\\\/dzintari.lv\\\/en\\\/contacts\\\/#primaryimage\"},\"thumbnailUrl\":\"https:\\\/\\\/dzintari.lv\\\/wp-content\\\/uploads\\\/2018\\\/10\\\/icon2.png\",\"datePublished\":\"2018-03-20T14:24:18+00:00\",\"dateModified\":\"2025-12-21T13:40:45+00:00\",\"breadcrumb\":{\"@id\":\"https:\\\/\\\/dzintari.lv\\\/en\\\/contacts\\\/#breadcrumb\"},\"inLanguage\":\"en-US\",\"potentialAction\":[{\"@type\":\"ReadAction\",\"target\":[\"https:\\\/\\\/dzintari.lv\\\/en\\\/contacts\\\/\"]}]},{\"@type\":\"ImageObject\",\"inLanguage\":\"en-US\",\"@id\":\"https:\\\/\\\/dzintari.lv\\\/en\\\/contacts\\\/#primaryimage\",\"url\":\"https:\\\/\\\/dzintari.lv\\\/wp-content\\\/uploads\\\/2018\\\/10\\\/icon2.png\",\"contentUrl\":\"https:\\\/\\\/dzintari.lv\\\/wp-content\\\/uploads\\\/2018\\\/10\\\/icon2.png\"},{\"@type\":\"BreadcrumbList\",\"@id\":\"https:\\\/\\\/dzintari.lv\\\/en\\\/contacts\\\/#breadcrumb\",\"itemListElement\":[{\"@type\":\"ListItem\",\"position\":1,\"name\":\"Home\",\"item\":\"https:\\\/\\\/dzintari.lv\\\/en\\\/\"},{\"@type\":\"ListItem\",\"position\":2,\"name\":\"Contacts\"}]},{\"@type\":\"WebSite\",\"@id\":\"https:\\\/\\\/dzintari.lv\\\/#website\",\"url\":\"https:\\\/\\\/dzintari.lv\\\/\",\"name\":\"Kl\u012bnika Dzintari\",\"description\":\"Psiholo\u0123isk\u0101 un psihiatrisk\u0101 pal\u012bdz\u012bba\",\"publisher\":{\"@id\":\"https:\\\/\\\/dzintari.lv\\\/#organization\"},\"potentialAction\":[{\"@type\":\"SearchAction\",\"target\":{\"@type\":\"EntryPoint\",\"urlTemplate\":\"https:\\\/\\\/dzintari.lv\\\/?s={search_term_string}\"},\"query-input\":{\"@type\":\"PropertyValueSpecification\",\"valueRequired\":true,\"valueName\":\"search_term_string\"}}],\"inLanguage\":\"en-US\"},{\"@type\":\"Organization\",\"@id\":\"https:\\\/\\\/dzintari.lv\\\/#organization\",\"name\":\"SIA \u201cKl\u012bnika Dzintari\u201d\",\"url\":\"https:\\\/\\\/dzintari.lv\\\/\",\"logo\":{\"@type\":\"ImageObject\",\"inLanguage\":\"en-US\",\"@id\":\"https:\\\/\\\/dzintari.lv\\\/#\\\/schema\\\/logo\\\/image\\\/\",\"url\":\"https:\\\/\\\/dzintari.lv\\\/wp-content\\\/uploads\\\/2018\\\/02\\\/dzint-01.png\",\"contentUrl\":\"https:\\\/\\\/dzintari.lv\\\/wp-content\\\/uploads\\\/2018\\\/02\\\/dzint-01.png\",\"width\":259,\"height\":222,\"caption\":\"SIA \u201cKl\u012bnika Dzintari\u201d\"},\"image\":{\"@id\":\"https:\\\/\\\/dzintari.lv\\\/#\\\/schema\\\/logo\\\/image\\\/\"}}]}<\/script>\n<!-- \/ Yoast SEO plugin. -->","yoast_head_json":{"title":"Contacts - Kl\u012bnika Dzintari","robots":{"index":"index","follow":"follow","max-snippet":"max-snippet:-1","max-image-preview":"max-image-preview:large","max-video-preview":"max-video-preview:-1"},"canonical":"https:\/\/dzintari.lv\/en\/contacts\/","og_locale":"en_US","og_type":"article","og_title":"Contacts - Kl\u012bnika Dzintari","og_description":"Navigate with &#8211; Waze \u201cClinic Dzintari\u201d The clients of \"Clinic Dzintari\" have the opportunity to get a free pass every day during the treatment period for the entrance in Jurmala: https:\/\/www.jurmala.lv\/lv\/jaunums\/no-2026-gada-1-janvara-jauns-iebrauksanas-nodevas-apmersand then come to the clinic administrator to receive confirmation of your pass. You can...","og_url":"https:\/\/dzintari.lv\/en\/contacts\/","og_site_name":"Kl\u012bnika Dzintari","article_modified_time":"2025-12-21T13:40:45+00:00","og_image":[{"url":"https:\/\/dzintari.lv\/wp-content\/uploads\/2018\/10\/icon2.png","type":"","width":"","height":""}],"twitter_card":"summary_large_image","twitter_misc":{"Est. reading time":"2 minutes"},"schema":{"@context":"https:\/\/schema.org","@graph":[{"@type":"WebPage","@id":"https:\/\/dzintari.lv\/en\/contacts\/","url":"https:\/\/dzintari.lv\/en\/contacts\/","name":"Contacts - Kl\u012bnika Dzintari","isPartOf":{"@id":"https:\/\/dzintari.lv\/#website"},"primaryImageOfPage":{"@id":"https:\/\/dzintari.lv\/en\/contacts\/#primaryimage"},"image":{"@id":"https:\/\/dzintari.lv\/en\/contacts\/#primaryimage"},"thumbnailUrl":"https:\/\/dzintari.lv\/wp-content\/uploads\/2018\/10\/icon2.png","datePublished":"2018-03-20T14:24:18+00:00","dateModified":"2025-12-21T13:40:45+00:00","breadcrumb":{"@id":"https:\/\/dzintari.lv\/en\/contacts\/#breadcrumb"},"inLanguage":"en-US","potentialAction":[{"@type":"ReadAction","target":["https:\/\/dzintari.lv\/en\/contacts\/"]}]},{"@type":"ImageObject","inLanguage":"en-US","@id":"https:\/\/dzintari.lv\/en\/contacts\/#primaryimage","url":"https:\/\/dzintari.lv\/wp-content\/uploads\/2018\/10\/icon2.png","contentUrl":"https:\/\/dzintari.lv\/wp-content\/uploads\/2018\/10\/icon2.png"},{"@type":"BreadcrumbList","@id":"https:\/\/dzintari.lv\/en\/contacts\/#breadcrumb","itemListElement":[{"@type":"ListItem","position":1,"name":"Home","item":"https:\/\/dzintari.lv\/en\/"},{"@type":"ListItem","position":2,"name":"Contacts"}]},{"@type":"WebSite","@id":"https:\/\/dzintari.lv\/#website","url":"https:\/\/dzintari.lv\/","name":"Kl\u012bnika Dzintari","description":"Psiholo\u0123isk\u0101 un psihiatrisk\u0101 pal\u012bdz\u012bba","publisher":{"@id":"https:\/\/dzintari.lv\/#organization"},"potentialAction":[{"@type":"SearchAction","target":{"@type":"EntryPoint","urlTemplate":"https:\/\/dzintari.lv\/?s={search_term_string}"},"query-input":{"@type":"PropertyValueSpecification","valueRequired":true,"valueName":"search_term_string"}}],"inLanguage":"en-US"},{"@type":"Organization","@id":"https:\/\/dzintari.lv\/#organization","name":"SIA \u201cKl\u012bnika Dzintari\u201d","url":"https:\/\/dzintari.lv\/","logo":{"@type":"ImageObject","inLanguage":"en-US","@id":"https:\/\/dzintari.lv\/#\/schema\/logo\/image\/","url":"https:\/\/dzintari.lv\/wp-content\/uploads\/2018\/02\/dzint-01.png","contentUrl":"https:\/\/dzintari.lv\/wp-content\/uploads\/2018\/02\/dzint-01.png","width":259,"height":222,"caption":"SIA \u201cKl\u012bnika Dzintari\u201d"},"image":{"@id":"https:\/\/dzintari.lv\/#\/schema\/logo\/image\/"}}]}},"_links":{"self":[{"href":"https:\/\/dzintari.lv\/en\/wp-json\/wp\/v2\/pages\/17090","targetHints":{"allow":["GET"]}}],"collection":[{"href":"https:\/\/dzintari.lv\/en\/wp-json\/wp\/v2\/pages"}],"about":[{"href":"https:\/\/dzintari.lv\/en\/wp-json\/wp\/v2\/types\/page"}],"author":[{"embeddable":true,"href":"https:\/\/dzintari.lv\/en\/wp-json\/wp\/v2\/users\/1"}],"replies":[{"embeddable":true,"href":"https:\/\/dzintari.lv\/en\/wp-json\/wp\/v2\/comments?post=17090"}],"version-history":[{"count":74,"href":"https:\/\/dzintari.lv\/en\/wp-json\/wp\/v2\/pages\/17090\/revisions"}],"predecessor-version":[{"id":28955,"href":"https:\/\/dzintari.lv\/en\/wp-json\/wp\/v2\/pages\/17090\/revisions\/28955"}],"wp:attachment":[{"href":"https:\/\/dzintari.lv\/en\/wp-json\/wp\/v2\/media?parent=17090"}],"curies":[{"name":"wp","href":"https:\/\/api.w.org\/{rel}","templated":true}]}}