{"id":17073,"date":"2014-07-29T09:31:35","date_gmt":"2014-07-29T09:31:35","guid":{"rendered":"https:\/\/dzintari.dev-web-server.eu\/?page_id=17073"},"modified":"2026-02-23T09:26:34","modified_gmt":"2026-02-23T09:26:34","slug":"sakums","status":"publish","type":"page","link":"https:\/\/dzintari.lv\/en\/","title":{"rendered":"Vegetative dystonia, depression, burnout syndrome"},"content":{"rendered":"\n<div class=\"wp-block-columns is-layout-flex wp-container-core-columns-is-layout-9d6595d7 wp-block-columns-is-layout-flex\">\n<div class=\"wp-block-column is-layout-flow wp-block-column-is-layout-flow\" style=\"flex-basis:33.33%\">\n<h2 class=\"wp-block-heading\">About \u201cClinic Dzintari\u201d<\/h2>\n<\/div>\n\n\n\n<div class=\"wp-block-column is-layout-flow wp-block-column-is-layout-flow\" style=\"flex-basis:66.66%\">\n<p><\/p>\n\n\n\n<p>\u201cClinic Dzintari\u201d is a private clinic in Jurmala, Mellu\u017ei, which is surrounded by pine trees. For more than thirty years\u00a0 the clinic has been helping those who are in the crisis, yearning to regain the peace, courage and power of their life in case of depression, vegetative dystonia, panic attacks, burnout syndrome, eating disorders etc.<br>Here everyone here who care about their quality of life can receive professional psychiatric and psychological help.<br>Treatment with intensive and integrated therapy in the care of professional specialists in an opened, welcoming and encouraging environment, \u2013 is exactly what is needed, to put the foundations for the stable changes in one&#8217;s health.<\/p>\n<\/div>\n<\/div>\n\n\n\n<p><\/p>\n\n\n\n<div class=\"wp-block-columns is-layout-flex wp-container-core-columns-is-layout-9d6595d7 wp-block-columns-is-layout-flex\">\n<div class=\"wp-block-column is-layout-flow wp-block-column-is-layout-flow\" style=\"flex-basis:33.33%\">\n<h2 class=\"wp-block-heading\">Vegetative disorders<\/h2>\n<\/div>\n\n\n\n<div class=\"wp-block-column is-layout-flow wp-block-column-is-layout-flow\" style=\"flex-basis:66.66%\">\n<p>Long-term stress, dissatisfaction with life, a dislike of one&#8217;s work and many other factors can cause vegetative dystonia (nervous system disorders). They can affect the heart, respiratory and intestinal tract. A person suffers from palpitations, blood pressure and temperature changes, sweating, diarrhea or constipation, feeling faint or nauseous. The human body itself can no longer be regulated. Symptoms may include one or several together or separately, often complemented by pain in the heart, stomach or back area. Generally, physical disturbance accompanied by emotional distress. The person may fear falling, dying and have depressed mood, fatigue, anxiety. These symptoms may be caused from organic disease, but they can also be emotional problems \u2013 chronic fear, anger, mental trauma in the past.<\/p>\n<\/div>\n<\/div>\n\n\n\n<div class=\"wp-block-columns is-layout-flex wp-container-core-columns-is-layout-9d6595d7 wp-block-columns-is-layout-flex\">\n<div class=\"wp-block-column is-layout-flow wp-block-column-is-layout-flow\" style=\"flex-basis:33.33%\">\n<h2 class=\"wp-block-heading\">Depression<\/h2>\n<\/div>\n\n\n\n<div class=\"wp-block-column is-layout-flow wp-block-column-is-layout-flow\" style=\"flex-basis:66.66%\">\n<p>Is an abnormal, painful, debilitating psycho-physiological process. It is classified as a mood disorder. Mood consists of emotions which are expressed as a personal worldview. Depression is much more than just sadness, because it affects both people\u2019s thoughts and ideas about the future and&nbsp; the self-perception. Mood disorders also affect relationships with others \u2013 family, work colleagues and other members of society.<\/p>\n\n\n\n<p><\/p>\n<\/div>\n<\/div>\n\n\n\n<div class=\"wp-block-columns is-layout-flex wp-container-core-columns-is-layout-9d6595d7 wp-block-columns-is-layout-flex\">\n<div class=\"wp-block-column is-layout-flow wp-block-column-is-layout-flow\" style=\"flex-basis:33.33%\">\n<h2 class=\"wp-block-heading\">Burnout syndrome<\/h2>\n<\/div>\n\n\n\n<div class=\"wp-block-column is-layout-flow wp-block-column-is-layout-flow\" style=\"flex-basis:66.66%\">\n<p>Excessive workload, responsibility, high demands, low social support, and inadequate material and emotional reward is the pre-condition of formation for burnout syndrome. Burnout syndrome is a physical and \/ or mental exhaustion which occurs as a consequence of long-term emotional not well-being related to working conditions and self-image. It is emphasized that exhaustion is an emotional distress consequences. This is a situation when a person\u2019s ability to work is reduced. There are several risk groups that are particularly vulnerable to burnout syndrome: people whose profession is associated with the care of other people, emotional contact with people. For example &#8211; doctors, nurses, social workers, pharmacists, teachers, psychologists and other professionals. Especially if the work is related to people who are suffering, people who are young professionals. \u2013&nbsp; Just beginning to work, people who are changing jobs, starting a new position at a new workplace, those whose work involves working in shifts. Also people whose work involves a high degree of responsibility, but low material and moral evaluation and authority.<\/p>\n<\/div>\n<\/div>\n\n\n\n<p>&nbsp;<\/p>\n","protected":false},"excerpt":{"rendered":"<p>About \u201cClinic Dzintari\u201d \u201cClinic Dzintari\u201d is a private clinic in Jurmala, Mellu\u017ei, which is surrounded by pine trees. For more than thirty years\u00a0 the clinic has been helping those who are in the crisis, yearning to regain the peace, courage and power of their life&#8230;<\/p>\n","protected":false},"author":1,"featured_media":0,"parent":0,"menu_order":0,"comment_status":"closed","ping_status":"closed","template":"","meta":{"footnotes":""},"class_list":["post-17073","page","type-page","status-publish","hentry"],"acf":[],"yoast_head":"<!-- This site is optimized with the Yoast SEO plugin v27.4 - https:\/\/yoast.com\/product\/yoast-seo-wordpress\/ -->\n<title>Vegetative dystonia, depression, burnout syndrome - Kl\u012bnika Dzintari<\/title>\n<meta name=\"description\" content=\"Specialists of Clinic Dzintari will help you in case of burnout syndrome, vegetative dystonia, depression, anxiety.\" \/>\n<meta name=\"robots\" content=\"index, follow, max-snippet:-1, max-image-preview:large, max-video-preview:-1\" \/>\n<link rel=\"canonical\" href=\"https:\/\/dzintari.lv\/en\/\" \/>\n<meta property=\"og:locale\" content=\"en_US\" \/>\n<meta property=\"og:type\" content=\"article\" \/>\n<meta property=\"og:title\" content=\"Vegetative dystonia, depression, burnout syndrome - Kl\u012bnika Dzintari\" \/>\n<meta property=\"og:description\" content=\"Specialists of Clinic Dzintari will help you in case of burnout syndrome, vegetative dystonia, depression, anxiety.\" \/>\n<meta property=\"og:url\" content=\"https:\/\/dzintari.lv\/en\/\" \/>\n<meta property=\"og:site_name\" content=\"Kl\u012bnika Dzintari\" \/>\n<meta property=\"article:modified_time\" content=\"2026-02-23T09:26:34+00:00\" \/>\n<meta name=\"twitter:card\" content=\"summary_large_image\" \/>\n<meta name=\"twitter:label1\" content=\"Est. reading time\" \/>\n\t<meta name=\"twitter:data1\" content=\"3 minutes\" \/>\n<script type=\"application\/ld+json\" class=\"yoast-schema-graph\">{\"@context\":\"https:\\\/\\\/schema.org\",\"@graph\":[{\"@type\":\"WebPage\",\"@id\":\"https:\\\/\\\/dzintari.lv\\\/en\\\/\",\"url\":\"https:\\\/\\\/dzintari.lv\\\/en\\\/\",\"name\":\"Vegetative dystonia, depression, burnout syndrome - Kl\u012bnika Dzintari\",\"isPartOf\":{\"@id\":\"https:\\\/\\\/dzintari.lv\\\/#website\"},\"datePublished\":\"2014-07-29T09:31:35+00:00\",\"dateModified\":\"2026-02-23T09:26:34+00:00\",\"description\":\"Specialists of Clinic Dzintari will help you in case of burnout syndrome, vegetative dystonia, depression, anxiety.\",\"breadcrumb\":{\"@id\":\"https:\\\/\\\/dzintari.lv\\\/en\\\/#breadcrumb\"},\"inLanguage\":\"en-US\",\"potentialAction\":[{\"@type\":\"ReadAction\",\"target\":[\"https:\\\/\\\/dzintari.lv\\\/en\\\/\"]}]},{\"@type\":\"BreadcrumbList\",\"@id\":\"https:\\\/\\\/dzintari.lv\\\/en\\\/#breadcrumb\",\"itemListElement\":[{\"@type\":\"ListItem\",\"position\":1,\"name\":\"Home\",\"item\":\"https:\\\/\\\/dzintari.lv\\\/en\\\/\"},{\"@type\":\"ListItem\",\"position\":2,\"name\":\"Vegetative dystonia, depression, burnout syndrome\"}]},{\"@type\":\"WebSite\",\"@id\":\"https:\\\/\\\/dzintari.lv\\\/#website\",\"url\":\"https:\\\/\\\/dzintari.lv\\\/\",\"name\":\"Kl\u012bnika Dzintari\",\"description\":\"Psiholo\u0123isk\u0101 un psihiatrisk\u0101 pal\u012bdz\u012bba\",\"publisher\":{\"@id\":\"https:\\\/\\\/dzintari.lv\\\/#organization\"},\"potentialAction\":[{\"@type\":\"SearchAction\",\"target\":{\"@type\":\"EntryPoint\",\"urlTemplate\":\"https:\\\/\\\/dzintari.lv\\\/?s={search_term_string}\"},\"query-input\":{\"@type\":\"PropertyValueSpecification\",\"valueRequired\":true,\"valueName\":\"search_term_string\"}}],\"inLanguage\":\"en-US\"},{\"@type\":\"Organization\",\"@id\":\"https:\\\/\\\/dzintari.lv\\\/#organization\",\"name\":\"SIA \u201cKl\u012bnika Dzintari\u201d\",\"url\":\"https:\\\/\\\/dzintari.lv\\\/\",\"logo\":{\"@type\":\"ImageObject\",\"inLanguage\":\"en-US\",\"@id\":\"https:\\\/\\\/dzintari.lv\\\/#\\\/schema\\\/logo\\\/image\\\/\",\"url\":\"https:\\\/\\\/dzintari.lv\\\/wp-content\\\/uploads\\\/2018\\\/02\\\/dzint-01.png\",\"contentUrl\":\"https:\\\/\\\/dzintari.lv\\\/wp-content\\\/uploads\\\/2018\\\/02\\\/dzint-01.png\",\"width\":259,\"height\":222,\"caption\":\"SIA \u201cKl\u012bnika Dzintari\u201d\"},\"image\":{\"@id\":\"https:\\\/\\\/dzintari.lv\\\/#\\\/schema\\\/logo\\\/image\\\/\"}}]}<\/script>\n<!-- \/ Yoast SEO plugin. -->","yoast_head_json":{"title":"Vegetative dystonia, depression, burnout syndrome - Kl\u012bnika Dzintari","description":"Specialists of Clinic Dzintari will help you in case of burnout syndrome, vegetative dystonia, depression, anxiety.","robots":{"index":"index","follow":"follow","max-snippet":"max-snippet:-1","max-image-preview":"max-image-preview:large","max-video-preview":"max-video-preview:-1"},"canonical":"https:\/\/dzintari.lv\/en\/","og_locale":"en_US","og_type":"article","og_title":"Vegetative dystonia, depression, burnout syndrome - Kl\u012bnika Dzintari","og_description":"Specialists of Clinic Dzintari will help you in case of burnout syndrome, vegetative dystonia, depression, anxiety.","og_url":"https:\/\/dzintari.lv\/en\/","og_site_name":"Kl\u012bnika Dzintari","article_modified_time":"2026-02-23T09:26:34+00:00","twitter_card":"summary_large_image","twitter_misc":{"Est. reading time":"3 minutes"},"schema":{"@context":"https:\/\/schema.org","@graph":[{"@type":"WebPage","@id":"https:\/\/dzintari.lv\/en\/","url":"https:\/\/dzintari.lv\/en\/","name":"Vegetative dystonia, depression, burnout syndrome - Kl\u012bnika Dzintari","isPartOf":{"@id":"https:\/\/dzintari.lv\/#website"},"datePublished":"2014-07-29T09:31:35+00:00","dateModified":"2026-02-23T09:26:34+00:00","description":"Specialists of Clinic Dzintari will help you in case of burnout syndrome, vegetative dystonia, depression, anxiety.","breadcrumb":{"@id":"https:\/\/dzintari.lv\/en\/#breadcrumb"},"inLanguage":"en-US","potentialAction":[{"@type":"ReadAction","target":["https:\/\/dzintari.lv\/en\/"]}]},{"@type":"BreadcrumbList","@id":"https:\/\/dzintari.lv\/en\/#breadcrumb","itemListElement":[{"@type":"ListItem","position":1,"name":"Home","item":"https:\/\/dzintari.lv\/en\/"},{"@type":"ListItem","position":2,"name":"Vegetative dystonia, depression, burnout syndrome"}]},{"@type":"WebSite","@id":"https:\/\/dzintari.lv\/#website","url":"https:\/\/dzintari.lv\/","name":"Kl\u012bnika Dzintari","description":"Psiholo\u0123isk\u0101 un psihiatrisk\u0101 pal\u012bdz\u012bba","publisher":{"@id":"https:\/\/dzintari.lv\/#organization"},"potentialAction":[{"@type":"SearchAction","target":{"@type":"EntryPoint","urlTemplate":"https:\/\/dzintari.lv\/?s={search_term_string}"},"query-input":{"@type":"PropertyValueSpecification","valueRequired":true,"valueName":"search_term_string"}}],"inLanguage":"en-US"},{"@type":"Organization","@id":"https:\/\/dzintari.lv\/#organization","name":"SIA \u201cKl\u012bnika Dzintari\u201d","url":"https:\/\/dzintari.lv\/","logo":{"@type":"ImageObject","inLanguage":"en-US","@id":"https:\/\/dzintari.lv\/#\/schema\/logo\/image\/","url":"https:\/\/dzintari.lv\/wp-content\/uploads\/2018\/02\/dzint-01.png","contentUrl":"https:\/\/dzintari.lv\/wp-content\/uploads\/2018\/02\/dzint-01.png","width":259,"height":222,"caption":"SIA \u201cKl\u012bnika Dzintari\u201d"},"image":{"@id":"https:\/\/dzintari.lv\/#\/schema\/logo\/image\/"}}]}},"_links":{"self":[{"href":"https:\/\/dzintari.lv\/en\/wp-json\/wp\/v2\/pages\/17073","targetHints":{"allow":["GET"]}}],"collection":[{"href":"https:\/\/dzintari.lv\/en\/wp-json\/wp\/v2\/pages"}],"about":[{"href":"https:\/\/dzintari.lv\/en\/wp-json\/wp\/v2\/types\/page"}],"author":[{"embeddable":true,"href":"https:\/\/dzintari.lv\/en\/wp-json\/wp\/v2\/users\/1"}],"replies":[{"embeddable":true,"href":"https:\/\/dzintari.lv\/en\/wp-json\/wp\/v2\/comments?post=17073"}],"version-history":[{"count":26,"href":"https:\/\/dzintari.lv\/en\/wp-json\/wp\/v2\/pages\/17073\/revisions"}],"predecessor-version":[{"id":29315,"href":"https:\/\/dzintari.lv\/en\/wp-json\/wp\/v2\/pages\/17073\/revisions\/29315"}],"wp:attachment":[{"href":"https:\/\/dzintari.lv\/en\/wp-json\/wp\/v2\/media?parent=17073"}],"curies":[{"name":"wp","href":"https:\/\/api.w.org\/{rel}","templated":true}]}}